{"id":617,"date":"2015-07-21T12:39:20","date_gmt":"2015-07-21T10:39:20","guid":{"rendered":"http:\/\/szss-nitra.sk\/?page_id=617"},"modified":"2025-01-24T13:41:26","modified_gmt":"2025-01-24T11:41:26","slug":"o-nas","status":"publish","type":"page","link":"https:\/\/szss-nitra.sk\/?page_id=617","title":{"rendered":"O n\u00e1s"},"content":{"rendered":"<p style=\"text-align: center;\"><em>\u0160tat\u00fat organiz\u00e1cie<\/em><br \/>\nN\u00e1zov: Spr\u00e1va zariaden\u00ed soci\u00e1lnych slu\u017eieb<br \/>\nPr\u00e1vna forma: pr\u00edspevkov\u00e1 organiz\u00e1cia<br \/>\nRiadite\u013e: <strong>PhDr. Libu\u0161a Mu\u0161\u00e1kov\u00e1<\/strong><\/p>\n<p style=\"text-align: justify;\"><strong>Spr\u00e1va zariaden\u00ed soci\u00e1lnych slu\u017eieb<\/strong> je pr\u00edspevkovou organiz\u00e1ciou mesta Nitry. Je verejn\u00fdm poskytovate\u013eom soci\u00e1lnych slu\u017eieb, ktor\u00e9 s\u00fa poskytovan\u00e9 ter\u00e9nnou, ambulantnou a pobytovou formou.<\/p>\n<p style=\"text-align: justify;\">Spr\u00e1va zariaden\u00ed soci\u00e1lnych slu\u017eieb bola zriaden\u00e1 uznesen\u00edm Mestsk\u00e9ho zastupite\u013estva v Nitre \u010d. 237\/2004-MZ zo d\u0148a 12.08.2004 s \u00fa\u010dinnos\u0165ou od 01.01.2005 na dobu neur\u010dit\u00fa s formou hospod\u00e1renia \u2013 pr\u00edspevkov\u00e1 organiz\u00e1cia.<\/p>\n<p style=\"text-align: justify;\">Poskytujeme soci\u00e1lne slu\u017eby pod\u013ea z\u00e1kona o soci\u00e1lnych slu\u017eb\u00e1ch. V zmysle tohto z\u00e1kona ch\u00e1peme soci\u00e1lnu slu\u017ebu ako odborn\u00fa, obslu\u017en\u00fa alebo \u010fal\u0161iu \u010dinnos\u0165 alebo s\u00fabor t\u00fdchto \u010dinnost\u00ed, ktor\u00e9 s\u00fa vo vz\u0165ahu k prij\u00edmate\u013eom soci\u00e1lnych slu\u017eieb zameran\u00e9 na:<\/p>\n<p style=\"text-align: justify;\">a) prevenciu vzniku nepriaznivej soci\u00e1lnej situ\u00e1cie, rie\u0161enie nepriaznivej soci\u00e1lnej situ\u00e1cie alebo zmiernenie nepriaznivej soci\u00e1lnej situ\u00e1cie fyzickej osoby, rodiny alebo komunity,<br \/>\nb) zachovanie, obnovu alebo rozvoj schopnosti fyzickej osoby vies\u0165 samostatn\u00fd \u017eivot a na podporu jej za\u010dlenenia do spolo\u010dnosti,<br \/>\nc) zabezpe\u010denie nevyhnutn\u00fdch podmienok na uspokojovanie z\u00e1kladn\u00fdch \u017eivotn\u00fdch potrieb fyzickej osoby,<br \/>\nd) rie\u0161enie kr\u00edzovej soci\u00e1lnej situ\u00e1cie fyzickej osoby a rodiny,<br \/>\ne) prevenciu soci\u00e1lneho vyl\u00fa\u010denia fyzickej osoby a rodiny,<br \/>\nf) zos\u00fala\u010fovanie rodinn\u00e9ho \u017eivota a pracovn\u00e9ho \u017eivota.<\/p>\n<p style=\"text-align: justify;\">Hlavn\u00fdm cie\u013eom organiz\u00e1cie Spr\u00e1va zariaden\u00ed soci\u00e1lnych slu\u017eieb v Nitre bolo a je vytv\u00e1ranie optim\u00e1lnych podmienok pri zabezpe\u010dovan\u00ed soci\u00e1lnej starostlivosti pre ob\u010danov mesta Nitry.<\/p>\n<p style=\"text-align: justify;\">\u0160tatut\u00e1rnym org\u00e1nom organiz\u00e1cie je riadite\u013e Spr\u00e1vy zariaden\u00ed soci\u00e1lnych slu\u017eieb v Nitre, ktor\u00e9ho menuje a odvol\u00e1va Mestsk\u00e9 zastupite\u013estvo v Nitre na n\u00e1vrh prim\u00e1tora. Riadite\u013e riadi \u010dinnos\u0165 organiz\u00e1cie a za v\u00fdsledky \u010dinnosti je zodpovedn\u00fd Mestsk\u00e9mu zastupite\u013estvu v Nitre.<\/p>\n","protected":false},"excerpt":{"rendered":"<p>\u0160tat\u00fat organiz\u00e1cie N\u00e1zov: Spr\u00e1va zariaden\u00ed soci\u00e1lnych slu\u017eieb Pr\u00e1vna forma: pr\u00edspevkov\u00e1 organiz\u00e1cia Riadite\u013e: PhDr. Libu\u0161a Mu\u0161\u00e1kov\u00e1 Spr\u00e1va zariaden\u00ed soci\u00e1lnych slu\u017eieb je pr\u00edspevkovou organiz\u00e1ciou mesta Nitry. Je verejn\u00fdm poskytovate\u013eom soci\u00e1lnych slu\u017eieb, ktor\u00e9 s\u00fa poskytovan\u00e9 ter\u00e9nnou, ambulantnou a pobytovou formou. Spr\u00e1va zariaden\u00ed soci\u00e1lnych slu\u017eieb bola zriaden\u00e1 uznesen\u00edm Mestsk\u00e9ho zastupite\u013estva v Nitre \u010d. 237\/2004-MZ zo d\u0148a 12.08.2004 s \u00fa\u010dinnos\u0165ou [&hellip;]<\/p>\n","protected":false},"author":1,"featured_media":0,"parent":0,"menu_order":0,"comment_status":"closed","ping_status":"closed","template":"","meta":{"footnotes":""},"class_list":["post-617","page","type-page","status-publish","hentry"],"_links":{"self":[{"href":"https:\/\/szss-nitra.sk\/index.php?rest_route=\/wp\/v2\/pages\/617","targetHints":{"allow":["GET"]}}],"collection":[{"href":"https:\/\/szss-nitra.sk\/index.php?rest_route=\/wp\/v2\/pages"}],"about":[{"href":"https:\/\/szss-nitra.sk\/index.php?rest_route=\/wp\/v2\/types\/page"}],"author":[{"embeddable":true,"href":"https:\/\/szss-nitra.sk\/index.php?rest_route=\/wp\/v2\/users\/1"}],"replies":[{"embeddable":true,"href":"https:\/\/szss-nitra.sk\/index.php?rest_route=%2Fwp%2Fv2%2Fcomments&post=617"}],"version-history":[{"count":13,"href":"https:\/\/szss-nitra.sk\/index.php?rest_route=\/wp\/v2\/pages\/617\/revisions"}],"predecessor-version":[{"id":13662,"href":"https:\/\/szss-nitra.sk\/index.php?rest_route=\/wp\/v2\/pages\/617\/revisions\/13662"}],"wp:attachment":[{"href":"https:\/\/szss-nitra.sk\/index.php?rest_route=%2Fwp%2Fv2%2Fmedia&parent=617"}],"curies":[{"name":"wp","href":"https:\/\/api.w.org\/{rel}","templated":true}]}}