{"id":4057,"date":"2018-05-21T13:43:56","date_gmt":"2018-05-21T11:43:56","guid":{"rendered":"http:\/\/szss-nitra.sk\/?page_id=4057"},"modified":"2025-08-31T15:38:01","modified_gmt":"2025-08-31T13:38:01","slug":"zariadenie-opatrovatelskej-sluzby-2","status":"publish","type":"page","link":"https:\/\/szss-nitra.sk\/?page_id=4057","title":{"rendered":"Zariadenie opatrovate\u013eskej slu\u017eby"},"content":{"rendered":"<table style=\"border: none;\">\n<tbody>\n<tr>\n<td style=\"width: 30%; vertical-align: top;\"><a href=\"http:\/\/szss-nitra.sk\/?page_id=12422\">Poslanie, hodnoty a v\u00edzia<\/a><\/p>\n<p><a href=\"http:\/\/szss-nitra.sk\/?page_id=4058\">Kontakt<\/a><\/p>\n<p><a href=\"http:\/\/szss-nitra.sk\/?page_id=4059\">Ako vybavi\u0165<\/a><\/p>\n<p><a href=\"http:\/\/szss-nitra.sk\/?page_id=4060\">Poskytovan\u00e9 slu\u017eby<\/a><\/p>\n<p><a href=\"http:\/\/szss-nitra.sk\/?page_id=12424\">Komu nemo\u017eno poskytova\u0165<\/a><\/p>\n<p><a href=\"http:\/\/szss-nitra.sk\/?page_id=4062\">Legislat\u00edva<\/a><\/p>\n<p><a href=\"http:\/\/szss-nitra.sk\/?page_id=4061\">Cenn\u00edk<\/a><\/p>\n<p><a href=\"http:\/\/szss-nitra.sk\/?page_id=4063\">Evidencia \u017eiadate\u013eov<\/a><\/p>\n<p><a href=\"http:\/\/szss-nitra.sk\/?page_id=4064\">Fotogal\u00e9ria<\/a><\/p>\n<p><a href=\"http:\/\/szss-nitra.sk\/?page_id=12430\">Z\u00e1ujmov\u00e1 \u010dinnos\u0165<\/a><\/p>\n<p><a href=\"http:\/\/szss-nitra.sk\/?page_id=6511\">Jed\u00e1lny l\u00edstok<\/a><\/p>\n<p><img loading=\"lazy\" decoding=\"async\" class=\"alignnone wp-image-10981 size-full\" src=\"http:\/\/szss-nitra.sk\/wp-content\/uploads\/2024\/02\/menu_ico_ZOS.png\" alt=\"\" width=\"150\" height=\"150\" \/><\/td>\n<td><span style=\"color: #ffffff;\">.<\/span><\/td>\n<td style=\"vertical-align: top; text-align: center;\">\n<p style=\"text-align: justify;\">Zariadenie opatrovate\u013eskej slu\u017eby je zariadenie s celoro\u010dnou prev\u00e1dzkou kde sa poskytuje soci\u00e1lna slu\u017eba na ur\u010dit\u00fd \u010das plnoletej fyzickej osobe, ktor\u00e1 je odk\u00e1zan\u00e1 na pomoc inej osoby, ak jej nemo\u017eno poskytn\u00fa\u0165 opatrovate\u013esk\u00fa slu\u017ebu a neposkytuje sa soci\u00e1lna slu\u017eba v rozsahu \u0161pecializovan\u00e9ho zariadenia. <strong>Pre poskytovanie soci\u00e1lnej slu\u017eby je potrebn\u00e9 predlo\u017ei\u0165 pr\u00e1voplatn\u00e9 rozhodnutie o odk\u00e1zanosti na soci\u00e1lnu slu\u017ebu najmenej so stup\u0148om odk\u00e1zanosti II (vydan\u00e9 do 31.08.2025<\/strong> \u2013 zost\u00e1va v platnosti najdlh\u0161ie do nadobudnutia pr\u00e1voplatnosti integrovan\u00e9ho posudku) <strong>alebo integrovan\u00fd posudok preukazuj\u00faci odk\u00e1zanos\u0165 na soci\u00e1lnu slu\u017ebu v zariaden\u00ed opatrovate\u013eskej slu\u017eby (vydan\u00e9 \u00daPSVaR od 01.09.2025)<\/strong>.<\/p>\n<p style=\"text-align: justify;\">ZOS sa nach\u00e1dza v mestskej \u010dasti Zobor v novo zrekon\u0161truovan\u00fdch priestoroch, ktor\u00fdch s\u00fa\u010das\u0165ou je rozsiahly park s oddychov\u00fdmi z\u00f3nami.<\/p>\n<p style=\"text-align: justify;\">Zariadenie m\u00e1 kapacitu 56 l\u00f4\u017eok. Ubytovanie v zariaden\u00ed sa poskytuje v jedno a dvojl\u00f4\u017ekov\u00fdch izb\u00e1ch, z ktor\u00fdch je ve\u013ek\u00e1 \u010das\u0165 vybaven\u00e1 balk\u00f3nom.<\/p>\n<\/td>\n<\/tr>\n<\/tbody>\n<\/table>\n","protected":false},"excerpt":{"rendered":"<p>Poslanie, hodnoty a v\u00edzia Kontakt Ako vybavi\u0165 Poskytovan\u00e9 slu\u017eby Komu nemo\u017eno poskytova\u0165 Legislat\u00edva Cenn\u00edk Evidencia \u017eiadate\u013eov Fotogal\u00e9ria Z\u00e1ujmov\u00e1 \u010dinnos\u0165 Jed\u00e1lny l\u00edstok . Zariadenie opatrovate\u013eskej slu\u017eby je zariadenie s celoro\u010dnou prev\u00e1dzkou kde sa poskytuje soci\u00e1lna slu\u017eba na ur\u010dit\u00fd \u010das plnoletej fyzickej osobe, ktor\u00e1 je odk\u00e1zan\u00e1 na pomoc inej osoby, ak jej nemo\u017eno poskytn\u00fa\u0165 opatrovate\u013esk\u00fa slu\u017ebu a [&hellip;]<\/p>\n","protected":false},"author":1,"featured_media":0,"parent":0,"menu_order":0,"comment_status":"closed","ping_status":"closed","template":"","meta":{"footnotes":""},"class_list":["post-4057","page","type-page","status-publish","hentry"],"_links":{"self":[{"href":"https:\/\/szss-nitra.sk\/index.php?rest_route=\/wp\/v2\/pages\/4057","targetHints":{"allow":["GET"]}}],"collection":[{"href":"https:\/\/szss-nitra.sk\/index.php?rest_route=\/wp\/v2\/pages"}],"about":[{"href":"https:\/\/szss-nitra.sk\/index.php?rest_route=\/wp\/v2\/types\/page"}],"author":[{"embeddable":true,"href":"https:\/\/szss-nitra.sk\/index.php?rest_route=\/wp\/v2\/users\/1"}],"replies":[{"embeddable":true,"href":"https:\/\/szss-nitra.sk\/index.php?rest_route=%2Fwp%2Fv2%2Fcomments&post=4057"}],"version-history":[{"count":20,"href":"https:\/\/szss-nitra.sk\/index.php?rest_route=\/wp\/v2\/pages\/4057\/revisions"}],"predecessor-version":[{"id":14989,"href":"https:\/\/szss-nitra.sk\/index.php?rest_route=\/wp\/v2\/pages\/4057\/revisions\/14989"}],"wp:attachment":[{"href":"https:\/\/szss-nitra.sk\/index.php?rest_route=%2Fwp%2Fv2%2Fmedia&parent=4057"}],"curies":[{"name":"wp","href":"https:\/\/api.w.org\/{rel}","templated":true}]}}