{"id":3456,"date":"2017-07-05T12:42:54","date_gmt":"2017-07-05T10:42:54","guid":{"rendered":"http:\/\/szss-nitra.sk\/?page_id=3456"},"modified":"2026-04-07T13:20:17","modified_gmt":"2026-04-07T11:20:17","slug":"denne-centrum","status":"publish","type":"page","link":"https:\/\/szss-nitra.sk\/?page_id=3456","title":{"rendered":"Denn\u00e9 centrum"},"content":{"rendered":"<table style=\"border: none;\">\n<tbody>\n<tr>\n<td style=\"width: 30%; vertical-align: top;\">\n<p><a href=\"http:\/\/szss-nitra.sk\/?page_id=11958\">Poslanie, hodnoty a v\u00edzia<\/a><\/p>\n<p><a href=\"http:\/\/szss-nitra.sk\/?page_id=3460\">Zameranie a obsah slu\u017eby<\/a><\/p>\n<p><a href=\"http:\/\/szss-nitra.sk\/?page_id=3461\">Ako vybavi\u0165<\/a><\/p>\n<p><a href=\"http:\/\/szss-nitra.sk\/?page_id=3462\">\u010cas poskytovania slu\u017eby<\/a><\/p>\n<p><a href=\"http:\/\/szss-nitra.sk\/?page_id=3465\">Zabezpe\u010denie kvality<\/a><\/p>\n<p><a href=\"http:\/\/szss-nitra.sk\/?page_id=3463\">Legislat\u00edva<\/a><\/p>\n<p><a href=\"http:\/\/szss-nitra.sk\/?page_id=3464\">Cenn\u00edk<\/a><\/p>\n<p><a href=\"http:\/\/szss-nitra.sk\/?page_id=3466\">Kontakt<\/a><\/p>\n<p><a href=\"http:\/\/szss-nitra.sk\/?page_id=3467\">Podujatia a \u010dinnosti<\/a><\/p>\n<p><a href=\"http:\/\/szss-nitra.sk\/?page_id=3468\">Fotogal\u00e9ria<\/a><\/p>\n<p><img loading=\"lazy\" decoding=\"async\" class=\"alignnone size-full wp-image-11087\" src=\"http:\/\/szss-nitra.sk\/wp-content\/uploads\/2025\/08\/DC_mini.png\" alt=\"\" width=\"150\" height=\"150\" \/><\/p>\n<\/td>\n<td><span style=\"color: #ffffff;\">.<\/span><\/td>\n<td style=\"vertical-align: top; text-align: center;\">\n<p style=\"text-align: justify;\">Spr\u00e1va zariaden\u00ed soci\u00e1lnych slu\u017eieb prev\u00e1dzkuje dve denn\u00e9 centr\u00e1, a to Denn\u00e9 centrum Bani\u010dova a Denn\u00e9 centrum Olympia, ktor\u00e9 poskytuj\u00fa soci\u00e1lnu slu\u017ebu pre seniorov a \u013eud\u00ed so zdravotn\u00fdm postihnut\u00edm. Hlavn\u00fdm cie\u013eom denn\u00fdch centier je umo\u017eni\u0165 seniorom a \u013eu\u010fom so zdravotn\u00fdm postihnut\u00edm akt\u00edvne a plnohodnotn\u00e9 zapojenie do spolo\u010dnosti, vytv\u00e1ra\u0165 priestor pre z\u00e1ujmov\u00fa \u010dinnos\u0165 a poskytn\u00fa\u0165 im potrebn\u00fa podporu a starostlivos\u0165 po\u010das d\u0148a.<\/p>\n<p style=\"text-align: justify;\">V denn\u00fdch centr\u00e1ch poskytujeme prij\u00edmate\u013eom soci\u00e1lnej slu\u017eby pravideln\u00e9 aktivity, ktor\u00fdch s\u00fa\u010das\u0165ou s\u00fa na\u0161i dobrovo\u013en\u00edci, o ktor\u00fdch sa m\u00f4\u017eete do\u010d\u00edta\u0165 viac v sekcii <a href=\"http:\/\/szss-nitra.sk\/?page_id=11954\">\u201eDobr\u00e1 prax\u201c<\/a>, a taktie\u017e sez\u00f3nne aktivity ako s\u00fa napr. tane\u010dn\u00e9 z\u00e1bavy, v\u00fdlety, \u0160iska p\u00e1rty, Viano\u010dn\u00e1 kapustnica a podobne.<\/p>\n<p style=\"text-align: center;\"><img loading=\"lazy\" decoding=\"async\" class=\"alignnone size-full wp-image-3163\" src=\"http:\/\/szss-nitra.sk\/wp-content\/uploads\/2013\/10\/pdf_mini.png\" alt=\"\" width=\"30\" height=\"30\" \/> <a href=\"http:\/\/szss-nitra.sk\/wp-content\/uploads\/2025\/02\/Plan-rozvoja-socialnej-sluzby-DC-2024_2030.pdf\" target=\"_blank\" rel=\"noopener\">Program rozvoja soci\u00e1lnej slu\u017eby denn\u00e9 centrum na roky 2024 &#8211; 2030<\/a><\/p>\n<p style=\"text-align: center;\"><img loading=\"lazy\" decoding=\"async\" class=\"alignnone size-full wp-image-3163\" src=\"http:\/\/szss-nitra.sk\/wp-content\/uploads\/2013\/10\/pdf_mini.png\" alt=\"\" width=\"30\" height=\"30\" \/> <a href=\"http:\/\/szss-nitra.sk\/wp-content\/uploads\/2025\/08\/Informacna-strategia-DC-2.pdf\" target=\"_blank\" rel=\"noopener\">Informa\u010dn\u00e1 strat\u00e9gia denn\u00e9ho centra<\/a><\/p>\n<p>&#8212;<\/p>\n<p style=\"text-align: center;\"><img loading=\"lazy\" decoding=\"async\" class=\"alignnone size-full wp-image-3163\" src=\"http:\/\/szss-nitra.sk\/wp-content\/uploads\/2013\/10\/pdf_mini.png\" alt=\"\" width=\"30\" height=\"30\" \/> <a href=\"http:\/\/szss-nitra.sk\/wp-content\/uploads\/2026\/04\/plan-aktivit-DC-Banicova-4-2026.pdf\" target=\"_blank\" rel=\"noopener\">Pl\u00e1n aktiv\u00edt &#8211; DC Bani\u010dova &#8211; apr\u00edl 2026<\/a><\/p>\n<p style=\"text-align: center;\"><img loading=\"lazy\" decoding=\"async\" class=\"alignnone size-full wp-image-3163\" src=\"http:\/\/szss-nitra.sk\/wp-content\/uploads\/2013\/10\/pdf_mini.png\" alt=\"\" width=\"30\" height=\"30\" \/> <a href=\"http:\/\/szss-nitra.sk\/wp-content\/uploads\/2026\/04\/plan-aktivit-DC-Olympia-4-2026.pdf\" target=\"_blank\" rel=\"noopener\">Pl\u00e1n aktiv\u00edt &#8211; DC Olympia &#8211; apr\u00edl 2026<\/a><\/p>\n<p style=\"text-align: center;\"><img loading=\"lazy\" decoding=\"async\" class=\"alignnone size-full wp-image-3163\" src=\"http:\/\/szss-nitra.sk\/wp-content\/uploads\/2013\/10\/pdf_mini.png\" alt=\"\" width=\"30\" height=\"30\" \/> <a href=\"http:\/\/szss-nitra.sk\/wp-content\/uploads\/2026\/04\/plan-aktivit-DC-Banicova-3-2026.pdf\" target=\"_blank\" rel=\"noopener\">Pl\u00e1n aktiv\u00edt &#8211; DC Bani\u010dova &#8211; marec 2026<\/a><\/p>\n<p style=\"text-align: center;\"><img loading=\"lazy\" decoding=\"async\" class=\"alignnone size-full wp-image-3163\" src=\"http:\/\/szss-nitra.sk\/wp-content\/uploads\/2013\/10\/pdf_mini.png\" alt=\"\" width=\"30\" height=\"30\" \/> <a href=\"http:\/\/szss-nitra.sk\/wp-content\/uploads\/2026\/04\/plan-aktivit-DC-Olympia-3-2026.pdf\" target=\"_blank\" rel=\"noopener\">Pl\u00e1n aktiv\u00edt &#8211; DC Olympia &#8211; marec 2026<\/a><\/p>\n<p style=\"text-align: center;\"><img loading=\"lazy\" decoding=\"async\" class=\"alignnone size-full wp-image-3163\" src=\"http:\/\/szss-nitra.sk\/wp-content\/uploads\/2013\/10\/pdf_mini.png\" alt=\"\" width=\"30\" height=\"30\" \/> <a href=\"http:\/\/szss-nitra.sk\/wp-content\/uploads\/2026\/04\/plan-aktivit-DC-Banicova-2-2026.pdf\" target=\"_blank\" rel=\"noopener\">Pl\u00e1n aktiv\u00edt &#8211; DC Bani\u010dova &#8211; febru\u00e1r 2026<\/a><\/p>\n<p style=\"text-align: center;\"><img loading=\"lazy\" decoding=\"async\" class=\"alignnone size-full wp-image-3163\" src=\"http:\/\/szss-nitra.sk\/wp-content\/uploads\/2013\/10\/pdf_mini.png\" alt=\"\" width=\"30\" height=\"30\" \/> <a href=\"http:\/\/szss-nitra.sk\/wp-content\/uploads\/2026\/04\/plan-aktivit-DC-Olympia-2-2026.pdf\" target=\"_blank\" rel=\"noopener\">Pl\u00e1n aktiv\u00edt &#8211; DC Olympia &#8211; febru\u00e1r 2026<\/a><\/p>\n<p style=\"text-align: center;\"><img loading=\"lazy\" decoding=\"async\" class=\"alignnone size-full wp-image-3163\" src=\"http:\/\/szss-nitra.sk\/wp-content\/uploads\/2013\/10\/pdf_mini.png\" alt=\"\" width=\"30\" height=\"30\" \/> <a href=\"http:\/\/szss-nitra.sk\/wp-content\/uploads\/2026\/04\/plan-aktivit-DC-Banicova-1-2026.pdf\" target=\"_blank\" rel=\"noopener\">Pl\u00e1n aktiv\u00edt &#8211; DC Bani\u010dova &#8211; janu\u00e1r 2026<\/a><\/p>\n<\/td>\n<\/tr>\n<\/tbody>\n<\/table>\n\n\n<p><\/p>\n","protected":false},"excerpt":{"rendered":"<p>Poslanie, hodnoty a v\u00edzia Zameranie a obsah slu\u017eby Ako vybavi\u0165 \u010cas poskytovania slu\u017eby Zabezpe\u010denie kvality Legislat\u00edva Cenn\u00edk Kontakt Podujatia a \u010dinnosti Fotogal\u00e9ria . Spr\u00e1va zariaden\u00ed soci\u00e1lnych slu\u017eieb prev\u00e1dzkuje dve denn\u00e9 centr\u00e1, a to Denn\u00e9 centrum Bani\u010dova a Denn\u00e9 centrum Olympia, ktor\u00e9 poskytuj\u00fa soci\u00e1lnu slu\u017ebu pre seniorov a \u013eud\u00ed so zdravotn\u00fdm postihnut\u00edm. Hlavn\u00fdm cie\u013eom denn\u00fdch centier [&hellip;]<\/p>\n","protected":false},"author":1,"featured_media":0,"parent":0,"menu_order":0,"comment_status":"closed","ping_status":"closed","template":"","meta":{"footnotes":""},"class_list":["post-3456","page","type-page","status-publish","hentry"],"_links":{"self":[{"href":"https:\/\/szss-nitra.sk\/index.php?rest_route=\/wp\/v2\/pages\/3456","targetHints":{"allow":["GET"]}}],"collection":[{"href":"https:\/\/szss-nitra.sk\/index.php?rest_route=\/wp\/v2\/pages"}],"about":[{"href":"https:\/\/szss-nitra.sk\/index.php?rest_route=\/wp\/v2\/types\/page"}],"author":[{"embeddable":true,"href":"https:\/\/szss-nitra.sk\/index.php?rest_route=\/wp\/v2\/users\/1"}],"replies":[{"embeddable":true,"href":"https:\/\/szss-nitra.sk\/index.php?rest_route=%2Fwp%2Fv2%2Fcomments&post=3456"}],"version-history":[{"count":39,"href":"https:\/\/szss-nitra.sk\/index.php?rest_route=\/wp\/v2\/pages\/3456\/revisions"}],"predecessor-version":[{"id":16259,"href":"https:\/\/szss-nitra.sk\/index.php?rest_route=\/wp\/v2\/pages\/3456\/revisions\/16259"}],"wp:attachment":[{"href":"https:\/\/szss-nitra.sk\/index.php?rest_route=%2Fwp%2Fv2%2Fmedia&parent=3456"}],"curies":[{"name":"wp","href":"https:\/\/api.w.org\/{rel}","templated":true}]}}