{"id":3282,"date":"2017-06-19T12:46:35","date_gmt":"2017-06-19T10:46:35","guid":{"rendered":"http:\/\/szss-nitra.sk\/?page_id=3282"},"modified":"2025-07-04T14:05:34","modified_gmt":"2025-07-04T12:05:34","slug":"prepravna-sluzba","status":"publish","type":"page","link":"https:\/\/szss-nitra.sk\/?page_id=3282","title":{"rendered":"Prepravn\u00e1 slu\u017eba"},"content":{"rendered":"<table style=\"border: none;\">\n<tbody>\n<tr>\n<td style=\"width: 30%; vertical-align: top;\"><a href=\"http:\/\/szss-nitra.sk\/?page_id=3325\">Komu je ur\u010den\u00e1<\/a><\/p>\n<p><a href=\"http:\/\/szss-nitra.sk\/?page_id=3286\">Ako vybavi\u0165<\/a><\/p>\n<p><a href=\"http:\/\/szss-nitra.sk\/?page_id=3288\">\u010cas poskytovania slu\u017eby<\/a><\/p>\n<p><a href=\"http:\/\/szss-nitra.sk\/?page_id=3327\">Legislat\u00edva<\/a><\/p>\n<p><a href=\"http:\/\/szss-nitra.sk\/?page_id=3291\">Cenn\u00edk<\/a><\/p>\n<p><a href=\"http:\/\/szss-nitra.sk\/?page_id=3284\">Kontakt<\/a><\/p>\n<p><a href=\"http:\/\/szss-nitra.sk\/?page_id=14509\">Povedali o n\u00e1s<\/a><\/p>\n<p><a href=\"http:\/\/szss-nitra.sk\/?page_id=3326\">Fotogal\u00e9ria<\/a><\/p>\n<p><img loading=\"lazy\" decoding=\"async\" class=\"alignnone size-full wp-image-10606\" src=\"http:\/\/szss-nitra.sk\/wp-content\/uploads\/2023\/10\/menu_ico_taxik.png\" alt=\"\" width=\"150\" height=\"100\" \/><\/td>\n<td><span style=\"color: #ffffff;\">.<\/span><\/td>\n<td style=\"vertical-align: top; text-align: jusify;\">\n<p style=\"text-align: justify;\">Prepravn\u00fa slu\u017ebu poskytujeme ob\u010danom s \u0165a\u017ek\u00fdm zdravotn\u00fdm postihnut\u00edm a ob\u010danom s nepriazniv\u00fdm zdravotn\u00fdm stavom s cie\u013eom:<\/p>\n<ul style=\"text-align: justify;\">\n<li>Zmierni\u0165 soci\u00e1lne d\u00f4sledky zdravotn\u00e9ho postihnutia a nepriazniv\u00e9ho zdravotn\u00e9ho stavu.<\/li>\n<li>Zabezpe\u010di\u0165 prepravu na lek\u00e1rske vy\u0161etrenia.<\/li>\n<li>Zabezpe\u010di\u0165 prepravu za spolo\u010densk\u00fdmi, kult\u00farnymi a z\u00e1ujmov\u00fdmi podujatiami.<\/li>\n<li>Podporova\u0165 soci\u00e1lnu integr\u00e1ciu.<\/li>\n<\/ul>\n<p style=\"text-align: justify;\">Prepravn\u00fa slu\u017ebu zabezpe\u010duj\u00fa 2 motorov\u00e9 vozidl\u00e1 upraven\u00e9 pre potreby prepravy os\u00f4b so zdravotn\u00fdm postihnut\u00edm. Prepravn\u00e1 slu\u017eba sa poskytuje na dobu po\u010das splnenia podmienok trvania n\u00e1roku na tento druh slu\u017eby.<\/p>\n<\/td>\n<\/tr>\n<\/tbody>\n<\/table>\n","protected":false},"excerpt":{"rendered":"<p>Komu je ur\u010den\u00e1 Ako vybavi\u0165 \u010cas poskytovania slu\u017eby Legislat\u00edva Cenn\u00edk Kontakt Povedali o n\u00e1s Fotogal\u00e9ria . Prepravn\u00fa slu\u017ebu poskytujeme ob\u010danom s \u0165a\u017ek\u00fdm zdravotn\u00fdm postihnut\u00edm a ob\u010danom s nepriazniv\u00fdm zdravotn\u00fdm stavom s cie\u013eom: Zmierni\u0165 soci\u00e1lne d\u00f4sledky zdravotn\u00e9ho postihnutia a nepriazniv\u00e9ho zdravotn\u00e9ho stavu. Zabezpe\u010di\u0165 prepravu na lek\u00e1rske vy\u0161etrenia. Zabezpe\u010di\u0165 prepravu za spolo\u010densk\u00fdmi, kult\u00farnymi a z\u00e1ujmov\u00fdmi podujatiami. Podporova\u0165 [&hellip;]<\/p>\n","protected":false},"author":1,"featured_media":0,"parent":0,"menu_order":0,"comment_status":"closed","ping_status":"closed","template":"","meta":{"footnotes":""},"class_list":["post-3282","page","type-page","status-publish","hentry"],"_links":{"self":[{"href":"https:\/\/szss-nitra.sk\/index.php?rest_route=\/wp\/v2\/pages\/3282","targetHints":{"allow":["GET"]}}],"collection":[{"href":"https:\/\/szss-nitra.sk\/index.php?rest_route=\/wp\/v2\/pages"}],"about":[{"href":"https:\/\/szss-nitra.sk\/index.php?rest_route=\/wp\/v2\/types\/page"}],"author":[{"embeddable":true,"href":"https:\/\/szss-nitra.sk\/index.php?rest_route=\/wp\/v2\/users\/1"}],"replies":[{"embeddable":true,"href":"https:\/\/szss-nitra.sk\/index.php?rest_route=%2Fwp%2Fv2%2Fcomments&post=3282"}],"version-history":[{"count":11,"href":"https:\/\/szss-nitra.sk\/index.php?rest_route=\/wp\/v2\/pages\/3282\/revisions"}],"predecessor-version":[{"id":14517,"href":"https:\/\/szss-nitra.sk\/index.php?rest_route=\/wp\/v2\/pages\/3282\/revisions\/14517"}],"wp:attachment":[{"href":"https:\/\/szss-nitra.sk\/index.php?rest_route=%2Fwp%2Fv2%2Fmedia&parent=3282"}],"curies":[{"name":"wp","href":"https:\/\/api.w.org\/{rel}","templated":true}]}}