{"id":15160,"date":"2025-10-10T09:17:08","date_gmt":"2025-10-10T07:17:08","guid":{"rendered":"https:\/\/szss-nitra.sk\/?page_id=15160"},"modified":"2026-04-07T13:26:33","modified_gmt":"2026-04-07T11:26:33","slug":"denny-stacionar","status":"publish","type":"page","link":"https:\/\/szss-nitra.sk\/?page_id=15160","title":{"rendered":"Denn\u00fd stacion\u00e1r"},"content":{"rendered":"<table style=\"border: none;\">\n<tbody>\n<tr>\n<td style=\"width: 30%; vertical-align: top;\"><a href=\"http:\/\/szss-nitra.sk\/?page_id=10488\">Poslanie, hodnoty a v\u00edzia<\/a><\/p>\n<p><a href=\"http:\/\/szss-nitra.sk\/?page_id=3819\">Kontakt<\/a><\/p>\n<p><a href=\"http:\/\/szss-nitra.sk\/?page_id=3821\">Ako vybavi\u0165<\/a><\/p>\n<p><a href=\"http:\/\/szss-nitra.sk\/?page_id=3820\">Komu poskytujeme<\/a><\/p>\n<p><a href=\"http:\/\/szss-nitra.sk\/?page_id=3822\">Komu nemo\u017eno poskytova\u0165<\/a><\/p>\n<p><a href=\"http:\/\/szss-nitra.sk\/?page_id=3840\">Legislat\u00edva<\/a><\/p>\n<p><a href=\"http:\/\/szss-nitra.sk\/?page_id=3828\">\u010cas poskytovania<\/a><\/p>\n<p><a href=\"http:\/\/szss-nitra.sk\/?page_id=3829\">Cenn\u00edk<\/a><\/p>\n<p><a href=\"http:\/\/szss-nitra.sk\/?page_id=3832\">Evidencia \u017eiadate\u013eov<\/a><\/p>\n<p><a href=\"http:\/\/szss-nitra.sk\/?page_id=3833\">\u010co poskytujeme<\/a><\/p>\n<p><strong><a href=\"http:\/\/szss-nitra.sk\/?page_id=10218\">Podujatia a \u010dinnosti<\/a><\/strong><\/p>\n<p><a href=\"http:\/\/szss-nitra.sk\/?page_id=3835\">Fotogal\u00e9ria<\/a><\/p>\n<p><a href=\"http:\/\/szss-nitra.sk\/?page_id=10845\">Podpora zamestnancov<\/a><\/p>\n<p><img loading=\"lazy\" decoding=\"async\" class=\"alignnone size-full wp-image-11087\" src=\"http:\/\/szss-nitra.sk\/wp-content\/uploads\/2023\/11\/menu_ico_DS2.png\" alt=\"\" width=\"125\" height=\"140\" \/><\/td>\n<td><span style=\"color: #ffffff;\">.<\/span><\/td>\n<td style=\"vertical-align: top;\">\n<p style=\"text-align: center;\"><em>Spr\u00e1vy o \u010dinnosti 2024<\/em><\/p>\n<p style=\"text-align: center;\"><a href=\"http:\/\/szss-nitra.sk\/wp-content\/uploads\/2025\/10\/Prehlad-zrealizovanych-aktivit-a-podujati-v-DS-2024_page-0001.jpg\"><img loading=\"lazy\" decoding=\"async\" class=\"alignnone size-medium wp-image-15158\" src=\"http:\/\/szss-nitra.sk\/wp-content\/uploads\/2025\/10\/Prehlad-zrealizovanych-aktivit-a-podujati-v-DS-2024_page-0001-223x300.jpg\" alt=\"\" width=\"223\" height=\"300\" srcset=\"https:\/\/szss-nitra.sk\/wp-content\/uploads\/2025\/10\/Prehlad-zrealizovanych-aktivit-a-podujati-v-DS-2024_page-0001-223x300.jpg 223w, https:\/\/szss-nitra.sk\/wp-content\/uploads\/2025\/10\/Prehlad-zrealizovanych-aktivit-a-podujati-v-DS-2024_page-0001-760x1024.jpg 760w, https:\/\/szss-nitra.sk\/wp-content\/uploads\/2025\/10\/Prehlad-zrealizovanych-aktivit-a-podujati-v-DS-2024_page-0001-768x1035.jpg 768w, https:\/\/szss-nitra.sk\/wp-content\/uploads\/2025\/10\/Prehlad-zrealizovanych-aktivit-a-podujati-v-DS-2024_page-0001.jpg 1087w\" sizes=\"auto, (max-width: 223px) 100vw, 223px\" \/><\/a> <a href=\"http:\/\/szss-nitra.sk\/wp-content\/uploads\/2025\/10\/Prehlad-zrealizovanych-aktivit-a-podujati-v-DS-2024_page-0002.jpg\"><img loading=\"lazy\" decoding=\"async\" class=\"alignnone size-medium wp-image-15157\" src=\"http:\/\/szss-nitra.sk\/wp-content\/uploads\/2025\/10\/Prehlad-zrealizovanych-aktivit-a-podujati-v-DS-2024_page-0002-300x187.jpg\" alt=\"\" width=\"223\" height=\"187\" \/><\/a><\/p>\n<p style=\"text-align: center;\"><em>Spr\u00e1vy o \u010dinnosti 2. polrok 2023<\/em><\/p>\n<p><img loading=\"lazy\" decoding=\"async\" class=\"wp-image-816 size-full\" src=\"http:\/\/szss-nitra.sk\/wp-content\/uploads\/2015\/08\/pdf1.png\" alt=\"\" width=\"30\" height=\"30\" \/><strong> <a href=\"http:\/\/szss-nitra.sk\/wp-content\/uploads\/2024\/01\/Sprava-o-cinnosti-2Q-2023-DS-SENIORI.pdf\" target=\"_blank\" rel=\"noopener\">Spr\u00e1va o \u010dinnosti &#8211; denn\u00fd stacion\u00e1r pre seniorov<\/a><\/strong><br \/>\n<img loading=\"lazy\" decoding=\"async\" class=\"wp-image-816 size-full\" src=\"http:\/\/szss-nitra.sk\/wp-content\/uploads\/2015\/08\/pdf1.png\" alt=\"\" width=\"30\" height=\"30\" \/><strong> <a href=\"http:\/\/szss-nitra.sk\/wp-content\/uploads\/2024\/01\/Sprava-o-polrocnej-cinnosti-2.polrok-2023-DS-ZTP.pdf\" target=\"_blank\" rel=\"noopener\">Spr\u00e1va o \u010dinnosti &#8211; denn\u00fd stacion\u00e1r pre osoby so zdravotn\u00fdm postihnut\u00edm<\/a><\/strong><br \/>\n<img loading=\"lazy\" decoding=\"async\" class=\"wp-image-816 size-full\" src=\"http:\/\/szss-nitra.sk\/wp-content\/uploads\/2015\/08\/pdf1.png\" alt=\"\" width=\"30\" height=\"30\" \/><a href=\"http:\/\/szss-nitra.sk\/wp-content\/uploads\/2024\/01\/Sprava-o-cinnosti-II.polrok-2023-PAS.pdf\" target=\"_blank\" rel=\"noopener\"> <strong>Spr\u00e1va o \u010dinnosti &#8211; denn\u00fd stacion\u00e1r pre osoby s poruchami autistick\u00e9ho spektra<\/strong><\/a><\/p>\n<p style=\"text-align: center;\"><em>Spr\u00e1vy o \u010dinnosti 1. polrok 2023<\/em><\/p>\n<p><img loading=\"lazy\" decoding=\"async\" class=\"wp-image-816 size-full\" src=\"http:\/\/szss-nitra.sk\/wp-content\/uploads\/2015\/08\/pdf1.png\" alt=\"\" width=\"30\" height=\"30\" \/><strong> <a href=\"http:\/\/szss-nitra.sk\/wp-content\/uploads\/2023\/08\/Sprava-o-cinnosti-v-dennom-stacionari-pre-seniorov.pdf\" target=\"_blank\" rel=\"noopener\">Spr\u00e1va o \u010dinnosti &#8211; denn\u00fd stacion\u00e1r pre seniorov<\/a><\/strong><br \/>\n<img loading=\"lazy\" decoding=\"async\" class=\"wp-image-816 size-full\" src=\"http:\/\/szss-nitra.sk\/wp-content\/uploads\/2015\/08\/pdf1.png\" alt=\"\" width=\"30\" height=\"30\" \/><strong> <a href=\"http:\/\/szss-nitra.sk\/wp-content\/uploads\/2023\/08\/Sprava-o-polrocnej-cinnosti-TZP-1-pol-2023.pdf\" target=\"_blank\" rel=\"noopener\">Spr\u00e1va o \u010dinnosti &#8211; denn\u00fd stacion\u00e1r pre osoby so zdravotn\u00fdm postihnut\u00edm<\/a><\/strong><br \/>\n<img loading=\"lazy\" decoding=\"async\" class=\"wp-image-816 size-full\" src=\"http:\/\/szss-nitra.sk\/wp-content\/uploads\/2015\/08\/pdf1.png\" alt=\"\" width=\"30\" height=\"30\" \/><strong> <a href=\"http:\/\/szss-nitra.sk\/wp-content\/uploads\/2023\/08\/Sprava-o-cinn.-DS-PAS-I.-polrok-2023.pdf\" target=\"_blank\" rel=\"noopener\">Spr\u00e1va o \u010dinnosti &#8211; denn\u00fd stacion\u00e1r pre osoby s poruchami autistick\u00e9ho spektra<\/a><\/strong><\/td>\n<\/tr>\n<\/tbody>\n<\/table>\n","protected":false},"excerpt":{"rendered":"<p>Poslanie, hodnoty a v\u00edzia Kontakt Ako vybavi\u0165 Komu poskytujeme Komu nemo\u017eno poskytova\u0165 Legislat\u00edva \u010cas poskytovania Cenn\u00edk Evidencia \u017eiadate\u013eov \u010co poskytujeme Podujatia a \u010dinnosti Fotogal\u00e9ria Podpora zamestnancov . Spr\u00e1vy o \u010dinnosti 2024 Spr\u00e1vy o \u010dinnosti 2. polrok 2023 Spr\u00e1va o \u010dinnosti &#8211; denn\u00fd stacion\u00e1r pre seniorov Spr\u00e1va o \u010dinnosti &#8211; denn\u00fd stacion\u00e1r pre osoby so zdravotn\u00fdm [&hellip;]<\/p>\n","protected":false},"author":1,"featured_media":0,"parent":3835,"menu_order":0,"comment_status":"closed","ping_status":"closed","template":"","meta":{"footnotes":""},"class_list":["post-15160","page","type-page","status-publish","hentry"],"_links":{"self":[{"href":"https:\/\/szss-nitra.sk\/index.php?rest_route=\/wp\/v2\/pages\/15160","targetHints":{"allow":["GET"]}}],"collection":[{"href":"https:\/\/szss-nitra.sk\/index.php?rest_route=\/wp\/v2\/pages"}],"about":[{"href":"https:\/\/szss-nitra.sk\/index.php?rest_route=\/wp\/v2\/types\/page"}],"author":[{"embeddable":true,"href":"https:\/\/szss-nitra.sk\/index.php?rest_route=\/wp\/v2\/users\/1"}],"replies":[{"embeddable":true,"href":"https:\/\/szss-nitra.sk\/index.php?rest_route=%2Fwp%2Fv2%2Fcomments&post=15160"}],"version-history":[{"count":5,"href":"https:\/\/szss-nitra.sk\/index.php?rest_route=\/wp\/v2\/pages\/15160\/revisions"}],"predecessor-version":[{"id":16267,"href":"https:\/\/szss-nitra.sk\/index.php?rest_route=\/wp\/v2\/pages\/15160\/revisions\/16267"}],"up":[{"embeddable":true,"href":"https:\/\/szss-nitra.sk\/index.php?rest_route=\/wp\/v2\/pages\/3835"}],"wp:attachment":[{"href":"https:\/\/szss-nitra.sk\/index.php?rest_route=%2Fwp%2Fv2%2Fmedia&parent=15160"}],"curies":[{"name":"wp","href":"https:\/\/api.w.org\/{rel}","templated":true}]}}