{"id":15014,"date":"2025-09-02T08:37:40","date_gmt":"2025-09-02T06:37:40","guid":{"rendered":"https:\/\/szss-nitra.sk\/?page_id=15014"},"modified":"2025-09-03T12:25:33","modified_gmt":"2025-09-03T10:25:33","slug":"zamer-vypozicky-majetku-v-sprave-szss","status":"publish","type":"page","link":"https:\/\/szss-nitra.sk\/?page_id=15014","title":{"rendered":"Z\u00e1mer v\u00fdpo\u017ei\u010dky majetku v spr\u00e1ve SZSS"},"content":{"rendered":"<p><a href=\"http:\/\/szss-nitra.sk\/wp-content\/uploads\/2025\/09\/zverejnenie_zamer_Digitalni-seniori.pdf\" target=\"_blank\" rel=\"noopener\"><img loading=\"lazy\" decoding=\"async\" class=\"aligncenter size-large wp-image-15015\" src=\"http:\/\/szss-nitra.sk\/wp-content\/uploads\/2025\/09\/zverejnenie_zamer_Digitalni-seniori_page-0001-724x1024.jpg\" alt=\"\" width=\"640\" height=\"905\" srcset=\"https:\/\/szss-nitra.sk\/wp-content\/uploads\/2025\/09\/zverejnenie_zamer_Digitalni-seniori_page-0001-724x1024.jpg 724w, https:\/\/szss-nitra.sk\/wp-content\/uploads\/2025\/09\/zverejnenie_zamer_Digitalni-seniori_page-0001-212x300.jpg 212w, https:\/\/szss-nitra.sk\/wp-content\/uploads\/2025\/09\/zverejnenie_zamer_Digitalni-seniori_page-0001-768x1086.jpg 768w, https:\/\/szss-nitra.sk\/wp-content\/uploads\/2025\/09\/zverejnenie_zamer_Digitalni-seniori_page-0001-1086x1536.jpg 1086w, https:\/\/szss-nitra.sk\/wp-content\/uploads\/2025\/09\/zverejnenie_zamer_Digitalni-seniori_page-0001.jpg 1241w\" sizes=\"auto, (max-width: 640px) 100vw, 640px\" \/><\/a><\/p>\n<p style=\"text-align: center;\"><a href=\"https:\/\/cuet.slovensko.sk\/sk\/dokument\/81c367ff-ddaa-47da-932f-d72421ff689c\" target=\"_blank\" rel=\"noopener\">https:\/\/cuet.slovensko.sk\/<\/a><\/p>\n","protected":false},"excerpt":{"rendered":"<p>https:\/\/cuet.slovensko.sk\/<\/p>\n","protected":false},"author":1,"featured_media":0,"parent":0,"menu_order":0,"comment_status":"closed","ping_status":"closed","template":"","meta":{"footnotes":""},"class_list":["post-15014","page","type-page","status-publish","hentry"],"_links":{"self":[{"href":"https:\/\/szss-nitra.sk\/index.php?rest_route=\/wp\/v2\/pages\/15014","targetHints":{"allow":["GET"]}}],"collection":[{"href":"https:\/\/szss-nitra.sk\/index.php?rest_route=\/wp\/v2\/pages"}],"about":[{"href":"https:\/\/szss-nitra.sk\/index.php?rest_route=\/wp\/v2\/types\/page"}],"author":[{"embeddable":true,"href":"https:\/\/szss-nitra.sk\/index.php?rest_route=\/wp\/v2\/users\/1"}],"replies":[{"embeddable":true,"href":"https:\/\/szss-nitra.sk\/index.php?rest_route=%2Fwp%2Fv2%2Fcomments&post=15014"}],"version-history":[{"count":3,"href":"https:\/\/szss-nitra.sk\/index.php?rest_route=\/wp\/v2\/pages\/15014\/revisions"}],"predecessor-version":[{"id":15025,"href":"https:\/\/szss-nitra.sk\/index.php?rest_route=\/wp\/v2\/pages\/15014\/revisions\/15025"}],"wp:attachment":[{"href":"https:\/\/szss-nitra.sk\/index.php?rest_route=%2Fwp%2Fv2%2Fmedia&parent=15014"}],"curies":[{"name":"wp","href":"https:\/\/api.w.org\/{rel}","templated":true}]}}