{"id":11040,"date":"2023-11-10T01:41:15","date_gmt":"2023-11-09T23:41:15","guid":{"rendered":"https:\/\/szss-nitra.sk\/?page_id=11040"},"modified":"2025-09-01T13:14:37","modified_gmt":"2025-09-01T11:14:37","slug":"dobra-prax-opatrovatelska-sluzba-2","status":"publish","type":"page","link":"https:\/\/szss-nitra.sk\/?page_id=11040","title":{"rendered":"Dobr\u00e1 prax &#8211; opatrovate\u013esk\u00e1 slu\u017eba"},"content":{"rendered":"<table style=\"border: none;\">\n<tbody>\n<tr>\n<td style=\"width: 30%; vertical-align: top;\"><a href=\"http:\/\/szss-nitra.sk\/?page_id=11040\"><strong>Rozvoj odborn\u00fdch kompetenci\u00ed<\/strong><\/a><\/p>\n<p><a href=\"http:\/\/szss-nitra.sk\/?page_id=11974\">Bytov\u00fd dom Senior<\/a><\/p>\n<p><a href=\"http:\/\/szss-nitra.sk\/?page_id=10968\">Povedali o n\u00e1s<\/a><\/td>\n<td><span style=\"color: #ffffff;\">.<\/span><\/td>\n<td style=\"vertical-align: top; text-align: justify;\"><strong>Intern\u00e9 \u0161kolenia opatrovate\u013eov a opatrovateliek dom\u00e1cej opatrovate\u013eskej slu\u017eby<\/strong><\/p>\n<p>\u00dasek soci\u00e1lnych slu\u017eieb Bani\u010dova a Olympia realizuje pre opatrovate\u013eov a opatrovate\u013eky dom\u00e1cej opatrovate\u013eskej slu\u017eby spravidla minim\u00e1lne trikr\u00e1t ro\u010dne intern\u00e9 \u0161kolenia na vybran\u00e9 t\u00e9my s cie\u013eom poskytova\u0165 opatrovate\u013eom a opatrovate\u013ek\u00e1m dom\u00e1cej opatrovate\u013eskej slu\u017eby odborn\u00fa podporu, vytvori\u0165 priestor pre zdie\u013eanie sk\u00fasenost\u00ed a h\u013eadanie optim\u00e1lnych rie\u0161en\u00ed pre r\u00f4zne situ\u00e1cie vznikaj\u00face v dom\u00e1cej opatrovate\u013eskej slu\u017ebe.<\/p>\n<p>Intern\u00e9 \u0161kolenia realizovan\u00e9 aj formou prezent\u00e1ci\u00ed sa dot\u00fdkaj\u00fa r\u00f4znych oblast\u00ed profesion\u00e1lneho v\u00fdkonu pr\u00e1ce ako napr. ochrana \u013eudsk\u00fdch pr\u00e1v a slob\u00f4d prij\u00edmate\u013eov soci\u00e1lnej slu\u017eby, deeskala\u010dn\u00e9 techniky v soci\u00e1lnych slu\u017eb\u00e1ch, kvalita poskytovanej soci\u00e1lnej slu\u017eby, techniky manipul\u00e1cie s prij\u00edmate\u013eom soci\u00e1lnej slu\u017eby pri poskytovan\u00ed \u00fakonov opatrovate\u013eskej slu\u017eby, ochrana prij\u00edmate\u013eov soci\u00e1lnej slu\u017eby pred zl\u00fdm zaobch\u00e1dzan\u00edm, dokumentovanie opatrovate\u013esk\u00e9ho procesu a pod.<\/p>\n<p>Opatrovatelia a opatrovate\u013eky dom\u00e1cej opatrovate\u013eskej slu\u017eby maj\u00fa mo\u017enos\u0165 z\u00fa\u010dast\u0148ova\u0165 sa aj \u0161kolen\u00ed, ktor\u00e9 na r\u00f4zne odborn\u00e9 t\u00e9my (o\u0161etrovanie dekubitov, v\u00fd\u017eiva, diabetes,&#8230;) organizuje \u00fasek opatrovate\u013eskej slu\u017eby Zobor, pri\u010dom \u0161kolitelia s\u00fa prizvan\u00ed odborn\u00edci v danej problematike. Touto spolupr\u00e1cou podporujeme pr\u00edstup opatrovate\u013eov a opatrovateliek dom\u00e1cej opatrovate\u013eskej slu\u017eby aj k vzdel\u00e1vaniu v \u0161pecifick\u00fdch odborn\u00fdch oblastiach s\u00favisiacich s v\u00fdkonom ich opatrovate\u013eskej \u010dinnosti.<\/p>\n<p><a href=\"http:\/\/szss-nitra.sk\/wp-content\/uploads\/2023\/11\/skolenie_opatr.jpeg\"><img loading=\"lazy\" decoding=\"async\" class=\"size-thumbnail wp-image-11002 aligncenter\" src=\"http:\/\/szss-nitra.sk\/wp-content\/uploads\/2023\/11\/skolenie_opatr-100x100.jpeg\" alt=\"\" width=\"100\" height=\"100\" \/><\/a><\/p>\n<p><em>PhDr. Silvia Lu\u017e\u00e1kov\u00e1, ved\u00faca \u00faseku soci\u00e1lnych slu\u017eieb Bani\u010dova a Olympia<\/em><\/p>\n<hr \/>\n<p><strong>P\u00fdtali sme sa na\u0161ich opatrovateliek na pr\u00ednos vzdel\u00e1vania pre ich prax<\/strong><\/p>\n<p>Vzdel\u00e1vanie zamestnancov rozv\u00edja ich profesijn\u00e9 kompetencie a\u00a0 zvy\u0161uje kvalitu poskytovanej soci\u00e1lnej slu\u017eby. Je na\u0161im cie\u013eom ako poskytovate\u013ea soci\u00e1lnej slu\u017eby, aby zamestnanci prehlbovali svoje vedomosti, z\u00edskavali nov\u00e9 inform\u00e1cie k\u00a0met\u00f3dam a\u00a0postupom, ktor\u00e9 m\u00f4\u017eu vyu\u017e\u00edva\u0165 pri v\u00fdkone svojej pr\u00e1ce.<\/p>\n<p>Spr\u00e1va zariaden\u00ed soci\u00e1lnych slu\u017eieb zabezpe\u010dila v\u00a0roku 2024 a\u00a02025 pre opatrovate\u013eky:<\/p>\n<ul>\n<li>Dvojd\u0148ov\u00e9 vzdel\u00e1vanie k\u00a0deeskala\u010dn\u00fdm technik\u00e1m v\u00a0soci\u00e1lnych slu\u017eb\u00e1ch v\u00a0r\u00e1mci projektu \u201ePodpora rozvoja zru\u010dnost\u00ed zamestnancov\u201c<\/li>\n<li>Vzdel\u00e1vanie k\u00a0poskytovaniu prvej pomoci<\/li>\n<li>Predn\u00e1\u0161ka lek\u00e1rky k\u00a0enter\u00e1lnej v\u00fd\u017eive<\/li>\n<li>Predn\u00e1\u0161ka k\u00a0poruch\u00e1m preh\u013atania<\/li>\n<li>Techniky a\u00a0postupy pri poskytovan\u00ed opatrovate\u013eskej slu\u017eby<\/li>\n<li>Predn\u00e1\u0161ka lek\u00e1ra k\u00a0t\u00e9me inkontinencia<\/li>\n<li>Predn\u00e1\u0161ka lek\u00e1ra k\u00a0t\u00e9me pod\u00e1vania stravy cez PEG<\/li>\n<\/ul>\n<p>P\u00fdtali sme sa na\u0161ich opatrovateliek, ako im pom\u00e1haj\u00fa \u0161kolenia zabezpe\u010dovan\u00e9 zamestn\u00e1vate\u013eom v\u00a0ich praxi. Pod\u013ea odpoved\u00ed opatrovateliek inform\u00e1cie z\u00edskan\u00e9 na \u0161koleniach \u010dasto vyu\u017e\u00edvaj\u00fa vo svojej ka\u017edodennej pr\u00e1ci. Nau\u010dili sa napr\u00edklad ako rie\u0161i\u0165 konflikty, ako pou\u017e\u00edva\u0165 upokojuj\u00facu techniku pri n\u00e1ro\u010dnom spr\u00e1van\u00ed prij\u00edmate\u013ea opatrovate\u013eskej slu\u017eby, ako spr\u00e1vne manipulova\u0165 s\u00a0prij\u00edmate\u013eom, ale aj ako rozpozn\u00e1va\u0165 pr\u00edznaky dehydrat\u00e1cie.<\/p>\n<p>\u0160kolenia vn\u00edmaj\u00fa ako motiv\u00e1ciu k\u00a0profesijn\u00e9mu, ale aj osobn\u00e9mu rastu. D\u00e1vaj\u00fa im pocit istoty, stability a\u00a0t\u00fa\u017ebu po nov\u00fdch inform\u00e1ci\u00e1ch, ktor\u00e9 im u\u013eah\u010duj\u00fa ich n\u00e1ro\u010dn\u00fa pr\u00e1cu. Sp\u00e4tn\u00e1 v\u00e4zba zamestnancov k\u00a0zabezpe\u010dovan\u00fdm vzdel\u00e1vaniam je na druhej strane aj pre zamestn\u00e1vate\u013ea\u00a0 motiv\u00e1ciou pokra\u010dova\u0165 v\u00a0tejto ceste s\u00a0vedom\u00edm, \u017ee zabezpe\u010dovan\u00e9 vzdel\u00e1vanie skuto\u010dne prin\u00e1\u0161a podporu a\u00a0profesijn\u00fd rast zamestnancov.<\/p>\n<p>Prilo\u017een\u00fd dokument obsahuje vyhodnotenie ich sp\u00e4tnej v\u00e4zby:<\/p>\n<p><img loading=\"lazy\" decoding=\"async\" class=\"alignnone size-full wp-image-11770\" src=\"http:\/\/szss-nitra.sk\/wp-content\/uploads\/2024\/02\/sipka_mini2.png\" alt=\"\" width=\"40\" height=\"25\" \/> <a href=\"http:\/\/szss-nitra.sk\/wp-content\/uploads\/2025\/09\/Vyhodnotenie-spatna-vazba-k-internym-skoleniam-priloha.pdf\" target=\"_blank\" rel=\"noopener\">sp\u00e4tn\u00e1 v\u00e4zba k intern\u00fdm \u0161koleniam<\/a><\/p>\n<p><em>PhDr. Silvia Lu\u017e\u00e1kov\u00e1, ved\u00faca \u00faseku soci\u00e1lnych slu\u017eieb<\/em><\/p>\n<p><em>Mgr. Michaela Tur\u00e1nyiov\u00e1, referent dom\u00e1cej opatrovate\u013eskej slu\u017eby<\/em><\/p>\n<p><em>V\u00a0Nitre, 28.08.2025<\/em><\/td>\n<\/tr>\n<\/tbody>\n<\/table>\n","protected":false},"excerpt":{"rendered":"<p>Rozvoj odborn\u00fdch kompetenci\u00ed Bytov\u00fd dom Senior Povedali o n\u00e1s . Intern\u00e9 \u0161kolenia opatrovate\u013eov a opatrovateliek dom\u00e1cej opatrovate\u013eskej slu\u017eby \u00dasek soci\u00e1lnych slu\u017eieb Bani\u010dova a Olympia realizuje pre opatrovate\u013eov a opatrovate\u013eky dom\u00e1cej opatrovate\u013eskej slu\u017eby spravidla minim\u00e1lne trikr\u00e1t ro\u010dne intern\u00e9 \u0161kolenia na vybran\u00e9 t\u00e9my s cie\u013eom poskytova\u0165 opatrovate\u013eom a opatrovate\u013ek\u00e1m dom\u00e1cej opatrovate\u013eskej slu\u017eby odborn\u00fa podporu, vytvori\u0165 priestor pre [&hellip;]<\/p>\n","protected":false},"author":1,"featured_media":0,"parent":10477,"menu_order":0,"comment_status":"closed","ping_status":"closed","template":"","meta":{"footnotes":""},"class_list":["post-11040","page","type-page","status-publish","hentry"],"_links":{"self":[{"href":"https:\/\/szss-nitra.sk\/index.php?rest_route=\/wp\/v2\/pages\/11040","targetHints":{"allow":["GET"]}}],"collection":[{"href":"https:\/\/szss-nitra.sk\/index.php?rest_route=\/wp\/v2\/pages"}],"about":[{"href":"https:\/\/szss-nitra.sk\/index.php?rest_route=\/wp\/v2\/types\/page"}],"author":[{"embeddable":true,"href":"https:\/\/szss-nitra.sk\/index.php?rest_route=\/wp\/v2\/users\/1"}],"replies":[{"embeddable":true,"href":"https:\/\/szss-nitra.sk\/index.php?rest_route=%2Fwp%2Fv2%2Fcomments&post=11040"}],"version-history":[{"count":7,"href":"https:\/\/szss-nitra.sk\/index.php?rest_route=\/wp\/v2\/pages\/11040\/revisions"}],"predecessor-version":[{"id":12911,"href":"https:\/\/szss-nitra.sk\/index.php?rest_route=\/wp\/v2\/pages\/11040\/revisions\/12911"}],"up":[{"embeddable":true,"href":"https:\/\/szss-nitra.sk\/index.php?rest_route=\/wp\/v2\/pages\/10477"}],"wp:attachment":[{"href":"https:\/\/szss-nitra.sk\/index.php?rest_route=%2Fwp%2Fv2%2Fmedia&parent=11040"}],"curies":[{"name":"wp","href":"https:\/\/api.w.org\/{rel}","templated":true}]}}