{"id":10017,"date":"2023-06-30T15:39:37","date_gmt":"2023-06-30T13:39:37","guid":{"rendered":"http:\/\/szss-nitra.sk\/?page_id=10017"},"modified":"2023-12-11T12:12:14","modified_gmt":"2023-12-11T10:12:14","slug":"pracovny-poriadok","status":"publish","type":"page","link":"https:\/\/szss-nitra.sk\/?page_id=10017","title":{"rendered":"Pracovn\u00fd poriadok"},"content":{"rendered":"<p><strong>Aktu\u00e1lne platn\u00fd pracovn\u00fd poriadok<\/strong><\/p>\n<p><img loading=\"lazy\" decoding=\"async\" class=\"alignnone size-full wp-image-3164\" src=\"http:\/\/szss-nitra.sk\/wp-content\/uploads\/2013\/10\/pdf_mini.png\" alt=\"\" width=\"30\" height=\"30\" srcset=\"https:\/\/szss-nitra.sk\/wp-content\/uploads\/2013\/10\/pdf_mini.png 30w, https:\/\/szss-nitra.sk\/wp-content\/uploads\/2013\/10\/pdf_mini-24x24.png 24w\" sizes=\"auto, (max-width: 30px) 100vw, 30px\" \/> <a title=\"Pracovn\u00fd poriadok - Dodatok \u010d. 1\" href=\"http:\/\/szss-nitra.sk\/wp-content\/uploads\/2023\/12\/Smernica-dodatok-c-1-k-pracovnemu-poriadku-2023.pdf\" target=\"_blank\" rel=\"noopener noreferrer\">Dodatok \u010d. 1 k pracovn\u00e9mu poriadku \u00fa\u010dinn\u00fd od 1.12.2023<\/a><\/p>\n<p><img loading=\"lazy\" decoding=\"async\" class=\"alignnone size-full wp-image-3164\" src=\"http:\/\/szss-nitra.sk\/wp-content\/uploads\/2013\/10\/pdf_mini.png\" alt=\"\" width=\"30\" height=\"30\" srcset=\"https:\/\/szss-nitra.sk\/wp-content\/uploads\/2013\/10\/pdf_mini.png 30w, https:\/\/szss-nitra.sk\/wp-content\/uploads\/2013\/10\/pdf_mini-24x24.png 24w\" sizes=\"auto, (max-width: 30px) 100vw, 30px\" \/> <a title=\"Pracovn\u00fd poriadok\" href=\"http:\/\/szss-nitra.sk\/wp-content\/uploads\/2023\/06\/pracovny-poriadok-SZSS-2023.pdf\" target=\"_blank\" rel=\"noopener noreferrer\">Pracovn\u00fd poriadok \u00fa\u010dinn\u00fd od 1.7.2023<\/a><\/p>\n\n\n<p><\/p>\n","protected":false},"excerpt":{"rendered":"<p>Aktu\u00e1lne platn\u00fd pracovn\u00fd poriadok Dodatok \u010d. 1 k pracovn\u00e9mu poriadku \u00fa\u010dinn\u00fd od 1.12.2023 Pracovn\u00fd poriadok \u00fa\u010dinn\u00fd od 1.7.2023<\/p>\n","protected":false},"author":1,"featured_media":0,"parent":0,"menu_order":0,"comment_status":"closed","ping_status":"closed","template":"","meta":{"footnotes":""},"class_list":["post-10017","page","type-page","status-publish","hentry"],"_links":{"self":[{"href":"https:\/\/szss-nitra.sk\/index.php?rest_route=\/wp\/v2\/pages\/10017","targetHints":{"allow":["GET"]}}],"collection":[{"href":"https:\/\/szss-nitra.sk\/index.php?rest_route=\/wp\/v2\/pages"}],"about":[{"href":"https:\/\/szss-nitra.sk\/index.php?rest_route=\/wp\/v2\/types\/page"}],"author":[{"embeddable":true,"href":"https:\/\/szss-nitra.sk\/index.php?rest_route=\/wp\/v2\/users\/1"}],"replies":[{"embeddable":true,"href":"https:\/\/szss-nitra.sk\/index.php?rest_route=%2Fwp%2Fv2%2Fcomments&post=10017"}],"version-history":[{"count":5,"href":"https:\/\/szss-nitra.sk\/index.php?rest_route=\/wp\/v2\/pages\/10017\/revisions"}],"predecessor-version":[{"id":11452,"href":"https:\/\/szss-nitra.sk\/index.php?rest_route=\/wp\/v2\/pages\/10017\/revisions\/11452"}],"wp:attachment":[{"href":"https:\/\/szss-nitra.sk\/index.php?rest_route=%2Fwp%2Fv2%2Fmedia&parent=10017"}],"curies":[{"name":"wp","href":"https:\/\/api.w.org\/{rel}","templated":true}]}}