{"id":968,"date":"2015-08-28T14:10:09","date_gmt":"2015-08-28T12:10:09","guid":{"rendered":"http:\/\/szss-nitra.sk\/?page_id=968"},"modified":"2015-08-28T14:16:21","modified_gmt":"2015-08-28T12:16:21","slug":"1-seniorsky-veltrh","status":"publish","type":"page","link":"http:\/\/szss-nitra.sk\/?page_id=968","title":{"rendered":"1. seniorsk\u00fd ve\u013etrh"},"content":{"rendered":"<p style=\"text-align: justify;\">V pondelok <strong>1. okt\u00f3bra 2012<\/strong> sa v n\u00e1kupnom centra Mlyny v Nitre konal pri pr\u00edle\u017eitosti Medzin\u00e1rodn\u00e9ho d\u0148a star\u0161\u00edch <strong>1. seniorsk\u00fd ve\u013etrh<\/strong> ru\u010dn\u00fdch pr\u00e1c. Ve\u013etrh bol obohaten\u00fd aj bohat\u00fdm kult\u00farno-spolo\u010densk\u00fdm programom a otvoren\u00edm v\u00fdstavy &#8222;Nitra kedysi a dnes&#8220;, ktor\u00fa pripravili seniori z n\u00e1\u0161ho zariadenia. Ve\u013etrh bol organizovan\u00fd Mestom Nitra v r\u00e1mci projektu <em>Mosty medzi gener\u00e1ciami.<\/em><\/p>\n<p>&nbsp;<\/p>\n<p style=\"text-align: justify;\">Na ve\u013etrhu sa prezentovala pribli\u017ene dvadsiatka r\u00f4znych zariaden\u00ed poskytuj\u00facich soci\u00e1lnu slu\u017ebu, klubov d\u00f4chodcov a in\u00fdch organiz\u00e1ci\u00ed, ktor\u00e9 so seniormi pracuj\u00fa. Seniori vystavovali svoje v\u00fdrobky a tie\u017e vystupovali v r\u00e1mci kult\u00farneho programu. Chr\u00e1nen\u00e1 diel\u0148a Artes zase pripravila tvoriv\u00fa diel\u0148u, v ktorej si ka\u017ed\u00fd mohol vytvori\u0165 srdce niektorou z 10 pon\u00fakan\u00fdch techn\u00edk. Po\u010das ve\u013etrhu prebiehalo aj hlasovanie o najkraj\u0161\u00ed seniorsk\u00fd st\u00e1nok.<\/p>\n<p>&nbsp;<\/p>\n<p style=\"text-align: center;\"><a href=\"http:\/\/szss-nitra.sk\/wp-content\/uploads\/2012\/10\/veltrh_1.jpg\"><img loading=\"lazy\" decoding=\"async\" class=\"alignnone size-thumbnail wp-image-847\" title=\"veltrh_1\" src=\"http:\/\/szss-nitra.sk\/wp-content\/uploads\/2012\/10\/veltrh_1-100x100.jpg\" alt=\"\" width=\"100\" height=\"100\" \/> <\/a><a href=\"http:\/\/szss-nitra.sk\/wp-content\/uploads\/2012\/10\/veltrh_2.jpg\"><img loading=\"lazy\" decoding=\"async\" class=\"alignnone size-thumbnail wp-image-848\" title=\"veltrh_2\" src=\"http:\/\/szss-nitra.sk\/wp-content\/uploads\/2012\/10\/veltrh_2-100x100.jpg\" alt=\"\" width=\"100\" height=\"100\" \/> <\/a><a href=\"http:\/\/szss-nitra.sk\/wp-content\/uploads\/2012\/10\/veltrh_3.jpg\"><img loading=\"lazy\" decoding=\"async\" class=\"alignnone size-thumbnail wp-image-849\" title=\"veltrh_3\" src=\"http:\/\/szss-nitra.sk\/wp-content\/uploads\/2012\/10\/veltrh_3-100x100.jpg\" alt=\"\" width=\"100\" height=\"100\" \/> <\/a><a href=\"http:\/\/szss-nitra.sk\/wp-content\/uploads\/2012\/10\/veltrh_4.jpg\"><img loading=\"lazy\" decoding=\"async\" class=\"alignnone size-thumbnail wp-image-850\" title=\"veltrh_4\" src=\"http:\/\/szss-nitra.sk\/wp-content\/uploads\/2012\/10\/veltrh_4-100x100.jpg\" alt=\"\" width=\"100\" height=\"100\" \/> <\/a><a href=\"http:\/\/szss-nitra.sk\/wp-content\/uploads\/2012\/10\/veltrh_5.jpg\"><img loading=\"lazy\" decoding=\"async\" class=\"alignnone size-thumbnail wp-image-851\" title=\"veltrh_5\" src=\"http:\/\/szss-nitra.sk\/wp-content\/uploads\/2012\/10\/veltrh_5-100x100.jpg\" alt=\"\" width=\"100\" height=\"100\" \/> <\/a><a href=\"http:\/\/szss-nitra.sk\/wp-content\/uploads\/2012\/10\/veltrh_6.jpg\"><img loading=\"lazy\" decoding=\"async\" class=\"alignnone size-thumbnail wp-image-852\" title=\"veltrh_6\" src=\"http:\/\/szss-nitra.sk\/wp-content\/uploads\/2012\/10\/veltrh_6-100x100.jpg\" alt=\"\" width=\"100\" height=\"100\" \/> <\/a><a href=\"http:\/\/szss-nitra.sk\/wp-content\/uploads\/2012\/10\/veltrh_7.jpg\"><img loading=\"lazy\" decoding=\"async\" class=\"alignnone size-thumbnail wp-image-853\" title=\"veltrh_7\" src=\"http:\/\/szss-nitra.sk\/wp-content\/uploads\/2012\/10\/veltrh_7-100x100.jpg\" alt=\"\" width=\"100\" height=\"100\" \/> <\/a><a href=\"http:\/\/szss-nitra.sk\/wp-content\/uploads\/2012\/10\/veltrh_8.jpg\"><img loading=\"lazy\" decoding=\"async\" class=\"alignnone size-thumbnail wp-image-854\" title=\"veltrh_8\" src=\"http:\/\/szss-nitra.sk\/wp-content\/uploads\/2012\/10\/veltrh_8-100x100.jpg\" alt=\"\" width=\"100\" height=\"100\" \/> <\/a><a href=\"http:\/\/szss-nitra.sk\/wp-content\/uploads\/2012\/10\/veltrh_9.jpg\"><img loading=\"lazy\" decoding=\"async\" class=\"alignnone size-thumbnail wp-image-855\" title=\"veltrh_9\" src=\"http:\/\/szss-nitra.sk\/wp-content\/uploads\/2012\/10\/veltrh_9-100x100.jpg\" alt=\"\" width=\"100\" height=\"100\" \/> <\/a><a href=\"http:\/\/szss-nitra.sk\/wp-content\/uploads\/2012\/10\/veltrh_10.jpg\"><img loading=\"lazy\" decoding=\"async\" class=\"alignnone size-thumbnail wp-image-856\" title=\"veltrh_10\" src=\"http:\/\/szss-nitra.sk\/wp-content\/uploads\/2012\/10\/veltrh_10-100x100.jpg\" alt=\"\" width=\"100\" height=\"100\" \/> <\/a><a href=\"http:\/\/szss-nitra.sk\/wp-content\/uploads\/2012\/10\/veltrh_11.jpg\"><img loading=\"lazy\" decoding=\"async\" class=\"alignnone size-thumbnail wp-image-857\" title=\"veltrh_11\" src=\"http:\/\/szss-nitra.sk\/wp-content\/uploads\/2012\/10\/veltrh_11-100x100.jpg\" alt=\"\" width=\"100\" height=\"100\" \/> <\/a><a href=\"http:\/\/szss-nitra.sk\/wp-content\/uploads\/2012\/10\/veltrh_12.jpg\"><img loading=\"lazy\" decoding=\"async\" class=\"alignnone size-thumbnail wp-image-858\" title=\"veltrh_12\" src=\"http:\/\/szss-nitra.sk\/wp-content\/uploads\/2012\/10\/veltrh_12-100x100.jpg\" alt=\"\" width=\"100\" height=\"100\" \/> <\/a><a href=\"http:\/\/szss-nitra.sk\/wp-content\/uploads\/2012\/10\/veltrh_13.jpg\"><img loading=\"lazy\" decoding=\"async\" class=\"alignnone size-thumbnail wp-image-859\" title=\"veltrh_13\" src=\"http:\/\/szss-nitra.sk\/wp-content\/uploads\/2012\/10\/veltrh_13-100x100.jpg\" alt=\"\" width=\"100\" height=\"100\" \/> <\/a><a href=\"http:\/\/szss-nitra.sk\/wp-content\/uploads\/2012\/10\/veltrh_14.jpg\"><img loading=\"lazy\" decoding=\"async\" class=\"alignnone size-thumbnail wp-image-860\" title=\"veltrh_14\" src=\"http:\/\/szss-nitra.sk\/wp-content\/uploads\/2012\/10\/veltrh_14-100x100.jpg\" alt=\"\" width=\"100\" height=\"100\" \/> <\/a><a href=\"http:\/\/szss-nitra.sk\/wp-content\/uploads\/2012\/10\/veltrh_15.jpg\"><img loading=\"lazy\" decoding=\"async\" class=\"alignnone size-thumbnail wp-image-861\" title=\"veltrh_15\" src=\"http:\/\/szss-nitra.sk\/wp-content\/uploads\/2012\/10\/veltrh_15-100x100.jpg\" alt=\"\" width=\"100\" height=\"100\" \/> <\/a><a href=\"http:\/\/szss-nitra.sk\/wp-content\/uploads\/2012\/10\/veltrh_16.jpg\"><img loading=\"lazy\" decoding=\"async\" class=\"alignnone size-thumbnail wp-image-862\" title=\"veltrh_16\" src=\"http:\/\/szss-nitra.sk\/wp-content\/uploads\/2012\/10\/veltrh_16-100x100.jpg\" alt=\"\" width=\"100\" height=\"100\" \/> <\/a><a href=\"http:\/\/szss-nitra.sk\/wp-content\/uploads\/2012\/10\/veltrh_17.jpg\"><img loading=\"lazy\" decoding=\"async\" class=\"alignnone size-thumbnail wp-image-863\" title=\"veltrh_17\" src=\"http:\/\/szss-nitra.sk\/wp-content\/uploads\/2012\/10\/veltrh_17-100x100.jpg\" alt=\"\" width=\"100\" height=\"100\" \/> <\/a><a href=\"http:\/\/szss-nitra.sk\/wp-content\/uploads\/2012\/10\/veltrh_18.jpg\"><img loading=\"lazy\" decoding=\"async\" class=\"alignnone size-thumbnail wp-image-864\" title=\"veltrh_18\" src=\"http:\/\/szss-nitra.sk\/wp-content\/uploads\/2012\/10\/veltrh_18-100x100.jpg\" alt=\"\" width=\"100\" height=\"100\" \/> <\/a><a href=\"http:\/\/szss-nitra.sk\/wp-content\/uploads\/2012\/10\/veltrh_19.jpg\"><img loading=\"lazy\" decoding=\"async\" class=\"alignnone size-thumbnail wp-image-865\" title=\"veltrh_19\" src=\"http:\/\/szss-nitra.sk\/wp-content\/uploads\/2012\/10\/veltrh_19-100x100.jpg\" alt=\"\" width=\"100\" height=\"100\" \/> <\/a><a href=\"http:\/\/szss-nitra.sk\/wp-content\/uploads\/2012\/10\/veltrh_20.jpg\"><img loading=\"lazy\" decoding=\"async\" class=\"alignnone size-thumbnail wp-image-866\" title=\"veltrh_20\" src=\"http:\/\/szss-nitra.sk\/wp-content\/uploads\/2012\/10\/veltrh_20-100x100.jpg\" alt=\"\" width=\"100\" height=\"100\" \/> <\/a><a href=\"http:\/\/szss-nitra.sk\/wp-content\/uploads\/2012\/10\/veltrh_21.jpg\"><img loading=\"lazy\" decoding=\"async\" class=\"alignnone size-thumbnail wp-image-867\" title=\"veltrh_21\" src=\"http:\/\/szss-nitra.sk\/wp-content\/uploads\/2012\/10\/veltrh_21-100x100.jpg\" alt=\"\" width=\"100\" height=\"100\" \/><\/a><\/p>\n<p>&nbsp;<br \/>\n&nbsp;<br \/>\n<a title=\"fotogal\u00e9ria\" href=\"http:\/\/szss-nitra.sk\/?page_id=841\">&lt;&lt;&lt; n\u00e1vrat do fotogal\u00e9rie<\/a><\/p>\n","protected":false},"excerpt":{"rendered":"<p>V pondelok 1. okt\u00f3bra 2012 sa v n\u00e1kupnom centra Mlyny v Nitre konal pri pr\u00edle\u017eitosti Medzin\u00e1rodn\u00e9ho d\u0148a star\u0161\u00edch 1. seniorsk\u00fd ve\u013etrh ru\u010dn\u00fdch pr\u00e1c. Ve\u013etrh bol obohaten\u00fd aj bohat\u00fdm kult\u00farno-spolo\u010densk\u00fdm programom a otvoren\u00edm v\u00fdstavy &#8222;Nitra kedysi a dnes&#8220;, ktor\u00fa pripravili seniori z n\u00e1\u0161ho zariadenia. Ve\u013etrh bol organizovan\u00fd Mestom Nitra v r\u00e1mci projektu Mosty medzi gener\u00e1ciami. &nbsp; [&hellip;]<\/p>\n","protected":false},"author":1,"featured_media":0,"parent":955,"menu_order":0,"comment_status":"closed","ping_status":"closed","template":"","meta":{"footnotes":""},"class_list":["post-968","page","type-page","status-publish","hentry"],"_links":{"self":[{"href":"http:\/\/szss-nitra.sk\/index.php?rest_route=\/wp\/v2\/pages\/968","targetHints":{"allow":["GET"]}}],"collection":[{"href":"http:\/\/szss-nitra.sk\/index.php?rest_route=\/wp\/v2\/pages"}],"about":[{"href":"http:\/\/szss-nitra.sk\/index.php?rest_route=\/wp\/v2\/types\/page"}],"author":[{"embeddable":true,"href":"http:\/\/szss-nitra.sk\/index.php?rest_route=\/wp\/v2\/users\/1"}],"replies":[{"embeddable":true,"href":"http:\/\/szss-nitra.sk\/index.php?rest_route=%2Fwp%2Fv2%2Fcomments&post=968"}],"version-history":[{"count":4,"href":"http:\/\/szss-nitra.sk\/index.php?rest_route=\/wp\/v2\/pages\/968\/revisions"}],"predecessor-version":[{"id":980,"href":"http:\/\/szss-nitra.sk\/index.php?rest_route=\/wp\/v2\/pages\/968\/revisions\/980"}],"up":[{"embeddable":true,"href":"http:\/\/szss-nitra.sk\/index.php?rest_route=\/wp\/v2\/pages\/955"}],"wp:attachment":[{"href":"http:\/\/szss-nitra.sk\/index.php?rest_route=%2Fwp%2Fv2%2Fmedia&parent=968"}],"curies":[{"name":"wp","href":"https:\/\/api.w.org\/{rel}","templated":true}]}}