{"id":945,"date":"2015-08-28T13:27:48","date_gmt":"2015-08-28T11:27:48","guid":{"rendered":"http:\/\/szss-nitra.sk\/?page_id=945"},"modified":"2015-08-28T13:31:13","modified_gmt":"2015-08-28T11:31:13","slug":"seniori-v-akcii-2012","status":"publish","type":"page","link":"http:\/\/szss-nitra.sk\/?page_id=945","title":{"rendered":"Seniori v akcii 2012"},"content":{"rendered":"<p style=\"text-align: justify;\">Do aktiv\u00edt a projektov spojen\u00fdch s Eur\u00f3pskym rokom akt\u00edvneho starnutia a solidarity medzi gener\u00e1ciami sa zapojili aj pr\u00edslu\u0161n\u00edci <a title=\"Mestsk\u00e1 pol\u00edcia Nitra\" href=\"http:\/\/www.mspnitra.sk\/\" target=\"_blank\">Mestskej pol\u00edcie v Nitre<\/a>. Projekt<strong> &#8222;Seniori v akcii&#8220;<\/strong>, realizovan\u00fd s finan\u010dnou podporou Rady vl\u00e1dy pre prevenciu kriminality, zah\u0155\u0148a besedy so seniormi na t\u00e9mu <strong>&#8222;U\u017e nebudem obe\u0165ou&#8220;<\/strong>. Tak\u00fato besedu realizovan\u00fa pr\u00edslu\u0161n\u00ed\u010dkou Mestskej pol\u00edcie v Nitre sme v stredu <strong>7. novembra 2012<\/strong> pripravili aj pre klientov n\u00e1\u0161ho zariadenia.<\/p>\n<p>&nbsp;<\/p>\n<p style=\"text-align: justify;\">Pr\u00edslu\u0161n\u00ed\u010dka Mestskej pol\u00edcie Nitra odovzdala na\u0161im klientom mnoho r\u00e1d ako chr\u00e1ni\u0165 seba a svoj majetok, poradila im ako sa vyhn\u00fa\u0165 mnoh\u00fdm nebezpe\u010dn\u00fdm situ\u00e1ci\u00e1m a tie\u017e ako postupova\u0165 a br\u00e1ni\u0165 sa v pr\u00edpade, \u017ee by sa dostali do nebezpe\u010dnej situ\u00e1cie. Na z\u00e1klade svojich bohat\u00fdch sk\u00fasenost\u00ed a tie\u017e na z\u00e1klade pr\u00edbehov seniorov sa sna\u017eila pouk\u00e1za\u0165 hlavne na to, aby seniori venovali dostatok pozornosti vlastnej bezpe\u010dnosti.<\/p>\n<p>&nbsp;<\/p>\n<p style=\"text-align: justify;\">Ka\u017ed\u00fd \u00fa\u010dastn\u00edk besedy bol obdarovan\u00fd reflexnou p\u00e1skou, perom a taktie\u017e boli k dispoz\u00edcii informa\u010dn\u00e9 let\u00e1\u010diky o danej t\u00e9me.<\/p>\n<p>&nbsp;<\/p>\n<p style=\"text-align: center;\"><a href=\"http:\/\/szss-nitra.sk\/wp-content\/uploads\/2012\/11\/beseda_policia_1.jpg\"><img loading=\"lazy\" decoding=\"async\" class=\"alignnone size-thumbnail wp-image-953\" title=\"beseda_policia_1\" src=\"http:\/\/szss-nitra.sk\/wp-content\/uploads\/2012\/11\/beseda_policia_1-100x100.jpg\" alt=\"\" width=\"100\" height=\"100\" \/> <\/a><a href=\"http:\/\/szss-nitra.sk\/wp-content\/uploads\/2012\/11\/beseda_policia_2.jpg\"><img loading=\"lazy\" decoding=\"async\" class=\"alignnone size-thumbnail wp-image-954\" title=\"beseda_policia_2\" src=\"http:\/\/szss-nitra.sk\/wp-content\/uploads\/2012\/11\/beseda_policia_2-100x100.jpg\" alt=\"\" width=\"100\" height=\"100\" \/> <\/a><a href=\"http:\/\/szss-nitra.sk\/wp-content\/uploads\/2012\/11\/beseda_policia_3.jpg\"><img loading=\"lazy\" decoding=\"async\" class=\"alignnone size-thumbnail wp-image-955\" title=\"beseda_policia_3\" src=\"http:\/\/szss-nitra.sk\/wp-content\/uploads\/2012\/11\/beseda_policia_3-100x100.jpg\" alt=\"\" width=\"100\" height=\"100\" \/> <\/a><a href=\"http:\/\/szss-nitra.sk\/wp-content\/uploads\/2012\/11\/beseda_policia_4.jpg\"><img loading=\"lazy\" decoding=\"async\" class=\"alignnone size-thumbnail wp-image-956\" title=\"beseda_policia_4\" src=\"http:\/\/szss-nitra.sk\/wp-content\/uploads\/2012\/11\/beseda_policia_4-100x100.jpg\" alt=\"\" width=\"100\" height=\"100\" \/> <\/a><a href=\"http:\/\/szss-nitra.sk\/wp-content\/uploads\/2012\/11\/beseda_policia_5.jpg\"><img loading=\"lazy\" decoding=\"async\" class=\"alignnone size-thumbnail wp-image-957\" title=\"beseda_policia_5\" src=\"http:\/\/szss-nitra.sk\/wp-content\/uploads\/2012\/11\/beseda_policia_5-100x100.jpg\" alt=\"\" width=\"100\" height=\"100\" \/> <\/a><a href=\"http:\/\/szss-nitra.sk\/wp-content\/uploads\/2012\/11\/beseda_policia_6.jpg\"><img loading=\"lazy\" decoding=\"async\" class=\"alignnone size-thumbnail wp-image-958\" title=\"beseda_policia_6\" src=\"http:\/\/szss-nitra.sk\/wp-content\/uploads\/2012\/11\/beseda_policia_6-100x100.jpg\" alt=\"\" width=\"100\" height=\"100\" \/> <\/a><a href=\"http:\/\/szss-nitra.sk\/wp-content\/uploads\/2012\/11\/beseda_policia_7.jpg\"><img loading=\"lazy\" decoding=\"async\" class=\"alignnone size-thumbnail wp-image-959\" title=\"beseda_policia_7\" src=\"http:\/\/szss-nitra.sk\/wp-content\/uploads\/2012\/11\/beseda_policia_7-100x100.jpg\" alt=\"\" width=\"100\" height=\"100\" \/> <\/a><a href=\"http:\/\/szss-nitra.sk\/wp-content\/uploads\/2012\/11\/beseda_policia_8.jpg\"><img loading=\"lazy\" decoding=\"async\" class=\"alignnone size-thumbnail wp-image-960\" title=\"beseda_policia_8\" src=\"http:\/\/szss-nitra.sk\/wp-content\/uploads\/2012\/11\/beseda_policia_8-100x100.jpg\" alt=\"\" width=\"100\" height=\"100\" \/> <\/a><a href=\"http:\/\/szss-nitra.sk\/wp-content\/uploads\/2012\/11\/beseda_policia_9.jpg\"><img loading=\"lazy\" decoding=\"async\" class=\"alignnone size-thumbnail wp-image-961\" title=\"beseda_policia_9\" src=\"http:\/\/szss-nitra.sk\/wp-content\/uploads\/2012\/11\/beseda_policia_9-100x100.jpg\" alt=\"\" width=\"100\" height=\"100\" \/> <\/a><a href=\"http:\/\/szss-nitra.sk\/wp-content\/uploads\/2012\/11\/beseda_policia_10.jpg\"><img loading=\"lazy\" decoding=\"async\" class=\"alignnone size-thumbnail wp-image-962\" title=\"beseda_policia_10\" src=\"http:\/\/szss-nitra.sk\/wp-content\/uploads\/2012\/11\/beseda_policia_10-100x100.jpg\" alt=\"\" width=\"100\" height=\"100\" \/> <\/a><a href=\"http:\/\/szss-nitra.sk\/wp-content\/uploads\/2012\/11\/beseda_policia_11.jpg\"><img loading=\"lazy\" decoding=\"async\" class=\"alignnone size-thumbnail wp-image-963\" title=\"beseda_policia_11\" src=\"http:\/\/szss-nitra.sk\/wp-content\/uploads\/2012\/11\/beseda_policia_11-100x100.jpg\" alt=\"\" width=\"100\" height=\"100\" \/> <\/a><a href=\"http:\/\/szss-nitra.sk\/wp-content\/uploads\/2012\/11\/beseda_policia_12.jpg\"><img loading=\"lazy\" decoding=\"async\" class=\"alignnone size-thumbnail wp-image-964\" title=\"beseda_policia_12\" src=\"http:\/\/szss-nitra.sk\/wp-content\/uploads\/2012\/11\/beseda_policia_12-100x100.jpg\" alt=\"\" width=\"100\" height=\"100\" \/> <\/a><a href=\"http:\/\/szss-nitra.sk\/wp-content\/uploads\/2012\/11\/beseda_policia_13.jpg\"><img loading=\"lazy\" decoding=\"async\" class=\"alignnone size-thumbnail wp-image-965\" title=\"beseda_policia_13\" src=\"http:\/\/szss-nitra.sk\/wp-content\/uploads\/2012\/11\/beseda_policia_13-100x100.jpg\" alt=\"\" width=\"100\" height=\"100\" \/> <\/a><a href=\"http:\/\/szss-nitra.sk\/wp-content\/uploads\/2012\/11\/beseda_policia_14.jpg\"><img loading=\"lazy\" decoding=\"async\" class=\"alignnone size-thumbnail wp-image-966\" title=\"beseda_policia_14\" src=\"http:\/\/szss-nitra.sk\/wp-content\/uploads\/2012\/11\/beseda_policia_14-100x100.jpg\" alt=\"\" width=\"100\" height=\"100\" \/> <\/a><a href=\"http:\/\/szss-nitra.sk\/wp-content\/uploads\/2012\/11\/beseda_policia_15.jpg\"><img loading=\"lazy\" decoding=\"async\" class=\"alignnone size-thumbnail wp-image-967\" title=\"beseda_policia_15\" src=\"http:\/\/szss-nitra.sk\/wp-content\/uploads\/2012\/11\/beseda_policia_15-100x100.jpg\" alt=\"\" width=\"100\" height=\"100\" \/> <\/a><a href=\"http:\/\/szss-nitra.sk\/wp-content\/uploads\/2012\/11\/beseda_policia_16.jpg\"><img loading=\"lazy\" decoding=\"async\" class=\"alignnone size-thumbnail wp-image-968\" title=\"beseda_policia_16\" src=\"http:\/\/szss-nitra.sk\/wp-content\/uploads\/2012\/11\/beseda_policia_16-100x100.jpg\" alt=\"\" width=\"100\" height=\"100\" \/> <\/a><a href=\"http:\/\/szss-nitra.sk\/wp-content\/uploads\/2012\/11\/beseda_policia_17.jpg\"><img loading=\"lazy\" decoding=\"async\" class=\"alignnone size-thumbnail wp-image-945\" title=\"beseda_policia_17\" src=\"http:\/\/szss-nitra.sk\/wp-content\/uploads\/2012\/11\/beseda_policia_17-100x100.jpg\" alt=\"\" width=\"100\" height=\"100\" \/> <\/a><a href=\"http:\/\/szss-nitra.sk\/wp-content\/uploads\/2012\/11\/beseda_policia_18.jpg\"><img loading=\"lazy\" decoding=\"async\" class=\"alignnone size-thumbnail wp-image-946\" title=\"beseda_policia_18\" src=\"http:\/\/szss-nitra.sk\/wp-content\/uploads\/2012\/11\/beseda_policia_18-100x100.jpg\" alt=\"\" width=\"100\" height=\"100\" \/> <\/a><a href=\"http:\/\/szss-nitra.sk\/wp-content\/uploads\/2012\/11\/beseda_policia_19.jpg\"><img loading=\"lazy\" decoding=\"async\" class=\"alignnone size-thumbnail wp-image-947\" title=\"beseda_policia_19\" src=\"http:\/\/szss-nitra.sk\/wp-content\/uploads\/2012\/11\/beseda_policia_19-100x100.jpg\" alt=\"\" width=\"100\" height=\"100\" \/> <\/a><a href=\"http:\/\/szss-nitra.sk\/wp-content\/uploads\/2012\/11\/beseda_policia_20.jpg\"><img loading=\"lazy\" decoding=\"async\" class=\"alignnone size-thumbnail wp-image-948\" title=\"beseda_policia_20\" src=\"http:\/\/szss-nitra.sk\/wp-content\/uploads\/2012\/11\/beseda_policia_20-100x100.jpg\" alt=\"\" width=\"100\" height=\"100\" \/> <\/a><a href=\"http:\/\/szss-nitra.sk\/wp-content\/uploads\/2012\/11\/beseda_policia_21.jpg\"><img loading=\"lazy\" decoding=\"async\" class=\"alignnone size-thumbnail wp-image-949\" title=\"beseda_policia_21\" src=\"http:\/\/szss-nitra.sk\/wp-content\/uploads\/2012\/11\/beseda_policia_21-100x100.jpg\" alt=\"\" width=\"100\" height=\"100\" \/> <\/a><a href=\"http:\/\/szss-nitra.sk\/wp-content\/uploads\/2012\/11\/beseda_policia_22.jpg\"><img loading=\"lazy\" decoding=\"async\" class=\"alignnone size-thumbnail wp-image-950\" title=\"beseda_policia_22\" src=\"http:\/\/szss-nitra.sk\/wp-content\/uploads\/2012\/11\/beseda_policia_22-100x100.jpg\" alt=\"\" width=\"100\" height=\"100\" \/> <\/a><a href=\"http:\/\/szss-nitra.sk\/wp-content\/uploads\/2012\/11\/beseda_policia_23.jpg\"><img loading=\"lazy\" decoding=\"async\" class=\"alignnone size-thumbnail wp-image-951\" title=\"beseda_policia_23\" src=\"http:\/\/szss-nitra.sk\/wp-content\/uploads\/2012\/11\/beseda_policia_23-100x100.jpg\" alt=\"\" width=\"100\" height=\"100\" \/> <\/a><a href=\"http:\/\/szss-nitra.sk\/wp-content\/uploads\/2012\/11\/beseda_policia_24.jpg\"><img loading=\"lazy\" decoding=\"async\" class=\"alignnone size-thumbnail wp-image-952\" title=\"beseda_policia_24\" src=\"http:\/\/szss-nitra.sk\/wp-content\/uploads\/2012\/11\/beseda_policia_24-100x100.jpg\" alt=\"\" width=\"100\" height=\"100\" \/><\/a><\/p>\n<p>&nbsp;<br \/>\n&nbsp;<br \/>\n<a title=\"fotogal\u00e9ria\" href=\"http:\/\/szss-nitra.sk\/?page_id=896\">&lt;&lt;&lt; n\u00e1vrat do fotogal\u00e9rie<\/a><\/p>\n","protected":false},"excerpt":{"rendered":"<p>Do aktiv\u00edt a projektov spojen\u00fdch s Eur\u00f3pskym rokom akt\u00edvneho starnutia a solidarity medzi gener\u00e1ciami sa zapojili aj pr\u00edslu\u0161n\u00edci Mestskej pol\u00edcie v Nitre. Projekt &#8222;Seniori v akcii&#8220;, realizovan\u00fd s finan\u010dnou podporou Rady vl\u00e1dy pre prevenciu kriminality, zah\u0155\u0148a besedy so seniormi na t\u00e9mu &#8222;U\u017e nebudem obe\u0165ou&#8220;. Tak\u00fato besedu realizovan\u00fa pr\u00edslu\u0161n\u00ed\u010dkou Mestskej pol\u00edcie v Nitre sme v stredu [&hellip;]<\/p>\n","protected":false},"author":1,"featured_media":0,"parent":896,"menu_order":0,"comment_status":"closed","ping_status":"closed","template":"","meta":{"footnotes":""},"class_list":["post-945","page","type-page","status-publish","hentry"],"_links":{"self":[{"href":"http:\/\/szss-nitra.sk\/index.php?rest_route=\/wp\/v2\/pages\/945","targetHints":{"allow":["GET"]}}],"collection":[{"href":"http:\/\/szss-nitra.sk\/index.php?rest_route=\/wp\/v2\/pages"}],"about":[{"href":"http:\/\/szss-nitra.sk\/index.php?rest_route=\/wp\/v2\/types\/page"}],"author":[{"embeddable":true,"href":"http:\/\/szss-nitra.sk\/index.php?rest_route=\/wp\/v2\/users\/1"}],"replies":[{"embeddable":true,"href":"http:\/\/szss-nitra.sk\/index.php?rest_route=%2Fwp%2Fv2%2Fcomments&post=945"}],"version-history":[{"count":4,"href":"http:\/\/szss-nitra.sk\/index.php?rest_route=\/wp\/v2\/pages\/945\/revisions"}],"predecessor-version":[{"id":949,"href":"http:\/\/szss-nitra.sk\/index.php?rest_route=\/wp\/v2\/pages\/945\/revisions\/949"}],"up":[{"embeddable":true,"href":"http:\/\/szss-nitra.sk\/index.php?rest_route=\/wp\/v2\/pages\/896"}],"wp:attachment":[{"href":"http:\/\/szss-nitra.sk\/index.php?rest_route=%2Fwp%2Fv2%2Fmedia&parent=945"}],"curies":[{"name":"wp","href":"https:\/\/api.w.org\/{rel}","templated":true}]}}