{"id":938,"date":"2015-08-28T13:16:51","date_gmt":"2015-08-28T11:16:51","guid":{"rendered":"http:\/\/szss-nitra.sk\/?page_id=938"},"modified":"2015-08-28T13:16:51","modified_gmt":"2015-08-28T11:16:51","slug":"beseda-s-paeddr-mariou-dankovou","status":"publish","type":"page","link":"http:\/\/szss-nitra.sk\/?page_id=938","title":{"rendered":"Beseda s PaedDr. M\u00e1riou Dankovou"},"content":{"rendered":"<p>25. apr\u00edla 2012 sa v na\u0161om zariaden\u00ed uskuto\u010dnila v porad\u00ed u\u017e druh\u00e1 beseda s <strong>PaedDr. M\u00e1riou Dankovou<\/strong> na t\u00e9mu hist\u00f3ria Nitry, ktor\u00e1 bola spojen\u00e1 s recit\u00e1ciami b\u00e1sn\u00ed.<br \/>\n&nbsp;<br \/>\n<a href=\"http:\/\/szss-nitra.sk\/wp-content\/uploads\/2012\/04\/beseda_1.jpg\"><img loading=\"lazy\" decoding=\"async\" class=\"alignnone size-thumbnail wp-image-354\" title=\"beseda_1\" src=\"http:\/\/szss-nitra.sk\/wp-content\/uploads\/2012\/04\/beseda_1-100x100.jpg\" alt=\"\" width=\"100\" height=\"100\" \/> <\/a><a href=\"http:\/\/szss-nitra.sk\/wp-content\/uploads\/2012\/04\/beseda_2.jpg\"><img loading=\"lazy\" decoding=\"async\" class=\"alignnone size-thumbnail wp-image-356\" title=\"beseda_2\" src=\"http:\/\/szss-nitra.sk\/wp-content\/uploads\/2012\/04\/beseda_2-100x100.jpg\" alt=\"\" width=\"100\" height=\"100\" \/> <\/a><a href=\"http:\/\/szss-nitra.sk\/wp-content\/uploads\/2012\/04\/beseda_3.jpg\"><img loading=\"lazy\" decoding=\"async\" class=\"alignnone size-thumbnail wp-image-358\" title=\"beseda_3\" src=\"http:\/\/szss-nitra.sk\/wp-content\/uploads\/2012\/04\/beseda_3-100x100.jpg\" alt=\"\" width=\"100\" height=\"100\" \/> <\/a><a href=\"http:\/\/szss-nitra.sk\/wp-content\/uploads\/2012\/04\/beseda_4.jpg\"><img loading=\"lazy\" decoding=\"async\" class=\"alignnone size-thumbnail wp-image-359\" title=\"beseda_4\" src=\"http:\/\/szss-nitra.sk\/wp-content\/uploads\/2012\/04\/beseda_4-100x100.jpg\" alt=\"\" width=\"100\" height=\"100\" \/> <\/a><a href=\"http:\/\/szss-nitra.sk\/wp-content\/uploads\/2012\/04\/beseda_5.jpg\"><img loading=\"lazy\" decoding=\"async\" class=\"alignnone size-thumbnail wp-image-360\" title=\"beseda_5\" src=\"http:\/\/szss-nitra.sk\/wp-content\/uploads\/2012\/04\/beseda_5-100x100.jpg\" alt=\"\" width=\"100\" height=\"100\" \/> <\/a><a href=\"http:\/\/szss-nitra.sk\/wp-content\/uploads\/2012\/04\/beseda_6.jpg\"><img loading=\"lazy\" decoding=\"async\" class=\"alignnone size-thumbnail wp-image-361\" title=\"beseda_6\" src=\"http:\/\/szss-nitra.sk\/wp-content\/uploads\/2012\/04\/beseda_6-100x100.jpg\" alt=\"\" width=\"100\" height=\"100\" \/> <\/a><a href=\"http:\/\/szss-nitra.sk\/wp-content\/uploads\/2012\/04\/beseda_7.jpg\"><img loading=\"lazy\" decoding=\"async\" class=\"alignnone size-thumbnail wp-image-362\" title=\"beseda_7\" src=\"http:\/\/szss-nitra.sk\/wp-content\/uploads\/2012\/04\/beseda_7-100x100.jpg\" alt=\"\" width=\"100\" height=\"100\" \/> <\/a><a href=\"http:\/\/szss-nitra.sk\/wp-content\/uploads\/2012\/04\/beseda_8.jpg\"><img loading=\"lazy\" decoding=\"async\" class=\"alignnone size-thumbnail wp-image-364\" title=\"beseda_8\" src=\"http:\/\/szss-nitra.sk\/wp-content\/uploads\/2012\/04\/beseda_8-100x100.jpg\" alt=\"\" width=\"100\" height=\"100\" \/> <\/a><a href=\"http:\/\/szss-nitra.sk\/wp-content\/uploads\/2012\/04\/beseda_9.jpg\"><img loading=\"lazy\" decoding=\"async\" class=\"alignnone size-thumbnail wp-image-365\" title=\"beseda_9\" src=\"http:\/\/szss-nitra.sk\/wp-content\/uploads\/2012\/04\/beseda_9-100x100.jpg\" alt=\"\" width=\"100\" height=\"100\" \/> <\/a><a href=\"http:\/\/szss-nitra.sk\/wp-content\/uploads\/2012\/04\/beseda_10.jpg\"><img loading=\"lazy\" decoding=\"async\" class=\"alignnone size-thumbnail wp-image-366\" title=\"beseda_10\" src=\"http:\/\/szss-nitra.sk\/wp-content\/uploads\/2012\/04\/beseda_10-100x100.jpg\" alt=\"\" width=\"100\" height=\"100\" \/> <\/a><a href=\"http:\/\/szss-nitra.sk\/wp-content\/uploads\/2012\/04\/beseda_11.jpg\"><img loading=\"lazy\" decoding=\"async\" class=\"alignnone size-thumbnail wp-image-367\" title=\"beseda_11\" src=\"http:\/\/szss-nitra.sk\/wp-content\/uploads\/2012\/04\/beseda_11-100x100.jpg\" alt=\"\" width=\"100\" height=\"100\" \/> <\/a><a href=\"http:\/\/szss-nitra.sk\/wp-content\/uploads\/2012\/04\/beseda_12.jpg\"><img loading=\"lazy\" decoding=\"async\" class=\"alignnone size-thumbnail wp-image-368\" title=\"beseda_12\" src=\"http:\/\/szss-nitra.sk\/wp-content\/uploads\/2012\/04\/beseda_12-100x100.jpg\" alt=\"\" width=\"100\" height=\"100\" \/> <\/a><a href=\"http:\/\/szss-nitra.sk\/wp-content\/uploads\/2012\/04\/beseda_13.jpg\"><img loading=\"lazy\" decoding=\"async\" class=\"alignnone size-thumbnail wp-image-369\" title=\"beseda_13\" src=\"http:\/\/szss-nitra.sk\/wp-content\/uploads\/2012\/04\/beseda_13-100x100.jpg\" alt=\"\" width=\"100\" height=\"100\" \/><\/a><\/p>\n<p>&nbsp;<br \/>\n&nbsp;<br \/>\n<a title=\"fotogal\u00e9ria\" href=\"http:\/\/szss-nitra.sk\/?page_id=896\">&lt;&lt;&lt; n\u00e1vrat do fotogal\u00e9rie<\/a><\/p>\n","protected":false},"excerpt":{"rendered":"<p>25. apr\u00edla 2012 sa v na\u0161om zariaden\u00ed uskuto\u010dnila v porad\u00ed u\u017e druh\u00e1 beseda s PaedDr. M\u00e1riou Dankovou na t\u00e9mu hist\u00f3ria Nitry, ktor\u00e1 bola spojen\u00e1 s recit\u00e1ciami b\u00e1sn\u00ed. &nbsp; &nbsp; &nbsp; &lt;&lt;&lt; n\u00e1vrat do fotogal\u00e9rie<\/p>\n","protected":false},"author":1,"featured_media":0,"parent":896,"menu_order":0,"comment_status":"closed","ping_status":"closed","template":"","meta":{"footnotes":""},"class_list":["post-938","page","type-page","status-publish","hentry"],"_links":{"self":[{"href":"http:\/\/szss-nitra.sk\/index.php?rest_route=\/wp\/v2\/pages\/938","targetHints":{"allow":["GET"]}}],"collection":[{"href":"http:\/\/szss-nitra.sk\/index.php?rest_route=\/wp\/v2\/pages"}],"about":[{"href":"http:\/\/szss-nitra.sk\/index.php?rest_route=\/wp\/v2\/types\/page"}],"author":[{"embeddable":true,"href":"http:\/\/szss-nitra.sk\/index.php?rest_route=\/wp\/v2\/users\/1"}],"replies":[{"embeddable":true,"href":"http:\/\/szss-nitra.sk\/index.php?rest_route=%2Fwp%2Fv2%2Fcomments&post=938"}],"version-history":[{"count":3,"href":"http:\/\/szss-nitra.sk\/index.php?rest_route=\/wp\/v2\/pages\/938\/revisions"}],"predecessor-version":[{"id":941,"href":"http:\/\/szss-nitra.sk\/index.php?rest_route=\/wp\/v2\/pages\/938\/revisions\/941"}],"up":[{"embeddable":true,"href":"http:\/\/szss-nitra.sk\/index.php?rest_route=\/wp\/v2\/pages\/896"}],"wp:attachment":[{"href":"http:\/\/szss-nitra.sk\/index.php?rest_route=%2Fwp%2Fv2%2Fmedia&parent=938"}],"curies":[{"name":"wp","href":"https:\/\/api.w.org\/{rel}","templated":true}]}}