{"id":903,"date":"2015-08-27T14:55:35","date_gmt":"2015-08-27T12:55:35","guid":{"rendered":"http:\/\/szss-nitra.sk\/?page_id=903"},"modified":"2015-08-27T14:57:27","modified_gmt":"2015-08-27T12:57:27","slug":"stretnutia-s-p-griesbachovou","status":"publish","type":"page","link":"http:\/\/szss-nitra.sk\/?page_id=903","title":{"rendered":"Stretnutia s p. Griesbachovou"},"content":{"rendered":"<p>Na stretnutia s na\u0161imi klientmi chod\u00ed aj pani <strong>Magdal\u00e9na Griesbachov\u00e1<\/strong>, \u010dlenka Jednoty d\u00f4chodcov Slovenska, ktor\u00e1 im v\u017edy uk\u00e1\u017ee nieko\u013eko jednoduch\u00fdch cvikov a povzbudiv\u00fdmi slovami ich podnieti k akt\u00edvnemu u\u017e\u00edvaniu si jesene \u017eivota.<br \/>\n&nbsp;<br \/>\n<a href=\"http:\/\/szss-nitra.sk\/wp-content\/uploads\/2012\/08\/stretnutie_1.jpg\"><img loading=\"lazy\" decoding=\"async\" class=\"alignnone size-thumbnail wp-image-720\" title=\"stretnutie_1\" src=\"http:\/\/szss-nitra.sk\/wp-content\/uploads\/2012\/08\/stretnutie_1-100x100.jpg\" alt=\"\" width=\"100\" height=\"100\" \/> <\/a><a href=\"http:\/\/szss-nitra.sk\/wp-content\/uploads\/2012\/08\/stretnutie_2.jpg\"><img loading=\"lazy\" decoding=\"async\" class=\"alignnone size-thumbnail wp-image-721\" title=\"stretnutie_2\" src=\"http:\/\/szss-nitra.sk\/wp-content\/uploads\/2012\/08\/stretnutie_2-100x100.jpg\" alt=\"\" width=\"100\" height=\"100\" \/> <\/a><a href=\"http:\/\/szss-nitra.sk\/wp-content\/uploads\/2012\/08\/stretnutie_3.jpg\"><img loading=\"lazy\" decoding=\"async\" class=\"alignnone size-thumbnail wp-image-722\" title=\"stretnutie_3\" src=\"http:\/\/szss-nitra.sk\/wp-content\/uploads\/2012\/08\/stretnutie_3-100x100.jpg\" alt=\"\" width=\"100\" height=\"100\" \/> <\/a><a href=\"http:\/\/szss-nitra.sk\/wp-content\/uploads\/2012\/08\/stretnutie_4.jpg\"><img loading=\"lazy\" decoding=\"async\" class=\"alignnone size-thumbnail wp-image-723\" title=\"stretnutie_4\" src=\"http:\/\/szss-nitra.sk\/wp-content\/uploads\/2012\/08\/stretnutie_4-100x100.jpg\" alt=\"\" width=\"100\" height=\"100\" \/> <\/a><a href=\"http:\/\/szss-nitra.sk\/wp-content\/uploads\/2012\/08\/stretnutie_5.jpg\"><img loading=\"lazy\" decoding=\"async\" class=\"alignnone size-thumbnail wp-image-713\" title=\"stretnutie_5\" src=\"http:\/\/szss-nitra.sk\/wp-content\/uploads\/2012\/08\/stretnutie_5-100x100.jpg\" alt=\"\" width=\"100\" height=\"100\" \/> <\/a><a href=\"http:\/\/szss-nitra.sk\/wp-content\/uploads\/2012\/08\/stretnutie_6.jpg\"><img loading=\"lazy\" decoding=\"async\" class=\"alignnone size-thumbnail wp-image-714\" title=\"stretnutie_6\" src=\"http:\/\/szss-nitra.sk\/wp-content\/uploads\/2012\/08\/stretnutie_6-100x100.jpg\" alt=\"\" width=\"100\" height=\"100\" \/> <\/a><a href=\"http:\/\/szss-nitra.sk\/wp-content\/uploads\/2012\/08\/stretnutie_7.jpg\"><img loading=\"lazy\" decoding=\"async\" class=\"alignnone size-thumbnail wp-image-715\" title=\"stretnutie_7\" src=\"http:\/\/szss-nitra.sk\/wp-content\/uploads\/2012\/08\/stretnutie_7-100x100.jpg\" alt=\"\" width=\"100\" height=\"100\" \/> <\/a><a href=\"http:\/\/szss-nitra.sk\/wp-content\/uploads\/2012\/08\/stretnutie_8.jpg\"><img loading=\"lazy\" decoding=\"async\" class=\"alignnone size-thumbnail wp-image-716\" title=\"stretnutie_8\" src=\"http:\/\/szss-nitra.sk\/wp-content\/uploads\/2012\/08\/stretnutie_8-100x100.jpg\" alt=\"\" width=\"100\" height=\"100\" \/> <\/a><a href=\"http:\/\/szss-nitra.sk\/wp-content\/uploads\/2012\/08\/stretnutie_9.jpg\"><img loading=\"lazy\" decoding=\"async\" class=\"alignnone size-thumbnail wp-image-717\" title=\"stretnutie_9\" src=\"http:\/\/szss-nitra.sk\/wp-content\/uploads\/2012\/08\/stretnutie_9-100x100.jpg\" alt=\"\" width=\"100\" height=\"100\" \/> <\/a><a href=\"http:\/\/szss-nitra.sk\/wp-content\/uploads\/2012\/08\/stretnutie_10.jpg\"><img loading=\"lazy\" decoding=\"async\" class=\"alignnone size-thumbnail wp-image-718\" title=\"stretnutie_10\" src=\"http:\/\/szss-nitra.sk\/wp-content\/uploads\/2012\/08\/stretnutie_10-100x100.jpg\" alt=\"\" width=\"100\" height=\"100\" \/> <\/a><a href=\"http:\/\/szss-nitra.sk\/wp-content\/uploads\/2012\/08\/stretnutie_11.jpg\"><img loading=\"lazy\" decoding=\"async\" class=\"alignnone size-thumbnail wp-image-719\" title=\"stretnutie_11\" src=\"http:\/\/szss-nitra.sk\/wp-content\/uploads\/2012\/08\/stretnutie_11-100x100.jpg\" alt=\"\" width=\"100\" height=\"100\" \/><\/a><\/p>\n<p><a href=\"http:\/\/szss-nitra.sk\/wp-content\/uploads\/2015\/08\/griesbachova_1.jpg\"><img loading=\"lazy\" decoding=\"async\" class=\"alignnone size-thumbnail wp-image-916\" src=\"http:\/\/szss-nitra.sk\/wp-content\/uploads\/2015\/08\/griesbachova_1-100x100.jpg\" alt=\"griesbachova_1\" width=\"100\" height=\"100\" \/> <\/a><a href=\"http:\/\/szss-nitra.sk\/wp-content\/uploads\/2015\/08\/griesbachova_2.jpg\"><img loading=\"lazy\" decoding=\"async\" class=\"alignnone size-thumbnail wp-image-917\" src=\"http:\/\/szss-nitra.sk\/wp-content\/uploads\/2015\/08\/griesbachova_2-100x100.jpg\" alt=\"griesbachova_2\" width=\"100\" height=\"100\" \/> <\/a><a href=\"http:\/\/szss-nitra.sk\/wp-content\/uploads\/2015\/08\/griesbachova_3.jpg\"><img loading=\"lazy\" decoding=\"async\" class=\"alignnone size-thumbnail wp-image-918\" src=\"http:\/\/szss-nitra.sk\/wp-content\/uploads\/2015\/08\/griesbachova_3-100x100.jpg\" alt=\"griesbachova_3\" width=\"100\" height=\"100\" \/> <\/a><a href=\"http:\/\/szss-nitra.sk\/wp-content\/uploads\/2015\/08\/griesbachova_4.jpg\"><img loading=\"lazy\" decoding=\"async\" class=\"alignnone size-thumbnail wp-image-919\" src=\"http:\/\/szss-nitra.sk\/wp-content\/uploads\/2015\/08\/griesbachova_4-100x100.jpg\" alt=\"griesbachova_4\" width=\"100\" height=\"100\" \/> <\/a><a href=\"http:\/\/szss-nitra.sk\/wp-content\/uploads\/2015\/08\/griesbachova_5.jpg\"><img loading=\"lazy\" decoding=\"async\" class=\"alignnone size-thumbnail wp-image-920\" src=\"http:\/\/szss-nitra.sk\/wp-content\/uploads\/2015\/08\/griesbachova_5-100x100.jpg\" alt=\"griesbachova_5\" width=\"100\" height=\"100\" \/> <\/a><a href=\"http:\/\/szss-nitra.sk\/wp-content\/uploads\/2015\/08\/griesbachova_61.jpg\"><img loading=\"lazy\" decoding=\"async\" class=\"alignnone size-thumbnail wp-image-921\" src=\"http:\/\/szss-nitra.sk\/wp-content\/uploads\/2015\/08\/griesbachova_61-100x100.jpg\" alt=\"griesbachova_6\" width=\"100\" height=\"100\" \/> <\/a><a href=\"http:\/\/szss-nitra.sk\/wp-content\/uploads\/2015\/08\/griesbachova_71.jpg\"><img loading=\"lazy\" decoding=\"async\" class=\"alignnone size-thumbnail wp-image-922\" src=\"http:\/\/szss-nitra.sk\/wp-content\/uploads\/2015\/08\/griesbachova_71-100x100.jpg\" alt=\"griesbachova_7\" width=\"100\" height=\"100\" \/> <\/a><a href=\"http:\/\/szss-nitra.sk\/wp-content\/uploads\/2015\/08\/griesbachova_81.jpg\"><img loading=\"lazy\" decoding=\"async\" class=\"alignnone size-thumbnail wp-image-923\" src=\"http:\/\/szss-nitra.sk\/wp-content\/uploads\/2015\/08\/griesbachova_81-100x100.jpg\" alt=\"griesbachova_8\" width=\"100\" height=\"100\" \/> <\/a><a href=\"http:\/\/szss-nitra.sk\/wp-content\/uploads\/2015\/08\/griesbachova_91.jpg\"><img loading=\"lazy\" decoding=\"async\" class=\"alignnone size-thumbnail wp-image-924\" src=\"http:\/\/szss-nitra.sk\/wp-content\/uploads\/2015\/08\/griesbachova_91-100x100.jpg\" alt=\"griesbachova_9\" width=\"100\" height=\"100\" \/> <\/a><a href=\"http:\/\/szss-nitra.sk\/wp-content\/uploads\/2015\/08\/griesbachova_101.jpg\"><img loading=\"lazy\" decoding=\"async\" class=\"alignnone size-thumbnail wp-image-925\" src=\"http:\/\/szss-nitra.sk\/wp-content\/uploads\/2015\/08\/griesbachova_101-100x100.jpg\" alt=\"griesbachova_10\" width=\"100\" height=\"100\" \/><\/a><br \/>\n&nbsp;<br \/>\n&nbsp;<br \/>\n<a title=\"fotogal\u00e9ria\" href=\"http:\/\/szss-nitra.sk\/?page_id=896\">&lt;&lt;&lt; n\u00e1vrat do fotogal\u00e9rie<\/a><\/p>\n","protected":false},"excerpt":{"rendered":"<p>Na stretnutia s na\u0161imi klientmi chod\u00ed aj pani Magdal\u00e9na Griesbachov\u00e1, \u010dlenka Jednoty d\u00f4chodcov Slovenska, ktor\u00e1 im v\u017edy uk\u00e1\u017ee nieko\u013eko jednoduch\u00fdch cvikov a povzbudiv\u00fdmi slovami ich podnieti k akt\u00edvnemu u\u017e\u00edvaniu si jesene \u017eivota. &nbsp; &nbsp; &nbsp; &lt;&lt;&lt; n\u00e1vrat do fotogal\u00e9rie<\/p>\n","protected":false},"author":1,"featured_media":0,"parent":896,"menu_order":0,"comment_status":"closed","ping_status":"closed","template":"","meta":{"footnotes":""},"class_list":["post-903","page","type-page","status-publish","hentry"],"_links":{"self":[{"href":"http:\/\/szss-nitra.sk\/index.php?rest_route=\/wp\/v2\/pages\/903","targetHints":{"allow":["GET"]}}],"collection":[{"href":"http:\/\/szss-nitra.sk\/index.php?rest_route=\/wp\/v2\/pages"}],"about":[{"href":"http:\/\/szss-nitra.sk\/index.php?rest_route=\/wp\/v2\/types\/page"}],"author":[{"embeddable":true,"href":"http:\/\/szss-nitra.sk\/index.php?rest_route=\/wp\/v2\/users\/1"}],"replies":[{"embeddable":true,"href":"http:\/\/szss-nitra.sk\/index.php?rest_route=%2Fwp%2Fv2%2Fcomments&post=903"}],"version-history":[{"count":7,"href":"http:\/\/szss-nitra.sk\/index.php?rest_route=\/wp\/v2\/pages\/903\/revisions"}],"predecessor-version":[{"id":932,"href":"http:\/\/szss-nitra.sk\/index.php?rest_route=\/wp\/v2\/pages\/903\/revisions\/932"}],"up":[{"embeddable":true,"href":"http:\/\/szss-nitra.sk\/index.php?rest_route=\/wp\/v2\/pages\/896"}],"wp:attachment":[{"href":"http:\/\/szss-nitra.sk\/index.php?rest_route=%2Fwp%2Fv2%2Fmedia&parent=903"}],"curies":[{"name":"wp","href":"https:\/\/api.w.org\/{rel}","templated":true}]}}