{"id":9022,"date":"2022-11-28T08:59:27","date_gmt":"2022-11-28T06:59:27","guid":{"rendered":"http:\/\/szss-nitra.sk\/?page_id=9022"},"modified":"2026-03-04T15:25:10","modified_gmt":"2026-03-04T13:25:10","slug":"domaca-opatrovatelska-sluzba-2","status":"publish","type":"page","link":"http:\/\/szss-nitra.sk\/?page_id=9022","title":{"rendered":"Dom\u00e1ca opatrovate\u013esk\u00e1 slu\u017eba"},"content":{"rendered":"<table style=\"border: none;\">\n<tbody>\n<tr>\n<td style=\"width: 30%; vertical-align: top;\"><a href=\"http:\/\/szss-nitra.sk\/?page_id=10644\">Poslanie, hodnoty a v\u00edzia<\/a><\/p>\n<p><a href=\"http:\/\/szss-nitra.sk\/?page_id=3219\">Kontakt<\/a><\/p>\n<p><a href=\"http:\/\/szss-nitra.sk\/?page_id=3222\">Ako vybavi\u0165<\/a><\/p>\n<p><a href=\"http:\/\/szss-nitra.sk\/?page_id=3224\">\u00dakony opatrovate\u013eskej slu\u017eby<\/a><\/p>\n<p><a href=\"http:\/\/szss-nitra.sk\/?page_id=4191\">Legislat\u00edva<\/a><\/p>\n<p><a href=\"http:\/\/szss-nitra.sk\/?page_id=3226\">\u010cas poskytovania slu\u017eby<\/a><\/p>\n<p><span style=\"color: #000000;\"><strong><a style=\"color: #000000;\" href=\"http:\/\/szss-nitra.sk\/?page_id=9022\">Evidencia \u017eiadate\u013eov<\/a><\/strong><\/span><\/p>\n<p><a href=\"http:\/\/szss-nitra.sk\/?page_id=3228\">Cenn\u00edk<\/a><\/p>\n<p><a href=\"http:\/\/szss-nitra.sk\/?page_id=3230\">Domy s opatrovate\u013eskou slu\u017ebou<\/a><\/p>\n<p><a href=\"http:\/\/szss-nitra.sk\/?page_id=3232\">Sp\u00e4tn\u00e1 v\u00e4zba<\/a><\/p>\n<p><a href=\"http:\/\/szss-nitra.sk\/?page_id=10873\">Podpora zamestnancov<\/a><\/p>\n<p><img loading=\"lazy\" decoding=\"async\" class=\"alignnone size-full wp-image-10642\" src=\"http:\/\/szss-nitra.sk\/wp-content\/uploads\/2023\/11\/menu_ico_TOS4.png\" alt=\"\" width=\"160\" height=\"130\" \/><\/td>\n<td><span style=\"color: #ffffff;\">.<\/span><\/td>\n<td style=\"vertical-align: top; text-align: justify;\">Po skompletizovan\u00ed dokladov a \u00fadajov potrebn\u00fdch k uzatvoreniu zmluvy o poskytovan\u00ed soci\u00e1lnej slu\u017eby spolu s potrebn\u00fdmi pr\u00edlohami je z\u00e1ujemca o poskytovanie soci\u00e1lnej slu\u017eby zaraden\u00fd do evidencie \u017eiadate\u013eov.<\/p>\n<p><strong>Podrobnosti vedenia evidencie \u017eiadate\u013eov<\/strong><br \/>\nDom\u00e1ca opatrovate\u013esk\u00e1 slu\u017eba sa za\u010d\u00edna poskytova\u0165 pod\u013ea poradia \u017eiadate\u013eov d\u0148om, na ktorom sa poskytovate\u013e soci\u00e1lnej slu\u017eby a z\u00e1ujemca o soci\u00e1lnu slu\u017ebu dohodn\u00fa. V pr\u00edpade, ak \u017eiadate\u013e \u017eiada o za\u010datie poskytovania opatrovate\u013eskej slu\u017eby v konkr\u00e9tny de\u0148 a do tohto \u010dasu je mo\u017en\u00e9 za\u010da\u0165 poskytova\u0165 dom\u00e1cu opatrovate\u013esk\u00fa slu\u017ebu nasleduj\u00facemu \u017eiadate\u013eovi, poskytne sa tomu \u017eiadate\u013eovi soci\u00e1lna slu\u017eba sk\u00f4r a \u017eiadate\u013eovi, ktor\u00fd \u017eiada o poskytovanie soci\u00e1lnej slu\u017eby konkr\u00e9tnym d\u0148om, sa slu\u017eba poskytne v po\u017eadovan\u00fd de\u0148, pr\u00edpadne nesk\u00f4r pod\u013ea person\u00e1lnych mo\u017enost\u00ed poskytovate\u013ea.<\/p>\n<p>V pr\u00edpade, \u017ee \u017eiadate\u013e m\u00e1 z\u00e1ujem o poskytovanie opatrovate\u013eskej slu\u017eby v konkr\u00e9tnom \u010dase alebo konkr\u00e9tnom dni v t\u00fd\u017edni a poskytovate\u013e mu pod\u013ea person\u00e1lnych mo\u017enost\u00ed pon\u00fakne poskytovanie opatrovate\u013eskej slu\u017eby v inom \u010dase alebo dni, \u010do \u017eiadate\u013e p\u00edsomne alebo telefonicky odmietne, m\u00f4\u017ee poskytovate\u013e zabezpe\u010di\u0165 opatrovate\u013esk\u00fa slu\u017ebu v porad\u00ed \u010fal\u0161iemu \u017eiadate\u013eovi, k\u00fdm person\u00e1lne mo\u017enosti neumo\u017enia poskytn\u00fa\u0165 uveden\u00e9mu \u017eiadate\u013eovi opatrovate\u013esk\u00fa slu\u017ebu v presne po\u017eadovanom \u010dase alebo dni v t\u00fd\u017edni.<\/p>\n<p>\u017diadatelia, ktor\u00fdm bol Mestom Nitra pridelen\u00fd byt v dome s opatrovate\u013eskou slu\u017ebou alebo v Bytovom dome Senior s\u00fa vybavovan\u00ed priebe\u017ene pod\u013ea d\u0148a, na ktorom sa z\u00e1ujemca o soci\u00e1lnu slu\u017ebu a poskytovate\u013e soci\u00e1lnej slu\u017eby dohodn\u00fa, nako\u013eko v domoch s opatrovate\u013eskou slu\u017ebou a v Bytovom dome Senior je v be\u017enom pracovnom \u010dase k dispoz\u00edcii st\u00e1la opatrovate\u013esk\u00e1 slu\u017eba, a preto nedoch\u00e1dza k prel\u00ednaniu s vedenou evidenciou \u017eiadate\u013eov o poskytovanie soci\u00e1lnej slu\u017eby v dom\u00e1cnosti.<\/p>\n<p>\u017diadate\u013e si poradie m\u00f4\u017ee pozrie\u0165 pod\u013ea eviden\u010dn\u00e9ho \u010d\u00edsla, ktor\u00e9 mu bolo pridelen\u00e9.<\/p>\n<p style=\"text-align: center;\"><em>Poradovn\u00edk k 4.3.2026<\/em><\/p>\n<h4 style=\"text-align: center;\"><img loading=\"lazy\" decoding=\"async\" class=\"alignnone wp-image-816 size-full\" src=\"http:\/\/szss-nitra.sk\/wp-content\/uploads\/2015\/08\/pdf1-e1633068834887.png\" alt=\"\" width=\"37\" height=\"37\" \/>\u00a0<a href=\"http:\/\/szss-nitra.sk\/wp-content\/uploads\/2026\/03\/Evidencia-ziadatelov-OS-k-04.03.2026.pdf\" target=\"_blank\" rel=\"noopener noreferrer\">\u017diadatelia OS k 4.3.2026<\/a><\/h4>\n<\/td>\n<\/tr>\n<\/tbody>\n<\/table>\n","protected":false},"excerpt":{"rendered":"<p>Poslanie, hodnoty a v\u00edzia Kontakt Ako vybavi\u0165 \u00dakony opatrovate\u013eskej slu\u017eby Legislat\u00edva \u010cas poskytovania slu\u017eby Evidencia \u017eiadate\u013eov Cenn\u00edk Domy s opatrovate\u013eskou slu\u017ebou Sp\u00e4tn\u00e1 v\u00e4zba Podpora zamestnancov . Po skompletizovan\u00ed dokladov a \u00fadajov potrebn\u00fdch k uzatvoreniu zmluvy o poskytovan\u00ed soci\u00e1lnej slu\u017eby spolu s potrebn\u00fdmi pr\u00edlohami je z\u00e1ujemca o poskytovanie soci\u00e1lnej slu\u017eby zaraden\u00fd do evidencie \u017eiadate\u013eov. Podrobnosti vedenia [&hellip;]<\/p>\n","protected":false},"author":1,"featured_media":0,"parent":3203,"menu_order":0,"comment_status":"closed","ping_status":"closed","template":"","meta":{"footnotes":""},"class_list":["post-9022","page","type-page","status-publish","hentry"],"_links":{"self":[{"href":"http:\/\/szss-nitra.sk\/index.php?rest_route=\/wp\/v2\/pages\/9022","targetHints":{"allow":["GET"]}}],"collection":[{"href":"http:\/\/szss-nitra.sk\/index.php?rest_route=\/wp\/v2\/pages"}],"about":[{"href":"http:\/\/szss-nitra.sk\/index.php?rest_route=\/wp\/v2\/types\/page"}],"author":[{"embeddable":true,"href":"http:\/\/szss-nitra.sk\/index.php?rest_route=\/wp\/v2\/users\/1"}],"replies":[{"embeddable":true,"href":"http:\/\/szss-nitra.sk\/index.php?rest_route=%2Fwp%2Fv2%2Fcomments&post=9022"}],"version-history":[{"count":61,"href":"http:\/\/szss-nitra.sk\/index.php?rest_route=\/wp\/v2\/pages\/9022\/revisions"}],"predecessor-version":[{"id":16030,"href":"http:\/\/szss-nitra.sk\/index.php?rest_route=\/wp\/v2\/pages\/9022\/revisions\/16030"}],"up":[{"embeddable":true,"href":"http:\/\/szss-nitra.sk\/index.php?rest_route=\/wp\/v2\/pages\/3203"}],"wp:attachment":[{"href":"http:\/\/szss-nitra.sk\/index.php?rest_route=%2Fwp%2Fv2%2Fmedia&parent=9022"}],"curies":[{"name":"wp","href":"https:\/\/api.w.org\/{rel}","templated":true}]}}