{"id":896,"date":"2015-08-27T14:33:33","date_gmt":"2015-08-27T12:33:33","guid":{"rendered":"http:\/\/szss-nitra.sk\/?page_id=896"},"modified":"2015-08-28T13:31:58","modified_gmt":"2015-08-28T11:31:58","slug":"prednasky-besedy-a-stretnutia","status":"publish","type":"page","link":"http:\/\/szss-nitra.sk\/?page_id=896","title":{"rendered":"Predn\u00e1\u0161ky, besedy a stretnutia"},"content":{"rendered":"<p style=\"text-align: justify;\">Pre na\u0161ich klientov usporad\u00favame r\u00f4zne predn\u00e1\u0161ky, besedy a stretnutia, ktor\u00fdch \u00falohou je hlavne pon\u00faknu\u0165 im nov\u00e9 t\u00e9my, o ktor\u00fdch m\u00f4\u017eu prem\u00fd\u0161\u013ea\u0165 a diskutova\u0165. Zdravie, zdrav\u00e1 v\u00fd\u017eiva, prospe\u0161nos\u0165 pohybu, hist\u00f3ria n\u00e1\u0161ho mesta aj toto s\u00fa t\u00e9my, s ktor\u00fdmi sa u\u017e na\u0161i klienti v\u010faka zauj\u00edmav\u00fdm hos\u0165om, ktor\u00ed prijali na\u0161e pozvanie mali mo\u017enos\u0165 obozn\u00e1mi\u0165.<\/p>\n<p>&nbsp;<\/p>\n<p style=\"text-align: center;\"><a href=\"http:\/\/szss-nitra.sk\/?page_id=903\"><img loading=\"lazy\" decoding=\"async\" class=\"alignnone\" title=\"Stretnutie s pani Magdal\u00e9nou Griesbachovou\" src=\"http:\/\/szss-nitra.sk\/wp-content\/images\/stretnutiegriesbachova1_nahlad.jpg\" alt=\"\" width=\"250\" height=\"150\" \/> <\/a><a href=\"http:\/\/szss-nitra.sk\/?page_id=938\"><img loading=\"lazy\" decoding=\"async\" class=\"alignnone\" title=\"Beseda s PaedDr. M\u00e1riou Dankovou\" src=\"http:\/\/szss-nitra.sk\/wp-content\/images\/besedadankova_nahlad.jpg\" alt=\"\" width=\"250\" height=\"150\" \/><\/a><\/p>\n<p style=\"text-align: center;\"><a href=\"http:\/\/szss-nitra.sk\/?page_id=942\"><img loading=\"lazy\" decoding=\"async\" class=\"alignnone\" title=\"Predn\u00e1\u0161ka: Zdrav\u00fd \u017eivotn\u00fd \u0161t\u00fdl s Mgr. B\u00e1rekovou\" src=\"http:\/\/szss-nitra.sk\/wp-content\/images\/prednaskabarekova_nahlad.jpg\" alt=\"\" width=\"250\" height=\"150\" \/><\/a> <a href=\"http:\/\/szss-nitra.sk\/?page_id=945\"><img loading=\"lazy\" decoding=\"async\" class=\"alignnone\" title=\"Beseda: Seniori v akcii\" src=\"http:\/\/szss-nitra.sk\/wp-content\/images\/seniorivakcii_nahlad.jpg\" alt=\"\" width=\"250\" height=\"150\" \/><\/a><\/p>\n<p>&nbsp;<br \/>\n&nbsp;<br \/>\n<a title=\"fotogal\u00e9ria\" href=\"http:\/\/szss-nitra.sk\/?page_id=841\">&lt;&lt;&lt; n\u00e1vrat do fotogal\u00e9rie<\/a><\/p>\n","protected":false},"excerpt":{"rendered":"<p>Pre na\u0161ich klientov usporad\u00favame r\u00f4zne predn\u00e1\u0161ky, besedy a stretnutia, ktor\u00fdch \u00falohou je hlavne pon\u00faknu\u0165 im nov\u00e9 t\u00e9my, o ktor\u00fdch m\u00f4\u017eu prem\u00fd\u0161\u013ea\u0165 a diskutova\u0165. Zdravie, zdrav\u00e1 v\u00fd\u017eiva, prospe\u0161nos\u0165 pohybu, hist\u00f3ria n\u00e1\u0161ho mesta aj toto s\u00fa t\u00e9my, s ktor\u00fdmi sa u\u017e na\u0161i klienti v\u010faka zauj\u00edmav\u00fdm hos\u0165om, ktor\u00ed prijali na\u0161e pozvanie mali mo\u017enos\u0165 obozn\u00e1mi\u0165. &nbsp; &nbsp; &nbsp; &lt;&lt;&lt; [&hellip;]<\/p>\n","protected":false},"author":1,"featured_media":0,"parent":655,"menu_order":0,"comment_status":"closed","ping_status":"closed","template":"","meta":{"footnotes":""},"class_list":["post-896","page","type-page","status-publish","hentry"],"_links":{"self":[{"href":"http:\/\/szss-nitra.sk\/index.php?rest_route=\/wp\/v2\/pages\/896","targetHints":{"allow":["GET"]}}],"collection":[{"href":"http:\/\/szss-nitra.sk\/index.php?rest_route=\/wp\/v2\/pages"}],"about":[{"href":"http:\/\/szss-nitra.sk\/index.php?rest_route=\/wp\/v2\/types\/page"}],"author":[{"embeddable":true,"href":"http:\/\/szss-nitra.sk\/index.php?rest_route=\/wp\/v2\/users\/1"}],"replies":[{"embeddable":true,"href":"http:\/\/szss-nitra.sk\/index.php?rest_route=%2Fwp%2Fv2%2Fcomments&post=896"}],"version-history":[{"count":7,"href":"http:\/\/szss-nitra.sk\/index.php?rest_route=\/wp\/v2\/pages\/896\/revisions"}],"predecessor-version":[{"id":951,"href":"http:\/\/szss-nitra.sk\/index.php?rest_route=\/wp\/v2\/pages\/896\/revisions\/951"}],"up":[{"embeddable":true,"href":"http:\/\/szss-nitra.sk\/index.php?rest_route=\/wp\/v2\/pages\/655"}],"wp:attachment":[{"href":"http:\/\/szss-nitra.sk\/index.php?rest_route=%2Fwp%2Fv2%2Fmedia&parent=896"}],"curies":[{"name":"wp","href":"https:\/\/api.w.org\/{rel}","templated":true}]}}