{"id":807,"date":"2015-08-12T15:37:22","date_gmt":"2015-08-12T13:37:22","guid":{"rendered":"http:\/\/szss-nitra.sk\/?page_id=807"},"modified":"2022-12-07T09:20:00","modified_gmt":"2022-12-07T07:20:00","slug":"ponuka-zamestnania","status":"publish","type":"page","link":"http:\/\/szss-nitra.sk\/?page_id=807","title":{"rendered":"Ponuka zamestnania"},"content":{"rendered":"<h3>Inform\u00e1cie o vo\u013en\u00fdch pracovn\u00fdch miestach<\/h3>\n<p>Pon\u00fakan\u00e9 vo\u013en\u00e9 pracovn\u00e9 poz\u00edcie:<\/p>\n<p><strong><span style=\"color: #000080;\">Ozn\u00e1menia o v\u00fdberovom konan\u00ed:<\/span><\/strong><br \/>\n.<\/p>\n<p><span style=\"color: #000080;\"><strong>Ostatn\u00e9 vo\u013en\u00e9 pracovn\u00e9 miesta:<\/strong><\/span><\/p>\n<p>.<\/p>\n<p><strong><span style=\"color: #000080;\">Oznam o v\u00fdsledku v\u00fdberov\u00e9ho konania:<\/span><\/strong><br \/>\n<strong>Ved\u00faci \u00faseku opatrovate\u013eskej slu\u017eby Zobor<\/strong><\/p>\n<p><a href=\"http:\/\/szss-nitra.sk\/wp-content\/uploads\/2022\/12\/Oznam-o-vysledku-VK-VOSZ.pdf\" target=\"_blank\" rel=\"noopener noreferrer\">Ved\u00faci_\u00faseku_opatrovate\u013eskej_slu\u017eby_Zobor.pdf<\/a><\/p>\n<p><strong>Ved\u00faci \u00faseku soci\u00e1lnych slu\u017eieb Zobor<\/strong><\/p>\n<p><a href=\"http:\/\/szss-nitra.sk\/wp-content\/uploads\/2022\/12\/Oznam-o-vysledku-VK-VSSZ.pdf\" target=\"_blank\" rel=\"noopener noreferrer\">Ved\u00faci_\u00faseku_soci\u00e1lnych_slu\u017eieb_Zobor.pdf<\/a><\/p>\n","protected":false},"excerpt":{"rendered":"<p>Inform\u00e1cie o vo\u013en\u00fdch pracovn\u00fdch miestach Pon\u00fakan\u00e9 vo\u013en\u00e9 pracovn\u00e9 poz\u00edcie: Ozn\u00e1menia o v\u00fdberovom konan\u00ed: . Ostatn\u00e9 vo\u013en\u00e9 pracovn\u00e9 miesta: . Oznam o v\u00fdsledku v\u00fdberov\u00e9ho konania: Ved\u00faci \u00faseku opatrovate\u013eskej slu\u017eby Zobor Ved\u00faci_\u00faseku_opatrovate\u013eskej_slu\u017eby_Zobor.pdf Ved\u00faci \u00faseku soci\u00e1lnych slu\u017eieb Zobor Ved\u00faci_\u00faseku_soci\u00e1lnych_slu\u017eieb_Zobor.pdf<\/p>\n","protected":false},"author":1,"featured_media":0,"parent":0,"menu_order":0,"comment_status":"closed","ping_status":"closed","template":"","meta":{"footnotes":""},"class_list":["post-807","page","type-page","status-publish","hentry"],"_links":{"self":[{"href":"http:\/\/szss-nitra.sk\/index.php?rest_route=\/wp\/v2\/pages\/807","targetHints":{"allow":["GET"]}}],"collection":[{"href":"http:\/\/szss-nitra.sk\/index.php?rest_route=\/wp\/v2\/pages"}],"about":[{"href":"http:\/\/szss-nitra.sk\/index.php?rest_route=\/wp\/v2\/types\/page"}],"author":[{"embeddable":true,"href":"http:\/\/szss-nitra.sk\/index.php?rest_route=\/wp\/v2\/users\/1"}],"replies":[{"embeddable":true,"href":"http:\/\/szss-nitra.sk\/index.php?rest_route=%2Fwp%2Fv2%2Fcomments&post=807"}],"version-history":[{"count":64,"href":"http:\/\/szss-nitra.sk\/index.php?rest_route=\/wp\/v2\/pages\/807\/revisions"}],"predecessor-version":[{"id":9100,"href":"http:\/\/szss-nitra.sk\/index.php?rest_route=\/wp\/v2\/pages\/807\/revisions\/9100"}],"wp:attachment":[{"href":"http:\/\/szss-nitra.sk\/index.php?rest_route=%2Fwp%2Fv2%2Fmedia&parent=807"}],"curies":[{"name":"wp","href":"https:\/\/api.w.org\/{rel}","templated":true}]}}