{"id":7775,"date":"2022-01-10T15:44:09","date_gmt":"2022-01-10T13:44:09","guid":{"rendered":"http:\/\/szss-nitra.sk\/?page_id=7775"},"modified":"2025-02-07T09:37:38","modified_gmt":"2025-02-07T07:37:38","slug":"socialna-vydajna-potravin-mesta-nitry","status":"publish","type":"page","link":"http:\/\/szss-nitra.sk\/?page_id=7775","title":{"rendered":"Soci\u00e1lna v\u00fddaj\u0148a potrav\u00edn mesta Nitry"},"content":{"rendered":"<p style=\"text-align: justify;\">Soci\u00e1lna v\u00fddaj\u0148a potrav\u00edn je zriaden\u00e1 Mestom Nitra a prev\u00e1dzkovan\u00e1 Spr\u00e1vou zariaden\u00ed soci\u00e1lnych slu\u017eieb pod z\u00e1\u0161titou a gesciou Potravinovej banky Slovenska. Bezplatn\u00e1 pomoc pod\u013ea <a href=\"http:\/\/szss-nitra.sk\/wp-content\/uploads\/2022\/11\/Smernica-8-2010-zapracovany-dodatok-5.pdf\" target=\"_blank\" rel=\"noopener\">Smernice prim\u00e1tora \u010d. 8\/2010 o poskytovan\u00ed pomoci ob\u010danom mesta Nitry v Soci\u00e1lnej v\u00fddajni potrav\u00edn mesta Nitry v znen\u00ed dodatku \u010d. 6<\/a> sa formou v\u00fddaja najm\u00e4 potrav\u00edn, potravinov\u00fdch v\u00fdrobkov a rozli\u010dn\u00e9ho tovaru osobnej spotreby v s\u00fa\u010dasnosti poskytuje desiatkam obyvate\u013eov Nitry. Soci\u00e1lna v\u00fddaj\u0148a potrav\u00edn je zriaden\u00e1 a prev\u00e1dzkovan\u00e1 v priestoroch Mestskej tr\u017enice v Nitre.<\/p>\n<p style=\"text-align: justify;\">Soci\u00e1lna v\u00fddaj\u0148a potrav\u00edn je z\u00e1sobovan\u00e1 prostredn\u00edctvom viacer\u00fdch dod\u00e1vate\u013eov, \u010di u\u017e bezodplatne, alebo formou potrav\u00edn zak\u00fapen\u00fdch za dohodnut\u00e9 zv\u00fdhodnen\u00e9 ceny z finan\u010dn\u00fdch prostriedkov Mesta Nitra. Z\u00e1sobovanie soci\u00e1lnej v\u00fddajne je zabezpe\u010dovan\u00e9 pracovn\u00edkom a dopravn\u00fdm prostriedkom SZSS.<\/p>\n<p style=\"text-align: center;\">Soci\u00e1lna v\u00fddaj\u0148a potrav\u00edn mesta Nitra je pre ob\u010danov otvoren\u00e1 nasledovne:<br \/>\n<strong>utorok\u00a0 9:30 &#8211; 13:30<\/strong><br \/>\n<strong>\u0161tvrtok\u00a0 9:30 &#8211; 13:30<\/strong><\/p>\n<p style=\"text-align: center;\"><img loading=\"lazy\" decoding=\"async\" class=\"alignnone size-full wp-image-816\" src=\"http:\/\/szss-nitra.sk\/wp-content\/uploads\/2015\/08\/pdf1-e1633068834887.png\" alt=\"\" width=\"37\" height=\"37\" \/>\u00a0<strong style=\"font-size: revert; color: initial;\"><a href=\"http:\/\/szss-nitra.sk\/wp-content\/uploads\/2022\/11\/Oznam-SV-body.pdf\" target=\"_blank\" rel=\"noopener noreferrer\">Cenn\u00edk (body) soci\u00e1lna v\u00fddaj\u0148a platn\u00fd od 1.11.2022<\/a><\/strong><\/p>\n<p style=\"text-align: center;\"><a href=\"http:\/\/szss-nitra.sk\/wp-content\/uploads\/2025\/02\/20250130_091232.jpg\"><img loading=\"lazy\" decoding=\"async\" class=\"alignnone size-thumbnail wp-image-13717\" src=\"http:\/\/szss-nitra.sk\/wp-content\/uploads\/2025\/02\/20250130_091232-100x100.jpg\" alt=\"\" width=\"100\" height=\"100\" \/><\/a> <a href=\"http:\/\/szss-nitra.sk\/wp-content\/uploads\/2025\/02\/20250130_090250.jpg\"><img loading=\"lazy\" decoding=\"async\" class=\"alignnone size-thumbnail wp-image-13715\" src=\"http:\/\/szss-nitra.sk\/wp-content\/uploads\/2025\/02\/20250130_090250-100x100.jpg\" alt=\"\" width=\"100\" height=\"100\" \/><\/a> <a href=\"http:\/\/szss-nitra.sk\/wp-content\/uploads\/2025\/02\/20250130_090650.jpg\"><img loading=\"lazy\" decoding=\"async\" class=\"alignnone size-thumbnail wp-image-13716\" src=\"http:\/\/szss-nitra.sk\/wp-content\/uploads\/2025\/02\/20250130_090650-100x100.jpg\" alt=\"\" width=\"100\" height=\"100\" \/><\/a> <a href=\"http:\/\/szss-nitra.sk\/wp-content\/uploads\/2025\/02\/20250130_090045.jpg\"><img loading=\"lazy\" decoding=\"async\" class=\"alignnone size-thumbnail wp-image-13714\" src=\"http:\/\/szss-nitra.sk\/wp-content\/uploads\/2025\/02\/20250130_090045-100x100.jpg\" alt=\"\" width=\"100\" height=\"100\" \/><\/a><\/p>\n","protected":false},"excerpt":{"rendered":"<p>Soci\u00e1lna v\u00fddaj\u0148a potrav\u00edn je zriaden\u00e1 Mestom Nitra a prev\u00e1dzkovan\u00e1 Spr\u00e1vou zariaden\u00ed soci\u00e1lnych slu\u017eieb pod z\u00e1\u0161titou a gesciou Potravinovej banky Slovenska. Bezplatn\u00e1 pomoc pod\u013ea Smernice prim\u00e1tora \u010d. 8\/2010 o poskytovan\u00ed pomoci ob\u010danom mesta Nitry v Soci\u00e1lnej v\u00fddajni potrav\u00edn mesta Nitry v znen\u00ed dodatku \u010d. 6 sa formou v\u00fddaja najm\u00e4 potrav\u00edn, potravinov\u00fdch v\u00fdrobkov a rozli\u010dn\u00e9ho tovaru osobnej [&hellip;]<\/p>\n","protected":false},"author":1,"featured_media":0,"parent":0,"menu_order":0,"comment_status":"closed","ping_status":"closed","template":"","meta":{"footnotes":""},"class_list":["post-7775","page","type-page","status-publish","hentry"],"_links":{"self":[{"href":"http:\/\/szss-nitra.sk\/index.php?rest_route=\/wp\/v2\/pages\/7775","targetHints":{"allow":["GET"]}}],"collection":[{"href":"http:\/\/szss-nitra.sk\/index.php?rest_route=\/wp\/v2\/pages"}],"about":[{"href":"http:\/\/szss-nitra.sk\/index.php?rest_route=\/wp\/v2\/types\/page"}],"author":[{"embeddable":true,"href":"http:\/\/szss-nitra.sk\/index.php?rest_route=\/wp\/v2\/users\/1"}],"replies":[{"embeddable":true,"href":"http:\/\/szss-nitra.sk\/index.php?rest_route=%2Fwp%2Fv2%2Fcomments&post=7775"}],"version-history":[{"count":15,"href":"http:\/\/szss-nitra.sk\/index.php?rest_route=\/wp\/v2\/pages\/7775\/revisions"}],"predecessor-version":[{"id":13718,"href":"http:\/\/szss-nitra.sk\/index.php?rest_route=\/wp\/v2\/pages\/7775\/revisions\/13718"}],"wp:attachment":[{"href":"http:\/\/szss-nitra.sk\/index.php?rest_route=%2Fwp%2Fv2%2Fmedia&parent=7775"}],"curies":[{"name":"wp","href":"https:\/\/api.w.org\/{rel}","templated":true}]}}