{"id":7761,"date":"2022-02-01T08:56:12","date_gmt":"2022-02-01T06:56:12","guid":{"rendered":"http:\/\/szss-nitra.sk\/?page_id=7761"},"modified":"2022-02-17T11:08:57","modified_gmt":"2022-02-17T09:08:57","slug":"zasady-ochrany-osobnych-udajov","status":"publish","type":"page","link":"http:\/\/szss-nitra.sk\/?page_id=7761","title":{"rendered":"Z\u00e1sady pou\u017e\u00edvania s\u00faborov cookie"},"content":{"rendered":"<p style=\"text-align: justify;\"><strong>\u010co s\u00fa s\u00fabory cookie:<\/strong><br \/>\nS\u00fabor cookie je mal\u00fd textov\u00fd s\u00fabor, ktor\u00fd webov\u00e9 str\u00e1nky ukladaj\u00fa vo va\u0161om osobnom po\u010d\u00edta\u010di, telef\u00f3ne alebo inom zariaden\u00ed a ktor\u00fd obsahuje inform\u00e1cie o va\u0161ej \u010dinnosti na tejto webovej str\u00e1nke. S\u00fabory cookie umo\u017e\u0148uj\u00fa a u\u013eah\u010duj\u00fa preh\u013ead\u00e1vanie.<br \/>\nCie\u013eom tejto inform\u00e1cie je poskytn\u00fa\u0165 v\u00e1m inform\u00e1cie o\u00a0tom, ak\u00e9 osobn\u00e9 \u00fadaje vo forme cookies sprac\u00favame, ako s\u00a0nimi zaobch\u00e1dzame, na ak\u00e9 \u00fa\u010dely ich pou\u017e\u00edvame, komu ich m\u00f4\u017eeme poskytn\u00fa\u0165, kde m\u00f4\u017eete z\u00edska\u0165 inform\u00e1cie o\u00a0va\u0161ich osobn\u00fdch \u00fadajoch a\u00a0uplatni\u0165 va\u0161e pr\u00e1va pri sprac\u00favan\u00ed osobn\u00fdch \u00fadajov.<\/p>\n<p><strong>Identifika\u010dn\u00e9 a\u00a0kontaktn\u00e9 \u00fadaje:<\/strong><\/p>\n<p style=\"text-align: justify;\">Prev\u00e1dzkovate\u013eom sprac\u00favaj\u00facim s\u00fabory cookie je spolo\u010dnos\u0165<em> Spr\u00e1va zariaden\u00ed soci\u00e1lnych slu\u017eieb, Jansk\u00e9ho 7, 949 01 Nitra, I\u010cO: 37966456, szss-nitra<img loading=\"lazy\" decoding=\"async\" class=\"alignnone size-full wp-image-645\" src=\"http:\/\/szss-nitra.sk\/wp-content\/uploads\/2013\/03\/zavinac.png\" alt=\"\" width=\"20\" height=\"20\" \/>szss-nitra.sk<\/em> (\u010falej len ako \u201ePrev\u00e1dzkovate\u013e\u201c).<\/p>\n<h3><strong>1. Pou\u017e\u00edvanie s\u00faborov cookie<\/strong><\/h3>\n<p><strong>Ako pou\u017e\u00edvame s\u00fabory cookie:<\/strong><\/p>\n<p style=\"text-align: justify;\">Prev\u00e1dzkovate\u013e sprac\u00fava v\u0161etky s\u00fabory cookie na z\u00e1klade\u00a0\u010dl. 6 ods. 1 p\u00edsm. a) Nariadenia Eur\u00f3pskeho parlamentu a\u00a0Rady (E\u00da) 2016\/679 z 27. apr\u00edla 2016 o ochrane fyzick\u00fdch os\u00f4b pri sprac\u00favan\u00ed osobn\u00fdch \u00fadajov a o vo\u013enom pohybe tak\u00fdchto \u00fadajov, ktor\u00fdm sa zru\u0161uje smernica 95\/46\/ES (v\u0161eobecn\u00e9 nariadenie o ochrane \u00fadajov) (\u010falej len \u201enariadenie\u201c).<br \/>\nPrev\u00e1dzkovate\u013e pou\u017e\u00edva viacero typov s\u00faborov cookie a\u00a0tieto zoskupuje na svojich webov\u00fdch str\u00e1nkach do nasledovn\u00fdch kateg\u00f3ri\u00ed (pre nasledovn\u00e9 \u00fa\u010dely):<\/p>\n<ul>\n<li><strong><em>Nevyhnutn\u00e9 s\u00fabory cookie (povinn\u00e9 pre spr\u00e1vne fungovanie webov\u00fdch str\u00e1nok) <\/em><\/strong><\/li>\n<\/ul>\n<p style=\"text-align: justify;\"><em>&#8211; <\/em>Tieto s\u00fabory cookie s\u00fa nevyhnutn\u00e9 pre spr\u00e1vne fungovanie webovej str\u00e1nky. Bez nich by prakticky nebolo mo\u017en\u00e9 spr\u00e1vne na\u010d\u00edta\u0165 webov\u00e9 str\u00e1nky.<\/p>\n<p style=\"text-align: justify;\"><em>&#8211;<\/em> Rozsah sprac\u00favan\u00fdch nevyhnutn\u00fdch s\u00faborov cookie: IP adresa (maskovan\u00e1); Miesto &#8211; krajina (geolok\u00e1cia).<\/p>\n<p><strong>Identifik\u00e1cia dotknut\u00fdch os\u00f4b pri sprac\u00favan\u00ed s\u00faborov cookie:<\/strong><\/p>\n<p style=\"text-align: justify;\">Dotknut\u00e9 osoby, o\u00a0ktor\u00fdch sa osobn\u00e9 \u00fadaje vo forme s\u00faborov cookie sprac\u00favaj\u00fa s\u00fa:<\/p>\n<p style=\"text-align: justify;\">&#8211; pou\u017e\u00edvatelia prehliadaj\u00faci webov\u00e9 str\u00e1nky Prev\u00e1dzkovate\u013ea,<\/p>\n<p>&#8211; zamestnanci vstupuj\u00faci do administr\u00e1cie webovej str\u00e1nky Prev\u00e1dzkovate\u013ea.<\/p>\n<p><strong>Identifik\u00e1cia zdroja, z\u00a0ktor\u00e9ho boli s\u00fabory cookie z\u00edskan\u00e9:<\/strong><\/p>\n<p style=\"text-align: justify;\">Priamo od dotknutej osoby (vyjadren\u00edm s\u00fahlasu pri nav\u0161t\u00edven\u00ed webovej str\u00e1nky).<\/p>\n<p><strong>Ak\u00e1 je doba uchov\u00e1vania:<\/strong><\/p>\n<p style=\"text-align: justify;\">Prev\u00e1dzkovate\u013e sprac\u00fava osobn\u00e9 \u00fadaje zo s\u00faborov cookie najviac po dobu 12 mesiacov od udelenia s\u00fahlasu. V\u00a0z\u00e1vislosti od jednotliv\u00fdch typov s\u00faborov cookie sa men\u00ed aj ich doba sprac\u00favania.<\/p>\n<p><strong>\u00a0<\/strong><strong>Profilovanie:<\/strong><\/p>\n<p style=\"text-align: justify;\">Prev\u00e1dzkovate\u013e nesprac\u00fava osobn\u00e9 \u00fadaje zo s\u00faborov cookie profilovan\u00edm, ani obdobn\u00fdm sp\u00f4sobom zalo\u017eenom na automatizovanom individu\u00e1lnom rozhodovan\u00ed.<\/p>\n<p><strong>Povinnos\u0165 poskytnutia osobn\u00fdch \u00fadajov vo forme s\u00faborov cookie:<\/strong><\/p>\n<p style=\"text-align: justify;\">N\u00e1v\u0161tevn\u00edk webovej str\u00e1nky ako dotknut\u00e1 osoba poskytuje svoje osobn\u00e9 \u00fadaje dobrovo\u013ene, na z\u00e1klade s\u00fahlasu (poskytnutie nie je z\u00e1konnou\/zmluvnou po\u017eiadavkou). V\u00a0pr\u00edpade ich neposkytnutia Prev\u00e1dzkovate\u013e nebude pre zabezpe\u010denie poskytovania, zlep\u0161ovania a\u00a0v\u00fdvoja nov\u00fdch slu\u017eieb sprac\u00fava\u0165 ak\u00fdko\u013evek typ s\u00faborov cookie, s\u00a0v\u00fdnimkou nevyhnutn\u00fdch s\u00faborov cookie.<\/p>\n<h3><strong>2. Spr\u00e1va va\u0161ich predvolieb s\u00faborov cookie<\/strong><\/h3>\n<p><strong>Vyhnutie sa pou\u017e\u00edvaniu s\u00faborov cookie na tejto webovej str\u00e1nke:<\/strong><\/p>\n<p style=\"text-align: justify;\">V predvolenom nastaven\u00ed Prev\u00e1dzkovate\u013e NESLEDUJE sk\u00fasenosti n\u00e1v\u0161tevn\u00edkov t\u00fdchto webov\u00fdch str\u00e1nok. Dotknut\u00e1 osoba sa m\u00f4\u017ee rozhodn\u00fa\u0165 udeli\u0165 s\u00fahlas so spracovan\u00edm ak\u00fdchko\u013evek osobn\u00fdch \u00fadajov zhroma\u017eden\u00fdch po\u010das prehliadania webov\u00fdch str\u00e1nok.<\/p>\n<p style=\"text-align: justify;\">Dotknut\u00e1 osoba m\u00e1 takisto mo\u017enos\u0165 priamo vo svojom webovom prehliada\u010di zak\u00e1za\u0165 sprac\u00favanie ak\u00fdchko\u013evek s\u00faborov cookie.<\/p>\n<p><strong>Zak\u00e1zanie a zabr\u00e1nenie pou\u017e\u00edvaniu s\u00faborov cookie:<\/strong><\/p>\n<p style=\"text-align: justify;\">Dotknut\u00e1 osoba m\u00f4\u017ee kedyko\u013evek obmedzi\u0165, zablokova\u0165 alebo vymaza\u0165 s\u00fabory cookie z\u00a0t\u00fdchto webov\u00fdch str\u00e1nok zmenou konfigur\u00e1cie svojho prehliada\u010da na uveden\u00fdch odkazoch:<\/p>\n<ul>\n<li><a href=\"https:\/\/support.mozilla.org\/en-US\/kb\/how-do-i-turn-do-not-track-feature\" target=\"_blank\" rel=\"noopener\"><strong>Firefox<\/strong><\/a><\/li>\n<li><a href=\"https:\/\/support.microsoft.com\/en-us\/help\/17288\/windows-internet-explorer-11-use-do-not-track\" target=\"_blank\" rel=\"noopener\"><strong>Internet Explorer<\/strong><\/a><\/li>\n<li><a href=\"https:\/\/support.google.com\/chrome\/answer\/114836?hl=en&amp;ref_topic=3421433\" target=\"_blank\" rel=\"noopener\"><strong>Chrome<\/strong><\/a><\/li>\n<li><a href=\"http:\/\/help.apple.com\/safari\/mac\/9.0\/#\/sfri40732\" target=\"_blank\" rel=\"noopener\"><strong>Safari<\/strong><\/a><\/li>\n<li><a href=\"http:\/\/help.opera.com\/Windows\/12.10\/en\/notrack.html\" target=\"_blank\" rel=\"noopener\"><strong>Opera<\/strong><\/a><\/li>\n<li><a href=\"https:\/\/support.microsoft.com\/en-us\/microsoft-edge\/learn-about-tracking-prevention-in-microsoft-edge-5ac125e8-9b90-8d59-fa2c-7f2e9a44d869\" target=\"_blank\" rel=\"noopener\"><strong>Microsoft Edge<\/strong><\/a><\/li>\n<\/ul>\n<p style=\"text-align: justify;\">V pr\u00edpade, \u017ee dotknut\u00e1 osoba zak\u00e1\u017ee v\u0161etky s\u00fabory cookie, pri ka\u017edej n\u00e1v\u0161teve t\u00fdchto webov\u00fdch str\u00e1nok sa zobraz\u00ed banner s\u00faborov cookie.<\/p>\n<p style=\"text-align: justify;\">Dotknut\u00e1 osoba ako n\u00e1v\u0161tevn\u00edk t\u00fdchto webov\u00fdch str\u00e1nok m\u00e1 mo\u017enos\u0165 kedyko\u013evek zmeni\u0165 svoje rozhodnutie oh\u013eadom udelenia alebo neudelenia s\u00fahlasu so sprac\u00favan\u00edm s\u00faborov cookie.<\/p>\n<h3><strong>3. Pr\u00e1va dotknutej osoby<\/strong><\/h3>\n<p style=\"text-align: justify;\">N\u00e1v\u0161tevn\u00edk webovej str\u00e1nky m\u00e1 ako dotknut\u00e1 osoba pod\u013ea nariadenia pr\u00e1vo po\u017eadova\u0165 od Prev\u00e1dzkovate\u013ea pr\u00edstup k\u00a0osobn\u00fdm \u00fadajom, ktor\u00e9 s\u00fa o\u00a0nej sprac\u00favan\u00e9, pr\u00e1vo na opravu osobn\u00fdch \u00fadajov, pr\u00e1vo na vymazanie alebo obmedzenie sprac\u00favania osobn\u00fdch \u00fadajov, pr\u00e1vo namieta\u0165 vo\u010di sprac\u00favaniu osobn\u00fdch \u00fadajov, pr\u00e1vo na ne\u00fa\u010dinnos\u0165 automatizovan\u00e9ho individu\u00e1lneho rozhodovania vr\u00e1tane profilovania, pr\u00e1vo na prenosnos\u0165 osobn\u00fdch \u00fadajov, ako aj pr\u00e1vo poda\u0165 n\u00e1vrh na za\u010datie konania dozorn\u00e9mu org\u00e1nu.<\/p>\n<p style=\"text-align: justify;\">V pr\u00edpade ak Prev\u00e1dzkovate\u013e sprac\u00fava osobn\u00e9 \u00fadaje na z\u00e1klade s\u00fahlasu dotknutej osoby, dotknut\u00e1 osoba m\u00e1 pr\u00e1vo kedyko\u013evek svoj s\u00fahlas so sprac\u00favan\u00edm osobn\u00fdch \u00fadajov odvola\u0165. Odvolanie s\u00fahlasu nem\u00e1 vplyv na z\u00e1konnos\u0165 sprac\u00favania osobn\u00fdch \u00fadajov zalo\u017een\u00e9ho na s\u00fahlase pred jeho odvolan\u00edm. Dotknut\u00e1 osoba m\u00f4\u017ee uplatni\u0165 svoje pr\u00e1va zaslan\u00edm emailu na adresu: szss-nitra<img loading=\"lazy\" decoding=\"async\" class=\"alignnone wp-image-645 size-full\" src=\"http:\/\/szss-nitra.sk\/wp-content\/uploads\/2013\/03\/zavinac.png\" alt=\"\" width=\"20\" height=\"20\" \/>szss-nitra.sk alebo p\u00edsomne na adresu Prev\u00e1dzkovate\u013ea.<\/p>\n","protected":false},"excerpt":{"rendered":"<p>\u010co s\u00fa s\u00fabory cookie: S\u00fabor cookie je mal\u00fd textov\u00fd s\u00fabor, ktor\u00fd webov\u00e9 str\u00e1nky ukladaj\u00fa vo va\u0161om osobnom po\u010d\u00edta\u010di, telef\u00f3ne alebo inom zariaden\u00ed a ktor\u00fd obsahuje inform\u00e1cie o va\u0161ej \u010dinnosti na tejto webovej str\u00e1nke. S\u00fabory cookie umo\u017e\u0148uj\u00fa a u\u013eah\u010duj\u00fa preh\u013ead\u00e1vanie. Cie\u013eom tejto inform\u00e1cie je poskytn\u00fa\u0165 v\u00e1m inform\u00e1cie o\u00a0tom, ak\u00e9 osobn\u00e9 \u00fadaje vo forme cookies sprac\u00favame, ako [&hellip;]<\/p>\n","protected":false},"author":1,"featured_media":0,"parent":0,"menu_order":0,"comment_status":"closed","ping_status":"closed","template":"","meta":{"footnotes":""},"class_list":["post-7761","page","type-page","status-publish","hentry"],"_links":{"self":[{"href":"http:\/\/szss-nitra.sk\/index.php?rest_route=\/wp\/v2\/pages\/7761","targetHints":{"allow":["GET"]}}],"collection":[{"href":"http:\/\/szss-nitra.sk\/index.php?rest_route=\/wp\/v2\/pages"}],"about":[{"href":"http:\/\/szss-nitra.sk\/index.php?rest_route=\/wp\/v2\/types\/page"}],"author":[{"embeddable":true,"href":"http:\/\/szss-nitra.sk\/index.php?rest_route=\/wp\/v2\/users\/1"}],"replies":[{"embeddable":true,"href":"http:\/\/szss-nitra.sk\/index.php?rest_route=%2Fwp%2Fv2%2Fcomments&post=7761"}],"version-history":[{"count":7,"href":"http:\/\/szss-nitra.sk\/index.php?rest_route=\/wp\/v2\/pages\/7761\/revisions"}],"predecessor-version":[{"id":7962,"href":"http:\/\/szss-nitra.sk\/index.php?rest_route=\/wp\/v2\/pages\/7761\/revisions\/7962"}],"wp:attachment":[{"href":"http:\/\/szss-nitra.sk\/index.php?rest_route=%2Fwp%2Fv2%2Fmedia&parent=7761"}],"curies":[{"name":"wp","href":"https:\/\/api.w.org\/{rel}","templated":true}]}}