{"id":6511,"date":"2021-04-07T12:57:55","date_gmt":"2021-04-07T10:57:55","guid":{"rendered":"http:\/\/szss-nitra.sk\/?page_id=6511"},"modified":"2026-04-08T09:03:12","modified_gmt":"2026-04-08T07:03:12","slug":"jedalny-listok-zps-a-zos-zobor","status":"publish","type":"page","link":"http:\/\/szss-nitra.sk\/?page_id=6511","title":{"rendered":"Jed\u00e1lny l\u00edstok ZpS a ZOS Zobor"},"content":{"rendered":"<table style=\"border: none;\">\n<tbody>\n<tr>\n<td style=\"width: 30%; vertical-align: top;\">\n<p><a href=\"http:\/\/szss-nitra.sk\/?page_id=12320\">Poslanie, hodnoty a v\u00edzia<\/a><\/p>\n<p><a href=\"http:\/\/szss-nitra.sk\/?page_id=3989\">Kontakt<\/a><\/p>\n<p><a href=\"http:\/\/szss-nitra.sk\/?page_id=3987\">Ako vybavi\u0165<\/a><\/p>\n<p><a href=\"http:\/\/szss-nitra.sk\/?page_id=3997\">Poskytovan\u00e9 slu\u017eby<\/a><\/p>\n<p><a href=\"http:\/\/szss-nitra.sk\/?page_id=12329\">Komu nemo\u017eno poskytova\u0165<\/a><\/p>\n<p><a href=\"http:\/\/szss-nitra.sk\/?page_id=4021\">Legislat\u00edva<\/a><\/p>\n<p><a href=\"http:\/\/szss-nitra.sk\/?page_id=3986\">Cenn\u00edk<\/a><\/p>\n<p><a href=\"http:\/\/szss-nitra.sk\/?page_id=3988\">Evidencia \u017eiadate\u013eov<\/a><\/p>\n<p><a href=\"http:\/\/szss-nitra.sk\/?page_id=3985\">Fotogal\u00e9ria<\/a><\/p>\n<p><a href=\"http:\/\/szss-nitra.sk\/?page_id=12331\">Z\u00e1ujmov\u00e1 \u010dinnos\u0165<\/a><\/p>\n<p><a href=\"http:\/\/szss-nitra.sk\/?page_id=6511\"><strong>Jed\u00e1lny l\u00edstok<\/strong><\/a><\/p>\n<p><a href=\"http:\/\/szss-nitra.sk\/wp-content\/uploads\/2023\/10\/menu_ico_obedy.png\"><img loading=\"lazy\" decoding=\"async\" class=\"alignnone wp-image-10673\" src=\"http:\/\/szss-nitra.sk\/wp-content\/uploads\/2023\/10\/menu_ico_obedy.png\" alt=\"\" width=\"125\" height=\"108\" \/><\/a><\/p>\n<\/td>\n<td><span style=\"color: #ffffff;\">.<\/span><\/td>\n<td style=\"vertical-align: top; text-align: justify;\">\n<p style=\"text-align: center;\"><strong><img loading=\"lazy\" decoding=\"async\" class=\"alignnone size-full wp-image-11770\" src=\"http:\/\/szss-nitra.sk\/wp-content\/uploads\/2024\/02\/sipka_mini2.png\" alt=\"\" width=\"40\" height=\"25\" \/>\u00a0On-line objedn\u00e1vka obedov tu<\/strong>: <strong><a href=\"https:\/\/sportal.wegalh.sk:8443\/strava-client\/faces\/index.xhtml\" target=\"_blank\" rel=\"noopener\">https:\/\/sportal.wegalh.sk<\/a><\/strong><\/p>\n<hr \/>\n<p>Jed\u00e1lny l\u00edstok zariadenie pre seniorov a zariadenie opatrovate\u013eskej slu\u017eby &#8211; celodenn\u00e1 strava<\/p>\n<p style=\"text-align: center;\"><span style=\"color: #ffffff;\">.<\/span><\/p>\n<p style=\"text-align: center;\"><img loading=\"lazy\" decoding=\"async\" class=\"alignnone size-full wp-image-3164\" src=\"http:\/\/szss-nitra.sk\/wp-content\/uploads\/2013\/10\/pdf_mini.png\" alt=\"\" width=\"30\" height=\"30\" srcset=\"http:\/\/szss-nitra.sk\/wp-content\/uploads\/2013\/10\/pdf_mini.png 30w, http:\/\/szss-nitra.sk\/wp-content\/uploads\/2013\/10\/pdf_mini-24x24.png 24w\" sizes=\"auto, (max-width: 30px) 100vw, 30px\" \/> \u00a0 <strong><a href=\"http:\/\/szss-nitra.sk\/wp-content\/uploads\/2026\/04\/JED_LIST14.04-20.04.2026.pdf\" target=\"_blank\" rel=\"noopener noreferrer\">14.04.-20.04.2026<\/a><\/strong><\/p>\n<p style=\"text-align: center;\"><img loading=\"lazy\" decoding=\"async\" class=\"alignnone size-full wp-image-3164\" src=\"http:\/\/szss-nitra.sk\/wp-content\/uploads\/2013\/10\/pdf_mini.png\" alt=\"\" width=\"30\" height=\"30\" srcset=\"http:\/\/szss-nitra.sk\/wp-content\/uploads\/2013\/10\/pdf_mini.png 30w, http:\/\/szss-nitra.sk\/wp-content\/uploads\/2013\/10\/pdf_mini-24x24.png 24w\" sizes=\"auto, (max-width: 30px) 100vw, 30px\" \/> \u00a0 <strong><a href=\"http:\/\/szss-nitra.sk\/wp-content\/uploads\/2026\/03\/JED_LIST-07.4-13.04.2026.pdf\" target=\"_blank\" rel=\"noopener noreferrer\">07.04.-13.04.2026<\/a><\/strong><\/p>\n<p><span style=\"color: #ffffff;\">.<\/span><\/p>\n<hr \/>\n<p>Ing. Veronika <strong>S\u00fa\u013eovcov\u00e1<\/strong><br \/>E-mail: sulovcova<img decoding=\"async\" class=\"\" src=\"http:\/\/szss-nitra.sk\/wp-content\/images\/zavinac.png\" \/>zpszobor.sk<br \/>ved\u00faca \u00faseku stravovac\u00edch zariaden\u00ed a podnikate\u013eskej \u010dinnosti Zobor<br \/>037\/69 267 20<br \/>0903 582 215<br \/><span style=\"color: #ffffff;\">.<\/span><\/p>\n<p>Martina <strong>Froncov\u00e1<\/strong><br \/>E-mail: froncova<img decoding=\"async\" class=\"\" src=\"http:\/\/szss-nitra.sk\/wp-content\/images\/zavinac.png\" \/>zpszobor.sk<br \/>referent skladov\u00e9ho hospod\u00e1rstva<br \/>037\/69 267 20<\/p>\n<\/td>\n<\/tr>\n<\/tbody>\n<\/table>\n\n\n<p><\/p>\n","protected":false},"excerpt":{"rendered":"<p>Poslanie, hodnoty a v\u00edzia Kontakt Ako vybavi\u0165 Poskytovan\u00e9 slu\u017eby Komu nemo\u017eno poskytova\u0165 Legislat\u00edva Cenn\u00edk Evidencia \u017eiadate\u013eov Fotogal\u00e9ria Z\u00e1ujmov\u00e1 \u010dinnos\u0165 Jed\u00e1lny l\u00edstok . \u00a0On-line objedn\u00e1vka obedov tu: https:\/\/sportal.wegalh.sk Jed\u00e1lny l\u00edstok zariadenie pre seniorov a zariadenie opatrovate\u013eskej slu\u017eby &#8211; celodenn\u00e1 strava . \u00a0 14.04.-20.04.2026 \u00a0 07.04.-13.04.2026 . Ing. Veronika S\u00fa\u013eovcov\u00e1E-mail: sulovcovazpszobor.skved\u00faca \u00faseku stravovac\u00edch zariaden\u00ed a podnikate\u013eskej \u010dinnosti [&hellip;]<\/p>\n","protected":false},"author":1,"featured_media":0,"parent":3983,"menu_order":0,"comment_status":"closed","ping_status":"closed","template":"","meta":{"footnotes":""},"class_list":["post-6511","page","type-page","status-publish","hentry"],"_links":{"self":[{"href":"http:\/\/szss-nitra.sk\/index.php?rest_route=\/wp\/v2\/pages\/6511","targetHints":{"allow":["GET"]}}],"collection":[{"href":"http:\/\/szss-nitra.sk\/index.php?rest_route=\/wp\/v2\/pages"}],"about":[{"href":"http:\/\/szss-nitra.sk\/index.php?rest_route=\/wp\/v2\/types\/page"}],"author":[{"embeddable":true,"href":"http:\/\/szss-nitra.sk\/index.php?rest_route=\/wp\/v2\/users\/1"}],"replies":[{"embeddable":true,"href":"http:\/\/szss-nitra.sk\/index.php?rest_route=%2Fwp%2Fv2%2Fcomments&post=6511"}],"version-history":[{"count":327,"href":"http:\/\/szss-nitra.sk\/index.php?rest_route=\/wp\/v2\/pages\/6511\/revisions"}],"predecessor-version":[{"id":16294,"href":"http:\/\/szss-nitra.sk\/index.php?rest_route=\/wp\/v2\/pages\/6511\/revisions\/16294"}],"up":[{"embeddable":true,"href":"http:\/\/szss-nitra.sk\/index.php?rest_route=\/wp\/v2\/pages\/3983"}],"wp:attachment":[{"href":"http:\/\/szss-nitra.sk\/index.php?rest_route=%2Fwp%2Fv2%2Fmedia&parent=6511"}],"curies":[{"name":"wp","href":"https:\/\/api.w.org\/{rel}","templated":true}]}}