{"id":614,"date":"2015-07-21T12:34:23","date_gmt":"2015-07-21T10:34:23","guid":{"rendered":"http:\/\/szss-nitra.sk\/?page_id=614"},"modified":"2018-07-03T08:38:24","modified_gmt":"2018-07-03T06:38:24","slug":"socialne-sluzby","status":"publish","type":"page","link":"http:\/\/szss-nitra.sk\/?page_id=614","title":{"rendered":"Soci\u00e1lne slu\u017eby"},"content":{"rendered":"<h4 style=\"text-align: center;\"><a href=\"http:\/\/szss-nitra.sk\/?page_id=3983\">Zariadenie pre seniorov<\/a><\/h4>\n<h4 style=\"text-align: center;\"><a href=\"http:\/\/szss-nitra.sk\/?page_id=4057\">Zariadenie opatrovate\u013eskej slu\u017eby<\/a><\/h4>\n<h4 style=\"text-align: center;\"><a href=\"http:\/\/szss-nitra.sk\/?page_id=3203\">Dom\u00e1ca opatrovate\u013esk\u00e1 slu\u017eba<\/a><\/h4>\n<h4 style=\"text-align: center;\"><a href=\"http:\/\/szss-nitra.sk\/?page_id=3818\">Denn\u00fd stacion\u00e1r<\/a><\/h4>\n<h4 style=\"text-align: center;\"><a href=\"http:\/\/szss-nitra.sk\/?page_id=3395\">Soci\u00e1lna slu\u017eba v jed\u00e1lni<\/a><\/h4>\n<h4 style=\"text-align: center;\"><a href=\"http:\/\/szss-nitra.sk\/?page_id=3282\">Prepravn\u00e1 slu\u017eba<\/a><\/h4>\n<h4 style=\"text-align: center;\"><a href=\"http:\/\/szss-nitra.sk\/?page_id=3456\">Denn\u00e9 centrum<\/a><\/h4>\n<h4 style=\"text-align: center;\"><a href=\"http:\/\/szss-nitra.sk\/?page_id=3357\">Po\u017ei\u010diavanie pom\u00f4cok<\/a><\/h4>\n","protected":false},"excerpt":{"rendered":"<p>Zariadenie pre seniorov Zariadenie opatrovate\u013eskej slu\u017eby Dom\u00e1ca opatrovate\u013esk\u00e1 slu\u017eba Denn\u00fd stacion\u00e1r Soci\u00e1lna slu\u017eba v jed\u00e1lni Prepravn\u00e1 slu\u017eba Denn\u00e9 centrum Po\u017ei\u010diavanie pom\u00f4cok<\/p>\n","protected":false},"author":1,"featured_media":0,"parent":0,"menu_order":0,"comment_status":"closed","ping_status":"closed","template":"","meta":{"footnotes":""},"class_list":["post-614","page","type-page","status-publish","hentry"],"_links":{"self":[{"href":"http:\/\/szss-nitra.sk\/index.php?rest_route=\/wp\/v2\/pages\/614","targetHints":{"allow":["GET"]}}],"collection":[{"href":"http:\/\/szss-nitra.sk\/index.php?rest_route=\/wp\/v2\/pages"}],"about":[{"href":"http:\/\/szss-nitra.sk\/index.php?rest_route=\/wp\/v2\/types\/page"}],"author":[{"embeddable":true,"href":"http:\/\/szss-nitra.sk\/index.php?rest_route=\/wp\/v2\/users\/1"}],"replies":[{"embeddable":true,"href":"http:\/\/szss-nitra.sk\/index.php?rest_route=%2Fwp%2Fv2%2Fcomments&post=614"}],"version-history":[{"count":9,"href":"http:\/\/szss-nitra.sk\/index.php?rest_route=\/wp\/v2\/pages\/614\/revisions"}],"predecessor-version":[{"id":4080,"href":"http:\/\/szss-nitra.sk\/index.php?rest_route=\/wp\/v2\/pages\/614\/revisions\/4080"}],"wp:attachment":[{"href":"http:\/\/szss-nitra.sk\/index.php?rest_route=%2Fwp%2Fv2%2Fmedia&parent=614"}],"curies":[{"name":"wp","href":"https:\/\/api.w.org\/{rel}","templated":true}]}}