{"id":609,"date":"2015-07-21T12:15:20","date_gmt":"2015-07-21T10:15:20","guid":{"rendered":"http:\/\/szss-nitra.sk\/?page_id=609"},"modified":"2023-06-30T15:50:05","modified_gmt":"2023-06-30T13:50:05","slug":"zverejnovanie","status":"publish","type":"page","link":"http:\/\/szss-nitra.sk\/?page_id=609","title":{"rendered":"Zverej\u0148ovanie"},"content":{"rendered":"<h4 style=\"text-align: justify;\"><strong>Cenn\u00edk za poskytovanie soci\u00e1lnych slu\u017eieb<\/strong><\/h4>\n<p><img loading=\"lazy\" decoding=\"async\" class=\"alignnone size-full wp-image-3163\" src=\"http:\/\/szss-nitra.sk\/wp-content\/uploads\/2013\/10\/folder_mini.png\" alt=\"\" width=\"30\" height=\"30\" srcset=\"http:\/\/szss-nitra.sk\/wp-content\/uploads\/2013\/10\/folder_mini.png 30w, http:\/\/szss-nitra.sk\/wp-content\/uploads\/2013\/10\/folder_mini-24x24.png 24w\" sizes=\"auto, (max-width: 30px) 100vw, 30px\" \/> <a href=\"http:\/\/szss-nitra.sk\/?page_id=7969\">http:\/\/szss-nitra.sk\/cennik<\/a><\/p>\n<h4 style=\"text-align: justify;\"><strong>Dokumenty\u00a0<\/strong><\/h4>\n<p><img loading=\"lazy\" decoding=\"async\" class=\"alignnone size-full wp-image-3163\" src=\"http:\/\/szss-nitra.sk\/wp-content\/uploads\/2013\/10\/folder_mini.png\" alt=\"\" width=\"30\" height=\"30\" srcset=\"http:\/\/szss-nitra.sk\/wp-content\/uploads\/2013\/10\/folder_mini.png 30w, http:\/\/szss-nitra.sk\/wp-content\/uploads\/2013\/10\/folder_mini-24x24.png 24w\" sizes=\"auto, (max-width: 30px) 100vw, 30px\" \/> <a href=\"https:\/\/szss-nitra.sk\/?page_id=4852\">http:\/\/szss-nitra.sk\/organizacny_poriadok<\/a> <strong>&#8211; Organiza\u010dn\u00fd poriadok<\/strong><br \/>\n<img loading=\"lazy\" decoding=\"async\" class=\"alignnone size-full wp-image-3163\" src=\"http:\/\/szss-nitra.sk\/wp-content\/uploads\/2013\/10\/folder_mini.png\" alt=\"\" width=\"30\" height=\"30\" srcset=\"http:\/\/szss-nitra.sk\/wp-content\/uploads\/2013\/10\/folder_mini.png 30w, http:\/\/szss-nitra.sk\/wp-content\/uploads\/2013\/10\/folder_mini-24x24.png 24w\" sizes=\"auto, (max-width: 30px) 100vw, 30px\" \/> <a href=\"https:\/\/szss-nitra.sk\/?page_id=10017\">http:\/\/szss-nitra.sk\/pracovny_poriadok<\/a> <strong>&#8211; Pracovn\u00fd poriadok<\/strong><br \/>\n<img loading=\"lazy\" decoding=\"async\" class=\"alignnone size-full wp-image-3163\" src=\"http:\/\/szss-nitra.sk\/wp-content\/uploads\/2013\/10\/folder_mini.png\" alt=\"\" width=\"30\" height=\"30\" srcset=\"http:\/\/szss-nitra.sk\/wp-content\/uploads\/2013\/10\/folder_mini.png 30w, http:\/\/szss-nitra.sk\/wp-content\/uploads\/2013\/10\/folder_mini-24x24.png 24w\" sizes=\"auto, (max-width: 30px) 100vw, 30px\" \/> <a href=\"http:\/\/szss-nitra.sk\/?page_id=288\">http:\/\/szss-nitra.sk\/kolekt\u00edvna_zmluva<\/a> <strong>&#8211; Kolekt\u00edvna zmluva<\/strong><\/p>\n<h4 style=\"text-align: justify;\"><strong>Zverej\u0148ovanie fakt\u00far<\/strong><\/h4>\n<p style=\"text-align: justify;\">Fakt\u00fary povinne zverej\u0148ovan\u00e9 pod\u013ea z\u00e1kona \u010d. 211\/2000 Z.z. s\u00fa centr\u00e1lne zverej\u0148ovan\u00e9 na webovej str\u00e1nke Mesta Nitra.<\/p>\n<p style=\"text-align: justify;\">Fakt\u00fary mestskej organiz\u00e1cie Spr\u00e1va zariaden\u00ed soci\u00e1lnych slu\u017eieb n\u00e1jdete na nasledovnom odkaze: <a href=\"https:\/\/nitra.sk\/faktury\/\" target=\"_blank\" rel=\"noopener noreferrer\">https:\/\/www.nitra.sk\/register\/zoznam\/faktury<\/a><\/p>\n<h4><strong>Zverej\u0148ovanie objedn\u00e1vok<\/strong><\/h4>\n<p style=\"text-align: justify;\">Objedn\u00e1vky povinne zverej\u0148ovan\u00e9 pod\u013ea z\u00e1kona \u010d. 211\/2000 Z.z. s\u00fa centr\u00e1lne zverej\u0148ovan\u00e9 na webovej str\u00e1nke Mesta Nitra.<\/p>\n<p style=\"text-align: justify;\">Objedn\u00e1vky mestskej organiz\u00e1cie Spr\u00e1va zariaden\u00ed soci\u00e1lnych slu\u017eieb n\u00e1jdete na nasledovnom odkaze: <a href=\"https:\/\/nitra.sk\/objednavky\/\" target=\"_blank\" rel=\"noopener noreferrer\">https:\/\/www.nitra.sk\/register\/zoznam\/objednavky<\/a><\/p>\n<h4><strong>Zverej\u0148ovanie zml\u00fav<\/strong><\/h4>\n<p style=\"text-align: justify;\">Zmluvy povinne zverej\u0148ovan\u00e9 pod\u013ea z\u00e1kona \u010d. 211\/2000 Z.z. s\u00fa centr\u00e1lne zverej\u0148ovan\u00e9 na webovej str\u00e1nke Mesta Nitra.<\/p>\n<p style=\"text-align: justify;\">Zmluvy mestskej organiz\u00e1cie Spr\u00e1va zariaden\u00ed soci\u00e1lnych slu\u017eieb n\u00e1jdete na nasledovnom odkaze: <a href=\"https:\/\/nitra.sk\/zmluvy\/\" target=\"_blank\" rel=\"noopener noreferrer\">https:\/\/www.nitra.sk\/register\/zoznam\/zmluvy<\/a><\/p>\n<h4 style=\"text-align: justify;\"><strong>Verejn\u00e9 obstar\u00e1vanie<\/strong><\/h4>\n<p><img loading=\"lazy\" decoding=\"async\" class=\"alignnone size-full wp-image-3163\" src=\"http:\/\/szss-nitra.sk\/wp-content\/uploads\/2013\/10\/folder_mini.png\" alt=\"\" width=\"30\" height=\"30\" srcset=\"http:\/\/szss-nitra.sk\/wp-content\/uploads\/2013\/10\/folder_mini.png 30w, http:\/\/szss-nitra.sk\/wp-content\/uploads\/2013\/10\/folder_mini-24x24.png 24w\" sizes=\"auto, (max-width: 30px) 100vw, 30px\" \/><a href=\"http:\/\/szss-nitra.sk\/?page_id=174\"> http:\/\/szss-nitra.sk\/verejn\u00e9_obstar\u00e1vanie<\/a><\/p>\n<h4 style=\"text-align: justify;\"><strong>ARCH\u00cdV<\/strong><\/h4>\n<p><img loading=\"lazy\" decoding=\"async\" class=\"alignnone size-full wp-image-3173\" src=\"http:\/\/szss-nitra.sk\/wp-content\/uploads\/2015\/07\/archive_mini.png\" alt=\"\" width=\"30\" height=\"30\" srcset=\"http:\/\/szss-nitra.sk\/wp-content\/uploads\/2015\/07\/archive_mini.png 30w, http:\/\/szss-nitra.sk\/wp-content\/uploads\/2015\/07\/archive_mini-24x24.png 24w\" sizes=\"auto, (max-width: 30px) 100vw, 30px\" \/><a href=\"http:\/\/szss-nitra.sk\/?page_id=267\"> http:\/\/szss-nitra.sk\/ARCHIV<\/a><\/p>\n","protected":false},"excerpt":{"rendered":"<p>Cenn\u00edk za poskytovanie soci\u00e1lnych slu\u017eieb http:\/\/szss-nitra.sk\/cennik Dokumenty\u00a0 http:\/\/szss-nitra.sk\/organizacny_poriadok &#8211; Organiza\u010dn\u00fd poriadok http:\/\/szss-nitra.sk\/pracovny_poriadok &#8211; Pracovn\u00fd poriadok http:\/\/szss-nitra.sk\/kolekt\u00edvna_zmluva &#8211; Kolekt\u00edvna zmluva Zverej\u0148ovanie fakt\u00far Fakt\u00fary povinne zverej\u0148ovan\u00e9 pod\u013ea z\u00e1kona \u010d. 211\/2000 Z.z. s\u00fa centr\u00e1lne zverej\u0148ovan\u00e9 na webovej str\u00e1nke Mesta Nitra. Fakt\u00fary mestskej organiz\u00e1cie Spr\u00e1va zariaden\u00ed soci\u00e1lnych slu\u017eieb n\u00e1jdete na nasledovnom odkaze: https:\/\/www.nitra.sk\/register\/zoznam\/faktury Zverej\u0148ovanie objedn\u00e1vok Objedn\u00e1vky povinne zverej\u0148ovan\u00e9 pod\u013ea [&hellip;]<\/p>\n","protected":false},"author":1,"featured_media":0,"parent":0,"menu_order":0,"comment_status":"closed","ping_status":"closed","template":"","meta":{"footnotes":""},"class_list":["post-609","page","type-page","status-publish","hentry"],"_links":{"self":[{"href":"http:\/\/szss-nitra.sk\/index.php?rest_route=\/wp\/v2\/pages\/609","targetHints":{"allow":["GET"]}}],"collection":[{"href":"http:\/\/szss-nitra.sk\/index.php?rest_route=\/wp\/v2\/pages"}],"about":[{"href":"http:\/\/szss-nitra.sk\/index.php?rest_route=\/wp\/v2\/types\/page"}],"author":[{"embeddable":true,"href":"http:\/\/szss-nitra.sk\/index.php?rest_route=\/wp\/v2\/users\/1"}],"replies":[{"embeddable":true,"href":"http:\/\/szss-nitra.sk\/index.php?rest_route=%2Fwp%2Fv2%2Fcomments&post=609"}],"version-history":[{"count":20,"href":"http:\/\/szss-nitra.sk\/index.php?rest_route=\/wp\/v2\/pages\/609\/revisions"}],"predecessor-version":[{"id":10031,"href":"http:\/\/szss-nitra.sk\/index.php?rest_route=\/wp\/v2\/pages\/609\/revisions\/10031"}],"wp:attachment":[{"href":"http:\/\/szss-nitra.sk\/index.php?rest_route=%2Fwp%2Fv2%2Fmedia&parent=609"}],"curies":[{"name":"wp","href":"https:\/\/api.w.org\/{rel}","templated":true}]}}