{"id":5225,"date":"2020-03-26T08:47:23","date_gmt":"2020-03-26T06:47:23","guid":{"rendered":"http:\/\/szss-nitra.sk\/?page_id=5225"},"modified":"2026-03-25T10:58:14","modified_gmt":"2026-03-25T08:58:14","slug":"vyrocne-spravy","status":"publish","type":"page","link":"http:\/\/szss-nitra.sk\/?page_id=5225","title":{"rendered":"V\u00fdro\u010dn\u00e9 spr\u00e1vy"},"content":{"rendered":"<p>V\u00fdro\u010dn\u00e1 spr\u00e1va &#8211; Rozbor hospod\u00e1rskej \u010dinnosti<\/p>\n<p>Rok 2025<\/p>\n<p style=\"text-align: left;\"><img loading=\"lazy\" decoding=\"async\" class=\"alignnone wp-image-3164 size-full\" src=\"http:\/\/szss-nitra.sk\/wp-content\/uploads\/2013\/10\/pdf_mini.png\" alt=\"\" width=\"30\" height=\"30\" srcset=\"http:\/\/szss-nitra.sk\/wp-content\/uploads\/2013\/10\/pdf_mini.png 30w, http:\/\/szss-nitra.sk\/wp-content\/uploads\/2013\/10\/pdf_mini-24x24.png 24w\" sizes=\"auto, (max-width: 30px) 100vw, 30px\" \/> <a href=\"http:\/\/szss-nitra.sk\/wp-content\/uploads\/2026\/03\/2025_rozbor_hospodarenia_FINAL.pdf\" target=\"_blank\" rel=\"noopener noreferrer\">http:\/\/szss-nitra.sk\/rozbor_2025.pdf<\/a><\/p>\n<p>Rok 2024<\/p>\n<p style=\"text-align: left;\"><img loading=\"lazy\" decoding=\"async\" class=\"alignnone wp-image-3164 size-full\" src=\"http:\/\/szss-nitra.sk\/wp-content\/uploads\/2013\/10\/pdf_mini.png\" alt=\"\" width=\"30\" height=\"30\" srcset=\"http:\/\/szss-nitra.sk\/wp-content\/uploads\/2013\/10\/pdf_mini.png 30w, http:\/\/szss-nitra.sk\/wp-content\/uploads\/2013\/10\/pdf_mini-24x24.png 24w\" sizes=\"auto, (max-width: 30px) 100vw, 30px\" \/> <a href=\"http:\/\/szss-nitra.sk\/wp-content\/uploads\/2025\/03\/Rozbor-za-rok-2024_FINAL.pdf\" target=\"_blank\" rel=\"noopener noreferrer\">http:\/\/szss-nitra.sk\/rozbor_2024.pdf<\/a><\/p>\n<p>Rok 2023<\/p>\n<p style=\"text-align: left;\"><img loading=\"lazy\" decoding=\"async\" class=\"alignnone wp-image-3164 size-full\" src=\"http:\/\/szss-nitra.sk\/wp-content\/uploads\/2013\/10\/pdf_mini.png\" alt=\"\" width=\"30\" height=\"30\" srcset=\"http:\/\/szss-nitra.sk\/wp-content\/uploads\/2013\/10\/pdf_mini.png 30w, http:\/\/szss-nitra.sk\/wp-content\/uploads\/2013\/10\/pdf_mini-24x24.png 24w\" sizes=\"auto, (max-width: 30px) 100vw, 30px\" \/> <a href=\"http:\/\/szss-nitra.sk\/wp-content\/uploads\/2024\/03\/Rozbor-2023_Final.pdf\" target=\"_blank\" rel=\"noopener noreferrer\">http:\/\/szss-nitra.sk\/rozbor_2023.pdf<\/a><\/p>\n<p>Rok 2022<\/p>\n<p style=\"text-align: left;\"><img loading=\"lazy\" decoding=\"async\" class=\"alignnone wp-image-3164 size-full\" src=\"http:\/\/szss-nitra.sk\/wp-content\/uploads\/2013\/10\/pdf_mini.png\" alt=\"\" width=\"30\" height=\"30\" srcset=\"http:\/\/szss-nitra.sk\/wp-content\/uploads\/2013\/10\/pdf_mini.png 30w, http:\/\/szss-nitra.sk\/wp-content\/uploads\/2013\/10\/pdf_mini-24x24.png 24w\" sizes=\"auto, (max-width: 30px) 100vw, 30px\" \/> <a href=\"http:\/\/szss-nitra.sk\/wp-content\/uploads\/2023\/03\/Rozbor-SZSS-za-rok-2022_pre_tlac_FINAL_na_web.pdf\" target=\"_blank\" rel=\"noopener noreferrer\">http:\/\/szss-nitra.sk\/rozbor_2022.pdf<\/a><\/p>\n<p>Rok 2021<\/p>\n<p style=\"text-align: left;\"><img loading=\"lazy\" decoding=\"async\" class=\"alignnone wp-image-3164 size-full\" src=\"http:\/\/szss-nitra.sk\/wp-content\/uploads\/2013\/10\/pdf_mini.png\" alt=\"\" width=\"30\" height=\"30\" srcset=\"http:\/\/szss-nitra.sk\/wp-content\/uploads\/2013\/10\/pdf_mini.png 30w, http:\/\/szss-nitra.sk\/wp-content\/uploads\/2013\/10\/pdf_mini-24x24.png 24w\" sizes=\"auto, (max-width: 30px) 100vw, 30px\" \/> <a href=\"http:\/\/szss-nitra.sk\/wp-content\/uploads\/2022\/03\/Rozbor-2021_final_tlac_opr_2022_03_25.pdf\" target=\"_blank\" rel=\"noopener noreferrer\">http:\/\/szss-nitra.sk\/rozbor_2021.pdf<\/a><\/p>\n<p>Rok 2020<\/p>\n<p style=\"text-align: left;\"><img loading=\"lazy\" decoding=\"async\" class=\"alignnone wp-image-3164 size-full\" src=\"http:\/\/szss-nitra.sk\/wp-content\/uploads\/2013\/10\/pdf_mini.png\" alt=\"\" width=\"30\" height=\"30\" srcset=\"http:\/\/szss-nitra.sk\/wp-content\/uploads\/2013\/10\/pdf_mini.png 30w, http:\/\/szss-nitra.sk\/wp-content\/uploads\/2013\/10\/pdf_mini-24x24.png 24w\" sizes=\"auto, (max-width: 30px) 100vw, 30px\" \/> <a href=\"http:\/\/szss-nitra.sk\/wp-content\/uploads\/2020\/03\/ROZBOR-2020.pdf\" target=\"_blank\" rel=\"noopener noreferrer\">http:\/\/szss-nitra.sk\/rozbor_2020.pdf<\/a><\/p>\n<p>Rok 2019<\/p>\n<p style=\"text-align: left;\"><img loading=\"lazy\" decoding=\"async\" class=\"alignnone wp-image-3164 size-full\" src=\"http:\/\/szss-nitra.sk\/wp-content\/uploads\/2013\/10\/pdf_mini.png\" alt=\"\" width=\"30\" height=\"30\" srcset=\"http:\/\/szss-nitra.sk\/wp-content\/uploads\/2013\/10\/pdf_mini.png 30w, http:\/\/szss-nitra.sk\/wp-content\/uploads\/2013\/10\/pdf_mini-24x24.png 24w\" sizes=\"auto, (max-width: 30px) 100vw, 30px\" \/> <a href=\"http:\/\/szss-nitra.sk\/wp-content\/uploads\/2020\/03\/ROZBOR-2019-nov\u00fd.pdf\" target=\"_blank\" rel=\"noopener noreferrer\">http:\/\/szss-nitra.sk\/rozbor_2019.pdf<\/a><\/p>\n<p>Rok 2018<\/p>\n<p style=\"text-align: left;\"><img loading=\"lazy\" decoding=\"async\" class=\"alignnone wp-image-3164 size-full\" src=\"http:\/\/szss-nitra.sk\/wp-content\/uploads\/2013\/10\/pdf_mini.png\" alt=\"\" width=\"30\" height=\"30\" srcset=\"http:\/\/szss-nitra.sk\/wp-content\/uploads\/2013\/10\/pdf_mini.png 30w, http:\/\/szss-nitra.sk\/wp-content\/uploads\/2013\/10\/pdf_mini-24x24.png 24w\" sizes=\"auto, (max-width: 30px) 100vw, 30px\" \/> <a href=\"http:\/\/szss-nitra.sk\/wp-content\/uploads\/2023\/03\/ROZBOR-2018.pdf\" target=\"_blank\" rel=\"noopener noreferrer\">http:\/\/szss-nitra.sk\/rozbor_2018.pdf<\/a><\/p>\n<p>Rok 2017<\/p>\n<p style=\"text-align: left;\"><img loading=\"lazy\" decoding=\"async\" class=\"alignnone wp-image-3164 size-full\" src=\"http:\/\/szss-nitra.sk\/wp-content\/uploads\/2013\/10\/pdf_mini.png\" alt=\"\" width=\"30\" height=\"30\" srcset=\"http:\/\/szss-nitra.sk\/wp-content\/uploads\/2013\/10\/pdf_mini.png 30w, http:\/\/szss-nitra.sk\/wp-content\/uploads\/2013\/10\/pdf_mini-24x24.png 24w\" sizes=\"auto, (max-width: 30px) 100vw, 30px\" \/> <a href=\"http:\/\/szss-nitra.sk\/wp-content\/uploads\/2023\/03\/rozbor_2017.pdf\" target=\"_blank\" rel=\"noopener noreferrer\">http:\/\/szss-nitra.sk\/rozbor_2017.pdf<\/a><\/p>\n<p>Rok 2016<\/p>\n<p style=\"text-align: left;\"><img loading=\"lazy\" decoding=\"async\" class=\"alignnone wp-image-3164 size-full\" src=\"http:\/\/szss-nitra.sk\/wp-content\/uploads\/2013\/10\/pdf_mini.png\" alt=\"\" width=\"30\" height=\"30\" srcset=\"http:\/\/szss-nitra.sk\/wp-content\/uploads\/2013\/10\/pdf_mini.png 30w, http:\/\/szss-nitra.sk\/wp-content\/uploads\/2013\/10\/pdf_mini-24x24.png 24w\" sizes=\"auto, (max-width: 30px) 100vw, 30px\" \/> <a href=\"http:\/\/szss-nitra.sk\/wp-content\/uploads\/2023\/03\/rozbor_2016.pdf\" target=\"_blank\" rel=\"noopener noreferrer\">http:\/\/szss-nitra.sk\/rozbor_2016.pdf<\/a><\/p>\n<p>Rok 2015<\/p>\n<p style=\"text-align: left;\"><img loading=\"lazy\" decoding=\"async\" class=\"alignnone wp-image-3164 size-full\" src=\"http:\/\/szss-nitra.sk\/wp-content\/uploads\/2013\/10\/pdf_mini.png\" alt=\"\" width=\"30\" height=\"30\" srcset=\"http:\/\/szss-nitra.sk\/wp-content\/uploads\/2013\/10\/pdf_mini.png 30w, http:\/\/szss-nitra.sk\/wp-content\/uploads\/2013\/10\/pdf_mini-24x24.png 24w\" sizes=\"auto, (max-width: 30px) 100vw, 30px\" \/> <a href=\"http:\/\/szss-nitra.sk\/wp-content\/uploads\/2023\/03\/rozbor_2015.pdf\" target=\"_blank\" rel=\"noopener noreferrer\">http:\/\/szss-nitra.sk\/rozbor_2015.pdf<\/a><\/p>\n","protected":false},"excerpt":{"rendered":"<p>V\u00fdro\u010dn\u00e1 spr\u00e1va &#8211; Rozbor hospod\u00e1rskej \u010dinnosti Rok 2025 http:\/\/szss-nitra.sk\/rozbor_2025.pdf Rok 2024 http:\/\/szss-nitra.sk\/rozbor_2024.pdf Rok 2023 http:\/\/szss-nitra.sk\/rozbor_2023.pdf Rok 2022 http:\/\/szss-nitra.sk\/rozbor_2022.pdf Rok 2021 http:\/\/szss-nitra.sk\/rozbor_2021.pdf Rok 2020 http:\/\/szss-nitra.sk\/rozbor_2020.pdf Rok 2019 http:\/\/szss-nitra.sk\/rozbor_2019.pdf Rok 2018 http:\/\/szss-nitra.sk\/rozbor_2018.pdf Rok 2017 http:\/\/szss-nitra.sk\/rozbor_2017.pdf Rok 2016 http:\/\/szss-nitra.sk\/rozbor_2016.pdf Rok 2015 http:\/\/szss-nitra.sk\/rozbor_2015.pdf<\/p>\n","protected":false},"author":1,"featured_media":0,"parent":609,"menu_order":0,"comment_status":"closed","ping_status":"closed","template":"","meta":{"footnotes":""},"class_list":["post-5225","page","type-page","status-publish","hentry"],"_links":{"self":[{"href":"http:\/\/szss-nitra.sk\/index.php?rest_route=\/wp\/v2\/pages\/5225","targetHints":{"allow":["GET"]}}],"collection":[{"href":"http:\/\/szss-nitra.sk\/index.php?rest_route=\/wp\/v2\/pages"}],"about":[{"href":"http:\/\/szss-nitra.sk\/index.php?rest_route=\/wp\/v2\/types\/page"}],"author":[{"embeddable":true,"href":"http:\/\/szss-nitra.sk\/index.php?rest_route=\/wp\/v2\/users\/1"}],"replies":[{"embeddable":true,"href":"http:\/\/szss-nitra.sk\/index.php?rest_route=%2Fwp%2Fv2%2Fcomments&post=5225"}],"version-history":[{"count":15,"href":"http:\/\/szss-nitra.sk\/index.php?rest_route=\/wp\/v2\/pages\/5225\/revisions"}],"predecessor-version":[{"id":16174,"href":"http:\/\/szss-nitra.sk\/index.php?rest_route=\/wp\/v2\/pages\/5225\/revisions\/16174"}],"up":[{"embeddable":true,"href":"http:\/\/szss-nitra.sk\/index.php?rest_route=\/wp\/v2\/pages\/609"}],"wp:attachment":[{"href":"http:\/\/szss-nitra.sk\/index.php?rest_route=%2Fwp%2Fv2%2Fmedia&parent=5225"}],"curies":[{"name":"wp","href":"https:\/\/api.w.org\/{rel}","templated":true}]}}