{"id":4061,"date":"2018-05-21T14:45:56","date_gmt":"2018-05-21T12:45:56","guid":{"rendered":"http:\/\/szss-nitra.sk\/?page_id=4061"},"modified":"2025-02-14T10:26:21","modified_gmt":"2025-02-14T08:26:21","slug":"zariadenie-opatrovatelskej-sluzby-5","status":"publish","type":"page","link":"http:\/\/szss-nitra.sk\/?page_id=4061","title":{"rendered":"Zariadenie opatrovate\u013eskej slu\u017eby"},"content":{"rendered":"<table style=\"border: none;\">\n<tbody>\n<tr>\n<td style=\"width: 30%; vertical-align: top;\"><a href=\"http:\/\/szss-nitra.sk\/?page_id=12422\">Poslanie, hodnoty a v\u00edzia<\/a><\/p>\n<p><a href=\"http:\/\/szss-nitra.sk\/?page_id=4058\">Kontakt<\/a><\/p>\n<p><a href=\"http:\/\/szss-nitra.sk\/?page_id=4059\">Ako vybavi\u0165<\/a><\/p>\n<p><a href=\"http:\/\/szss-nitra.sk\/?page_id=4060\">Poskytovan\u00e9 slu\u017eby<\/a><\/p>\n<p><a href=\"http:\/\/szss-nitra.sk\/?page_id=12424\">Komu nemo\u017eno poskytova\u0165<\/a><\/p>\n<p><a href=\"http:\/\/szss-nitra.sk\/?page_id=4062\">Legislat\u00edva<\/a><\/p>\n<p><a href=\"http:\/\/szss-nitra.sk\/?page_id=4061\"><strong>Cenn\u00edk<\/strong><\/a><\/p>\n<p><a href=\"http:\/\/szss-nitra.sk\/?page_id=4063\">Evidencia \u017eiadate\u013eov<\/a><\/p>\n<p><a href=\"http:\/\/szss-nitra.sk\/?page_id=4064\">Fotogal\u00e9ria<\/a><\/p>\n<p><a href=\"http:\/\/szss-nitra.sk\/?page_id=12430\">Z\u00e1ujmov\u00e1 \u010dinnos\u0165<\/a><\/p>\n<p><a href=\"http:\/\/szss-nitra.sk\/?page_id=6511\">Jed\u00e1lny l\u00edstok<\/a><\/p>\n<p><img loading=\"lazy\" decoding=\"async\" class=\"alignnone wp-image-10981 size-full\" src=\"http:\/\/szss-nitra.sk\/wp-content\/uploads\/2024\/02\/menu_ico_ZOS.png\" alt=\"\" width=\"150\" height=\"150\" \/><\/td>\n<td><span style=\"color: #ffffff;\">.<\/span><\/td>\n<td style=\"vertical-align: top; text-align: justify;\">\n<p style=\"text-align: justify;\">1. <strong>V\u00fd\u0161ka \u00fahrady za pomoc pri odk\u00e1zanosti na pomoc inej fyzickej osoby<\/strong> pod\u013ea pr\u00edlohy \u010d. 3 z\u00e1kona o soci\u00e1lnych slu\u017eb\u00e1ch sa stanovuje na z\u00e1klade stup\u0148a odk\u00e1zanosti uveden\u00e9ho v pr\u00e1voplatnom rozhodnut\u00ed o odk\u00e1zanosti na ZOS:<\/p>\n<p style=\"text-align: justify;\">Tabu\u013eka \u010d. 1<\/p>\n<table>\n<tbody>\n<tr>\n<td width=\"196\">\n<p style=\"text-align: center;\"><strong>Stupe\u0148 odk\u00e1zanosti<\/strong><\/p>\n<\/td>\n<td width=\"183\">\n<p style=\"text-align: center;\"><strong>Rozsah hod\u00edn\/de\u0148<\/strong><\/p>\n<\/td>\n<td width=\"203\">\n<p style=\"text-align: center;\"><strong>\u00dahrada v \u20ac\/de\u0148<\/strong><\/p>\n<\/td>\n<\/tr>\n<tr>\n<td width=\"196\">\n<p style=\"text-align: center;\">II.<\/p>\n<\/td>\n<td width=\"183\">\n<p style=\"text-align: center;\">2 &#8211; 4<\/p>\n<\/td>\n<td width=\"203\">\n<p style=\"text-align: center;\">2,60<\/p>\n<\/td>\n<\/tr>\n<tr>\n<td width=\"196\">\n<p style=\"text-align: center;\">III.<\/p>\n<\/td>\n<td width=\"183\">\n<p style=\"text-align: center;\">4 &#8211; 6<\/p>\n<\/td>\n<td width=\"203\">\n<p style=\"text-align: center;\">3,50<\/p>\n<\/td>\n<\/tr>\n<tr>\n<td width=\"196\">\n<p style=\"text-align: center;\">IV.<\/p>\n<\/td>\n<td width=\"183\">\n<p style=\"text-align: center;\">6 &#8211; 8<\/p>\n<\/td>\n<td width=\"203\">\n<p style=\"text-align: center;\">4,00<\/p>\n<\/td>\n<\/tr>\n<tr>\n<td width=\"196\">\n<p style=\"text-align: center;\">V.<\/p>\n<\/td>\n<td width=\"183\">\n<p style=\"text-align: center;\">8 &#8211; 12<\/p>\n<\/td>\n<td width=\"203\">\n<p style=\"text-align: center;\">4,60<\/p>\n<\/td>\n<\/tr>\n<tr>\n<td width=\"196\">\n<p style=\"text-align: center;\">VI.<\/p>\n<\/td>\n<td width=\"183\">\n<p style=\"text-align: center;\">viac ako 12<\/p>\n<\/td>\n<td width=\"203\">\n<p style=\"text-align: center;\">5,80<\/p>\n<\/td>\n<\/tr>\n<\/tbody>\n<\/table>\n<p>2. <strong>V\u00fd\u0161ka \u00fahrady za ubytovanie<\/strong> v ZOS je stanoven\u00e1 nasledovne:<\/p>\n<p>Tabu\u013eka \u010d. 2<\/p>\n<table>\n<tbody>\n<tr>\n<td width=\"92\"><strong>Typ izby<\/strong><\/td>\n<td width=\"265\">\n<p style=\"text-align: center;\"><strong>Opis izby<\/strong><\/p>\n<\/td>\n<td width=\"170\">\n<p style=\"text-align: center;\"><strong>\u00dahrada v \u20ac\/ l\u00f4\u017eko\/de\u0148<\/strong><\/p>\n<\/td>\n<\/tr>\n<tr>\n<td width=\"92\">I. typ<\/td>\n<td width=\"265\">1 l\u00f4\u017ekov\u00e1 izba so soci\u00e1lnym zariaden\u00edm<\/td>\n<td width=\"170\">\n<p style=\"text-align: center;\">4,50<\/p>\n<\/td>\n<\/tr>\n<tr>\n<td width=\"92\">II. typ<\/td>\n<td width=\"265\">1 l\u00f4\u017ekov\u00e1 izba so soci\u00e1lnym zariaden\u00edm s balk\u00f3nom<\/td>\n<td width=\"170\">\n<p style=\"text-align: center;\">5,50<\/p>\n<\/td>\n<\/tr>\n<tr>\n<td width=\"92\">III. typ<\/td>\n<td width=\"265\">1 l\u00f4\u017ekov\u00e1 izba bez soci\u00e1lneho zariadenia<\/td>\n<td width=\"170\">\n<p style=\"text-align: center;\">4,40<\/p>\n<\/td>\n<\/tr>\n<tr>\n<td width=\"92\">IV. typ<\/td>\n<td width=\"265\">2 l\u00f4\u017ekov\u00e1 izba so soci\u00e1lnym zariaden\u00edm<\/td>\n<td width=\"170\">\n<p style=\"text-align: center;\">3,50<\/p>\n<\/td>\n<\/tr>\n<tr>\n<td width=\"92\">V. typ<\/td>\n<td width=\"265\">2 l\u00f4\u017ekov\u00e1 izba so soci\u00e1lnym zariaden\u00edm s balk\u00f3nom<\/td>\n<td width=\"170\">\n<p style=\"text-align: center;\">4,30<\/p>\n<\/td>\n<\/tr>\n<tr>\n<td width=\"92\">VI. typ<\/td>\n<td width=\"265\">2 l\u00f4\u017ekov\u00e1 izba bez soci\u00e1lneho zariadenia<\/td>\n<td width=\"170\">\n<p style=\"text-align: center;\">3,00<\/p>\n<\/td>\n<\/tr>\n<tr>\n<td width=\"92\">VII. typ<\/td>\n<td width=\"265\">2 l\u00f4\u017ekov\u00e1 izba bez soci\u00e1lneho zariadenia s balk\u00f3nom<\/td>\n<td width=\"170\">\n<p style=\"text-align: center;\">3,80<\/p>\n<\/td>\n<\/tr>\n<\/tbody>\n<\/table>\n<p>3. <strong>V\u00fd\u0161ka \u00fahrady za stravovanie<\/strong> v ZOS je stanoven\u00e1 nasledovne:<\/p>\n<p>a) Stravn\u00e1 jednotka pre prij\u00edmate\u013ea soci\u00e1lnej slu\u017eby v ZOS, ktor\u00e9mu sa poskytuje strava 5 kr\u00e1t denne \/ra\u0148ajky, desiata, obed, olovrant, ve\u010dera\/ racion\u00e1lna, \u0161etriaca, alebo mlet\u00e1 di\u00e9ta sa stanovuje vo v\u00fd\u0161ke: <strong>6,30 \u20ac\/de\u0148<\/strong>,<\/p>\n<p>b) stravn\u00e1 jednotka pre prij\u00edmate\u013ea soci\u00e1lnej slu\u017eby v ZOS, ktor\u00e9mu sa poskytuje strava 3 kr\u00e1t denne \/ra\u0148ajky, obed, ve\u010dera\/ racion\u00e1lna, \u0161etriaca, alebo mlet\u00e1 di\u00e9ta sa stanovuje vo v\u00fd\u0161ke: <strong>5,10 \u20ac\/de\u0148<\/strong>,<\/p>\n<p>c) stravn\u00e1 jednotka pre prij\u00edmate\u013ea soci\u00e1lnej slu\u017eby v ZOS, ktor\u00e9mu sa poskytuje diabetick\u00e1 di\u00e9ta \/ra\u0148ajky, desiata, obed, olovrant, ve\u010dera, II. ve\u010dera\/ sa stanovuje vo v\u00fd\u0161ke <strong>6,90 \u20ac\/de\u0148<\/strong>. Ak prij\u00edmate\u013e soci\u00e1lnej slu\u017eby m\u00e1 lek\u00e1rom predp\u00edsan\u00fa diabetick\u00fa di\u00e9tu, je povinn\u00fd ju odobera\u0165,<\/p>\n<p>d) stravn\u00e1 jednotka pre prij\u00edmate\u013ea soci\u00e1lnej slu\u017eby v ZOS, ktor\u00e9mu sa poskytuje strava 2 kr\u00e1t denne \/ra\u0148ajky, obed\/ racion\u00e1lna alebo \u0161etriaca sa stanovuje vo v\u00fd\u0161ke: <strong>3,55 \u20ac\/de\u0148<\/strong>,<\/p>\n<p>e) stravn\u00e1 jednotka pre prij\u00edmate\u013ea soci\u00e1lnej slu\u017eby v ZOS, ktor\u00e9mu sa poskytuje strava 2 kr\u00e1t denne \/obed, ve\u010dera\/ racion\u00e1lna alebo \u0161etriaca sa stanovuje vo v\u00fd\u0161ke: <strong>3,90 \u20ac\/de\u0148.<\/strong><\/p>\n<p>4. V\u00fd\u0161ka \u00fahrady za pranie, \u017eehlenie, \u00fadr\u017ebu osobnej bielizne a \u0161atstva v ZOS sa stanovuje na <strong>0,60 \u20ac\/de\u0148<\/strong>.<\/p>\n<p>5. V\u00fd\u0161ka \u00fahrady za upratovanie spolo\u010dn\u00fdch priestorov zariadenia v ZOS sa stanovuje na <strong>0,60 \u20ac\/de\u0148.<\/strong><\/p>\n<p>6. V\u00fd\u0161ka \u00fahrady za pou\u017e\u00edvanie elektrospotrebi\u010da v ZOS sa stanovuje za ka\u017ed\u00fd elektrospotrebi\u010d na <strong>0,30 \u20ac\/de\u0148<\/strong>.<\/p>\n<p>7. V\u00fd\u0161ka \u00fahrady za pou\u017e\u00edvanie klimatiz\u00e1cie v 1 l\u00f4\u017ekovej izbe v ZOS sa stanovuje na <strong>0,10 \u20ac\/de\u0148<\/strong> a v 2 l\u00f4\u017ekovej izbe v ZOS sa stanovuje na <strong>0,05 \u20ac\/de\u0148.<\/strong><\/p>\n<p>8. V\u00fd\u0161ka \u00fahrady za \u00faschovu cenn\u00fdch vec\u00ed v ZOS sa stanovuje na <strong>0,- \u20ac\/de\u0148<\/strong>. Poskytovate\u013e soci\u00e1lnej slu\u017eby je povinn\u00fd uzatvori\u0165 s prij\u00edmate\u013eom soci\u00e1lnej slu\u017eby zmluvu o \u00faschove cenn\u00fdch vec\u00ed.<\/p>\n<p>9. V ZOS s\u00fa poskytovan\u00e9 fakultat\u00edvne slu\u017eby s nasledovnou v\u00fd\u0161kou \u00fahrady:<\/p>\n<p>Tabu\u013eka \u010d. 3<\/p>\n<table width=\"297\">\n<tbody>\n<tr>\n<td style=\"text-align: center;\" width=\"185\"><strong>Fakultat\u00edvna slu\u017eba<\/strong><\/td>\n<td style=\"text-align: center;\" width=\"102\"><b>V\u00fd\u0161ka \u00fahrady v \u20ac<\/b><\/td>\n<\/tr>\n<tr>\n<td style=\"text-align: left;\" width=\"185\">sprostredkovanie n\u00e1kupu a don\u00e1\u0161ky lek\u00e1rom predp\u00edsan\u00fdch liekov, zdravotn\u00edckych potrieb a hygienick\u00fdch pom\u00f4cok a ich odovzdanie klientovi<\/td>\n<td style=\"text-align: center;\" width=\"102\">bezodplatne<\/td>\n<\/tr>\n<tr>\n<td width=\"185\">mas\u00e1\u017ena va\u0148a doln\u00e9 kon\u010datiny (45 litrov) 20 min. proced\u00fara<\/td>\n<td style=\"text-align: center;\" width=\"102\">1,00<\/td>\n<\/tr>\n<tr>\n<td width=\"185\">mas\u00e1\u017ena va\u0148a Oceanstandard (280 litrov) 20 min. proced\u00fara<\/td>\n<td style=\"text-align: center;\" width=\"102\">3,00<\/td>\n<\/tr>\n<tr>\n<td width=\"185\">mas\u00e1\u017ena va\u0148a Aquapedis (120 litrov) 20 min. proced\u00fara<\/td>\n<td style=\"text-align: center;\" width=\"102\">1,50<\/td>\n<\/tr>\n<tr>\n<td width=\"185\">mas\u00e1\u017ena va\u0148a Aquadelica mini II (200 litrov) 20 min. proced\u00fara<\/td>\n<td style=\"text-align: center;\" width=\"102\">2,00<\/td>\n<\/tr>\n<tr>\n<td width=\"185\">sprev\u00e1dzanie prij\u00edmate\u013ea soci\u00e1lnej slu\u017eby zamestnancom zariadenia za \u00fa\u010delom aktiv\u00edt nedefinovan\u00fdch v Pr\u00edlohe \u010d. 4 Z\u00e1kona \u010d. 448\/2008 Z.z. o soci\u00e1lnych slu\u017eb\u00e1ch<\/td>\n<td style=\"text-align: center;\" width=\"102\">5,00<\/td>\n<\/tr>\n<\/tbody>\n<\/table>\n<p style=\"text-align: center;\">\u00dapln\u00e9 znenie aktu\u00e1lneho cenn\u00edka n\u00e1jdete tu:<\/p>\n<p style=\"text-align: center;\"><a href=\"http:\/\/szss-nitra.sk\/?page_id=7969\" target=\"_blank\" rel=\"noopener\">www.szss-nitra.sk\/SZSS_cenn\u00edk<\/a><\/p>\n<\/td>\n<\/tr>\n<\/tbody>\n<\/table>\n","protected":false},"excerpt":{"rendered":"<p>Poslanie, hodnoty a v\u00edzia Kontakt Ako vybavi\u0165 Poskytovan\u00e9 slu\u017eby Komu nemo\u017eno poskytova\u0165 Legislat\u00edva Cenn\u00edk Evidencia \u017eiadate\u013eov Fotogal\u00e9ria Z\u00e1ujmov\u00e1 \u010dinnos\u0165 Jed\u00e1lny l\u00edstok . 1. V\u00fd\u0161ka \u00fahrady za pomoc pri odk\u00e1zanosti na pomoc inej fyzickej osoby pod\u013ea pr\u00edlohy \u010d. 3 z\u00e1kona o soci\u00e1lnych slu\u017eb\u00e1ch sa stanovuje na z\u00e1klade stup\u0148a odk\u00e1zanosti uveden\u00e9ho v pr\u00e1voplatnom rozhodnut\u00ed o odk\u00e1zanosti na [&hellip;]<\/p>\n","protected":false},"author":1,"featured_media":0,"parent":4057,"menu_order":0,"comment_status":"closed","ping_status":"closed","template":"","meta":{"footnotes":""},"class_list":["post-4061","page","type-page","status-publish","hentry"],"_links":{"self":[{"href":"http:\/\/szss-nitra.sk\/index.php?rest_route=\/wp\/v2\/pages\/4061","targetHints":{"allow":["GET"]}}],"collection":[{"href":"http:\/\/szss-nitra.sk\/index.php?rest_route=\/wp\/v2\/pages"}],"about":[{"href":"http:\/\/szss-nitra.sk\/index.php?rest_route=\/wp\/v2\/types\/page"}],"author":[{"embeddable":true,"href":"http:\/\/szss-nitra.sk\/index.php?rest_route=\/wp\/v2\/users\/1"}],"replies":[{"embeddable":true,"href":"http:\/\/szss-nitra.sk\/index.php?rest_route=%2Fwp%2Fv2%2Fcomments&post=4061"}],"version-history":[{"count":14,"href":"http:\/\/szss-nitra.sk\/index.php?rest_route=\/wp\/v2\/pages\/4061\/revisions"}],"predecessor-version":[{"id":13759,"href":"http:\/\/szss-nitra.sk\/index.php?rest_route=\/wp\/v2\/pages\/4061\/revisions\/13759"}],"up":[{"embeddable":true,"href":"http:\/\/szss-nitra.sk\/index.php?rest_route=\/wp\/v2\/pages\/4057"}],"wp:attachment":[{"href":"http:\/\/szss-nitra.sk\/index.php?rest_route=%2Fwp%2Fv2%2Fmedia&parent=4061"}],"curies":[{"name":"wp","href":"https:\/\/api.w.org\/{rel}","templated":true}]}}