{"id":4060,"date":"2018-05-21T14:42:48","date_gmt":"2018-05-21T12:42:48","guid":{"rendered":"http:\/\/szss-nitra.sk\/?page_id=4060"},"modified":"2024-05-21T14:25:01","modified_gmt":"2024-05-21T12:25:01","slug":"zariadenie-opatrovatelskej-sluzby-4","status":"publish","type":"page","link":"http:\/\/szss-nitra.sk\/?page_id=4060","title":{"rendered":"Zariadenie opatrovate\u013eskej slu\u017eby"},"content":{"rendered":"<table style=\"border: none;\">\n<tbody>\n<tr>\n<td style=\"width: 30%; vertical-align: top;\"><a href=\"http:\/\/szss-nitra.sk\/?page_id=12422\">Poslanie, hodnoty a v\u00edzia<\/a><\/p>\n<p><a href=\"http:\/\/szss-nitra.sk\/?page_id=4058\">Kontakt<\/a><\/p>\n<p><a href=\"http:\/\/szss-nitra.sk\/?page_id=4059\">Ako vybavi\u0165<\/a><\/p>\n<p><strong><a href=\"http:\/\/szss-nitra.sk\/?page_id=4060\">Poskytovan\u00e9 slu\u017eby<\/a><\/strong><\/p>\n<p><a href=\"http:\/\/szss-nitra.sk\/?page_id=12424\">Komu nemo\u017eno poskytova\u0165<\/a><\/p>\n<p><a href=\"http:\/\/szss-nitra.sk\/?page_id=4062\">Legislat\u00edva<\/a><\/p>\n<p><a href=\"http:\/\/szss-nitra.sk\/?page_id=4061\">Cenn\u00edk<\/a><\/p>\n<p><a href=\"http:\/\/szss-nitra.sk\/?page_id=4063\">Evidencia \u017eiadate\u013eov<\/a><\/p>\n<p><a href=\"http:\/\/szss-nitra.sk\/?page_id=4064\">Fotogal\u00e9ria<\/a><\/p>\n<p><a href=\"http:\/\/szss-nitra.sk\/?page_id=12430\">Z\u00e1ujmov\u00e1 \u010dinnos\u0165<\/a><\/p>\n<p><a href=\"http:\/\/szss-nitra.sk\/?page_id=6511\">Jed\u00e1lny l\u00edstok<\/a><\/p>\n<p><img loading=\"lazy\" decoding=\"async\" class=\"alignnone wp-image-10981 size-full\" src=\"http:\/\/szss-nitra.sk\/wp-content\/uploads\/2024\/02\/menu_ico_ZOS.png\" alt=\"\" width=\"150\" height=\"150\" \/><\/td>\n<td><span style=\"color: #ffffff;\">.<\/span><\/td>\n<td style=\"vertical-align: top; text-align: justify;\">\n<p style=\"text-align: justify;\">V zariaden\u00ed opatrovate\u013eskej slu\u017eby s kapacitou 56 l\u00f4\u017eok sa:<\/p>\n<p>a) Poskytuje<\/p>\n<ul>\n<li>pomoc pri odk\u00e1zanosti na pomoc inej fyzickej osoby,<\/li>\n<li>soci\u00e1lne poradenstvo,<\/li>\n<li>soci\u00e1lna rehabilit\u00e1cia,<\/li>\n<li>ubytovanie,<\/li>\n<li>stravovanie,<\/li>\n<li>upratovanie, pranie, \u017eehlenie a \u00fadr\u017eba bielizne a \u0161atstva.<\/li>\n<\/ul>\n<p>b) Utv\u00e1raj\u00fa podmienky na \u00faschovu cenn\u00fdch vec\u00ed.<\/p>\n<hr \/>\n<p>Zariadenie zabezpe\u010duje pr\u00edpravu stravy, ako aj di\u00e9tny re\u017eim pre klientov s diabetom a pre klientov uprednost\u0148uj\u00facim \u0161etriacu stravu. Pr\u00edprava stravy ako aj kontrola energetickej a v\u00fd\u017eivovej hodnoty jed\u00e1l je realizovan\u00e1 garantom pre stravovanie priamo v zariaden\u00ed.<\/p>\n<p>Zariadenie poskytuje slu\u017eby fyzioterapie a to jednak formou skupinov\u00fdch cvi\u010den\u00ed ako aj vo forme individu\u00e1lnej fyzioterapie na z\u00e1klade ordin\u00e1cie lek\u00e1ra.<\/p>\n<p>Na z\u00e1klade zml\u00fav o poskytovan\u00ed zdravotn\u00edckej starostlivosti ordinuj\u00fa v ZOS viacer\u00ed lek\u00e1ri: lek\u00e1r v odbore diabetol\u00f3gia, neurol\u00f3gia, psychiatria, geriatria a v odbore v\u0161eobecn\u00fd lek\u00e1r prv\u00e9ho kontaktu.<\/p>\n<p>Ponuku na tr\u00e1venie vo\u013eno\u010dasov\u00fdch aktiv\u00edt zabezpe\u010duj\u00fa soci\u00e1lny pracovn\u00edk, asistent soci\u00e1lnej pr\u00e1ce a in\u0161truktor soci\u00e1lnej rehabilit\u00e1cie. Klienti zariadenia maj\u00fa mo\u017enos\u0165 vyu\u017ei\u0165 aj slu\u017eby pedik\u00e9rky.<\/p>\n<p>V zariaden\u00ed maj\u00fa poberatelia soci\u00e1lnych slu\u017eieb k dispoz\u00edci\u00ed spolo\u010densk\u00e9 priestory, kni\u017enicu, snoezelen miestnos\u0165, tvoriv\u00fa diel\u0148u, telocvi\u010d\u0148u s vybaven\u00edm a kaplnku, kde sa sl\u00fa\u017eia ka\u017ed\u00fa nede\u013eu sv\u00e4t\u00e9 om\u0161e.<\/p>\n<hr \/>\n<p><strong>Od\u013eah\u010dovacia slu\u017eba<\/strong><br \/>\nV zariaden\u00ed opatrovate\u013eskej slu\u017eby sa poskytuje od\u013eah\u010dovacia slu\u017eba pod\u013ea \u00a754 z\u00e1kona \u010d. 448\/2008 Z.z. o soci\u00e1lnych slu\u017eb\u00e1ch. Od\u013eah\u010dovacia slu\u017eba je soci\u00e1lna slu\u017eba poskytovan\u00e1 fyzickej osobe, ktor\u00e1 opatruje fyzick\u00fa osobu s \u0165a\u017ek\u00fdm zdravotn\u00fdm postihnut\u00edm (\u010falej len &#8222;fyzick\u00e1 osoba, ktor\u00e1 opatruje&#8220;), ktorou sa poskytuje alebo zabezpe\u010duje fyzickej osobe s \u0165a\u017ek\u00fdm zdravotn\u00fdm postihnut\u00edm soci\u00e1lna slu\u017eba po\u010das obdobia, v ktorom fyzick\u00e1 osoba, ktor\u00e1 opatruje, nem\u00f4\u017ee opatrovanie vykon\u00e1va\u0165.<\/p>\n<p>\u2022 Cie\u013eom od\u013eah\u010dovacej slu\u017eby je umo\u017eni\u0165 osobe, ktor\u00e1 opatruje, nevyhnutn\u00fd odpo\u010dinok na \u00fa\u010del udr\u017eania jej fyzick\u00e9ho zdravia a du\u0161evn\u00e9ho zdravia a prevencia jeho zhor\u0161enia.<\/p>\n<p>\u2022 Od\u013eah\u010dovacia slu\u017eba sa poskytuje na cel\u00e9 dni, najviac 30 dn\u00ed v kalend\u00e1rnom roku. Nevy\u010derpan\u00e9 dni od\u013eah\u010dovacej slu\u017eby v kalend\u00e1rnom roku nemo\u017eno poskytn\u00fa\u0165 v nasleduj\u00facom kalend\u00e1rnom roku.<\/p>\n<p><strong>Podmienkou n\u00e1roku<\/strong> na poskytnutie od\u013eah\u010dovacej slu\u017eby je predlo\u017eenie posudku vydan\u00e9ho pr\u00edslu\u0161n\u00fdm \u00faradom pr\u00e1ce, soci\u00e1lnych vec\u00ed a rodiny, z\u00e1ujemca o od\u013eah\u010dovaciu slu\u017ebu kontaktuje Mesto Nitra odbor soci\u00e1lnych slu\u017eieb.<\/p>\n<p><em>Podmienky zabezpe\u010denia od\u013eah\u010dovacej slu\u017eby:<\/em><\/p>\n<p>1. Od\u013eah\u010dovacia slu\u017eba sa poskytne opatrovanej osobe v zariaden\u00ed opatrovate\u013eskej slu\u017eby formou soci\u00e1lnej slu\u017eby, ktor\u00fa dan\u00e9 zariadenie poskytuje v s\u00falade s registrom poskytovate\u013eov soci\u00e1lnych slu\u017eieb a s cie\u013eov\u00fdmi skupinami, ktor\u00fdm sa slu\u017eba v zariaden\u00ed poskytuje, a ktor\u00e9 m\u00e1 poskytovate\u013e zap\u00edsan\u00e9 v registri poskytovate\u013eov soci\u00e1lnych slu\u017eieb.<\/p>\n<p>2. Od\u013eah\u010dovacia slu\u017eba sa poskytne iba v pr\u00edpade, ak m\u00e1 zariadenie vo\u013en\u00e9 miesto.<\/td>\n<\/tr>\n<\/tbody>\n<\/table>\n","protected":false},"excerpt":{"rendered":"<p>Poslanie, hodnoty a v\u00edzia Kontakt Ako vybavi\u0165 Poskytovan\u00e9 slu\u017eby Komu nemo\u017eno poskytova\u0165 Legislat\u00edva Cenn\u00edk Evidencia \u017eiadate\u013eov Fotogal\u00e9ria Z\u00e1ujmov\u00e1 \u010dinnos\u0165 Jed\u00e1lny l\u00edstok . V zariaden\u00ed opatrovate\u013eskej slu\u017eby s kapacitou 56 l\u00f4\u017eok sa: a) Poskytuje pomoc pri odk\u00e1zanosti na pomoc inej fyzickej osoby, soci\u00e1lne poradenstvo, soci\u00e1lna rehabilit\u00e1cia, ubytovanie, stravovanie, upratovanie, pranie, \u017eehlenie a \u00fadr\u017eba bielizne a \u0161atstva. [&hellip;]<\/p>\n","protected":false},"author":1,"featured_media":0,"parent":4057,"menu_order":0,"comment_status":"closed","ping_status":"closed","template":"","meta":{"footnotes":""},"class_list":["post-4060","page","type-page","status-publish","hentry"],"_links":{"self":[{"href":"http:\/\/szss-nitra.sk\/index.php?rest_route=\/wp\/v2\/pages\/4060","targetHints":{"allow":["GET"]}}],"collection":[{"href":"http:\/\/szss-nitra.sk\/index.php?rest_route=\/wp\/v2\/pages"}],"about":[{"href":"http:\/\/szss-nitra.sk\/index.php?rest_route=\/wp\/v2\/types\/page"}],"author":[{"embeddable":true,"href":"http:\/\/szss-nitra.sk\/index.php?rest_route=\/wp\/v2\/users\/1"}],"replies":[{"embeddable":true,"href":"http:\/\/szss-nitra.sk\/index.php?rest_route=%2Fwp%2Fv2%2Fcomments&post=4060"}],"version-history":[{"count":11,"href":"http:\/\/szss-nitra.sk\/index.php?rest_route=\/wp\/v2\/pages\/4060\/revisions"}],"predecessor-version":[{"id":12436,"href":"http:\/\/szss-nitra.sk\/index.php?rest_route=\/wp\/v2\/pages\/4060\/revisions\/12436"}],"up":[{"embeddable":true,"href":"http:\/\/szss-nitra.sk\/index.php?rest_route=\/wp\/v2\/pages\/4057"}],"wp:attachment":[{"href":"http:\/\/szss-nitra.sk\/index.php?rest_route=%2Fwp%2Fv2%2Fmedia&parent=4060"}],"curies":[{"name":"wp","href":"https:\/\/api.w.org\/{rel}","templated":true}]}}