{"id":4058,"date":"2018-05-21T13:42:53","date_gmt":"2018-05-21T11:42:53","guid":{"rendered":"http:\/\/szss-nitra.sk\/?page_id=4058"},"modified":"2026-03-13T11:57:57","modified_gmt":"2026-03-13T09:57:57","slug":"zariadenie-opatrovatelskej-sluzby-kontakt","status":"publish","type":"page","link":"http:\/\/szss-nitra.sk\/?page_id=4058","title":{"rendered":"Zariadenie opatrovate\u013eskej slu\u017eby"},"content":{"rendered":"<table style=\"border: none;\">\n<tbody>\n<tr>\n<td style=\"width: 30%; vertical-align: top;\"><a href=\"http:\/\/szss-nitra.sk\/?page_id=12422\">Poslanie, hodnoty a v\u00edzia<\/a><\/p>\n<p><strong><a href=\"http:\/\/szss-nitra.sk\/?page_id=4058\">Kontakt<\/a><\/strong><\/p>\n<p><a href=\"http:\/\/szss-nitra.sk\/?page_id=4059\">Ako vybavi\u0165<\/a><\/p>\n<p><a href=\"http:\/\/szss-nitra.sk\/?page_id=4060\">Poskytovan\u00e9 slu\u017eby<\/a><\/p>\n<p><a href=\"http:\/\/szss-nitra.sk\/?page_id=12424\">Komu nemo\u017eno poskytova\u0165<\/a><\/p>\n<p><a href=\"http:\/\/szss-nitra.sk\/?page_id=4062\">Legislat\u00edva<\/a><\/p>\n<p><a href=\"http:\/\/szss-nitra.sk\/?page_id=4061\">Cenn\u00edk<\/a><\/p>\n<p><a href=\"http:\/\/szss-nitra.sk\/?page_id=4063\">Evidencia \u017eiadate\u013eov<\/a><\/p>\n<p><a href=\"http:\/\/szss-nitra.sk\/?page_id=4064\">Fotogal\u00e9ria<\/a><\/p>\n<p><a href=\"http:\/\/szss-nitra.sk\/?page_id=12430\">Z\u00e1ujmov\u00e1 \u010dinnos\u0165<\/a><\/p>\n<p><a href=\"http:\/\/szss-nitra.sk\/?page_id=6511\">Jed\u00e1lny l\u00edstok<\/a><\/p>\n<p><img loading=\"lazy\" decoding=\"async\" class=\"alignnone wp-image-10981 size-full\" src=\"http:\/\/szss-nitra.sk\/wp-content\/uploads\/2024\/02\/menu_ico_ZOS.png\" alt=\"\" width=\"150\" height=\"150\" \/><\/td>\n<td><span style=\"color: #ffffff;\">.<\/span><\/td>\n<td style=\"vertical-align: top; text-align: justify;\">\n<p style=\"text-align: justify;\"><em>Po\u0161tov\u00e1 adresa:<\/em><br \/>\nSpr\u00e1va zariaden\u00ed soci\u00e1lnych slu\u017eieb<br \/>\nprev\u00e1dzka: Zariadenie soci\u00e1lnych slu\u017eieb Zobor<br \/>\nJansk\u00e9ho 680\/7<br \/>\n949 01 Nitra<\/p>\n<p><span style=\"color: #ffffff;\">.<\/span><br \/>\nMgr. Marta <strong>Nov\u00e1kov\u00e1<\/strong><br \/>\nved\u00faci \u00faseku soci\u00e1lnych slu\u017eieb Zobor<br \/>\nTel.\u010d.: 037\/69 267 23<br \/>\nMobil: 0910 748 011<br \/>\nE-mail: novakova<img decoding=\"async\" class=\"\" src=\"http:\/\/szss-nitra.sk\/wp-content\/images\/zavinac.png\" \/>zpszobor.sk<br \/>\n<span style=\"color: #ffffff;\">.<\/span><br \/>\nMgr. Iveta <strong>V\u00f6r\u00f6sov\u00e1<\/strong><br \/>\nved\u00faci \u00faseku opatrovate\u013esko \u2013 o\u0161etrovate\u013eskej starostlivosti Zobor<br \/>\nTel.\u010d.: 037\/69 267 22<br \/>\nMobil: 0911 815 582<br \/>\nE-mail: vorosova<img decoding=\"async\" class=\"\" src=\"http:\/\/szss-nitra.sk\/wp-content\/images\/zavinac.png\" \/>zpszobor.sk<br \/>\n<span style=\"color: #ffffff;\">.<\/span><br \/>\n<em>Soci\u00e1lne pracovn\u00ed\u010dky:<\/em><br \/>\n<span style=\"color: #ffffff;\">.<\/span><br \/>\nMgr. Karin <strong>Hub\u00e1\u010dkov\u00e1<\/strong><br \/>\nE-mail: hubackova<img decoding=\"async\" class=\"\" src=\"http:\/\/szss-nitra.sk\/wp-content\/images\/zavinac.png\" \/>zpszobor.sk<br \/>\n<span style=\"color: #ffffff;\">.<\/span><br \/>\nPaedDr. Ida <strong>Kopperov\u00e1<\/strong><br \/>\nE-mail: kopperova<img decoding=\"async\" class=\"\" src=\"http:\/\/szss-nitra.sk\/wp-content\/images\/zavinac.png\" \/>zpszobor.sk<br \/>\n<span style=\"color: #ffffff;\">.<\/span><br \/>\nTel.\u010d.: 037\/69 267 24<br \/>\nMobil: 0911 539 578<br \/>\n<span style=\"color: #ffffff;\">.<\/span><br \/>\n<em>Asistent soci\u00e1lnej pr\u00e1ce:<\/em><br \/>\n<span style=\"color: #ffffff;\">.<\/span><br \/>\nMgr. Ingrid <strong>Ko\u0161\u00edkov\u00e1<\/strong><br \/>\nE-mail: kosikova<img decoding=\"async\" class=\"\" src=\"http:\/\/szss-nitra.sk\/wp-content\/images\/zavinac.png\" \/>zpszobor.sk<br \/>\n<span style=\"color: #ffffff;\">.<\/span><br \/>\n<em>In\u0161truktor soci\u00e1lnej rehabilit\u00e1cie:<\/em><br \/>\n<span style=\"color: #ffffff;\">.<\/span><br \/>\nKatar\u00edna <strong>Bal\u00e1zsov\u00e1<\/strong><br \/>\nE-mail: balazsova<img decoding=\"async\" class=\"\" src=\"http:\/\/szss-nitra.sk\/wp-content\/images\/zavinac.png\" \/>zpszobor.sk<br \/>\n<span style=\"color: #ffffff;\">.<\/span><br \/>\nTel.\u010d.: 037\/69 267 24<br \/>\nMobil: 0911 539 578<\/td>\n<\/tr>\n<\/tbody>\n<\/table>\n","protected":false},"excerpt":{"rendered":"<p>Poslanie, hodnoty a v\u00edzia Kontakt Ako vybavi\u0165 Poskytovan\u00e9 slu\u017eby Komu nemo\u017eno poskytova\u0165 Legislat\u00edva Cenn\u00edk Evidencia \u017eiadate\u013eov Fotogal\u00e9ria Z\u00e1ujmov\u00e1 \u010dinnos\u0165 Jed\u00e1lny l\u00edstok . Po\u0161tov\u00e1 adresa: Spr\u00e1va zariaden\u00ed soci\u00e1lnych slu\u017eieb prev\u00e1dzka: Zariadenie soci\u00e1lnych slu\u017eieb Zobor Jansk\u00e9ho 680\/7 949 01 Nitra . Mgr. Marta Nov\u00e1kov\u00e1 ved\u00faci \u00faseku soci\u00e1lnych slu\u017eieb Zobor Tel.\u010d.: 037\/69 267 23 Mobil: 0910 748 011 [&hellip;]<\/p>\n","protected":false},"author":1,"featured_media":0,"parent":4057,"menu_order":0,"comment_status":"closed","ping_status":"closed","template":"","meta":{"footnotes":""},"class_list":["post-4058","page","type-page","status-publish","hentry"],"_links":{"self":[{"href":"http:\/\/szss-nitra.sk\/index.php?rest_route=\/wp\/v2\/pages\/4058","targetHints":{"allow":["GET"]}}],"collection":[{"href":"http:\/\/szss-nitra.sk\/index.php?rest_route=\/wp\/v2\/pages"}],"about":[{"href":"http:\/\/szss-nitra.sk\/index.php?rest_route=\/wp\/v2\/types\/page"}],"author":[{"embeddable":true,"href":"http:\/\/szss-nitra.sk\/index.php?rest_route=\/wp\/v2\/users\/1"}],"replies":[{"embeddable":true,"href":"http:\/\/szss-nitra.sk\/index.php?rest_route=%2Fwp%2Fv2%2Fcomments&post=4058"}],"version-history":[{"count":25,"href":"http:\/\/szss-nitra.sk\/index.php?rest_route=\/wp\/v2\/pages\/4058\/revisions"}],"predecessor-version":[{"id":16101,"href":"http:\/\/szss-nitra.sk\/index.php?rest_route=\/wp\/v2\/pages\/4058\/revisions\/16101"}],"up":[{"embeddable":true,"href":"http:\/\/szss-nitra.sk\/index.php?rest_route=\/wp\/v2\/pages\/4057"}],"wp:attachment":[{"href":"http:\/\/szss-nitra.sk\/index.php?rest_route=%2Fwp%2Fv2%2Fmedia&parent=4058"}],"curies":[{"name":"wp","href":"https:\/\/api.w.org\/{rel}","templated":true}]}}