{"id":3997,"date":"2018-05-21T11:08:06","date_gmt":"2018-05-21T09:08:06","guid":{"rendered":"http:\/\/szss-nitra.sk\/?page_id=3997"},"modified":"2024-05-21T10:49:09","modified_gmt":"2024-05-21T08:49:09","slug":"zariadenie-pre-seniorov-3","status":"publish","type":"page","link":"http:\/\/szss-nitra.sk\/?page_id=3997","title":{"rendered":"Zariadenie pre seniorov"},"content":{"rendered":"<table style=\"border: none;\">\n<tbody>\n<tr>\n<td style=\"width: 30%; vertical-align: top;\"><a href=\"http:\/\/szss-nitra.sk\/?page_id=12320\">Poslanie, hodnoty a v\u00edzia<\/a><\/p>\n<p><a href=\"http:\/\/szss-nitra.sk\/?page_id=3989\">Kontakt<\/a><\/p>\n<p><a href=\"http:\/\/szss-nitra.sk\/?page_id=3987\">Ako vybavi\u0165<\/a><\/p>\n<p><strong><a href=\"http:\/\/szss-nitra.sk\/?page_id=3997\">Poskytovan\u00e9 slu\u017eby<\/a><\/strong><\/p>\n<p><a href=\"http:\/\/szss-nitra.sk\/?page_id=12329\">Komu nemo\u017eno poskytova\u0165<\/a><\/p>\n<p><a href=\"http:\/\/szss-nitra.sk\/?page_id=4021\">Legislat\u00edva<\/a><\/p>\n<p><a href=\"http:\/\/szss-nitra.sk\/?page_id=3986\">Cenn\u00edk<\/a><\/p>\n<p><a href=\"http:\/\/szss-nitra.sk\/?page_id=3988\">Evidencia \u017eiadate\u013eov<\/a><\/p>\n<p><a href=\"http:\/\/szss-nitra.sk\/?page_id=3985\">Fotogal\u00e9ria<\/a><\/p>\n<p><a href=\"http:\/\/szss-nitra.sk\/?page_id=12331\">Z\u00e1ujmov\u00e1 \u010dinnos\u0165<\/a><\/p>\n<p><a href=\"http:\/\/szss-nitra.sk\/?page_id=6511\">Jed\u00e1lny l\u00edstok<\/a><\/p>\n<p><img loading=\"lazy\" decoding=\"async\" class=\"alignnone wp-image-10981 size-full\" src=\"http:\/\/szss-nitra.sk\/wp-content\/uploads\/2023\/11\/menu_ico_ZOBOR.png\" alt=\"\" width=\"150\" height=\"150\" srcset=\"http:\/\/szss-nitra.sk\/wp-content\/uploads\/2023\/11\/menu_ico_ZOBOR.png 150w, http:\/\/szss-nitra.sk\/wp-content\/uploads\/2023\/11\/menu_ico_ZOBOR-100x100.png 100w\" sizes=\"auto, (max-width: 150px) 100vw, 150px\" \/><\/td>\n<td><span style=\"color: #ffffff;\">.<\/span><\/td>\n<td style=\"vertical-align: top; text-align: justify;\">\n<p style=\"text-align: justify;\">V zariaden\u00ed pre seniorov s kapacitou 103 l\u00f4\u017eok sa:<\/p>\n<p style=\"text-align: justify;\">a) Poskytuje<\/p>\n<ul>\n<li>pomoc pri odk\u00e1zanosti na pomoc inej fyzickej osoby,<\/li>\n<li>soci\u00e1lne poradenstvo,<\/li>\n<li>soci\u00e1lna rehabilit\u00e1cia,<\/li>\n<li>ubytovanie,<\/li>\n<li>stravovanie,<\/li>\n<li>upratovanie, pranie, \u017eehlenie a \u00fadr\u017eba bielizne a \u0161atstva,<\/li>\n<li>osobn\u00e9 vybavenie.<\/li>\n<\/ul>\n<p style=\"text-align: justify;\">b) Utv\u00e1raj\u00fa podmienky na \u00faschovu cenn\u00fdch vec\u00ed.<\/p>\n<p style=\"text-align: justify;\">c) Zabezpe\u010duje z\u00e1ujmov\u00e1 \u010dinnos\u0165.<\/p>\n<hr \/>\n<p style=\"text-align: justify;\">Zariadenie zabezpe\u010duje pr\u00edpravu stravy, ako aj di\u00e9tny re\u017eim pre klientov s diabetom a pre klientov uprednost\u0148uj\u00facim \u0161etriacu stravu. Pr\u00edprava stravy ako aj kontrola energetickej a v\u00fd\u017eivovej hodnoty jed\u00e1l je realizovan\u00e1 garantom pre stravovanie priamo v zariaden\u00ed.<\/p>\n<p style=\"text-align: justify;\">Zariadenie poskytuje slu\u017eby fyzioterapie a to jednak formou skupinov\u00fdch cvi\u010den\u00ed ako aj vo forme individu\u00e1lnej fyzioterapie na z\u00e1klade ordin\u00e1cie lek\u00e1ra.<\/p>\n<p style=\"text-align: justify;\">Na z\u00e1klade zml\u00fav o poskytovan\u00ed zdravotn\u00edckej starostlivosti ordinuj\u00fa v ZpS viacer\u00ed lek\u00e1ri: lek\u00e1r v odbore diabetol\u00f3gia, neurol\u00f3gia, psychiatria, geriatria a v odbore v\u0161eobecn\u00fd lek\u00e1r prv\u00e9ho kontaktu.<\/p>\n<p style=\"text-align: justify;\">Ponuku na tr\u00e1venie vo\u013eno\u010dasov\u00fdch aktiv\u00edt zabezpe\u010duj\u00fa soci\u00e1lny pracovn\u00edk, asistent soci\u00e1lnej pr\u00e1ce a in\u0161truktor soci\u00e1lnej rehabilit\u00e1cie. Klienti zariadenia maj\u00fa mo\u017enos\u0165 vyu\u017ei\u0165 aj slu\u017eby pedik\u00e9rky.<\/p>\n<p style=\"text-align: justify;\">V zariaden\u00ed maj\u00fa poberatelia soci\u00e1lnych slu\u017eieb k dispoz\u00edci\u00ed spolo\u010densk\u00e9 priestory, kni\u017enicu, snoezelen miestnos\u0165, tvoriv\u00fa diel\u0148u, telocvi\u010d\u0148u s vybaven\u00edm a kaplnku, kde sa sl\u00fa\u017eia ka\u017ed\u00fa nede\u013eu sv. om\u0161e.<\/p>\n<\/td>\n<\/tr>\n<\/tbody>\n<\/table>\n","protected":false},"excerpt":{"rendered":"<p>Poslanie, hodnoty a v\u00edzia Kontakt Ako vybavi\u0165 Poskytovan\u00e9 slu\u017eby Komu nemo\u017eno poskytova\u0165 Legislat\u00edva Cenn\u00edk Evidencia \u017eiadate\u013eov Fotogal\u00e9ria Z\u00e1ujmov\u00e1 \u010dinnos\u0165 Jed\u00e1lny l\u00edstok . V zariaden\u00ed pre seniorov s kapacitou 103 l\u00f4\u017eok sa: a) Poskytuje pomoc pri odk\u00e1zanosti na pomoc inej fyzickej osoby, soci\u00e1lne poradenstvo, soci\u00e1lna rehabilit\u00e1cia, ubytovanie, stravovanie, upratovanie, pranie, \u017eehlenie a \u00fadr\u017eba bielizne a \u0161atstva, [&hellip;]<\/p>\n","protected":false},"author":1,"featured_media":0,"parent":3983,"menu_order":0,"comment_status":"closed","ping_status":"closed","template":"","meta":{"footnotes":""},"class_list":["post-3997","page","type-page","status-publish","hentry"],"_links":{"self":[{"href":"http:\/\/szss-nitra.sk\/index.php?rest_route=\/wp\/v2\/pages\/3997","targetHints":{"allow":["GET"]}}],"collection":[{"href":"http:\/\/szss-nitra.sk\/index.php?rest_route=\/wp\/v2\/pages"}],"about":[{"href":"http:\/\/szss-nitra.sk\/index.php?rest_route=\/wp\/v2\/types\/page"}],"author":[{"embeddable":true,"href":"http:\/\/szss-nitra.sk\/index.php?rest_route=\/wp\/v2\/users\/1"}],"replies":[{"embeddable":true,"href":"http:\/\/szss-nitra.sk\/index.php?rest_route=%2Fwp%2Fv2%2Fcomments&post=3997"}],"version-history":[{"count":9,"href":"http:\/\/szss-nitra.sk\/index.php?rest_route=\/wp\/v2\/pages\/3997\/revisions"}],"predecessor-version":[{"id":12405,"href":"http:\/\/szss-nitra.sk\/index.php?rest_route=\/wp\/v2\/pages\/3997\/revisions\/12405"}],"up":[{"embeddable":true,"href":"http:\/\/szss-nitra.sk\/index.php?rest_route=\/wp\/v2\/pages\/3983"}],"wp:attachment":[{"href":"http:\/\/szss-nitra.sk\/index.php?rest_route=%2Fwp%2Fv2%2Fmedia&parent=3997"}],"curies":[{"name":"wp","href":"https:\/\/api.w.org\/{rel}","templated":true}]}}