{"id":3989,"date":"2018-05-21T10:09:25","date_gmt":"2018-05-21T08:09:25","guid":{"rendered":"http:\/\/szss-nitra.sk\/?page_id=3989"},"modified":"2026-03-13T11:56:30","modified_gmt":"2026-03-13T09:56:30","slug":"zariadenie-pre-seniorov","status":"publish","type":"page","link":"http:\/\/szss-nitra.sk\/?page_id=3989","title":{"rendered":"Zariadenie pre seniorov"},"content":{"rendered":"<table style=\"border: none;\">\n<tbody>\n<tr>\n<td style=\"width: 30%; vertical-align: top;\"><a href=\"http:\/\/szss-nitra.sk\/?page_id=12320\">Poslanie, hodnoty a v\u00edzia<\/a><\/p>\n<p><strong><a href=\"http:\/\/szss-nitra.sk\/?page_id=3989\">Kontakt<\/a><\/strong><\/p>\n<p><a href=\"http:\/\/szss-nitra.sk\/?page_id=3987\">Ako vybavi\u0165<\/a><\/p>\n<p><a href=\"http:\/\/szss-nitra.sk\/?page_id=3997\">Poskytovan\u00e9 slu\u017eby<\/a><\/p>\n<p><a href=\"http:\/\/szss-nitra.sk\/?page_id=12329\">Komu nemo\u017eno poskytova\u0165<\/a><\/p>\n<p><a href=\"http:\/\/szss-nitra.sk\/?page_id=4021\">Legislat\u00edva<\/a><\/p>\n<p><a href=\"http:\/\/szss-nitra.sk\/?page_id=3986\">Cenn\u00edk<\/a><\/p>\n<p><a href=\"http:\/\/szss-nitra.sk\/?page_id=3988\">Evidencia \u017eiadate\u013eov<\/a><\/p>\n<p><a href=\"http:\/\/szss-nitra.sk\/?page_id=3985\">Fotogal\u00e9ria<\/a><\/p>\n<p><a href=\"http:\/\/szss-nitra.sk\/?page_id=12331\">Z\u00e1ujmov\u00e1 \u010dinnos\u0165<\/a><\/p>\n<p><a href=\"http:\/\/szss-nitra.sk\/?page_id=6511\">Jed\u00e1lny l\u00edstok<\/a><\/p>\n<p><img loading=\"lazy\" decoding=\"async\" class=\"alignnone wp-image-10981 size-full\" src=\"http:\/\/szss-nitra.sk\/wp-content\/uploads\/2023\/11\/menu_ico_ZOBOR.png\" alt=\"\" width=\"150\" height=\"150\" srcset=\"http:\/\/szss-nitra.sk\/wp-content\/uploads\/2023\/11\/menu_ico_ZOBOR.png 150w, http:\/\/szss-nitra.sk\/wp-content\/uploads\/2023\/11\/menu_ico_ZOBOR-100x100.png 100w\" sizes=\"auto, (max-width: 150px) 100vw, 150px\" \/><\/td>\n<td><span style=\"color: #ffffff;\">.<\/span><\/td>\n<td style=\"vertical-align: top; text-align: justify;\"><em>Po\u0161tov\u00e1 adresa:<\/em><br \/>\nSpr\u00e1va zariaden\u00ed soci\u00e1lnych slu\u017eieb<br \/>\nprev\u00e1dzka: Zariadenie soci\u00e1lnych slu\u017eieb Zobor<br \/>\nJansk\u00e9ho 680\/7<br \/>\n949 01 Nitra<br \/>\n<span style=\"color: #ffffff;\">.<\/span><br \/>\nMgr. Marta <strong>Nov\u00e1kov\u00e1<\/strong><br \/>\nved\u00faci \u00faseku soci\u00e1lnych slu\u017eieb Zobor<br \/>\nTel.\u010d.: 037\/69 267 23<br \/>\nMobil: 0910 748 011<br \/>\nE-mail: novakova<img decoding=\"async\" class=\"\" src=\"http:\/\/szss-nitra.sk\/wp-content\/images\/zavinac.png\" \/>zpszobor.sk<br \/>\n<span style=\"color: #ffffff;\">.<\/span><br \/>\nMgr. Iveta <strong>V\u00f6r\u00f6sov\u00e1<\/strong><br \/>\nved\u00faci \u00faseku opatrovate\u013esko \u2013 o\u0161etrovate\u013eskej starostlivosti Zobor<br \/>\nTel.\u010d.: 037\/69 267 22<br \/>\nMobil: 0911 815 582<br \/>\nE-mail: vorosova<img decoding=\"async\" class=\"\" src=\"http:\/\/szss-nitra.sk\/wp-content\/images\/zavinac.png\" \/>zpszobor.sk<br \/>\n<span style=\"color: #ffffff;\">.<\/span><br \/>\n<em>Soci\u00e1lne pracovn\u00ed\u010dky:<\/em><br \/>\n<span style=\"color: #ffffff;\">.<\/span><br \/>\nMgr. Anna <strong>Krenick\u00e1<\/strong><br \/>\nE-mail: krenicka<img decoding=\"async\" class=\"\" src=\"http:\/\/szss-nitra.sk\/wp-content\/images\/zavinac.png\" \/>zpszobor.sk<br \/>\n<span style=\"color: #ffffff;\">.<\/span><br \/>\nIng. Mgr. Monika <strong>\u0160uttov\u00e1<\/strong><br \/>\nE-mail: suttova<img decoding=\"async\" class=\"\" src=\"http:\/\/szss-nitra.sk\/wp-content\/images\/zavinac.png\" \/>zpszobor.sk<br \/>\n<span style=\"color: #ffffff;\">.<\/span><br \/>\nMgr. Martina <strong>Debn\u00e1rov\u00e1<\/strong><br \/>\nE-mail: debnarova<img decoding=\"async\" class=\"\" src=\"http:\/\/szss-nitra.sk\/wp-content\/images\/zavinac.png\" \/>zpszobor.sk<br \/>\n<span style=\"color: #ffffff;\">.<\/span><br \/>\nTel.\u010d.: 037\/69 267 24<br \/>\nMobil: 0911 539 578<br \/>\n<span style=\"color: #ffffff;\">.<\/span><br \/>\n<em>Asistent soci\u00e1lnej pr\u00e1ce:<\/em><br \/>\n<span style=\"color: #ffffff;\">.<\/span><br \/>\nMgr. Ingrid <strong>Ko\u0161\u00edkov\u00e1<\/strong><br \/>\nE-mail: kosikova<img decoding=\"async\" class=\"\" src=\"http:\/\/szss-nitra.sk\/wp-content\/images\/zavinac.png\" \/>zpszobor.sk<br \/>\n<span style=\"color: #ffffff;\">.<\/span><br \/>\n<em>In\u0161truktor soci\u00e1lnej rehabilit\u00e1cie:<\/em><br \/>\n<span style=\"color: #ffffff;\">.<\/span><br \/>\nKatar\u00edna <strong>Bal\u00e1zsov\u00e1<\/strong><br \/>\nE-mail: balazsova<img decoding=\"async\" class=\"\" src=\"http:\/\/szss-nitra.sk\/wp-content\/images\/zavinac.png\" \/>zpszobor.sk<br \/>\n<span style=\"color: #ffffff;\">.<\/span><br \/>\nTel.\u010d.: 037\/69 267 24<br \/>\nMobil: 0911 539 578<\/td>\n<\/tr>\n<\/tbody>\n<\/table>\n","protected":false},"excerpt":{"rendered":"<p>Poslanie, hodnoty a v\u00edzia Kontakt Ako vybavi\u0165 Poskytovan\u00e9 slu\u017eby Komu nemo\u017eno poskytova\u0165 Legislat\u00edva Cenn\u00edk Evidencia \u017eiadate\u013eov Fotogal\u00e9ria Z\u00e1ujmov\u00e1 \u010dinnos\u0165 Jed\u00e1lny l\u00edstok . Po\u0161tov\u00e1 adresa: Spr\u00e1va zariaden\u00ed soci\u00e1lnych slu\u017eieb prev\u00e1dzka: Zariadenie soci\u00e1lnych slu\u017eieb Zobor Jansk\u00e9ho 680\/7 949 01 Nitra . Mgr. Marta Nov\u00e1kov\u00e1 ved\u00faci \u00faseku soci\u00e1lnych slu\u017eieb Zobor Tel.\u010d.: 037\/69 267 23 Mobil: 0910 748 011 [&hellip;]<\/p>\n","protected":false},"author":1,"featured_media":0,"parent":3983,"menu_order":0,"comment_status":"closed","ping_status":"closed","template":"","meta":{"footnotes":""},"class_list":["post-3989","page","type-page","status-publish","hentry"],"_links":{"self":[{"href":"http:\/\/szss-nitra.sk\/index.php?rest_route=\/wp\/v2\/pages\/3989","targetHints":{"allow":["GET"]}}],"collection":[{"href":"http:\/\/szss-nitra.sk\/index.php?rest_route=\/wp\/v2\/pages"}],"about":[{"href":"http:\/\/szss-nitra.sk\/index.php?rest_route=\/wp\/v2\/types\/page"}],"author":[{"embeddable":true,"href":"http:\/\/szss-nitra.sk\/index.php?rest_route=\/wp\/v2\/users\/1"}],"replies":[{"embeddable":true,"href":"http:\/\/szss-nitra.sk\/index.php?rest_route=%2Fwp%2Fv2%2Fcomments&post=3989"}],"version-history":[{"count":47,"href":"http:\/\/szss-nitra.sk\/index.php?rest_route=\/wp\/v2\/pages\/3989\/revisions"}],"predecessor-version":[{"id":16100,"href":"http:\/\/szss-nitra.sk\/index.php?rest_route=\/wp\/v2\/pages\/3989\/revisions\/16100"}],"up":[{"embeddable":true,"href":"http:\/\/szss-nitra.sk\/index.php?rest_route=\/wp\/v2\/pages\/3983"}],"wp:attachment":[{"href":"http:\/\/szss-nitra.sk\/index.php?rest_route=%2Fwp%2Fv2%2Fmedia&parent=3989"}],"curies":[{"name":"wp","href":"https:\/\/api.w.org\/{rel}","templated":true}]}}