{"id":3986,"date":"2018-05-21T12:17:37","date_gmt":"2018-05-21T10:17:37","guid":{"rendered":"http:\/\/szss-nitra.sk\/?page_id=3986"},"modified":"2025-02-14T10:25:43","modified_gmt":"2025-02-14T08:25:43","slug":"zariadenie-pre-seniorov-4","status":"publish","type":"page","link":"http:\/\/szss-nitra.sk\/?page_id=3986","title":{"rendered":"Zariadenie pre seniorov"},"content":{"rendered":"<table style=\"border: none;\">\n<tbody>\n<tr>\n<td style=\"width: 30%; vertical-align: top;\"><a href=\"http:\/\/szss-nitra.sk\/?page_id=12320\">Poslanie, hodnoty a v\u00edzia<\/a><\/p>\n<p><a href=\"http:\/\/szss-nitra.sk\/?page_id=3989\">Kontakt<\/a><\/p>\n<p><a href=\"http:\/\/szss-nitra.sk\/?page_id=3987\">Ako vybavi\u0165<\/a><\/p>\n<p><a href=\"http:\/\/szss-nitra.sk\/?page_id=3997\">Poskytovan\u00e9 slu\u017eby<\/a><\/p>\n<p><a href=\"http:\/\/szss-nitra.sk\/?page_id=12329\">Komu nemo\u017eno poskytova\u0165<\/a><\/p>\n<p><a href=\"http:\/\/szss-nitra.sk\/?page_id=4021\">Legislat\u00edva<\/a><\/p>\n<p><strong><a href=\"http:\/\/szss-nitra.sk\/?page_id=3986\">Cenn\u00edk<\/a><\/strong><\/p>\n<p><a href=\"http:\/\/szss-nitra.sk\/?page_id=3988\">Evidencia \u017eiadate\u013eov<\/a><\/p>\n<p><a href=\"http:\/\/szss-nitra.sk\/?page_id=3985\">Fotogal\u00e9ria<\/a><\/p>\n<p><a href=\"http:\/\/szss-nitra.sk\/?page_id=12331\">Z\u00e1ujmov\u00e1 \u010dinnos\u0165<\/a><\/p>\n<p><a href=\"http:\/\/szss-nitra.sk\/?page_id=6511\">Jed\u00e1lny l\u00edstok<\/a><\/p>\n<p><img loading=\"lazy\" decoding=\"async\" class=\"alignnone wp-image-10981 size-full\" src=\"http:\/\/szss-nitra.sk\/wp-content\/uploads\/2023\/11\/menu_ico_ZOBOR.png\" alt=\"\" width=\"150\" height=\"150\" srcset=\"http:\/\/szss-nitra.sk\/wp-content\/uploads\/2023\/11\/menu_ico_ZOBOR.png 150w, http:\/\/szss-nitra.sk\/wp-content\/uploads\/2023\/11\/menu_ico_ZOBOR-100x100.png 100w\" sizes=\"auto, (max-width: 150px) 100vw, 150px\" \/><\/td>\n<td><span style=\"color: #ffffff;\">.<\/span><\/td>\n<td style=\"vertical-align: top; text-align: justify;\">1. <strong>V\u00fd\u0161ka \u00fahrady za pomoc pri odk\u00e1zanosti na pomoc inej fyzickej osoby<\/strong>, je stanoven\u00e1 pod\u013ea stup\u0148a odk\u00e1zanosti nasledovne:Tabu\u013eka \u010d. 1<\/p>\n<table>\n<tbody>\n<tr>\n<td style=\"text-align: center;\" width=\"216\"><strong>Stupe\u0148 odk\u00e1zanosti<\/strong><\/td>\n<td style=\"text-align: center;\" width=\"182\"><strong>Rozsah hod\u00edn\/de\u0148<\/strong><\/td>\n<td style=\"text-align: center;\" width=\"202\"><strong>\u00dahrada v \u20ac\/de\u0148<\/strong><\/td>\n<\/tr>\n<tr>\n<td style=\"text-align: center;\" width=\"216\">II.<\/td>\n<td style=\"text-align: center;\" width=\"182\">2 &#8211; 4<\/td>\n<td style=\"text-align: center;\" width=\"202\">3,50<\/td>\n<\/tr>\n<tr>\n<td style=\"text-align: center;\" width=\"216\">III.<\/td>\n<td style=\"text-align: center;\" width=\"182\">4 &#8211; 6<\/td>\n<td style=\"text-align: center;\" width=\"202\">4,00<\/td>\n<\/tr>\n<tr>\n<td style=\"text-align: center;\" width=\"216\">IV.<\/td>\n<td style=\"text-align: center;\" width=\"182\">6 &#8211; 8<\/td>\n<td style=\"text-align: center;\" width=\"202\">4,00<\/td>\n<\/tr>\n<tr>\n<td style=\"text-align: center;\" width=\"216\">V.<\/td>\n<td style=\"text-align: center;\" width=\"182\">8 &#8211; 12<\/td>\n<td style=\"text-align: center;\" width=\"202\">4,30<\/td>\n<\/tr>\n<tr>\n<td style=\"text-align: center;\" width=\"216\">VI.<\/td>\n<td style=\"text-align: center;\" width=\"182\">viac ako 12<\/td>\n<td style=\"text-align: center;\" width=\"202\">4,80<\/td>\n<\/tr>\n<\/tbody>\n<\/table>\n<p>2. <strong>V\u00fd\u0161ka \u00fahrady za ubytovanie<\/strong> v ZpS je stanoven\u00e1 nasledovne:<\/p>\n<p>Tabu\u013eka \u010d. 2<\/p>\n<table width=\"297\">\n<tbody>\n<tr>\n<td style=\"text-align: center;\" width=\"185\"><strong>Opis izby<\/strong><\/td>\n<td style=\"text-align: center;\" width=\"102\"><strong>\u00dahrada<\/strong> <strong>v \u20ac\/l\u00f4\u017eko\/de\u0148<\/strong><\/td>\n<\/tr>\n<tr>\n<td style=\"text-align: center;\" width=\"185\">apartm\u00e1n<\/td>\n<td style=\"text-align: center;\" width=\"102\">5,80<\/td>\n<\/tr>\n<tr>\n<td width=\"185\">1 l\u00f4\u017ekov\u00e1 izba so soci\u00e1lnym zariaden\u00edm<\/td>\n<td style=\"text-align: center;\" width=\"102\">4,50<\/td>\n<\/tr>\n<tr>\n<td width=\"185\">1 l\u00f4\u017ekov\u00e1 izba so soci\u00e1lnym zariaden\u00edm s balk\u00f3nom<\/td>\n<td style=\"text-align: center;\" width=\"102\">5,50<\/td>\n<\/tr>\n<tr>\n<td width=\"185\">2 l\u00f4\u017ekov\u00e1 izba so soci\u00e1lnym zariaden\u00edm<\/td>\n<td style=\"text-align: center;\" width=\"102\">3,50<\/td>\n<\/tr>\n<tr>\n<td width=\"185\">2 l\u00f4\u017ekov\u00e1 izba so soci\u00e1lnym zariaden\u00edm s balk\u00f3nom<\/td>\n<td style=\"text-align: center;\" width=\"102\">4,30<\/td>\n<\/tr>\n<\/tbody>\n<\/table>\n<p>3. <strong>V\u00fd\u0161ka \u00fahrady za stravovanie<\/strong> v ZpS je stanoven\u00e1 nasledovne :<\/p>\n<p>a) stravn\u00e1 jednotka pre prij\u00edmate\u013ea soci\u00e1lnej slu\u017eby, ktor\u00e9mu sa poskytuje strava 5 kr\u00e1t denne \/ra\u0148ajky, desiata, obed, olovrant, ve\u010dera\/ racion\u00e1lna, \u0161etriaca alebo mlet\u00e1 di\u00e9ta sa stanovuje vo v\u00fd\u0161ke <strong>6,30 \u20ac\/de\u0148<\/strong>,<\/p>\n<p>b) stravn\u00e1 jednotka pre prij\u00edmate\u013ea soci\u00e1lnej slu\u017eby, ktor\u00e9mu sa poskytuje strava 3 kr\u00e1t denne \/ra\u0148ajky, obed, ve\u010dera\/ racion\u00e1lna, \u0161etriaca, alebo mlet\u00e1 di\u00e9ta sa stanovuje vo v\u00fd\u0161ke<strong> 5,10 \u20ac\/de\u0148<\/strong>,<\/p>\n<p>c) stravn\u00e1 jednotka pre prij\u00edmate\u013ea soci\u00e1lnej slu\u017eby, ktor\u00e9mu sa poskytuje diabetick\u00e1 di\u00e9ta \/ra\u0148ajky, desiata, obed, olovrant, ve\u010dera, II. ve\u010dera\/ sa stanovuje vo v\u00fd\u0161ke <strong>6,90 \u20ac\/de\u0148<\/strong>. Ak prij\u00edmate\u013e soci\u00e1lnej slu\u017eby m\u00e1 lek\u00e1rom predp\u00edsan\u00fa diabetick\u00fa di\u00e9tu, je povinn\u00fd ju odobera\u0165.<\/p>\n<p>d) stravn\u00e1 jednotka pre prij\u00edmate\u013ea soci\u00e1lnej slu\u017eby v ZpS, ktor\u00e9mu sa poskytuje strava 2 kr\u00e1t denne \/ra\u0148ajky, obed\/ racion\u00e1lna alebo \u0161etriaca sa stanovuje vo v\u00fd\u0161ke: <strong>3,55 \u20ac\/de\u0148<\/strong>,<\/p>\n<p>e) stravn\u00e1 jednotka pre prij\u00edmate\u013ea soci\u00e1lnej slu\u017eby v ZpS, ktor\u00e9mu sa poskytuje strava 2 kr\u00e1t denne \/obed, ve\u010dera\/ racion\u00e1lna alebo \u0161etriaca sa stanovuje vo v\u00fd\u0161ke: <strong>3,90 \u20ac\/de\u0148.<\/strong><\/p>\n<p>4. V\u00fd\u0161ka \u00fahrady za pranie, \u017eehlenie, \u00fadr\u017ebu osobnej bielizne a \u0161atstva sa stanovuje na <strong>0,60 \u20ac\/de\u0148<\/strong>.<\/p>\n<p>5. V\u00fd\u0161ka \u00fahrady za upratovanie izieb a spolo\u010dn\u00fdch priestorov zariadenia v ZpS sa stanovuje na <strong>0,60 \u20ac\/de\u0148.<\/strong><\/p>\n<p>6. V\u00fd\u0161ka \u00fahrady za pou\u017e\u00edvanie vlastn\u00e9ho elektrospotrebi\u010da v ZpS sa stanovuje za ka\u017ed\u00fd elektrospotrebi\u010d na <strong>0,30 \u20ac\/de\u0148<\/strong>.<\/p>\n<p>7. V\u00fd\u0161ka \u00fahrady za pou\u017e\u00edvanie klimatiz\u00e1cie v 1 l\u00f4\u017ekovej izbe vzpS sa stanovuje na <strong>0,10 \u20ac\/de\u0148<\/strong> a v 2 l\u00f4\u017ekovej izbe v ZpS sa stanovuje na <strong>0,05 \u20ac\/de\u0148.<\/strong><\/p>\n<p>8. V\u00fd\u0161ka \u00fahrady za \u00faschovu cenn\u00fdch vec\u00ed v ZpS sa stanovuje na <strong>0,- \u20ac\/de\u0148<\/strong>. Zariadenie je povinn\u00e9 uzatvori\u0165 s prij\u00edmate\u013eom soci\u00e1lnej slu\u017eby zmluvu o \u00faschove cenn\u00fdch vec\u00ed.<\/p>\n<p>9. V ZpS s\u00fa poskytovan\u00e9 fakultat\u00edvne slu\u017eby s nasledovnou v\u00fd\u0161kou \u00fahrady:<\/p>\n<p>Tabu\u013eka \u010d. 3<\/p>\n<table width=\"297\">\n<tbody>\n<tr>\n<td style=\"text-align: center;\" width=\"185\"><strong>Fakultat\u00edvna slu\u017eba<\/strong><\/td>\n<td style=\"text-align: center;\" width=\"102\"><b>V\u00fd\u0161ka \u00fahrady v \u20ac<\/b><\/td>\n<\/tr>\n<tr>\n<td style=\"text-align: left;\" width=\"185\">sprostredkovanie n\u00e1kupu a don\u00e1\u0161ky lek\u00e1rom predp\u00edsan\u00fdch liekov, zdravotn\u00edckych potrieb a hygienick\u00fdch pom\u00f4cok a ich odovzdanie klientovi<\/td>\n<td style=\"text-align: center;\" width=\"102\">bezodplatne<\/td>\n<\/tr>\n<tr>\n<td width=\"185\">mas\u00e1\u017ena va\u0148a doln\u00e9 kon\u010datiny (45 litrov) 20 min. proced\u00fara<\/td>\n<td style=\"text-align: center;\" width=\"102\">1,00<\/td>\n<\/tr>\n<tr>\n<td width=\"185\">mas\u00e1\u017ena va\u0148a Oceanstandard (280 litrov) 20 min. proced\u00fara<\/td>\n<td style=\"text-align: center;\" width=\"102\">3,00<\/td>\n<\/tr>\n<tr>\n<td width=\"185\">mas\u00e1\u017ena va\u0148a Aquapedis (120 litrov) 20 min. proced\u00fara<\/td>\n<td style=\"text-align: center;\" width=\"102\">1,50<\/td>\n<\/tr>\n<tr>\n<td width=\"185\">mas\u00e1\u017ena va\u0148a Aquadelica mini II (200 litrov) 20 min. proced\u00fara<\/td>\n<td style=\"text-align: center;\" width=\"102\">2,00<\/td>\n<\/tr>\n<tr>\n<td width=\"185\">sprev\u00e1dzanie prij\u00edmate\u013ea soci\u00e1lnej slu\u017eby zamestnancom zariadenia za \u00fa\u010delom aktiv\u00edt nedefinovan\u00fdch v Pr\u00edlohe \u010d. 4 Z\u00e1kona \u010d. 448\/2008 Z.z. o soci\u00e1lnych slu\u017eb\u00e1ch<\/td>\n<td style=\"text-align: center;\" width=\"102\">5,00<\/td>\n<\/tr>\n<\/tbody>\n<\/table>\n<p style=\"text-align: center;\">\u00dapln\u00e9 znenie aktu\u00e1lneho cenn\u00edka n\u00e1jdete tu:<\/p>\n<p style=\"text-align: center;\"><a href=\"http:\/\/szss-nitra.sk\/?page_id=7969\" target=\"_blank\" rel=\"noopener\">www.szss-nitra.sk\/SZSS_cenn\u00edk<\/a><\/p>\n<\/td>\n<\/tr>\n<\/tbody>\n<\/table>\n","protected":false},"excerpt":{"rendered":"<p>Poslanie, hodnoty a v\u00edzia Kontakt Ako vybavi\u0165 Poskytovan\u00e9 slu\u017eby Komu nemo\u017eno poskytova\u0165 Legislat\u00edva Cenn\u00edk Evidencia \u017eiadate\u013eov Fotogal\u00e9ria Z\u00e1ujmov\u00e1 \u010dinnos\u0165 Jed\u00e1lny l\u00edstok . 1. V\u00fd\u0161ka \u00fahrady za pomoc pri odk\u00e1zanosti na pomoc inej fyzickej osoby, je stanoven\u00e1 pod\u013ea stup\u0148a odk\u00e1zanosti nasledovne:Tabu\u013eka \u010d. 1 Stupe\u0148 odk\u00e1zanosti Rozsah hod\u00edn\/de\u0148 \u00dahrada v \u20ac\/de\u0148 II. 2 &#8211; 4 3,50 III. [&hellip;]<\/p>\n","protected":false},"author":1,"featured_media":0,"parent":3983,"menu_order":0,"comment_status":"closed","ping_status":"closed","template":"","meta":{"footnotes":""},"class_list":["post-3986","page","type-page","status-publish","hentry"],"_links":{"self":[{"href":"http:\/\/szss-nitra.sk\/index.php?rest_route=\/wp\/v2\/pages\/3986","targetHints":{"allow":["GET"]}}],"collection":[{"href":"http:\/\/szss-nitra.sk\/index.php?rest_route=\/wp\/v2\/pages"}],"about":[{"href":"http:\/\/szss-nitra.sk\/index.php?rest_route=\/wp\/v2\/types\/page"}],"author":[{"embeddable":true,"href":"http:\/\/szss-nitra.sk\/index.php?rest_route=\/wp\/v2\/users\/1"}],"replies":[{"embeddable":true,"href":"http:\/\/szss-nitra.sk\/index.php?rest_route=%2Fwp%2Fv2%2Fcomments&post=3986"}],"version-history":[{"count":20,"href":"http:\/\/szss-nitra.sk\/index.php?rest_route=\/wp\/v2\/pages\/3986\/revisions"}],"predecessor-version":[{"id":13758,"href":"http:\/\/szss-nitra.sk\/index.php?rest_route=\/wp\/v2\/pages\/3986\/revisions\/13758"}],"up":[{"embeddable":true,"href":"http:\/\/szss-nitra.sk\/index.php?rest_route=\/wp\/v2\/pages\/3983"}],"wp:attachment":[{"href":"http:\/\/szss-nitra.sk\/index.php?rest_route=%2Fwp%2Fv2%2Fmedia&parent=3986"}],"curies":[{"name":"wp","href":"https:\/\/api.w.org\/{rel}","templated":true}]}}