{"id":3983,"date":"2018-05-21T09:42:07","date_gmt":"2018-05-21T07:42:07","guid":{"rendered":"http:\/\/szss-nitra.sk\/?page_id=3983"},"modified":"2025-08-31T15:45:11","modified_gmt":"2025-08-31T13:45:11","slug":"zariadenie-pre-seniorov-1","status":"publish","type":"page","link":"http:\/\/szss-nitra.sk\/?page_id=3983","title":{"rendered":"Zariadenie pre seniorov"},"content":{"rendered":"<table style=\"border: none;\">\n<tbody>\n<tr>\n<td style=\"width: 30%; vertical-align: top;\"><a href=\"http:\/\/szss-nitra.sk\/?page_id=12320\">Poslanie, hodnoty a v\u00edzia<\/a><\/p>\n<p><a href=\"http:\/\/szss-nitra.sk\/?page_id=3989\">Kontakt<\/a><\/p>\n<p><a href=\"http:\/\/szss-nitra.sk\/?page_id=3987\">Ako vybavi\u0165<\/a><\/p>\n<p><a href=\"http:\/\/szss-nitra.sk\/?page_id=3997\">Poskytovan\u00e9 slu\u017eby<\/a><\/p>\n<p><a href=\"http:\/\/szss-nitra.sk\/?page_id=12329\">Komu nemo\u017eno poskytova\u0165<\/a><\/p>\n<p><a href=\"http:\/\/szss-nitra.sk\/?page_id=4021\">Legislat\u00edva<\/a><\/p>\n<p><a href=\"http:\/\/szss-nitra.sk\/?page_id=3986\">Cenn\u00edk<\/a><\/p>\n<p><a href=\"http:\/\/szss-nitra.sk\/?page_id=3988\">Evidencia \u017eiadate\u013eov<\/a><\/p>\n<p><a href=\"http:\/\/szss-nitra.sk\/?page_id=3985\">Fotogal\u00e9ria<\/a><\/p>\n<p><a href=\"http:\/\/szss-nitra.sk\/?page_id=12331\">Z\u00e1ujmov\u00e1 \u010dinnos\u0165<\/a><\/p>\n<p><a href=\"http:\/\/szss-nitra.sk\/?page_id=6511\">Jed\u00e1lny l\u00edstok<\/a><\/p>\n<p><img loading=\"lazy\" decoding=\"async\" class=\"alignnone wp-image-10981 size-full\" src=\"http:\/\/szss-nitra.sk\/wp-content\/uploads\/2023\/11\/menu_ico_ZOBOR.png\" alt=\"\" width=\"150\" height=\"150\" srcset=\"http:\/\/szss-nitra.sk\/wp-content\/uploads\/2023\/11\/menu_ico_ZOBOR.png 150w, http:\/\/szss-nitra.sk\/wp-content\/uploads\/2023\/11\/menu_ico_ZOBOR-100x100.png 100w\" sizes=\"auto, (max-width: 150px) 100vw, 150px\" \/><\/td>\n<td><span style=\"color: #ffffff;\">.<\/span><\/td>\n<td style=\"vertical-align: top; text-align: center;\">\n<p style=\"text-align: justify;\">Zariadenie pre seniorov je zariadenie s celoro\u010dnou prev\u00e1dzkou kde sa poskytuje soci\u00e1lna slu\u017eba fyzickej osobe, ktor\u00e1 dov\u0155\u0161ila d\u00f4chodkov\u00fd vek a je odk\u00e1zan\u00e1 na pomoc inej osoby alebo fyzickej osobe, ktor\u00e1 dov\u0155\u0161ila d\u00f4chodkov\u00fd vek a poskytovanie soci\u00e1lnej slu\u017eby v zariaden\u00ed potrebuje z d\u00f4vodov vopred ur\u010den\u00fdch a zverejnen\u00fdch obcou. Pre poskytovanie soci\u00e1lnej slu\u017eby je potrebn\u00e9 predlo\u017ei\u0165 pr\u00e1voplatn\u00e9 <strong>rozhodnutie o odk\u00e1zanosti na soci\u00e1lnu slu\u017ebu najmenej so stup\u0148om odk\u00e1zanosti IV (vydan\u00e9 do 31.08.2025<\/strong> \u2013 zost\u00e1va v platnosti najdlh\u0161ie do nadobudnutia pr\u00e1voplatnosti integrovan\u00e9ho posudku) <strong>alebo integrovan\u00fd posudok preukazuj\u00faci odk\u00e1zanos\u0165 na soci\u00e1lnu slu\u017ebu v zariaden\u00ed pre seniorov (vydan\u00e9 \u00daPSVaR od 01.09.2025)<\/strong>.<\/p>\n<p style=\"text-align: justify;\">ZpS sa nach\u00e1dza v mestskej \u010dasti Zobor v novo zrekon\u0161truovan\u00fdch priestoroch, ktor\u00fdch s\u00fa\u010das\u0165ou je rozsiahly park s oddychov\u00fdmi z\u00f3nami.<\/p>\n<p style=\"text-align: justify;\">Zariadenie m\u00e1 kapacitu 103 l\u00f4\u017eok. Ubytovanie v zariaden\u00ed sa poskytuje v jedno a dvojl\u00f4\u017ekov\u00fdch izb\u00e1ch, z ktor\u00fdch je ve\u013ek\u00e1 \u010das\u0165 vybaven\u00e1 balk\u00f3nom.<\/p>\n<\/td>\n<\/tr>\n<\/tbody>\n<\/table>\n","protected":false},"excerpt":{"rendered":"<p>Poslanie, hodnoty a v\u00edzia Kontakt Ako vybavi\u0165 Poskytovan\u00e9 slu\u017eby Komu nemo\u017eno poskytova\u0165 Legislat\u00edva Cenn\u00edk Evidencia \u017eiadate\u013eov Fotogal\u00e9ria Z\u00e1ujmov\u00e1 \u010dinnos\u0165 Jed\u00e1lny l\u00edstok . Zariadenie pre seniorov je zariadenie s celoro\u010dnou prev\u00e1dzkou kde sa poskytuje soci\u00e1lna slu\u017eba fyzickej osobe, ktor\u00e1 dov\u0155\u0161ila d\u00f4chodkov\u00fd vek a je odk\u00e1zan\u00e1 na pomoc inej osoby alebo fyzickej osobe, ktor\u00e1 dov\u0155\u0161ila d\u00f4chodkov\u00fd vek [&hellip;]<\/p>\n","protected":false},"author":1,"featured_media":0,"parent":0,"menu_order":0,"comment_status":"closed","ping_status":"closed","template":"","meta":{"footnotes":""},"class_list":["post-3983","page","type-page","status-publish","hentry"],"_links":{"self":[{"href":"http:\/\/szss-nitra.sk\/index.php?rest_route=\/wp\/v2\/pages\/3983","targetHints":{"allow":["GET"]}}],"collection":[{"href":"http:\/\/szss-nitra.sk\/index.php?rest_route=\/wp\/v2\/pages"}],"about":[{"href":"http:\/\/szss-nitra.sk\/index.php?rest_route=\/wp\/v2\/types\/page"}],"author":[{"embeddable":true,"href":"http:\/\/szss-nitra.sk\/index.php?rest_route=\/wp\/v2\/users\/1"}],"replies":[{"embeddable":true,"href":"http:\/\/szss-nitra.sk\/index.php?rest_route=%2Fwp%2Fv2%2Fcomments&post=3983"}],"version-history":[{"count":24,"href":"http:\/\/szss-nitra.sk\/index.php?rest_route=\/wp\/v2\/pages\/3983\/revisions"}],"predecessor-version":[{"id":14996,"href":"http:\/\/szss-nitra.sk\/index.php?rest_route=\/wp\/v2\/pages\/3983\/revisions\/14996"}],"wp:attachment":[{"href":"http:\/\/szss-nitra.sk\/index.php?rest_route=%2Fwp%2Fv2%2Fmedia&parent=3983"}],"curies":[{"name":"wp","href":"https:\/\/api.w.org\/{rel}","templated":true}]}}