{"id":3879,"date":"2018-05-11T13:25:50","date_gmt":"2018-05-11T11:25:50","guid":{"rendered":"http:\/\/szss-nitra.sk\/?page_id=3879"},"modified":"2022-11-02T14:50:25","modified_gmt":"2022-11-02T12:50:25","slug":"vizia-poslanie-a-ciele-poskytovatela","status":"publish","type":"page","link":"http:\/\/szss-nitra.sk\/?page_id=3879","title":{"rendered":"V\u00edzia, poslanie a ciele poskytovate\u013ea"},"content":{"rendered":"<p style=\"text-align: justify;\">\u00a0\u00a0\u00a0\u00a0 <strong>V\u00edziou<\/strong> na\u0161ej organiz\u00e1cie je zabezpe\u010denie tak\u00e9ho prostredia, ktor\u00e9 podporuje \u010do najvy\u0161\u0161iu mieru sebesta\u010dnosti a auton\u00f3mie prij\u00edmate\u013ea soci\u00e1lnej slu\u017eby a z\u00e1rove\u0148 poskytuje odborne spr\u00e1vne a bezpe\u010dn\u00e9 slu\u017eby.<\/p>\n<p style=\"text-align: justify;\">\u00a0\u00a0\u00a0\u00a0 Chceme poskytova\u0165 slu\u017eby sp\u013a\u0148aj\u00face po\u017eiadavky na kvalitu, ktor\u00e9 z\u00e1rove\u0148 dbaj\u00fa aj na subjekt\u00edvnu spokojnos\u0165 prij\u00edmate\u013ea. Prij\u00edmate\u013e soci\u00e1lnej slu\u017eby je na\u0161\u00edm partnerom a jeho n\u00e1zor je pre n\u00e1s d\u00f4le\u017eit\u00fd.<\/p>\n<p style=\"text-align: justify;\">\u00a0\u00a0\u00a0\u00a0 <strong>Poslan\u00edm<\/strong> Spr\u00e1vy zariaden\u00ed soci\u00e1lnych slu\u017eieb je poskytova\u0165 kvalitn\u00e9 soci\u00e1lne slu\u017eby v zmysle z\u00e1kona o soci\u00e1lnych slu\u017eb\u00e1ch ako s\u00fa\u010das\u0165 soci\u00e1lnej politiky Mesta Nitra. Cie\u013eom poskytovan\u00fdch soci\u00e1lnych slu\u017eieb je rozpozna\u0165 a adekv\u00e1tne, odborne a empaticky reagova\u0165 na po\u017eiadavky prij\u00edmate\u013ea.<\/p>\n<p style=\"text-align: justify;\">\u00a0\u00a0\u00a0\u00a0 V\u00edziou organiz\u00e1cie je poskytova\u0165 komplexn\u00e9 soci\u00e1lne slu\u017eby ob\u010danom mesta Nitry, a to prostredn\u00edctvom \u0161irokej ponuky soci\u00e1lnych slu\u017eieb:<\/p>\n<p style=\"text-align: justify;\">\u2022 Pon\u00faka\u0165 kvalitn\u00e9, efekt\u00edvne a adresn\u00e9 soci\u00e1lne slu\u017eby, ktor\u00e9 zoh\u013ead\u0148uj\u00fa individu\u00e1lne potreby ka\u017ed\u00e9ho prij\u00edmate\u013ea soci\u00e1lnej slu\u017eby,<br \/>\n\u2022 sledova\u0165 najnov\u0161ie trendy v oblasti soci\u00e1lnych slu\u017eieb a tie implementova\u0165 na podmienky nami poskytovan\u00fdch slu\u017eieb,<br \/>\n\u2022 by\u0165 jedn\u00fdm z najvyh\u013ead\u00e1vanej\u0161\u00edch poskytovate\u013eov soci\u00e1lnych slu\u017eieb,<br \/>\n\u2022 zamestn\u00e1va\u0165 t\u00edm najlep\u0161\u00edch odborn\u00edkov, ktor\u00ed bud\u00fa erudovan\u00ed na vykon\u00e1vanie odborn\u00fdch, obslu\u017en\u00fdch a \u010fal\u0161\u00edch \u010dinnost\u00ed zameran\u00fdch na klienta, podporova\u0165 ich v \u010fal\u0161om vzdel\u00e1van\u00ed, rovnako v profesion\u00e1lnom ako v osobnostnom raste,<br \/>\n\u2022 vytv\u00e1ra\u0165 tak\u00e9 podmienky, ktor\u00e9 umo\u017enia \u010do najd\u00f4stojnej\u0161ie pre\u017eitie \u017eivota prij\u00edmate\u013ea, pom\u00f4\u017eu udr\u017ea\u0165 \u010do najvy\u0161\u0161iu mo\u017en\u00fa mieru samostatnosti osob\u00e1m so zdravotn\u00fdm, du\u0161evn\u00fdm a in\u00fdm postihnut\u00edm,<br \/>\n\u2022 zabezpe\u010di\u0165 podmienky, ktor\u00e9 prispej\u00fa k soci\u00e1lnej integr\u00e1cii prij\u00edmate\u013eov soci\u00e1lnych slu\u017eieb, pr\u00edp. zn\u00ed\u017eia riziko ich soci\u00e1lnej exkl\u00fazie.<\/p>\n<p style=\"text-align: justify;\">\u00a0\u00a0\u00a0\u00a0 V r\u00e1mci neust\u00e1leho zvy\u0161ovania kvality poskytovan\u00fdch soci\u00e1lnych slu\u017eieb chceme pri poskytovan\u00ed soci\u00e1lnych slu\u017eieb vytvori\u0165 prostredie d\u00f4very a atmosf\u00e9ru vz\u00e1jomn\u00e9ho re\u0161pektu, profesion\u00e1lnej odbornosti a zodpovednosti.<\/p>\n<p style=\"text-align: justify;\">\u00a0\u00a0\u00a0\u00a0 Strat\u00e9gia rozvoja organiz\u00e1cie je v s\u00falade s Koncepciou rozvoja soci\u00e1lnych slu\u017eieb v Nitrianskom kraji a III. Komunitn\u00fdm pl\u00e1nom soci\u00e1lnych slu\u017eieb v Meste Nitra, nadv\u00e4zuje na doteraj\u0161ie v\u00fdsledky pr\u00e1ce Spr\u00e1vy zariaden\u00ed soci\u00e1lnych slu\u017eieb a zoh\u013ead\u0148uje trendy poskytovania soci\u00e1lnych slu\u017eieb s <strong>cie\u013eom<\/strong>:<\/p>\n<p style=\"text-align: justify;\">\u2022 Zabezpe\u010di\u0165 dostupnos\u0165 soci\u00e1lnych slu\u017eieb v s\u00falade s potrebami jednotlivca a komunity,<br \/>\n\u2022 podpori\u0165 prechod prij\u00edmate\u013eov soci\u00e1lnych slu\u017eieb z in\u0161titucion\u00e1lnej starostlivosti na komunitn\u00fa starostlivos\u0165,<br \/>\n\u2022 zvy\u0161ova\u0165 kvalitu poskytovan\u00fdch soci\u00e1lnych slu\u017eieb,<br \/>\n\u2022 podpori\u0165 vytv\u00e1ranie siete soci\u00e1lnych slu\u017eieb,<br \/>\n\u2022 predch\u00e1dza\u0165 soci\u00e1lnemu vyl\u00fa\u010deniu a soci\u00e1lnej izol\u00e1cii ohrozen\u00fdch jednotlivcov a skup\u00edn,<br \/>\n\u2022 posil\u0148ova\u0165 soci\u00e1lnu s\u00fadr\u017enos\u0165 v\u0161etk\u00fdch obyvate\u013eov mesta Nitry,<br \/>\n\u2022 skvalitni\u0165 spolupr\u00e1cu medzi poskytovate\u013emi soci\u00e1lnych slu\u017eieb,<br \/>\n\u2022 zv\u00fd\u0161i\u0165 informovanos\u0165 o poskytovan\u00fdch soci\u00e1lnych slu\u017eb\u00e1ch,<br \/>\n\u2022 podpori\u0165 rozvoj ambulantn\u00fdch soci\u00e1lnych slu\u017eieb, dom\u00e1cej opatrovate\u013eskej slu\u017eby a in\u00fdch ter\u00e9nnych a podporn\u00fdch slu\u017eieb.<\/p>\n","protected":false},"excerpt":{"rendered":"<p>\u00a0\u00a0\u00a0\u00a0 V\u00edziou na\u0161ej organiz\u00e1cie je zabezpe\u010denie tak\u00e9ho prostredia, ktor\u00e9 podporuje \u010do najvy\u0161\u0161iu mieru sebesta\u010dnosti a auton\u00f3mie prij\u00edmate\u013ea soci\u00e1lnej slu\u017eby a z\u00e1rove\u0148 poskytuje odborne spr\u00e1vne a bezpe\u010dn\u00e9 slu\u017eby. \u00a0\u00a0\u00a0\u00a0 Chceme poskytova\u0165 slu\u017eby sp\u013a\u0148aj\u00face po\u017eiadavky na kvalitu, ktor\u00e9 z\u00e1rove\u0148 dbaj\u00fa aj na subjekt\u00edvnu spokojnos\u0165 prij\u00edmate\u013ea. Prij\u00edmate\u013e soci\u00e1lnej slu\u017eby je na\u0161\u00edm partnerom a jeho n\u00e1zor je pre n\u00e1s [&hellip;]<\/p>\n","protected":false},"author":1,"featured_media":0,"parent":0,"menu_order":0,"comment_status":"closed","ping_status":"closed","template":"","meta":{"footnotes":""},"class_list":["post-3879","page","type-page","status-publish","hentry"],"_links":{"self":[{"href":"http:\/\/szss-nitra.sk\/index.php?rest_route=\/wp\/v2\/pages\/3879","targetHints":{"allow":["GET"]}}],"collection":[{"href":"http:\/\/szss-nitra.sk\/index.php?rest_route=\/wp\/v2\/pages"}],"about":[{"href":"http:\/\/szss-nitra.sk\/index.php?rest_route=\/wp\/v2\/types\/page"}],"author":[{"embeddable":true,"href":"http:\/\/szss-nitra.sk\/index.php?rest_route=\/wp\/v2\/users\/1"}],"replies":[{"embeddable":true,"href":"http:\/\/szss-nitra.sk\/index.php?rest_route=%2Fwp%2Fv2%2Fcomments&post=3879"}],"version-history":[{"count":9,"href":"http:\/\/szss-nitra.sk\/index.php?rest_route=\/wp\/v2\/pages\/3879\/revisions"}],"predecessor-version":[{"id":8912,"href":"http:\/\/szss-nitra.sk\/index.php?rest_route=\/wp\/v2\/pages\/3879\/revisions\/8912"}],"wp:attachment":[{"href":"http:\/\/szss-nitra.sk\/index.php?rest_route=%2Fwp%2Fv2%2Fmedia&parent=3879"}],"curies":[{"name":"wp","href":"https:\/\/api.w.org\/{rel}","templated":true}]}}