{"id":3835,"date":"2018-05-11T12:30:16","date_gmt":"2018-05-11T10:30:16","guid":{"rendered":"http:\/\/szss-nitra.sk\/?page_id=3835"},"modified":"2026-02-09T14:11:50","modified_gmt":"2026-02-09T12:11:50","slug":"denny-stacionar-7","status":"publish","type":"page","link":"http:\/\/szss-nitra.sk\/?page_id=3835","title":{"rendered":"Denn\u00fd stacion\u00e1r"},"content":{"rendered":"<table style=\"border: none;\">\n<tbody>\n<tr>\n<td style=\"width: 30%; vertical-align: top;\"><a href=\"http:\/\/szss-nitra.sk\/?page_id=10488\">Poslanie, hodnoty a v\u00edzia<\/a><\/p>\n<p><a href=\"http:\/\/szss-nitra.sk\/?page_id=3819\">Kontakt<\/a><\/p>\n<p><a href=\"http:\/\/szss-nitra.sk\/?page_id=3821\">Ako vybavi\u0165<\/a><\/p>\n<p><a href=\"http:\/\/szss-nitra.sk\/?page_id=3820\">Komu poskytujeme<\/a><\/p>\n<p><a href=\"http:\/\/szss-nitra.sk\/?page_id=3822\">Komu nemo\u017eno poskytova\u0165<\/a><\/p>\n<p><a href=\"http:\/\/szss-nitra.sk\/?page_id=3840\">Legislat\u00edva<\/a><\/p>\n<p><a href=\"http:\/\/szss-nitra.sk\/?page_id=3828\">\u010cas poskytovania<\/a><\/p>\n<p><a href=\"http:\/\/szss-nitra.sk\/?page_id=3829\">Cenn\u00edk<\/a><\/p>\n<p><a href=\"http:\/\/szss-nitra.sk\/?page_id=3832\">Evidencia \u017eiadate\u013eov<\/a><\/p>\n<p><a href=\"http:\/\/szss-nitra.sk\/?page_id=3833\">\u010co poskytujeme<\/a><\/p>\n<p><a href=\"http:\/\/szss-nitra.sk\/?page_id=10218\">Podujatia a \u010dinnosti<\/a><\/p>\n<p><span style=\"color: #000000;\"><strong><a style=\"color: #000000;\" href=\"http:\/\/szss-nitra.sk\/?page_id=3835\">Fotogal\u00e9ria<\/a><\/strong><\/span><\/p>\n<p><a href=\"http:\/\/szss-nitra.sk\/?page_id=10845\">Podpora zamestnancov<\/a><\/p>\n<p><img loading=\"lazy\" decoding=\"async\" class=\"alignnone size-full wp-image-11087\" src=\"http:\/\/szss-nitra.sk\/wp-content\/uploads\/2023\/11\/menu_ico_DS2.png\" alt=\"\" width=\"125\" height=\"140\" \/><\/td>\n<td><span style=\"color: #ffffff;\">.<\/span><\/td>\n<td style=\"vertical-align: top; text-align: left;\">Denn\u00fd stacion\u00e1r pre seniorov &#8211; Bani\u010dova 522\/12, Nitra<\/p>\n<p><a href=\"http:\/\/szss-nitra.sk\/wp-content\/uploads\/2025\/11\/IMG_8064-scaled.jpg\"><img loading=\"lazy\" decoding=\"async\" class=\"alignnone size-thumbnail wp-image-15397\" src=\"http:\/\/szss-nitra.sk\/wp-content\/uploads\/2025\/11\/IMG_8064-100x100.jpg\" alt=\"\" width=\"100\" height=\"100\" \/><\/a> <a href=\"http:\/\/szss-nitra.sk\/wp-content\/uploads\/2025\/11\/IMG_8028-scaled.jpg\"><img loading=\"lazy\" decoding=\"async\" class=\"alignnone size-thumbnail wp-image-15389\" src=\"http:\/\/szss-nitra.sk\/wp-content\/uploads\/2025\/11\/IMG_8028-100x100.jpg\" alt=\"\" width=\"100\" height=\"100\" \/><\/a> <a href=\"http:\/\/szss-nitra.sk\/wp-content\/uploads\/2025\/11\/IMG_8031-scaled.jpg\"><img loading=\"lazy\" decoding=\"async\" class=\"alignnone size-thumbnail wp-image-15390\" src=\"http:\/\/szss-nitra.sk\/wp-content\/uploads\/2025\/11\/IMG_8031-100x100.jpg\" alt=\"\" width=\"100\" height=\"100\" \/><\/a> <a href=\"http:\/\/szss-nitra.sk\/wp-content\/uploads\/2025\/11\/IMG_8047-scaled.jpg\"><img loading=\"lazy\" decoding=\"async\" class=\"alignnone size-thumbnail wp-image-15395\" src=\"http:\/\/szss-nitra.sk\/wp-content\/uploads\/2025\/11\/IMG_8047-100x100.jpg\" alt=\"\" width=\"100\" height=\"100\" \/><\/a> <a href=\"http:\/\/szss-nitra.sk\/wp-content\/uploads\/2025\/11\/IMG_8039-scaled.jpg\"><img loading=\"lazy\" decoding=\"async\" class=\"alignnone size-thumbnail wp-image-15393\" src=\"http:\/\/szss-nitra.sk\/wp-content\/uploads\/2025\/11\/IMG_8039-100x100.jpg\" alt=\"\" width=\"100\" height=\"100\" \/><\/a> <a href=\"http:\/\/szss-nitra.sk\/wp-content\/uploads\/2025\/11\/IMG_8035-scaled.jpg\"><img loading=\"lazy\" decoding=\"async\" class=\"alignnone size-thumbnail wp-image-15391\" src=\"http:\/\/szss-nitra.sk\/wp-content\/uploads\/2025\/11\/IMG_8035-100x100.jpg\" alt=\"\" width=\"100\" height=\"100\" \/><\/a> <a href=\"http:\/\/szss-nitra.sk\/wp-content\/uploads\/2025\/11\/IMG_8062.jpg\"><img loading=\"lazy\" decoding=\"async\" class=\"alignnone size-thumbnail wp-image-15396\" src=\"http:\/\/szss-nitra.sk\/wp-content\/uploads\/2025\/11\/IMG_8062-100x100.jpg\" alt=\"\" width=\"100\" height=\"100\" \/><\/a> <a href=\"http:\/\/szss-nitra.sk\/wp-content\/uploads\/2025\/11\/IMG_8041-scaled.jpg\"><img loading=\"lazy\" decoding=\"async\" class=\"alignnone size-thumbnail wp-image-15394\" src=\"http:\/\/szss-nitra.sk\/wp-content\/uploads\/2025\/11\/IMG_8041-100x100.jpg\" alt=\"\" width=\"100\" height=\"100\" \/><\/a><\/p>\n<hr \/>\n<p>Denn\u00fd stacion\u00e1r pre osoby s poruchami autistick\u00e9ho spektra &#8211; Bani\u010dova 523\/14, Nitra<\/p>\n<p><a href=\"http:\/\/szss-nitra.sk\/wp-content\/uploads\/2025\/11\/WhatsApp-Image-2025-11-21-at-09.31.23.jpeg\"><img loading=\"lazy\" decoding=\"async\" class=\"alignnone size-thumbnail wp-image-15430\" src=\"http:\/\/szss-nitra.sk\/wp-content\/uploads\/2025\/11\/WhatsApp-Image-2025-11-21-at-09.31.23-100x100.jpeg\" alt=\"\" width=\"100\" height=\"100\" \/><\/a> <a href=\"http:\/\/szss-nitra.sk\/wp-content\/uploads\/2025\/11\/5c0ef640-0c84-4061-85cb-1909d28abfc2.jpg\"><img loading=\"lazy\" decoding=\"async\" class=\"alignnone size-thumbnail wp-image-15432\" src=\"http:\/\/szss-nitra.sk\/wp-content\/uploads\/2025\/11\/5c0ef640-0c84-4061-85cb-1909d28abfc2-100x100.jpg\" alt=\"\" width=\"100\" height=\"100\" \/> <\/a><a href=\"http:\/\/szss-nitra.sk\/wp-content\/uploads\/2025\/11\/IMG_7905-scaled.jpg\"><img loading=\"lazy\" decoding=\"async\" class=\"alignnone size-thumbnail wp-image-15408\" src=\"http:\/\/szss-nitra.sk\/wp-content\/uploads\/2025\/11\/IMG_7905-100x100.jpg\" alt=\"\" width=\"100\" height=\"100\" \/><\/a> <a href=\"http:\/\/szss-nitra.sk\/wp-content\/uploads\/2025\/11\/IMG_7902-scaled.jpg\"><img loading=\"lazy\" decoding=\"async\" class=\"alignnone size-thumbnail wp-image-15407\" src=\"http:\/\/szss-nitra.sk\/wp-content\/uploads\/2025\/11\/IMG_7902-100x100.jpg\" alt=\"\" width=\"100\" height=\"100\" \/> <\/a><a href=\"http:\/\/szss-nitra.sk\/wp-content\/uploads\/2025\/11\/966d2137-e9ac-4700-805c-ff7a2a436efc.jpg\"><img loading=\"lazy\" decoding=\"async\" class=\"alignnone size-thumbnail wp-image-15433\" src=\"http:\/\/szss-nitra.sk\/wp-content\/uploads\/2025\/11\/966d2137-e9ac-4700-805c-ff7a2a436efc-100x100.jpg\" alt=\"\" width=\"100\" height=\"100\" \/> <\/a><a href=\"http:\/\/szss-nitra.sk\/wp-content\/uploads\/2025\/11\/c560e526-f0b7-4f28-b45c-5f075308239b.jpg\"><img loading=\"lazy\" decoding=\"async\" class=\"alignnone size-thumbnail wp-image-15434\" src=\"http:\/\/szss-nitra.sk\/wp-content\/uploads\/2025\/11\/c560e526-f0b7-4f28-b45c-5f075308239b-100x100.jpg\" alt=\"\" width=\"100\" height=\"100\" \/><\/a> <a href=\"http:\/\/szss-nitra.sk\/wp-content\/uploads\/2025\/11\/IMG_7908-scaled.jpg\"><img loading=\"lazy\" decoding=\"async\" class=\"alignnone size-thumbnail wp-image-15409\" src=\"http:\/\/szss-nitra.sk\/wp-content\/uploads\/2025\/11\/IMG_7908-100x100.jpg\" alt=\"\" width=\"100\" height=\"100\" \/> <\/a><a href=\"http:\/\/szss-nitra.sk\/wp-content\/uploads\/2025\/11\/d57c6e16-2bda-4491-961e-4c38e333154c.jpg\"><img loading=\"lazy\" decoding=\"async\" class=\"alignnone size-thumbnail wp-image-15435\" src=\"http:\/\/szss-nitra.sk\/wp-content\/uploads\/2025\/11\/d57c6e16-2bda-4491-961e-4c38e333154c-100x100.jpg\" alt=\"\" width=\"100\" height=\"100\" \/><\/a><a href=\"http:\/\/szss-nitra.sk\/wp-content\/uploads\/2025\/11\/1bbda7fa-82ad-4f7e-aec6-42a0328f6060.jpg\"> <img loading=\"lazy\" decoding=\"async\" class=\"alignnone size-thumbnail wp-image-15431\" src=\"http:\/\/szss-nitra.sk\/wp-content\/uploads\/2025\/11\/1bbda7fa-82ad-4f7e-aec6-42a0328f6060-100x100.jpg\" alt=\"\" width=\"100\" height=\"100\" \/><\/a><\/p>\n<hr \/>\n<p>Relaxa\u010dn\u00e1 miestnos\u0165 &#8211; denn\u00fd stacion\u00e1r pre osoby s poruchami autistick\u00e9ho spektra<\/p>\n<p><a href=\"http:\/\/szss-nitra.sk\/wp-content\/uploads\/2023\/11\/IMG_7882-scaled.jpg\"><img loading=\"lazy\" decoding=\"async\" class=\"alignnone size-thumbnail wp-image-10908\" src=\"http:\/\/szss-nitra.sk\/wp-content\/uploads\/2023\/11\/IMG_7882-100x100.jpg\" alt=\"\" width=\"100\" height=\"100\" \/><\/a> <a href=\"http:\/\/szss-nitra.sk\/wp-content\/uploads\/2023\/11\/IMG_7893-scaled.jpg\"><img loading=\"lazy\" decoding=\"async\" class=\"alignnone size-thumbnail wp-image-10901\" src=\"http:\/\/szss-nitra.sk\/wp-content\/uploads\/2023\/11\/IMG_7893-100x100.jpg\" alt=\"\" width=\"100\" height=\"100\" \/><\/a><\/p>\n<hr \/>\n<p>Denn\u00fd stacion\u00e1r pre \u0165a\u017eko zdravotne postihnut\u00fdch &#8211; Bani\u010dova 522\/12, Nitra<\/p>\n<p><a href=\"http:\/\/szss-nitra.sk\/wp-content\/uploads\/2025\/11\/IMG_7963-scaled.jpg\"><img loading=\"lazy\" decoding=\"async\" class=\"alignnone size-thumbnail wp-image-15416\" src=\"http:\/\/szss-nitra.sk\/wp-content\/uploads\/2025\/11\/IMG_7963-100x100.jpg\" alt=\"\" width=\"100\" height=\"100\" \/><\/a> <a href=\"http:\/\/szss-nitra.sk\/wp-content\/uploads\/2025\/11\/IMG_8013-scaled.jpg\"><img loading=\"lazy\" decoding=\"async\" class=\"alignnone size-thumbnail wp-image-15424\" src=\"http:\/\/szss-nitra.sk\/wp-content\/uploads\/2025\/11\/IMG_8013-100x100.jpg\" alt=\"\" width=\"100\" height=\"100\" \/><\/a> <a href=\"http:\/\/szss-nitra.sk\/wp-content\/uploads\/2025\/11\/IMG_7978-scaled.jpg\"><img loading=\"lazy\" decoding=\"async\" class=\"alignnone size-thumbnail wp-image-15417\" src=\"http:\/\/szss-nitra.sk\/wp-content\/uploads\/2025\/11\/IMG_7978-100x100.jpg\" alt=\"\" width=\"100\" height=\"100\" \/><\/a> <a href=\"http:\/\/szss-nitra.sk\/wp-content\/uploads\/2025\/11\/IMG_7980-scaled.jpg\"><img loading=\"lazy\" decoding=\"async\" class=\"alignnone size-thumbnail wp-image-15418\" src=\"http:\/\/szss-nitra.sk\/wp-content\/uploads\/2025\/11\/IMG_7980-100x100.jpg\" alt=\"\" width=\"100\" height=\"100\" \/><\/a> <a href=\"http:\/\/szss-nitra.sk\/wp-content\/uploads\/2025\/11\/IMG_8000-scaled.jpg\"><img loading=\"lazy\" decoding=\"async\" class=\"alignnone size-thumbnail wp-image-15423\" src=\"http:\/\/szss-nitra.sk\/wp-content\/uploads\/2025\/11\/IMG_8000-100x100.jpg\" alt=\"\" width=\"100\" height=\"100\" \/><\/a> <a href=\"http:\/\/szss-nitra.sk\/wp-content\/uploads\/2025\/11\/IMG_7985-scaled.jpg\"><img loading=\"lazy\" decoding=\"async\" class=\"alignnone size-thumbnail wp-image-15420\" src=\"http:\/\/szss-nitra.sk\/wp-content\/uploads\/2025\/11\/IMG_7985-100x100.jpg\" alt=\"\" width=\"100\" height=\"100\" \/><\/a> <a href=\"http:\/\/szss-nitra.sk\/wp-content\/uploads\/2025\/11\/IMG_8010-scaled.jpg\"><img loading=\"lazy\" decoding=\"async\" class=\"alignnone size-thumbnail wp-image-15421\" src=\"http:\/\/szss-nitra.sk\/wp-content\/uploads\/2025\/11\/IMG_8010-100x100.jpg\" alt=\"\" width=\"100\" height=\"100\" \/> <\/a><a href=\"http:\/\/szss-nitra.sk\/wp-content\/uploads\/2025\/11\/IMG_7982-scaled.jpg\"><img loading=\"lazy\" decoding=\"async\" class=\"alignnone size-thumbnail wp-image-15419\" src=\"http:\/\/szss-nitra.sk\/wp-content\/uploads\/2025\/11\/IMG_7982-100x100.jpg\" alt=\"\" width=\"100\" height=\"100\" \/>\u00a0<\/a><\/td>\n<\/tr>\n<\/tbody>\n<\/table>\n","protected":false},"excerpt":{"rendered":"<p>Poslanie, hodnoty a v\u00edzia Kontakt Ako vybavi\u0165 Komu poskytujeme Komu nemo\u017eno poskytova\u0165 Legislat\u00edva \u010cas poskytovania Cenn\u00edk Evidencia \u017eiadate\u013eov \u010co poskytujeme Podujatia a \u010dinnosti Fotogal\u00e9ria Podpora zamestnancov . Denn\u00fd stacion\u00e1r pre seniorov &#8211; Bani\u010dova 522\/12, Nitra Denn\u00fd stacion\u00e1r pre osoby s poruchami autistick\u00e9ho spektra &#8211; Bani\u010dova 523\/14, Nitra Relaxa\u010dn\u00e1 miestnos\u0165 &#8211; denn\u00fd stacion\u00e1r pre osoby s [&hellip;]<\/p>\n","protected":false},"author":1,"featured_media":0,"parent":3818,"menu_order":0,"comment_status":"closed","ping_status":"closed","template":"","meta":{"footnotes":""},"class_list":["post-3835","page","type-page","status-publish","hentry"],"_links":{"self":[{"href":"http:\/\/szss-nitra.sk\/index.php?rest_route=\/wp\/v2\/pages\/3835","targetHints":{"allow":["GET"]}}],"collection":[{"href":"http:\/\/szss-nitra.sk\/index.php?rest_route=\/wp\/v2\/pages"}],"about":[{"href":"http:\/\/szss-nitra.sk\/index.php?rest_route=\/wp\/v2\/types\/page"}],"author":[{"embeddable":true,"href":"http:\/\/szss-nitra.sk\/index.php?rest_route=\/wp\/v2\/users\/1"}],"replies":[{"embeddable":true,"href":"http:\/\/szss-nitra.sk\/index.php?rest_route=%2Fwp%2Fv2%2Fcomments&post=3835"}],"version-history":[{"count":47,"href":"http:\/\/szss-nitra.sk\/index.php?rest_route=\/wp\/v2\/pages\/3835\/revisions"}],"predecessor-version":[{"id":15930,"href":"http:\/\/szss-nitra.sk\/index.php?rest_route=\/wp\/v2\/pages\/3835\/revisions\/15930"}],"up":[{"embeddable":true,"href":"http:\/\/szss-nitra.sk\/index.php?rest_route=\/wp\/v2\/pages\/3818"}],"wp:attachment":[{"href":"http:\/\/szss-nitra.sk\/index.php?rest_route=%2Fwp%2Fv2%2Fmedia&parent=3835"}],"curies":[{"name":"wp","href":"https:\/\/api.w.org\/{rel}","templated":true}]}}