{"id":3833,"date":"2018-05-11T12:29:01","date_gmt":"2018-05-11T10:29:01","guid":{"rendered":"http:\/\/szss-nitra.sk\/?page_id=3833"},"modified":"2025-08-31T15:34:41","modified_gmt":"2025-08-31T13:34:41","slug":"denny-stacionar-6","status":"publish","type":"page","link":"http:\/\/szss-nitra.sk\/?page_id=3833","title":{"rendered":"Denn\u00fd stacion\u00e1r"},"content":{"rendered":"<table style=\"border: none;\">\n<tbody>\n<tr>\n<td style=\"width: 30%; vertical-align: top;\"><a href=\"http:\/\/szss-nitra.sk\/?page_id=10488\">Poslanie, hodnoty a v\u00edzia<\/a><\/p>\n<p><a href=\"http:\/\/szss-nitra.sk\/?page_id=3819\">Kontakt<\/a><\/p>\n<p><a href=\"http:\/\/szss-nitra.sk\/?page_id=3821\">Ako vybavi\u0165<\/a><\/p>\n<p><a href=\"http:\/\/szss-nitra.sk\/?page_id=3820\">Komu poskytujeme<\/a><\/p>\n<p><a href=\"http:\/\/szss-nitra.sk\/?page_id=3822\">Komu nemo\u017eno poskytova\u0165<\/a><\/p>\n<p><a href=\"http:\/\/szss-nitra.sk\/?page_id=3840\">Legislat\u00edva<\/a><\/p>\n<p><a href=\"http:\/\/szss-nitra.sk\/?page_id=3828\">\u010cas poskytovania<\/a><\/p>\n<p><a href=\"http:\/\/szss-nitra.sk\/?page_id=3829\">Cenn\u00edk<\/a><\/p>\n<p><a href=\"http:\/\/szss-nitra.sk\/?page_id=3832\">Evidencia \u017eiadate\u013eov<\/a><\/p>\n<p><span style=\"color: #000000;\"><strong><a style=\"color: #000000;\" href=\"http:\/\/szss-nitra.sk\/?page_id=3833\">\u010co poskytujeme<\/a><\/strong><\/span><\/p>\n<p><a href=\"http:\/\/szss-nitra.sk\/?page_id=10218\">Podujatia a \u010dinnosti<\/a><\/p>\n<p><a href=\"http:\/\/szss-nitra.sk\/?page_id=3835\">Fotogal\u00e9ria<\/a><\/p>\n<p><a href=\"http:\/\/szss-nitra.sk\/?page_id=10845\">Podpora zamestnancov<\/a><\/p>\n<p><img loading=\"lazy\" decoding=\"async\" class=\"alignnone size-full wp-image-11087\" src=\"http:\/\/szss-nitra.sk\/wp-content\/uploads\/2023\/11\/menu_ico_DS2.png\" alt=\"\" width=\"125\" height=\"140\" \/><\/td>\n<td><span style=\"color: #ffffff;\">.<\/span><\/td>\n<td style=\"vertical-align: top; text-align: jusify;\">V dennom stacion\u00e1ri sa poskytuje:<\/p>\n<ul>\n<li>Pomoc pri odk\u00e1zanosti na pomoc inej osoby,<\/li>\n<li>soci\u00e1lne poradenstvo,<\/li>\n<li>soci\u00e1lna rehabilit\u00e1cia,<\/li>\n<li>stravovanie.<\/li>\n<\/ul>\n<p>V dennom stacion\u00e1ri sa zabezpe\u010duje:<\/p>\n<ul>\n<li>Rozvoj pracovn\u00fdch zru\u010dnost\u00ed,<\/li>\n<li>z\u00e1ujmov\u00e1 \u010dinnos\u0165.<\/li>\n<\/ul>\n<p style=\"text-align: justify;\">Soci\u00e1lne poradenstvo poskytujeme aj rodine alebo inej osobe, ktor\u00e1 zabezpe\u010duje pomoc odk\u00e1zan\u00e9mu ob\u010danovi v dom\u00e1com prostred\u00ed, na \u00fa\u010del spolupr\u00e1ce pri soci\u00e1lnej rehabilit\u00e1cii.<\/p>\n<p><em>Materi\u00e1ly v \u013eahko \u010ditate\u013enej forme:<\/em><\/p>\n<p style=\"text-align: center;\"><a href=\"http:\/\/szss-nitra.sk\/wp-content\/uploads\/2023\/11\/letak_co_robime_vDS_vodotlac2.png\"><img loading=\"lazy\" decoding=\"async\" class=\"alignnone size-large wp-image-10843\" src=\"http:\/\/szss-nitra.sk\/wp-content\/uploads\/2023\/11\/letak_co_robime_vDS_vodotlac2-724x1024.png\" alt=\"\" width=\"640\" height=\"905\" srcset=\"http:\/\/szss-nitra.sk\/wp-content\/uploads\/2023\/11\/letak_co_robime_vDS_vodotlac2-724x1024.png 724w, http:\/\/szss-nitra.sk\/wp-content\/uploads\/2023\/11\/letak_co_robime_vDS_vodotlac2-212x300.png 212w, http:\/\/szss-nitra.sk\/wp-content\/uploads\/2023\/11\/letak_co_robime_vDS_vodotlac2-768x1087.png 768w, http:\/\/szss-nitra.sk\/wp-content\/uploads\/2023\/11\/letak_co_robime_vDS_vodotlac2-1085x1536.png 1085w, http:\/\/szss-nitra.sk\/wp-content\/uploads\/2023\/11\/letak_co_robime_vDS_vodotlac2-1447x2048.png 1447w, http:\/\/szss-nitra.sk\/wp-content\/uploads\/2023\/11\/letak_co_robime_vDS_vodotlac2.png 1754w\" sizes=\"auto, (max-width: 640px) 100vw, 640px\" \/><\/a><\/p>\n<p><em>Dom\u00e1ci poriadok v \u013eahko \u010ditate\u013enej forme:<\/em><\/p>\n<p style=\"text-align: center;\"><a href=\"http:\/\/szss-nitra.sk\/wp-content\/uploads\/2025\/08\/dom_por_str_1_new.png\"><img loading=\"lazy\" decoding=\"async\" class=\"alignnone size-medium wp-image-14967\" src=\"http:\/\/szss-nitra.sk\/wp-content\/uploads\/2025\/08\/dom_por_str_1_new-300x232.png\" alt=\"\" width=\"200\" height=\"155\" srcset=\"http:\/\/szss-nitra.sk\/wp-content\/uploads\/2025\/08\/dom_por_str_1_new-300x232.png 300w, http:\/\/szss-nitra.sk\/wp-content\/uploads\/2025\/08\/dom_por_str_1_new-1024x791.png 1024w, http:\/\/szss-nitra.sk\/wp-content\/uploads\/2025\/08\/dom_por_str_1_new-768x593.png 768w, http:\/\/szss-nitra.sk\/wp-content\/uploads\/2025\/08\/dom_por_str_1_new-1536x1187.png 1536w, http:\/\/szss-nitra.sk\/wp-content\/uploads\/2025\/08\/dom_por_str_1_new-2048x1583.png 2048w\" sizes=\"auto, (max-width: 200px) 100vw, 200px\" \/> <\/a><a href=\"http:\/\/szss-nitra.sk\/wp-content\/uploads\/2025\/08\/dom_por_str_2_new.png\"><img loading=\"lazy\" decoding=\"async\" class=\"alignnone size-medium wp-image-14968\" src=\"http:\/\/szss-nitra.sk\/wp-content\/uploads\/2025\/08\/dom_por_str_2_new-300x232.png\" alt=\"\" width=\"200\" height=\"155\" srcset=\"http:\/\/szss-nitra.sk\/wp-content\/uploads\/2025\/08\/dom_por_str_2_new-300x232.png 300w, http:\/\/szss-nitra.sk\/wp-content\/uploads\/2025\/08\/dom_por_str_2_new-1024x791.png 1024w, http:\/\/szss-nitra.sk\/wp-content\/uploads\/2025\/08\/dom_por_str_2_new-768x593.png 768w, http:\/\/szss-nitra.sk\/wp-content\/uploads\/2025\/08\/dom_por_str_2_new-1536x1187.png 1536w, http:\/\/szss-nitra.sk\/wp-content\/uploads\/2025\/08\/dom_por_str_2_new-2048x1583.png 2048w\" sizes=\"auto, (max-width: 200px) 100vw, 200px\" \/><\/a><\/p>\n<p style=\"text-align: center;\"><a href=\"http:\/\/szss-nitra.sk\/wp-content\/uploads\/2025\/08\/dom_por_str_3_new.png\"><img loading=\"lazy\" decoding=\"async\" class=\"alignnone size-medium wp-image-14969\" src=\"http:\/\/szss-nitra.sk\/wp-content\/uploads\/2025\/08\/dom_por_str_3_new-300x232.png\" alt=\"\" width=\"200\" height=\"155\" srcset=\"http:\/\/szss-nitra.sk\/wp-content\/uploads\/2025\/08\/dom_por_str_3_new-300x232.png 300w, http:\/\/szss-nitra.sk\/wp-content\/uploads\/2025\/08\/dom_por_str_3_new-1024x791.png 1024w, http:\/\/szss-nitra.sk\/wp-content\/uploads\/2025\/08\/dom_por_str_3_new-768x593.png 768w, http:\/\/szss-nitra.sk\/wp-content\/uploads\/2025\/08\/dom_por_str_3_new-1536x1187.png 1536w, http:\/\/szss-nitra.sk\/wp-content\/uploads\/2025\/08\/dom_por_str_3_new-2048x1583.png 2048w\" sizes=\"auto, (max-width: 200px) 100vw, 200px\" \/> <\/a><a href=\"http:\/\/szss-nitra.sk\/wp-content\/uploads\/2025\/08\/dom_por_str_4_new.png\"><img loading=\"lazy\" decoding=\"async\" class=\"alignnone size-medium wp-image-14970\" src=\"http:\/\/szss-nitra.sk\/wp-content\/uploads\/2025\/08\/dom_por_str_4_new-300x232.png\" alt=\"\" width=\"200\" height=\"155\" srcset=\"http:\/\/szss-nitra.sk\/wp-content\/uploads\/2025\/08\/dom_por_str_4_new-300x232.png 300w, http:\/\/szss-nitra.sk\/wp-content\/uploads\/2025\/08\/dom_por_str_4_new-1024x791.png 1024w, http:\/\/szss-nitra.sk\/wp-content\/uploads\/2025\/08\/dom_por_str_4_new-768x593.png 768w, http:\/\/szss-nitra.sk\/wp-content\/uploads\/2025\/08\/dom_por_str_4_new-1536x1187.png 1536w, http:\/\/szss-nitra.sk\/wp-content\/uploads\/2025\/08\/dom_por_str_4_new-2048x1583.png 2048w\" sizes=\"auto, (max-width: 200px) 100vw, 200px\" \/><\/a><\/p>\n<p style=\"text-align: center;\"><a href=\"http:\/\/szss-nitra.sk\/wp-content\/uploads\/2025\/08\/dom_por_str_5_new.png\"><img loading=\"lazy\" decoding=\"async\" class=\"alignnone size-medium wp-image-14971\" src=\"http:\/\/szss-nitra.sk\/wp-content\/uploads\/2025\/08\/dom_por_str_5_new-300x232.png\" alt=\"\" width=\"200\" height=\"155\" srcset=\"http:\/\/szss-nitra.sk\/wp-content\/uploads\/2025\/08\/dom_por_str_5_new-300x232.png 300w, http:\/\/szss-nitra.sk\/wp-content\/uploads\/2025\/08\/dom_por_str_5_new-1024x791.png 1024w, http:\/\/szss-nitra.sk\/wp-content\/uploads\/2025\/08\/dom_por_str_5_new-768x593.png 768w, http:\/\/szss-nitra.sk\/wp-content\/uploads\/2025\/08\/dom_por_str_5_new-1536x1187.png 1536w, http:\/\/szss-nitra.sk\/wp-content\/uploads\/2025\/08\/dom_por_str_5_new-2048x1583.png 2048w\" sizes=\"auto, (max-width: 200px) 100vw, 200px\" \/> <\/a><a href=\"http:\/\/szss-nitra.sk\/wp-content\/uploads\/2025\/08\/dom_por_str_6_new.png\"><img loading=\"lazy\" decoding=\"async\" class=\"alignnone size-medium wp-image-14972\" src=\"http:\/\/szss-nitra.sk\/wp-content\/uploads\/2025\/08\/dom_por_str_6_new-300x232.png\" alt=\"\" width=\"200\" height=\"155\" srcset=\"http:\/\/szss-nitra.sk\/wp-content\/uploads\/2025\/08\/dom_por_str_6_new-300x232.png 300w, http:\/\/szss-nitra.sk\/wp-content\/uploads\/2025\/08\/dom_por_str_6_new-1024x791.png 1024w, http:\/\/szss-nitra.sk\/wp-content\/uploads\/2025\/08\/dom_por_str_6_new-768x593.png 768w, http:\/\/szss-nitra.sk\/wp-content\/uploads\/2025\/08\/dom_por_str_6_new-1536x1187.png 1536w, http:\/\/szss-nitra.sk\/wp-content\/uploads\/2025\/08\/dom_por_str_6_new-2048x1583.png 2048w\" sizes=\"auto, (max-width: 200px) 100vw, 200px\" \/><\/a><\/p>\n<p style=\"text-align: center;\"><a href=\"http:\/\/szss-nitra.sk\/wp-content\/uploads\/2025\/08\/dom_por_str_7_new.png\"><img loading=\"lazy\" decoding=\"async\" class=\"alignnone size-medium wp-image-14974\" src=\"http:\/\/szss-nitra.sk\/wp-content\/uploads\/2025\/08\/dom_por_str_7_new-300x232.png\" alt=\"\" width=\"200\" height=\"155\" srcset=\"http:\/\/szss-nitra.sk\/wp-content\/uploads\/2025\/08\/dom_por_str_7_new-300x232.png 300w, http:\/\/szss-nitra.sk\/wp-content\/uploads\/2025\/08\/dom_por_str_7_new-1024x791.png 1024w, http:\/\/szss-nitra.sk\/wp-content\/uploads\/2025\/08\/dom_por_str_7_new-768x593.png 768w, http:\/\/szss-nitra.sk\/wp-content\/uploads\/2025\/08\/dom_por_str_7_new-1536x1187.png 1536w, http:\/\/szss-nitra.sk\/wp-content\/uploads\/2025\/08\/dom_por_str_7_new-2048x1583.png 2048w\" sizes=\"auto, (max-width: 200px) 100vw, 200px\" \/><\/a><\/p>\n<p style=\"text-align: center;\">\n<\/td>\n<\/tr>\n<\/tbody>\n<\/table>\n","protected":false},"excerpt":{"rendered":"<p>Poslanie, hodnoty a v\u00edzia Kontakt Ako vybavi\u0165 Komu poskytujeme Komu nemo\u017eno poskytova\u0165 Legislat\u00edva \u010cas poskytovania Cenn\u00edk Evidencia \u017eiadate\u013eov \u010co poskytujeme Podujatia a \u010dinnosti Fotogal\u00e9ria Podpora zamestnancov . V dennom stacion\u00e1ri sa poskytuje: Pomoc pri odk\u00e1zanosti na pomoc inej osoby, soci\u00e1lne poradenstvo, soci\u00e1lna rehabilit\u00e1cia, stravovanie. V dennom stacion\u00e1ri sa zabezpe\u010duje: Rozvoj pracovn\u00fdch zru\u010dnost\u00ed, z\u00e1ujmov\u00e1 \u010dinnos\u0165. Soci\u00e1lne [&hellip;]<\/p>\n","protected":false},"author":1,"featured_media":0,"parent":3818,"menu_order":0,"comment_status":"closed","ping_status":"closed","template":"","meta":{"footnotes":""},"class_list":["post-3833","page","type-page","status-publish","hentry"],"_links":{"self":[{"href":"http:\/\/szss-nitra.sk\/index.php?rest_route=\/wp\/v2\/pages\/3833","targetHints":{"allow":["GET"]}}],"collection":[{"href":"http:\/\/szss-nitra.sk\/index.php?rest_route=\/wp\/v2\/pages"}],"about":[{"href":"http:\/\/szss-nitra.sk\/index.php?rest_route=\/wp\/v2\/types\/page"}],"author":[{"embeddable":true,"href":"http:\/\/szss-nitra.sk\/index.php?rest_route=\/wp\/v2\/users\/1"}],"replies":[{"embeddable":true,"href":"http:\/\/szss-nitra.sk\/index.php?rest_route=%2Fwp%2Fv2%2Fcomments&post=3833"}],"version-history":[{"count":36,"href":"http:\/\/szss-nitra.sk\/index.php?rest_route=\/wp\/v2\/pages\/3833\/revisions"}],"predecessor-version":[{"id":14986,"href":"http:\/\/szss-nitra.sk\/index.php?rest_route=\/wp\/v2\/pages\/3833\/revisions\/14986"}],"up":[{"embeddable":true,"href":"http:\/\/szss-nitra.sk\/index.php?rest_route=\/wp\/v2\/pages\/3818"}],"wp:attachment":[{"href":"http:\/\/szss-nitra.sk\/index.php?rest_route=%2Fwp%2Fv2%2Fmedia&parent=3833"}],"curies":[{"name":"wp","href":"https:\/\/api.w.org\/{rel}","templated":true}]}}