{"id":3832,"date":"2018-05-11T12:20:49","date_gmt":"2018-05-11T10:20:49","guid":{"rendered":"http:\/\/szss-nitra.sk\/?page_id=3832"},"modified":"2026-05-06T08:11:10","modified_gmt":"2026-05-06T06:11:10","slug":"denny-stacionar-4","status":"publish","type":"page","link":"http:\/\/szss-nitra.sk\/?page_id=3832","title":{"rendered":"Denn\u00fd stacion\u00e1r"},"content":{"rendered":"<table style=\"border: none;\">\n<tbody>\n<tr>\n<td style=\"width: 30%; vertical-align: top;\"><a href=\"http:\/\/szss-nitra.sk\/?page_id=10488\">Poslanie, hodnoty a v\u00edzia<\/a><\/p>\n<p><a href=\"http:\/\/szss-nitra.sk\/?page_id=3819\">Kontakt<\/a><\/p>\n<p><a href=\"http:\/\/szss-nitra.sk\/?page_id=3821\">Ako vybavi\u0165<\/a><\/p>\n<p><a href=\"http:\/\/szss-nitra.sk\/?page_id=3820\">Komu poskytujeme<\/a><\/p>\n<p><a href=\"http:\/\/szss-nitra.sk\/?page_id=3822\">Komu nemo\u017eno poskytova\u0165<\/a><\/p>\n<p><a href=\"http:\/\/szss-nitra.sk\/?page_id=3840\">Legislat\u00edva<\/a><\/p>\n<p><a href=\"http:\/\/szss-nitra.sk\/?page_id=3828\">\u010cas poskytovania<\/a><\/p>\n<p><a href=\"http:\/\/szss-nitra.sk\/?page_id=3829\">Cenn\u00edk<\/a><\/p>\n<p><span style=\"color: #000000;\"><strong><a style=\"color: #000000;\" href=\"http:\/\/szss-nitra.sk\/?page_id=3832\">Evidencia \u017eiadate\u013eov<\/a><\/strong><\/span><\/p>\n<p><a href=\"http:\/\/szss-nitra.sk\/?page_id=3833\">\u010co poskytujeme<\/a><\/p>\n<p><a href=\"http:\/\/szss-nitra.sk\/?page_id=10218\">Podujatia a \u010dinnosti<\/a><\/p>\n<p><a href=\"http:\/\/szss-nitra.sk\/?page_id=3835\">Fotogal\u00e9ria<\/a><\/p>\n<p><a href=\"http:\/\/szss-nitra.sk\/?page_id=10845\">Podpora zamestnancov<\/a><\/p>\n<p><img loading=\"lazy\" decoding=\"async\" class=\"alignnone size-full wp-image-11087\" src=\"http:\/\/szss-nitra.sk\/wp-content\/uploads\/2023\/11\/menu_ico_DS2.png\" alt=\"\" width=\"125\" height=\"140\" \/><\/td>\n<td><span style=\"color: #ffffff;\">.<\/span><\/td>\n<td style=\"vertical-align: top; text-align: justify;\">\n<p style=\"text-align: justify;\">Po skompletizovan\u00ed dokladov a \u00fadajov potrebn\u00fdch k uzatvoreniu zmluvy o poskytovan\u00ed soci\u00e1lnej slu\u017eby spolu s potrebn\u00fdmi pr\u00edlohami je z\u00e1ujemca o poskytovanie soci\u00e1lnej slu\u017eby zaraden\u00fd do evidencie \u017eiadate\u013eov.<\/p>\n<p><strong>Podrobnosti vedenia evidencie \u017eiadate\u013eov<\/strong><\/p>\n<p>Soci\u00e1lna slu\u017eba denn\u00fd stacion\u00e1r sa za\u010d\u00edna poskytova\u0165 pod\u013ea poradia \u017eiadate\u013eov d\u0148om, na ktorom sa poskytovate\u013e soci\u00e1lnej slu\u017eby a z\u00e1ujemca o soci\u00e1lnu slu\u017ebu dohodn\u00fa. Pri prij\u00edman\u00ed nov\u00fdch prij\u00edmate\u013eov soci\u00e1lnej slu\u017eby s\u00fa zoh\u013ead\u0148ovan\u00e9 kapacitn\u00e9 mo\u017enosti jednotliv\u00fdch denn\u00fdch stacion\u00e1rov. Pri naplnen\u00ed registrovanej kapacity je z\u00e1ujemca o soci\u00e1lnu slu\u017ebu veden\u00fd v evidencii \u017eiadate\u013eov, k\u00fdm ned\u00f4jde k uvo\u013eneniu miesta. N\u00e1sledne mu je soci\u00e1lna slu\u017eba poskytnut\u00e1 pod\u013ea poradia v evidencii \u017eiadate\u013eov.<\/p>\n<p>V pr\u00edpade, \u017ee z\u00e1ujemca o soci\u00e1lnu slu\u017ebu \u017eiada o poskytovanie soci\u00e1lnej slu\u017eby v konkr\u00e9tnom dni a \u010dase a poskytovate\u013e mu z kapacitn\u00fdch d\u00f4vodov pon\u00fakne poskytovanie soci\u00e1lnej slu\u017eby v inom dni a \u010dase, \u010do z\u00e1ujemca preuk\u00e1zate\u013ene odmietne, m\u00f4\u017ee poskytovate\u013e poskytn\u00fa\u0165 soci\u00e1lnu slu\u017ebu v porad\u00ed \u010fal\u0161iemu \u017eiadate\u013eovi, k\u00fdm prev\u00e1dzkov\u00e9 mo\u017enosti neumo\u017enia poskytn\u00fa\u0165 uveden\u00e9mu z\u00e1ujemcovi soci\u00e1lnu slu\u017ebu v presne po\u017eadovanom \u010dase a dni.<\/p>\n<p>\u017diadate\u013e si poradie m\u00f4\u017ee pozrie\u0165 pod\u013ea eviden\u010dn\u00e9ho \u010d\u00edsla, ktor\u00e9 mu bolo pridelen\u00e9.<\/p>\n<p style=\"text-align: center;\"><em>Poradovn\u00edk k 4.5.2026<\/em><\/p>\n<h4 style=\"text-align: center;\"><img loading=\"lazy\" decoding=\"async\" class=\"alignnone wp-image-816 size-full\" src=\"http:\/\/szss-nitra.sk\/wp-content\/uploads\/2015\/08\/pdf1-e1633068834887.png\" alt=\"\" width=\"37\" height=\"37\" \/>\u00a0<a href=\"http:\/\/szss-nitra.sk\/wp-content\/uploads\/2026\/05\/Evidencia-ziadatelov-DS-k-04.05.2026.pdf\" target=\"_blank\" rel=\"noopener noreferrer\">\u017diadatelia DS k 4.5.2026<\/a><\/h4>\n<\/td>\n<\/tr>\n<\/tbody>\n<\/table>\n","protected":false},"excerpt":{"rendered":"<p>Poslanie, hodnoty a v\u00edzia Kontakt Ako vybavi\u0165 Komu poskytujeme Komu nemo\u017eno poskytova\u0165 Legislat\u00edva \u010cas poskytovania Cenn\u00edk Evidencia \u017eiadate\u013eov \u010co poskytujeme Podujatia a \u010dinnosti Fotogal\u00e9ria Podpora zamestnancov . Po skompletizovan\u00ed dokladov a \u00fadajov potrebn\u00fdch k uzatvoreniu zmluvy o poskytovan\u00ed soci\u00e1lnej slu\u017eby spolu s potrebn\u00fdmi pr\u00edlohami je z\u00e1ujemca o poskytovanie soci\u00e1lnej slu\u017eby zaraden\u00fd do evidencie \u017eiadate\u013eov. Podrobnosti [&hellip;]<\/p>\n","protected":false},"author":1,"featured_media":0,"parent":3818,"menu_order":0,"comment_status":"closed","ping_status":"closed","template":"","meta":{"footnotes":""},"class_list":["post-3832","page","type-page","status-publish","hentry"],"_links":{"self":[{"href":"http:\/\/szss-nitra.sk\/index.php?rest_route=\/wp\/v2\/pages\/3832","targetHints":{"allow":["GET"]}}],"collection":[{"href":"http:\/\/szss-nitra.sk\/index.php?rest_route=\/wp\/v2\/pages"}],"about":[{"href":"http:\/\/szss-nitra.sk\/index.php?rest_route=\/wp\/v2\/types\/page"}],"author":[{"embeddable":true,"href":"http:\/\/szss-nitra.sk\/index.php?rest_route=\/wp\/v2\/users\/1"}],"replies":[{"embeddable":true,"href":"http:\/\/szss-nitra.sk\/index.php?rest_route=%2Fwp%2Fv2%2Fcomments&post=3832"}],"version-history":[{"count":40,"href":"http:\/\/szss-nitra.sk\/index.php?rest_route=\/wp\/v2\/pages\/3832\/revisions"}],"predecessor-version":[{"id":16350,"href":"http:\/\/szss-nitra.sk\/index.php?rest_route=\/wp\/v2\/pages\/3832\/revisions\/16350"}],"up":[{"embeddable":true,"href":"http:\/\/szss-nitra.sk\/index.php?rest_route=\/wp\/v2\/pages\/3818"}],"wp:attachment":[{"href":"http:\/\/szss-nitra.sk\/index.php?rest_route=%2Fwp%2Fv2%2Fmedia&parent=3832"}],"curies":[{"name":"wp","href":"https:\/\/api.w.org\/{rel}","templated":true}]}}