{"id":3829,"date":"2018-05-10T15:20:25","date_gmt":"2018-05-10T13:20:25","guid":{"rendered":"http:\/\/szss-nitra.sk\/?page_id=3829"},"modified":"2025-02-17T11:13:13","modified_gmt":"2025-02-17T09:13:13","slug":"denny-stacionar-5","status":"publish","type":"page","link":"http:\/\/szss-nitra.sk\/?page_id=3829","title":{"rendered":"Denn\u00fd stacion\u00e1r"},"content":{"rendered":"<table style=\"border: none;\">\n<tbody>\n<tr>\n<td style=\"width: 30%; vertical-align: top;\"><a href=\"http:\/\/szss-nitra.sk\/?page_id=10488\">Poslanie, hodnoty a v\u00edzia<\/a><\/p>\n<p><a href=\"http:\/\/szss-nitra.sk\/?page_id=3819\">Kontakt<\/a><\/p>\n<p><a href=\"http:\/\/szss-nitra.sk\/?page_id=3821\">Ako vybavi\u0165<\/a><\/p>\n<p><a href=\"http:\/\/szss-nitra.sk\/?page_id=3820\">Komu poskytujeme<\/a><\/p>\n<p><a href=\"http:\/\/szss-nitra.sk\/?page_id=3822\">Komu nemo\u017eno poskytova\u0165<\/a><\/p>\n<p><a href=\"http:\/\/szss-nitra.sk\/?page_id=3840\">Legislat\u00edva<\/a><\/p>\n<p><a href=\"http:\/\/szss-nitra.sk\/?page_id=3828\">\u010cas poskytovania<\/a><\/p>\n<p><span style=\"color: #000000;\"><strong><a style=\"color: #000000;\" href=\"http:\/\/szss-nitra.sk\/?page_id=3829\">Cenn\u00edk<\/a><\/strong><\/span><\/p>\n<p><a href=\"http:\/\/szss-nitra.sk\/?page_id=3832\">Evidencia \u017eiadate\u013eov<\/a><\/p>\n<p><a href=\"http:\/\/szss-nitra.sk\/?page_id=3833\">\u010co poskytujeme<\/a><\/p>\n<p><a href=\"http:\/\/szss-nitra.sk\/?page_id=10218\">Podujatia a \u010dinnosti<\/a><\/p>\n<p><a href=\"http:\/\/szss-nitra.sk\/?page_id=3835\">Fotogal\u00e9ria<\/a><\/p>\n<p><a href=\"http:\/\/szss-nitra.sk\/?page_id=10845\">Podpora zamestnancov<\/a><\/p>\n<p><img loading=\"lazy\" decoding=\"async\" class=\"alignnone size-full wp-image-11087\" src=\"http:\/\/szss-nitra.sk\/wp-content\/uploads\/2023\/11\/menu_ico_DS2.png\" alt=\"\" width=\"125\" height=\"140\" \/><\/td>\n<td><span style=\"color: #ffffff;\">.<\/span><\/td>\n<td style=\"vertical-align: top; text-align: jusify;\">\n<p style=\"text-align: justify;\">V\u00fd\u0161ka \u00fahrady za soci\u00e1lnu slu\u017ebu v dennom stacion\u00e1ri je stanoven\u00e1 V\u0161eobecne z\u00e1v\u00e4zn\u00fdm nariaden\u00edm Mesta Nitry o soci\u00e1lnych slu\u017eb\u00e1ch nasledovne:<\/p>\n<table>\n<tbody>\n<tr>\n<td width=\"302\"><strong>Prij\u00edmate\u013e soci\u00e1lnej slu\u017eby<\/strong><\/td>\n<td width=\"302\"><strong>\u00dahrada v \u20ac\/ hod.<\/strong><\/td>\n<\/tr>\n<tr>\n<td width=\"302\">bez oh\u013eadu na v\u00fd\u0161ku pr\u00edjmu<\/td>\n<td width=\"302\">1,20<\/td>\n<\/tr>\n<\/tbody>\n<\/table>\n<table>\n<tbody>\n<tr>\n<td width=\"302\"><strong>Prij\u00edmate\u013e soci\u00e1lnej slu\u017eby<\/strong><\/td>\n<td width=\"302\"><strong>V\u00fd\u0161ka \u00fahrady za stravovanie<\/strong><\/td>\n<\/tr>\n<tr>\n<td width=\"302\">ra\u0148ajky<\/td>\n<td width=\"302\">1,20 \u20ac\/de\u0148<\/td>\n<\/tr>\n<tr>\n<td width=\"302\">desiata<\/td>\n<td width=\"302\">0,60 \u20ac\/de\u0148<\/td>\n<\/tr>\n<tr>\n<td width=\"302\">obed<\/td>\n<td width=\"302\">2,35 \u20ac\/de\u0148<\/td>\n<\/tr>\n<tr>\n<td width=\"302\">olovrant<\/td>\n<td width=\"302\">0,60 \u20ac\/de\u0148<\/td>\n<\/tr>\n<\/tbody>\n<\/table>\n<\/td>\n<\/tr>\n<\/tbody>\n<\/table>\n","protected":false},"excerpt":{"rendered":"<p>Poslanie, hodnoty a v\u00edzia Kontakt Ako vybavi\u0165 Komu poskytujeme Komu nemo\u017eno poskytova\u0165 Legislat\u00edva \u010cas poskytovania Cenn\u00edk Evidencia \u017eiadate\u013eov \u010co poskytujeme Podujatia a \u010dinnosti Fotogal\u00e9ria Podpora zamestnancov . V\u00fd\u0161ka \u00fahrady za soci\u00e1lnu slu\u017ebu v dennom stacion\u00e1ri je stanoven\u00e1 V\u0161eobecne z\u00e1v\u00e4zn\u00fdm nariaden\u00edm Mesta Nitry o soci\u00e1lnych slu\u017eb\u00e1ch nasledovne: Prij\u00edmate\u013e soci\u00e1lnej slu\u017eby \u00dahrada v \u20ac\/ hod. bez oh\u013eadu [&hellip;]<\/p>\n","protected":false},"author":1,"featured_media":0,"parent":3818,"menu_order":0,"comment_status":"closed","ping_status":"closed","template":"","meta":{"footnotes":""},"class_list":["post-3829","page","type-page","status-publish","hentry"],"_links":{"self":[{"href":"http:\/\/szss-nitra.sk\/index.php?rest_route=\/wp\/v2\/pages\/3829","targetHints":{"allow":["GET"]}}],"collection":[{"href":"http:\/\/szss-nitra.sk\/index.php?rest_route=\/wp\/v2\/pages"}],"about":[{"href":"http:\/\/szss-nitra.sk\/index.php?rest_route=\/wp\/v2\/types\/page"}],"author":[{"embeddable":true,"href":"http:\/\/szss-nitra.sk\/index.php?rest_route=\/wp\/v2\/users\/1"}],"replies":[{"embeddable":true,"href":"http:\/\/szss-nitra.sk\/index.php?rest_route=%2Fwp%2Fv2%2Fcomments&post=3829"}],"version-history":[{"count":15,"href":"http:\/\/szss-nitra.sk\/index.php?rest_route=\/wp\/v2\/pages\/3829\/revisions"}],"predecessor-version":[{"id":13762,"href":"http:\/\/szss-nitra.sk\/index.php?rest_route=\/wp\/v2\/pages\/3829\/revisions\/13762"}],"up":[{"embeddable":true,"href":"http:\/\/szss-nitra.sk\/index.php?rest_route=\/wp\/v2\/pages\/3818"}],"wp:attachment":[{"href":"http:\/\/szss-nitra.sk\/index.php?rest_route=%2Fwp%2Fv2%2Fmedia&parent=3829"}],"curies":[{"name":"wp","href":"https:\/\/api.w.org\/{rel}","templated":true}]}}