{"id":3828,"date":"2018-05-10T15:20:24","date_gmt":"2018-05-10T13:20:24","guid":{"rendered":"http:\/\/szss-nitra.sk\/?page_id=3828"},"modified":"2025-08-27T14:29:30","modified_gmt":"2025-08-27T12:29:30","slug":"denny-stacionar-cas-poskytovania","status":"publish","type":"page","link":"http:\/\/szss-nitra.sk\/?page_id=3828","title":{"rendered":"Denn\u00fd stacion\u00e1r"},"content":{"rendered":"<table style=\"border: none;\">\n<tbody>\n<tr>\n<td style=\"width: 30%; vertical-align: top;\">\n<p><a href=\"http:\/\/szss-nitra.sk\/?page_id=10488\">Poslanie, hodnoty a v\u00edzia<\/a><\/p>\n<p><a href=\"http:\/\/szss-nitra.sk\/?page_id=3819\">Kontakt<\/a><\/p>\n<p><a href=\"http:\/\/szss-nitra.sk\/?page_id=3821\">Ako vybavi\u0165<\/a><\/p>\n<p><a href=\"http:\/\/szss-nitra.sk\/?page_id=3820\">Komu poskytujeme<\/a><\/p>\n<p><a href=\"http:\/\/szss-nitra.sk\/?page_id=3822\">Komu nemo\u017eno poskytova\u0165<\/a><\/p>\n<p><a href=\"http:\/\/szss-nitra.sk\/?page_id=3840\">Legislat\u00edva<\/a><\/p>\n<p><span style=\"color: #000000;\"><strong><a style=\"color: #000000;\" href=\"http:\/\/szss-nitra.sk\/?page_id=3828\">\u010cas poskytovania<\/a><\/strong><\/span><\/p>\n<p><a href=\"http:\/\/szss-nitra.sk\/?page_id=3829\">Cenn\u00edk<\/a><\/p>\n<p><a href=\"http:\/\/szss-nitra.sk\/?page_id=3832\">Evidencia \u017eiadate\u013eov<\/a><\/p>\n<p><a href=\"http:\/\/szss-nitra.sk\/?page_id=3833\">\u010co poskytujeme<\/a><\/p>\n<p><a href=\"http:\/\/szss-nitra.sk\/?page_id=10218\">Podujatia a \u010dinnosti<\/a><\/p>\n<p><a href=\"http:\/\/szss-nitra.sk\/?page_id=3835\">Fotogal\u00e9ria<\/a><\/p>\n<p><a href=\"http:\/\/szss-nitra.sk\/?page_id=10845\">Podpora zamestnancov<\/a><\/p>\n<p><img loading=\"lazy\" decoding=\"async\" class=\"alignnone size-full wp-image-11087\" src=\"http:\/\/szss-nitra.sk\/wp-content\/uploads\/2023\/11\/menu_ico_DS2.png\" alt=\"\" width=\"125\" height=\"140\" \/><\/td>\n<td><span style=\"color: #ffffff;\">.<\/span><\/td>\n<td style=\"vertical-align: top; text-align: justify;\">Soci\u00e1lna slu\u017eba v dennom stacion\u00e1ri sa poskytuje v rozsahu odk\u00e1zanosti ur\u010denej v pr\u00e1voplatnom rozhodnut\u00ed o odk\u00e1zanosti na soci\u00e1lnu slu\u017ebu alebo v pr\u00e1voplatnom integrovanom posudku.<\/p>\n<p>Men\u0161\u00ed rozsah poskytovania soci\u00e1lnej slu\u017eby mo\u017eno dohodn\u00fa\u0165 v zmluve o poskytovan\u00ed soci\u00e1lnej slu\u017eby na n\u00e1vrh \u017eiadate\u013ea o soci\u00e1lnu slu\u017ebu, najmenej v\u0161ak 20 hod\u00edn t\u00fd\u017edenne, okrem prij\u00edmate\u013ea soci\u00e1lnej slu\u017eby, ktor\u00fd si bude plati\u0165 \u00fahradu za soci\u00e1lnu slu\u017ebu vo v\u00fd\u0161ke ekonomicky opr\u00e1vnen\u00fdch n\u00e1kladov.<\/p>\n<p>Poskytovanie soci\u00e1lnej slu\u017eby denn\u00fd stacion\u00e1r je zabezpe\u010dovan\u00e9 v pracovn\u00fdch d\u0148och v pracovnom \u010dase nasledovne:<\/p>\n<ul>\n<li>denn\u00fd stacion\u00e1r pre seniorov a denn\u00fd stacion\u00e1r pre osoby s \u0165a\u017ek\u00fdm zdravotn\u00fdm postihnut\u00edm na Bani\u010dovej 522\/12, Nitra od 7,00 hod. do 16,00 hod.<\/li>\n<li>denn\u00fd stacion\u00e1r pre osoby s \u0165a\u017ek\u00fdm zdravotn\u00fdm postihnut\u00edm (s poruchami autistick\u00e9ho spektra) na Bani\u010dovej 523\/14, Nitra od 7,30 hod. do 15,30 hod.<\/li>\n<\/ul>\n<\/td>\n<\/tr>\n<\/tbody>\n<\/table>\n","protected":false},"excerpt":{"rendered":"<p>Poslanie, hodnoty a v\u00edzia Kontakt Ako vybavi\u0165 Komu poskytujeme Komu nemo\u017eno poskytova\u0165 Legislat\u00edva \u010cas poskytovania Cenn\u00edk Evidencia \u017eiadate\u013eov \u010co poskytujeme Podujatia a \u010dinnosti Fotogal\u00e9ria Podpora zamestnancov . Soci\u00e1lna slu\u017eba v dennom stacion\u00e1ri sa poskytuje v rozsahu odk\u00e1zanosti ur\u010denej v pr\u00e1voplatnom rozhodnut\u00ed o odk\u00e1zanosti na soci\u00e1lnu slu\u017ebu alebo v pr\u00e1voplatnom integrovanom posudku. Men\u0161\u00ed rozsah poskytovania soci\u00e1lnej [&hellip;]<\/p>\n","protected":false},"author":1,"featured_media":0,"parent":3818,"menu_order":0,"comment_status":"closed","ping_status":"closed","template":"","meta":{"footnotes":""},"class_list":["post-3828","page","type-page","status-publish","hentry"],"_links":{"self":[{"href":"http:\/\/szss-nitra.sk\/index.php?rest_route=\/wp\/v2\/pages\/3828","targetHints":{"allow":["GET"]}}],"collection":[{"href":"http:\/\/szss-nitra.sk\/index.php?rest_route=\/wp\/v2\/pages"}],"about":[{"href":"http:\/\/szss-nitra.sk\/index.php?rest_route=\/wp\/v2\/types\/page"}],"author":[{"embeddable":true,"href":"http:\/\/szss-nitra.sk\/index.php?rest_route=\/wp\/v2\/users\/1"}],"replies":[{"embeddable":true,"href":"http:\/\/szss-nitra.sk\/index.php?rest_route=%2Fwp%2Fv2%2Fcomments&post=3828"}],"version-history":[{"count":17,"href":"http:\/\/szss-nitra.sk\/index.php?rest_route=\/wp\/v2\/pages\/3828\/revisions"}],"predecessor-version":[{"id":14919,"href":"http:\/\/szss-nitra.sk\/index.php?rest_route=\/wp\/v2\/pages\/3828\/revisions\/14919"}],"up":[{"embeddable":true,"href":"http:\/\/szss-nitra.sk\/index.php?rest_route=\/wp\/v2\/pages\/3818"}],"wp:attachment":[{"href":"http:\/\/szss-nitra.sk\/index.php?rest_route=%2Fwp%2Fv2%2Fmedia&parent=3828"}],"curies":[{"name":"wp","href":"https:\/\/api.w.org\/{rel}","templated":true}]}}