{"id":3821,"date":"2018-05-11T12:08:48","date_gmt":"2018-05-11T10:08:48","guid":{"rendered":"http:\/\/szss-nitra.sk\/?page_id=3821"},"modified":"2026-02-09T14:06:00","modified_gmt":"2026-02-09T12:06:00","slug":"denny-stacionar","status":"publish","type":"page","link":"http:\/\/szss-nitra.sk\/?page_id=3821","title":{"rendered":"Denn\u00fd stacion\u00e1r"},"content":{"rendered":"<table style=\"border: none;\">\n<tbody>\n<tr>\n<td style=\"width: 30%; vertical-align: top;\"><a href=\"http:\/\/szss-nitra.sk\/?page_id=10488\">Poslanie, hodnoty a v\u00edzia<\/a><\/p>\n<p><a href=\"http:\/\/szss-nitra.sk\/?page_id=3819\">Kontakt<\/a><\/p>\n<p><span style=\"color: #000000;\"><strong><a style=\"color: #000000;\" href=\"http:\/\/szss-nitra.sk\/?page_id=3821\">Ako vybavi\u0165<\/a><\/strong><\/span><\/p>\n<p><a href=\"http:\/\/szss-nitra.sk\/?page_id=3820\">Komu poskytujeme<\/a><\/p>\n<p><a href=\"http:\/\/szss-nitra.sk\/?page_id=3822\">Komu nemo\u017eno poskytova\u0165<\/a><\/p>\n<p><a href=\"http:\/\/szss-nitra.sk\/?page_id=3840\">Legislat\u00edva<\/a><\/p>\n<p><a href=\"http:\/\/szss-nitra.sk\/?page_id=3828\">\u010cas poskytovania<\/a><\/p>\n<p><a href=\"http:\/\/szss-nitra.sk\/?page_id=3829\">Cenn\u00edk<\/a><\/p>\n<p><a href=\"http:\/\/szss-nitra.sk\/?page_id=3832\">Evidencia \u017eiadate\u013eov<\/a><\/p>\n<p><a href=\"http:\/\/szss-nitra.sk\/?page_id=3833\">\u010co poskytujeme<\/a><\/p>\n<p><a href=\"http:\/\/szss-nitra.sk\/?page_id=10218\">Podujatia a \u010dinnosti<\/a><\/p>\n<p><a href=\"http:\/\/szss-nitra.sk\/?page_id=3835\">Fotogal\u00e9ria<\/a><\/p>\n<p><a href=\"http:\/\/szss-nitra.sk\/?page_id=10845\">Podpora zamestnancov<\/a><\/p>\n<p><img loading=\"lazy\" decoding=\"async\" class=\"alignnone size-full wp-image-11087\" src=\"http:\/\/szss-nitra.sk\/wp-content\/uploads\/2023\/11\/menu_ico_DS2.png\" alt=\"\" width=\"125\" height=\"140\" \/><\/td>\n<td><span style=\"color: #ffffff;\">.<\/span><\/td>\n<td style=\"vertical-align: top; text-align: jusify;\">\n<p style=\"text-align: justify;\">V dennom stacion\u00e1ri sa poskytuje soci\u00e1lna slu\u017eba fyzickej osobe, ktor\u00e1 je odk\u00e1zan\u00e1 na pomoc inej fyzickej osoby, ak jej stupe\u0148 odk\u00e1zanosti je najmenej II. Pre poskytovanie soci\u00e1lnej slu\u017eby v dennom stacion\u00e1ri je potrebn\u00e9 predlo\u017ei\u0165 pr\u00e1voplatn\u00e9 <strong>rozhodnutie o odk\u00e1zanosti na soci\u00e1lnu slu\u017ebu najmenej so stup\u0148om odk\u00e1zanosti III (vydan\u00e9 do 31.8.2025 &#8211; <\/strong>zost\u00e1va v platnosti najdlh\u0161ie do nadobudnutia pr\u00e1voplatnosti integrovan\u00e9ho posudku)<strong> alebo pr\u00e1voplatn\u00fd <a href=\"https:\/\/www.upsvr.gov.sk\/vzory-ziadosti-v-slovenskom-jazyku-a-inych-jazykoch\/vzory-ziadosti-pre-oblast-socialnych-veci-a-rodiny\/tazko-zdravotne-postihnuti.html?page_id=268769\" target=\"_blank\" rel=\"noopener\">integrovan\u00fd posudok<\/a> preukazuj\u00faci odk\u00e1zanos\u0165 na soci\u00e1lnu slu\u017ebu (vydan\u00e9 \u00daPSVaR od 1.9.2025).<\/strong> \u017diados\u0165 o integrovan\u00fd posudok sa pod\u00e1va na pr\u00edslu\u0161nom \u00farade pr\u00e1ce, soci\u00e1lnych vec\u00ed a rodiny.<\/p>\n<p style=\"text-align: center;\"><img loading=\"lazy\" decoding=\"async\" class=\"alignnone size-full wp-image-3164\" src=\"http:\/\/szss-nitra.sk\/wp-content\/uploads\/2013\/10\/pdf_mini.png\" alt=\"\" width=\"30\" height=\"30\" srcset=\"http:\/\/szss-nitra.sk\/wp-content\/uploads\/2013\/10\/pdf_mini.png 30w, http:\/\/szss-nitra.sk\/wp-content\/uploads\/2013\/10\/pdf_mini-24x24.png 24w\" sizes=\"auto, (max-width: 30px) 100vw, 30px\" \/> <a href=\"http:\/\/szss-nitra.sk\/wp-content\/uploads\/2025\/12\/Ziadost_o_IP.pdf\" target=\"_blank\" rel=\"noopener\">\u017diados\u0165 o integrovan\u00fd posudok<\/a><\/p>\n<p style=\"text-align: justify;\">Z\u00e1ujemca o soci\u00e1lnu slu\u017ebu v dennom stacion\u00e1ri po preuk\u00e1zan\u00ed odk\u00e1zanosti uvedie soci\u00e1lnemu pracovn\u00edkovi denn\u00e9ho stacion\u00e1ra Spr\u00e1vy zariaden\u00ed soci\u00e1lnych slu\u017eieb v Nitre <a href=\"http:\/\/szss-nitra.sk\/wp-content\/uploads\/2026\/02\/1.1.2026-DS-Doklady-a-udaje-k-uzatvoreniu-zmluvy-o-poskytovani-soc.sluzby.pdf\" target=\"_blank\" rel=\"noopener\">\u00fadaje na \u00fa\u010dely uzatvorenia zmluvy o poskytovan\u00ed soci\u00e1lnej slu\u017eby<\/a> a dolo\u017e\u00ed po\u017eadovan\u00e9 doklady:<\/p>\n<ul style=\"text-align: justify;\">\n<li>Pr\u00e1voplatn\u00e9 rozhodnutie spolu s posudkom o odk\u00e1zanosti na soci\u00e1lnu slu\u017ebu alebo pr\u00e1voplatn\u00fd integrovan\u00fd posudok (od 1.9.2025);<\/li>\n<li>potvrdenie o pr\u00edjme za predch\u00e1dzaj\u00faci kalend\u00e1rny mesiac, ak sa jedn\u00e1 o pravideln\u00fd pr\u00edjem, alebo potvrdenie o pr\u00edjme za predch\u00e1dzaj\u00faci rok, ak sa jedn\u00e1 o nepravideln\u00fd pr\u00edjem prij\u00edmate\u013ea;<\/li>\n<li>potvrdenie o\u0161etruj\u00faceho lek\u00e1ra o bezinfek\u010dnosti prij\u00edmate\u013ea soci\u00e1lnej slu\u017eby;<\/li>\n<li>\u010destn\u00e9 vyhl\u00e1senie o majetkov\u00fdch pomeroch osoby, ktorej sa m\u00e1 soci\u00e1lna slu\u017eba v dennom stacion\u00e1ra poskytova\u0165;<\/li>\n<li>ak je z\u00e1ujemca o soci\u00e1lnu slu\u017ebu v dennom stacion\u00e1ri pozbaven\u00fd sp\u00f4sobilosti na pr\u00e1vne \u00fakony alebo je jeho sp\u00f4sobilos\u0165 na pr\u00e1vne \u00fakony obmedzen\u00e1, priklad\u00e1 sa rozsudok s\u00fadu o zbaven\u00ed sp\u00f4sobilosti na pr\u00e1vne \u00fakony.<\/li>\n<\/ul>\n<p style=\"text-align: justify;\">Z\u00e1ujemca o poskytovanie soci\u00e1lnej slu\u017eby v dennom stacion\u00e1ri je n\u00e1sledne zaraden\u00fd do evidencie \u017eiadate\u013eov o soci\u00e1lnu slu\u017ebu.<\/p>\n<p style=\"text-align: justify;\">Po podpise zmluvy o poskytovan\u00ed soci\u00e1lnej slu\u017eby sa z\u00e1ujemca o poskytovanie soci\u00e1lnej slu\u017eby st\u00e1va prij\u00edmate\u013eom soci\u00e1lnej slu\u017eby.<\/p>\n<p><em>Zmluva v \u013eahko \u010ditate\u013enej forme:<\/em><\/p>\n<p style=\"text-align: center;\"><a href=\"http:\/\/szss-nitra.sk\/wp-content\/uploads\/2025\/08\/DS_str_1.png\"><img loading=\"lazy\" decoding=\"async\" class=\"alignnone size-medium wp-image-14964\" src=\"http:\/\/szss-nitra.sk\/wp-content\/uploads\/2025\/08\/DS_str_1-212x300.png\" alt=\"\" width=\"212\" height=\"300\" srcset=\"http:\/\/szss-nitra.sk\/wp-content\/uploads\/2025\/08\/DS_str_1-212x300.png 212w, http:\/\/szss-nitra.sk\/wp-content\/uploads\/2025\/08\/DS_str_1-724x1024.png 724w, http:\/\/szss-nitra.sk\/wp-content\/uploads\/2025\/08\/DS_str_1-768x1086.png 768w, http:\/\/szss-nitra.sk\/wp-content\/uploads\/2025\/08\/DS_str_1-1086x1536.png 1086w, http:\/\/szss-nitra.sk\/wp-content\/uploads\/2025\/08\/DS_str_1.png 1241w\" sizes=\"auto, (max-width: 212px) 100vw, 212px\" \/><\/a> <a href=\"http:\/\/szss-nitra.sk\/wp-content\/uploads\/2025\/08\/DS_str_2.png\"><img loading=\"lazy\" decoding=\"async\" class=\"alignnone size-medium wp-image-14961\" src=\"http:\/\/szss-nitra.sk\/wp-content\/uploads\/2025\/08\/DS_str_2-212x300.png\" alt=\"\" width=\"212\" height=\"300\" srcset=\"http:\/\/szss-nitra.sk\/wp-content\/uploads\/2025\/08\/DS_str_2-212x300.png 212w, http:\/\/szss-nitra.sk\/wp-content\/uploads\/2025\/08\/DS_str_2-724x1024.png 724w, http:\/\/szss-nitra.sk\/wp-content\/uploads\/2025\/08\/DS_str_2-768x1086.png 768w, http:\/\/szss-nitra.sk\/wp-content\/uploads\/2025\/08\/DS_str_2-1086x1536.png 1086w, http:\/\/szss-nitra.sk\/wp-content\/uploads\/2025\/08\/DS_str_2.png 1241w\" sizes=\"auto, (max-width: 212px) 100vw, 212px\" \/><\/a><\/p>\n<p style=\"text-align: center;\"><a href=\"http:\/\/szss-nitra.sk\/wp-content\/uploads\/2025\/08\/DS_str_3.png\"><img loading=\"lazy\" decoding=\"async\" class=\"alignnone size-medium wp-image-14962\" src=\"http:\/\/szss-nitra.sk\/wp-content\/uploads\/2025\/08\/DS_str_3-212x300.png\" alt=\"\" width=\"212\" height=\"300\" srcset=\"http:\/\/szss-nitra.sk\/wp-content\/uploads\/2025\/08\/DS_str_3-212x300.png 212w, http:\/\/szss-nitra.sk\/wp-content\/uploads\/2025\/08\/DS_str_3-724x1024.png 724w, http:\/\/szss-nitra.sk\/wp-content\/uploads\/2025\/08\/DS_str_3-768x1086.png 768w, http:\/\/szss-nitra.sk\/wp-content\/uploads\/2025\/08\/DS_str_3-1086x1536.png 1086w, http:\/\/szss-nitra.sk\/wp-content\/uploads\/2025\/08\/DS_str_3.png 1241w\" sizes=\"auto, (max-width: 212px) 100vw, 212px\" \/><\/a> <a href=\"http:\/\/szss-nitra.sk\/wp-content\/uploads\/2025\/08\/DS_str_4.png\"><img loading=\"lazy\" decoding=\"async\" class=\"alignnone size-medium wp-image-14963\" src=\"http:\/\/szss-nitra.sk\/wp-content\/uploads\/2025\/08\/DS_str_4-212x300.png\" alt=\"\" width=\"212\" height=\"300\" srcset=\"http:\/\/szss-nitra.sk\/wp-content\/uploads\/2025\/08\/DS_str_4-212x300.png 212w, http:\/\/szss-nitra.sk\/wp-content\/uploads\/2025\/08\/DS_str_4-724x1024.png 724w, http:\/\/szss-nitra.sk\/wp-content\/uploads\/2025\/08\/DS_str_4-768x1086.png 768w, http:\/\/szss-nitra.sk\/wp-content\/uploads\/2025\/08\/DS_str_4-1086x1536.png 1086w, http:\/\/szss-nitra.sk\/wp-content\/uploads\/2025\/08\/DS_str_4.png 1241w\" sizes=\"auto, (max-width: 212px) 100vw, 212px\" \/><\/a><\/p>\n<\/td>\n<\/tr>\n<\/tbody>\n<\/table>\n","protected":false},"excerpt":{"rendered":"<p>Poslanie, hodnoty a v\u00edzia Kontakt Ako vybavi\u0165 Komu poskytujeme Komu nemo\u017eno poskytova\u0165 Legislat\u00edva \u010cas poskytovania Cenn\u00edk Evidencia \u017eiadate\u013eov \u010co poskytujeme Podujatia a \u010dinnosti Fotogal\u00e9ria Podpora zamestnancov . V dennom stacion\u00e1ri sa poskytuje soci\u00e1lna slu\u017eba fyzickej osobe, ktor\u00e1 je odk\u00e1zan\u00e1 na pomoc inej fyzickej osoby, ak jej stupe\u0148 odk\u00e1zanosti je najmenej II. Pre poskytovanie soci\u00e1lnej slu\u017eby [&hellip;]<\/p>\n","protected":false},"author":1,"featured_media":0,"parent":3818,"menu_order":0,"comment_status":"closed","ping_status":"closed","template":"","meta":{"footnotes":""},"class_list":["post-3821","page","type-page","status-publish","hentry"],"_links":{"self":[{"href":"http:\/\/szss-nitra.sk\/index.php?rest_route=\/wp\/v2\/pages\/3821","targetHints":{"allow":["GET"]}}],"collection":[{"href":"http:\/\/szss-nitra.sk\/index.php?rest_route=\/wp\/v2\/pages"}],"about":[{"href":"http:\/\/szss-nitra.sk\/index.php?rest_route=\/wp\/v2\/types\/page"}],"author":[{"embeddable":true,"href":"http:\/\/szss-nitra.sk\/index.php?rest_route=\/wp\/v2\/users\/1"}],"replies":[{"embeddable":true,"href":"http:\/\/szss-nitra.sk\/index.php?rest_route=%2Fwp%2Fv2%2Fcomments&post=3821"}],"version-history":[{"count":49,"href":"http:\/\/szss-nitra.sk\/index.php?rest_route=\/wp\/v2\/pages\/3821\/revisions"}],"predecessor-version":[{"id":15925,"href":"http:\/\/szss-nitra.sk\/index.php?rest_route=\/wp\/v2\/pages\/3821\/revisions\/15925"}],"up":[{"embeddable":true,"href":"http:\/\/szss-nitra.sk\/index.php?rest_route=\/wp\/v2\/pages\/3818"}],"wp:attachment":[{"href":"http:\/\/szss-nitra.sk\/index.php?rest_route=%2Fwp%2Fv2%2Fmedia&parent=3821"}],"curies":[{"name":"wp","href":"https:\/\/api.w.org\/{rel}","templated":true}]}}