{"id":3820,"date":"2018-05-10T15:01:31","date_gmt":"2018-05-10T13:01:31","guid":{"rendered":"http:\/\/szss-nitra.sk\/?page_id=3820"},"modified":"2025-08-27T14:18:01","modified_gmt":"2025-08-27T12:18:01","slug":"denny-stacionar-2","status":"publish","type":"page","link":"http:\/\/szss-nitra.sk\/?page_id=3820","title":{"rendered":"Denn\u00fd stacion\u00e1r"},"content":{"rendered":"<table style=\"border: none;\">\n<tbody>\n<tr>\n<td style=\"width: 30%; vertical-align: top;\">\n<p><a href=\"http:\/\/szss-nitra.sk\/?page_id=10488\">Poslanie, hodnoty a v\u00edzia<\/a><\/p>\n<p><a href=\"http:\/\/szss-nitra.sk\/?page_id=3819\">Kontakt<\/a><\/p>\n<p><a href=\"http:\/\/szss-nitra.sk\/?page_id=3821\">Ako vybavi\u0165<\/a><\/p>\n<p><span style=\"color: #000000;\"><strong><a style=\"color: #000000;\" href=\"http:\/\/szss-nitra.sk\/?page_id=3820\">Komu poskytujeme<\/a><\/strong><\/span><\/p>\n<p><a href=\"http:\/\/szss-nitra.sk\/?page_id=3822\">Komu nemo\u017eno poskytova\u0165<\/a><\/p>\n<p><a href=\"http:\/\/szss-nitra.sk\/?page_id=3840\">Legislat\u00edva<\/a><\/p>\n<p><a href=\"http:\/\/szss-nitra.sk\/?page_id=3828\">\u010cas poskytovania<\/a><\/p>\n<p><a href=\"http:\/\/szss-nitra.sk\/?page_id=3829\">Cenn\u00edk<\/a><\/p>\n<p><a href=\"http:\/\/szss-nitra.sk\/?page_id=3832\">Evidencia \u017eiadate\u013eov<\/a><\/p>\n<p><a href=\"http:\/\/szss-nitra.sk\/?page_id=3833\">\u010co poskytujeme<\/a><\/p>\n<p><a href=\"http:\/\/szss-nitra.sk\/?page_id=10218\">Podujatia a \u010dinnosti<\/a><\/p>\n<p><a href=\"http:\/\/szss-nitra.sk\/?page_id=3835\">Fotogal\u00e9ria<\/a><\/p>\n<p><a href=\"http:\/\/szss-nitra.sk\/?page_id=10845\">Podpora zamestnancov<\/a><\/p>\n<p><img loading=\"lazy\" decoding=\"async\" class=\"alignnone size-full wp-image-11087\" src=\"http:\/\/szss-nitra.sk\/wp-content\/uploads\/2023\/11\/menu_ico_DS2.png\" alt=\"\" width=\"125\" height=\"140\" \/><\/td>\n<td><span style=\"color: #ffffff;\">.<\/span><\/td>\n<td style=\"vertical-align: top; text-align: jusify;\">\n<ul>\n<li style=\"text-align: justify;\">Ob\u010danovi, ktor\u00fd sp\u013a\u0148a podmienky odk\u00e1zanosti na z\u00e1klade pr\u00e1voplatn\u00e9ho rozhodnutia o odk\u00e1zanosti na soci\u00e1lnu slu\u017ebu vydan\u00e9ho Mestom Nitra alebo pr\u00edslu\u0161nou obcou pod\u013ea miesta trval\u00e9ho pobytu najmenej so stup\u0148om odk\u00e1zanosti III (vydan\u00e9 do 31.8.2025 &#8211; zost\u00e1va v platnosti najdlh\u0161ie do nadobudnutia pr\u00e1voplatnosti integrovan\u00e9ho posudku),<\/li>\n<\/ul>\n<p style=\"text-align: center;\">alebo<\/p>\n<ul>\n<li>na z\u00e1klade pr\u00e1voplatn\u00e9ho integrovan\u00e9ho posudku, ktor\u00fd bude po 1.9.2025 vyd\u00e1va\u0165 pr\u00edslu\u0161n\u00fd \u00farad pr\u00e1ce, soci\u00e1lnych vec\u00ed a rodiny.<\/li>\n<li style=\"text-align: justify;\">Ob\u010danom bez pos\u00fadenia odk\u00e1zanosti na soci\u00e1lnu slu\u017ebu, ak si bud\u00fa plati\u0165 \u00fahradu za soci\u00e1lnu slu\u017ebu najmenej vo v\u00fd\u0161ke ekonomicky opr\u00e1vnen\u00fdch n\u00e1kladov<\/li>\n<\/ul>\n<\/td>\n<\/tr>\n<\/tbody>\n<\/table>\n","protected":false},"excerpt":{"rendered":"<p>Poslanie, hodnoty a v\u00edzia Kontakt Ako vybavi\u0165 Komu poskytujeme Komu nemo\u017eno poskytova\u0165 Legislat\u00edva \u010cas poskytovania Cenn\u00edk Evidencia \u017eiadate\u013eov \u010co poskytujeme Podujatia a \u010dinnosti Fotogal\u00e9ria Podpora zamestnancov . Ob\u010danovi, ktor\u00fd sp\u013a\u0148a podmienky odk\u00e1zanosti na z\u00e1klade pr\u00e1voplatn\u00e9ho rozhodnutia o odk\u00e1zanosti na soci\u00e1lnu slu\u017ebu vydan\u00e9ho Mestom Nitra alebo pr\u00edslu\u0161nou obcou pod\u013ea miesta trval\u00e9ho pobytu najmenej so stup\u0148om odk\u00e1zanosti [&hellip;]<\/p>\n","protected":false},"author":1,"featured_media":0,"parent":3818,"menu_order":0,"comment_status":"closed","ping_status":"closed","template":"","meta":{"footnotes":""},"class_list":["post-3820","page","type-page","status-publish","hentry"],"_links":{"self":[{"href":"http:\/\/szss-nitra.sk\/index.php?rest_route=\/wp\/v2\/pages\/3820","targetHints":{"allow":["GET"]}}],"collection":[{"href":"http:\/\/szss-nitra.sk\/index.php?rest_route=\/wp\/v2\/pages"}],"about":[{"href":"http:\/\/szss-nitra.sk\/index.php?rest_route=\/wp\/v2\/types\/page"}],"author":[{"embeddable":true,"href":"http:\/\/szss-nitra.sk\/index.php?rest_route=\/wp\/v2\/users\/1"}],"replies":[{"embeddable":true,"href":"http:\/\/szss-nitra.sk\/index.php?rest_route=%2Fwp%2Fv2%2Fcomments&post=3820"}],"version-history":[{"count":17,"href":"http:\/\/szss-nitra.sk\/index.php?rest_route=\/wp\/v2\/pages\/3820\/revisions"}],"predecessor-version":[{"id":14915,"href":"http:\/\/szss-nitra.sk\/index.php?rest_route=\/wp\/v2\/pages\/3820\/revisions\/14915"}],"up":[{"embeddable":true,"href":"http:\/\/szss-nitra.sk\/index.php?rest_route=\/wp\/v2\/pages\/3818"}],"wp:attachment":[{"href":"http:\/\/szss-nitra.sk\/index.php?rest_route=%2Fwp%2Fv2%2Fmedia&parent=3820"}],"curies":[{"name":"wp","href":"https:\/\/api.w.org\/{rel}","templated":true}]}}