{"id":3819,"date":"2018-05-10T15:01:25","date_gmt":"2018-05-10T13:01:25","guid":{"rendered":"http:\/\/szss-nitra.sk\/?page_id=3819"},"modified":"2025-08-27T13:58:28","modified_gmt":"2025-08-27T11:58:28","slug":"denny-stacionar-kontakt","status":"publish","type":"page","link":"http:\/\/szss-nitra.sk\/?page_id=3819","title":{"rendered":"Denn\u00fd stacion\u00e1r"},"content":{"rendered":"<table style=\"border: none;\">\n<tbody>\n<tr>\n<td style=\"width: 30%; vertical-align: top;\">\n<p><a href=\"http:\/\/szss-nitra.sk\/?page_id=10488\">Poslanie, hodnoty a v\u00edzia<\/a><\/p>\n<p><span style=\"color: #000000;\"><strong><a style=\"color: #000000;\" href=\"http:\/\/szss-nitra.sk\/?page_id=3819\">Kontakt<\/a><\/strong><\/span><\/p>\n<p><a href=\"http:\/\/szss-nitra.sk\/?page_id=3821\">Ako vybavi\u0165<\/a><\/p>\n<p><a href=\"http:\/\/szss-nitra.sk\/?page_id=3820\">Komu poskytujeme<\/a><\/p>\n<p><a href=\"http:\/\/szss-nitra.sk\/?page_id=3822\">Komu nemo\u017eno poskytova\u0165<\/a><\/p>\n<p><a href=\"http:\/\/szss-nitra.sk\/?page_id=3840\">Legislat\u00edva<\/a><\/p>\n<p><a href=\"http:\/\/szss-nitra.sk\/?page_id=3828\">\u010cas poskytovania<\/a><\/p>\n<p><a href=\"http:\/\/szss-nitra.sk\/?page_id=3829\">Cenn\u00edk<\/a><\/p>\n<p><a href=\"http:\/\/szss-nitra.sk\/?page_id=3832\">Evidencia \u017eiadate\u013eov<\/a><\/p>\n<p><a href=\"http:\/\/szss-nitra.sk\/?page_id=3833\">\u010co poskytujeme<\/a><\/p>\n<p><a href=\"http:\/\/szss-nitra.sk\/?page_id=10218\">Podujatia a \u010dinnosti<\/a><\/p>\n<p><a href=\"http:\/\/szss-nitra.sk\/?page_id=3835\">Fotogal\u00e9ria<\/a><\/p>\n<p><a href=\"http:\/\/szss-nitra.sk\/?page_id=10845\">Podpora zamestnancov<\/a><\/p>\n<p><img loading=\"lazy\" decoding=\"async\" class=\"alignnone size-full wp-image-11087\" src=\"http:\/\/szss-nitra.sk\/wp-content\/uploads\/2023\/11\/menu_ico_DS2.png\" alt=\"\" width=\"125\" height=\"140\" \/><\/td>\n<td><span style=\"color: #ffffff;\">.<\/span><\/td>\n<td style=\"vertical-align: top; text-align: jusify;\">\n<p style=\"text-align: justify;\"><em>Ved\u00faca \u00faseku soci\u00e1lnych slu\u017eieb Bani\u010dova a Olympia:<\/em><\/p>\n<p style=\"text-align: justify;\">PhDr. Silvia <strong>Lu\u017e\u00e1kov\u00e1<\/strong><br \/>\nBani\u010dova 522\/12, Nitra<br \/>\nTel.\u010d.: 037\/69 255 27<br \/>\nMobil: 0911 665 117<br \/>\nE-mail: luzakova<img loading=\"lazy\" decoding=\"async\" class=\"alignnone size-full wp-image-645\" src=\"http:\/\/szss-nitra.sk\/wp-content\/uploads\/2013\/03\/zavinac.png\" alt=\"\" width=\"20\" height=\"20\" \/>szss-nitra.sk<\/p>\n<p style=\"text-align: justify;\"><em>Denn\u00fd stacion\u00e1r pre seniorov:<\/em><\/p>\n<p style=\"text-align: justify;\">Mgr. Zuzana <strong>Tancikov\u00e1<\/strong><br \/>\nMgr. Michaela <strong>Zuzulov\u00e1<\/strong><br \/>\nprev\u00e1dzka Bani\u010dova 522\/12, Nitra<br \/>\nTel.\u010d.: 037\/69 255 18<br \/>\nE-mail: tancikova<img loading=\"lazy\" decoding=\"async\" class=\"alignnone size-full wp-image-645\" src=\"http:\/\/szss-nitra.sk\/wp-content\/uploads\/2013\/03\/zavinac.png\" alt=\"\" width=\"20\" height=\"20\" \/>szss-nitra.sk<br \/>\nE-mail: zuzulova<img loading=\"lazy\" decoding=\"async\" class=\"alignnone size-full wp-image-645\" src=\"http:\/\/szss-nitra.sk\/wp-content\/uploads\/2013\/03\/zavinac.png\" alt=\"\" width=\"20\" height=\"20\" \/>szss-nitra.sk<\/p>\n<p style=\"text-align: justify;\"><em>Denn\u00fd stacion\u00e1r pre osoby s \u0165a\u017ek\u00fdm zdravotn\u00fdm postihnut\u00edm:<\/em><\/p>\n<p style=\"text-align: justify;\">Mgr. Zuzana <strong>T\u00f3thov\u00e1<\/strong><br \/>\nMgr. Radka <strong>Z\u00e1vodn\u00e1<\/strong><br \/>\nprev\u00e1dzka Bani\u010dova 522\/12, Nitra<br \/>\nTel.\u010d.: 037\/69 255 15<br \/>\nE-mail: tothova<img loading=\"lazy\" decoding=\"async\" class=\"alignnone size-full wp-image-645\" src=\"http:\/\/szss-nitra.sk\/wp-content\/uploads\/2013\/03\/zavinac.png\" alt=\"\" width=\"20\" height=\"20\" \/>szss-nitra.sk<br \/>\nE-mail: zavodna<img loading=\"lazy\" decoding=\"async\" class=\"alignnone size-full wp-image-645\" src=\"http:\/\/szss-nitra.sk\/wp-content\/uploads\/2013\/03\/zavinac.png\" alt=\"\" width=\"20\" height=\"20\" \/>szss-nitra.sk<\/p>\n<p style=\"text-align: justify;\"><em>Denn\u00fd stacion\u00e1r pre osoby s poruchami autistick\u00e9ho spektra:<\/em><\/p>\n<p style=\"text-align: justify;\">Mgr. Erika <strong>Halmov\u00e1<\/strong><br \/>\nMgr. Karolina <strong>Bla\u0161kov\u00e1<\/strong><br \/>\nprev\u00e1dzka Bani\u010dova 523\/14, Nitra<br \/>\nTel.\u010d.: 037\/65 201 13<br \/>\nE-mail: halmova<img loading=\"lazy\" decoding=\"async\" class=\"alignnone size-full wp-image-645\" src=\"http:\/\/szss-nitra.sk\/wp-content\/uploads\/2013\/03\/zavinac.png\" alt=\"\" width=\"20\" height=\"20\" \/>szss-nitra.sk<br \/>\nE-mail: blaskova<img loading=\"lazy\" decoding=\"async\" class=\"alignnone size-full wp-image-645\" src=\"http:\/\/szss-nitra.sk\/wp-content\/uploads\/2013\/03\/zavinac.png\" alt=\"\" width=\"20\" height=\"20\" \/>szss-nitra.sk<\/p>\n<\/td>\n<\/tr>\n<\/tbody>\n<\/table>\n","protected":false},"excerpt":{"rendered":"<p>Poslanie, hodnoty a v\u00edzia Kontakt Ako vybavi\u0165 Komu poskytujeme Komu nemo\u017eno poskytova\u0165 Legislat\u00edva \u010cas poskytovania Cenn\u00edk Evidencia \u017eiadate\u013eov \u010co poskytujeme Podujatia a \u010dinnosti Fotogal\u00e9ria Podpora zamestnancov . Ved\u00faca \u00faseku soci\u00e1lnych slu\u017eieb Bani\u010dova a Olympia: PhDr. Silvia Lu\u017e\u00e1kov\u00e1 Bani\u010dova 522\/12, Nitra Tel.\u010d.: 037\/69 255 27 Mobil: 0911 665 117 E-mail: luzakovaszss-nitra.sk Denn\u00fd stacion\u00e1r pre seniorov: Mgr. [&hellip;]<\/p>\n","protected":false},"author":1,"featured_media":0,"parent":3818,"menu_order":0,"comment_status":"closed","ping_status":"closed","template":"","meta":{"footnotes":""},"class_list":["post-3819","page","type-page","status-publish","hentry"],"_links":{"self":[{"href":"http:\/\/szss-nitra.sk\/index.php?rest_route=\/wp\/v2\/pages\/3819","targetHints":{"allow":["GET"]}}],"collection":[{"href":"http:\/\/szss-nitra.sk\/index.php?rest_route=\/wp\/v2\/pages"}],"about":[{"href":"http:\/\/szss-nitra.sk\/index.php?rest_route=\/wp\/v2\/types\/page"}],"author":[{"embeddable":true,"href":"http:\/\/szss-nitra.sk\/index.php?rest_route=\/wp\/v2\/users\/1"}],"replies":[{"embeddable":true,"href":"http:\/\/szss-nitra.sk\/index.php?rest_route=%2Fwp%2Fv2%2Fcomments&post=3819"}],"version-history":[{"count":32,"href":"http:\/\/szss-nitra.sk\/index.php?rest_route=\/wp\/v2\/pages\/3819\/revisions"}],"predecessor-version":[{"id":14908,"href":"http:\/\/szss-nitra.sk\/index.php?rest_route=\/wp\/v2\/pages\/3819\/revisions\/14908"}],"up":[{"embeddable":true,"href":"http:\/\/szss-nitra.sk\/index.php?rest_route=\/wp\/v2\/pages\/3818"}],"wp:attachment":[{"href":"http:\/\/szss-nitra.sk\/index.php?rest_route=%2Fwp%2Fv2%2Fmedia&parent=3819"}],"curies":[{"name":"wp","href":"https:\/\/api.w.org\/{rel}","templated":true}]}}