{"id":3818,"date":"2018-05-11T08:03:17","date_gmt":"2018-05-11T06:03:17","guid":{"rendered":"http:\/\/szss-nitra.sk\/?page_id=3818"},"modified":"2026-02-09T14:04:25","modified_gmt":"2026-02-09T12:04:25","slug":"denny-stacionar","status":"publish","type":"page","link":"http:\/\/szss-nitra.sk\/?page_id=3818","title":{"rendered":"Denn\u00fd stacion\u00e1r"},"content":{"rendered":"<table style=\"border: none;\">\n<tbody>\n<tr>\n<td style=\"width: 30%; vertical-align: top;\"><a href=\"http:\/\/szss-nitra.sk\/?page_id=10488\">Poslanie, hodnoty a v\u00edzia<\/a><\/p>\n<p><a href=\"http:\/\/szss-nitra.sk\/?page_id=3819\">Kontakt<\/a><\/p>\n<p><a href=\"http:\/\/szss-nitra.sk\/?page_id=3821\">Ako vybavi\u0165<\/a><\/p>\n<p><a href=\"http:\/\/szss-nitra.sk\/?page_id=3820\">Komu poskytujeme<\/a><\/p>\n<p><a href=\"http:\/\/szss-nitra.sk\/?page_id=3822\">Komu nemo\u017eno poskytova\u0165<\/a><\/p>\n<p><a href=\"http:\/\/szss-nitra.sk\/?page_id=3840\">Legislat\u00edva<\/a><\/p>\n<p><a href=\"http:\/\/szss-nitra.sk\/?page_id=3828\">\u010cas poskytovania<\/a><\/p>\n<p><a href=\"http:\/\/szss-nitra.sk\/?page_id=3829\">Cenn\u00edk<\/a><\/p>\n<p><a href=\"http:\/\/szss-nitra.sk\/?page_id=3832\">Evidencia \u017eiadate\u013eov<\/a><\/p>\n<p><a href=\"http:\/\/szss-nitra.sk\/?page_id=3833\">\u010co poskytujeme<\/a><\/p>\n<p><a href=\"http:\/\/szss-nitra.sk\/?page_id=10218\">Podujatia a \u010dinnosti<\/a><\/p>\n<p><a href=\"http:\/\/szss-nitra.sk\/?page_id=3835\">Fotogal\u00e9ria<\/a><\/p>\n<p><a href=\"http:\/\/szss-nitra.sk\/?page_id=10845\">Podpora zamestnancov<\/a><\/p>\n<p><img loading=\"lazy\" decoding=\"async\" class=\"alignnone size-full wp-image-11087\" src=\"http:\/\/szss-nitra.sk\/wp-content\/uploads\/2023\/11\/menu_ico_DS2.png\" alt=\"\" width=\"125\" height=\"140\"><\/td>\n<td><span style=\"color: #ffffff;\">.<\/span><\/td>\n<td style=\"vertical-align: top; text-align: center;\">\n<p style=\"text-align: justify;\">Denn\u00fd stacion\u00e1r je ambulantn\u00e1 soci\u00e1lna slu\u017eba poskytovan\u00e1 ur\u010dit\u00fd \u010das po\u010das pracovn\u00e9ho d\u0148a. Soci\u00e1lnu slu\u017ebu poskytujeme seniorom a zdravotne postihnut\u00fdm ob\u010danom, ktor\u00fdch zdravotn\u00fd stav umo\u017e\u0148uje pobyt v dennom stacion\u00e1ri s cie\u013eom:<\/p>\n<ul style=\"text-align: justify;\">\n<li>Zlep\u0161i\u0165 kvalitu \u017eivota,<\/li>\n<li>zabezpe\u010di\u0165 odborn\u00fa slu\u017ebu, ktor\u00e1 zodpoved\u00e1 potreb\u00e1m prij\u00edmate\u013ea soci\u00e1lnej slu\u017eby,<\/li>\n<li>podporova\u0165 prirodzen\u00e9 rodinn\u00e9 vz\u0165ahy,<\/li>\n<li>posil\u0148ova\u0165 kontakt so spolo\u010densk\u00fdm prostred\u00edm,<\/li>\n<li>podporova\u0165 nez\u00e1visl\u00fd sp\u00f4sob \u017eivota os\u00f4b so zdravotn\u00fdm znev\u00fdhodnen\u00edm,<\/li>\n<li>podporova\u0165 samostatnos\u0165,<\/li>\n<li>aktivizova\u0165.<\/li>\n<\/ul>\n<p style=\"text-align: justify;\">Spr\u00e1va zariaden\u00ed soci\u00e1lnych slu\u017eieb v Nitre prev\u00e1dzkuje nasleduj\u00face denn\u00e9 stacion\u00e1re:<\/p>\n<ul>\n<li>Denn\u00fd stacion\u00e1r pre seniorov, Bani\u010dova 522\/12, Nitra (kapacita 15 miest)<\/li>\n<li>Denn\u00fd stacion\u00e1r pre osoby so zdravotn\u00fdm postihnut\u00edm, Bani\u010dova 522\/12, Nitra (kapacita 20 miest)<\/li>\n<li>Denn\u00fd stacion\u00e1r pre osoby s poruchami autistick\u00e9ho spektra, Bani\u010dova 523\/14, Nitra (kapacita 8 miest)<\/li>\n<\/ul>\n<p style=\"text-align: justify;\"><a href=\"http:\/\/szss-nitra.sk\/wp-content\/uploads\/2023\/10\/citatDS_1.png\"><img loading=\"lazy\" decoding=\"async\" class=\"wp-image-10520 size-full aligncenter\" src=\"http:\/\/szss-nitra.sk\/wp-content\/uploads\/2023\/10\/citatDS_1.png\" alt=\"\" width=\"400\" height=\"157\" srcset=\"http:\/\/szss-nitra.sk\/wp-content\/uploads\/2023\/10\/citatDS_1.png 400w, http:\/\/szss-nitra.sk\/wp-content\/uploads\/2023\/10\/citatDS_1-300x118.png 300w\" sizes=\"auto, (max-width: 400px) 100vw, 400px\" \/><\/a><\/p>\n<\/td>\n<\/tr>\n<\/tbody>\n<\/table>\n","protected":false},"excerpt":{"rendered":"<p>Poslanie, hodnoty a v\u00edzia Kontakt Ako vybavi\u0165 Komu poskytujeme Komu nemo\u017eno poskytova\u0165 Legislat\u00edva \u010cas poskytovania Cenn\u00edk Evidencia \u017eiadate\u013eov \u010co poskytujeme Podujatia a \u010dinnosti Fotogal\u00e9ria Podpora zamestnancov . Denn\u00fd stacion\u00e1r je ambulantn\u00e1 soci\u00e1lna slu\u017eba poskytovan\u00e1 ur\u010dit\u00fd \u010das po\u010das pracovn\u00e9ho d\u0148a. Soci\u00e1lnu slu\u017ebu poskytujeme seniorom a zdravotne postihnut\u00fdm ob\u010danom, ktor\u00fdch zdravotn\u00fd stav umo\u017e\u0148uje pobyt v dennom stacion\u00e1ri [&hellip;]<\/p>\n","protected":false},"author":1,"featured_media":0,"parent":0,"menu_order":0,"comment_status":"closed","ping_status":"closed","template":"","meta":{"footnotes":""},"class_list":["post-3818","page","type-page","status-publish","hentry"],"_links":{"self":[{"href":"http:\/\/szss-nitra.sk\/index.php?rest_route=\/wp\/v2\/pages\/3818","targetHints":{"allow":["GET"]}}],"collection":[{"href":"http:\/\/szss-nitra.sk\/index.php?rest_route=\/wp\/v2\/pages"}],"about":[{"href":"http:\/\/szss-nitra.sk\/index.php?rest_route=\/wp\/v2\/types\/page"}],"author":[{"embeddable":true,"href":"http:\/\/szss-nitra.sk\/index.php?rest_route=\/wp\/v2\/users\/1"}],"replies":[{"embeddable":true,"href":"http:\/\/szss-nitra.sk\/index.php?rest_route=%2Fwp%2Fv2%2Fcomments&post=3818"}],"version-history":[{"count":35,"href":"http:\/\/szss-nitra.sk\/index.php?rest_route=\/wp\/v2\/pages\/3818\/revisions"}],"predecessor-version":[{"id":15924,"href":"http:\/\/szss-nitra.sk\/index.php?rest_route=\/wp\/v2\/pages\/3818\/revisions\/15924"}],"wp:attachment":[{"href":"http:\/\/szss-nitra.sk\/index.php?rest_route=%2Fwp%2Fv2%2Fmedia&parent=3818"}],"curies":[{"name":"wp","href":"https:\/\/api.w.org\/{rel}","templated":true}]}}