{"id":3754,"date":"2018-03-14T11:57:17","date_gmt":"2018-03-14T09:57:17","guid":{"rendered":"http:\/\/szss-nitra.sk\/?page_id=3754"},"modified":"2025-03-28T15:41:13","modified_gmt":"2025-03-28T13:41:13","slug":"interne-predpisy-szss","status":"publish","type":"page","link":"http:\/\/szss-nitra.sk\/?page_id=3754","title":{"rendered":"Intern\u00e9 predpisy"},"content":{"rendered":"<p><strong>Aktu\u00e1lne platn\u00e9 vn\u00fatorn\u00e9 predpisy a usmernia:<\/strong><\/p>\n<p>Spr\u00e1va zariaden\u00ed soci\u00e1lnych slu\u017eieb<\/p>\n<p><img loading=\"lazy\" decoding=\"async\" class=\"wp-image-816 size-full\" src=\"http:\/\/szss-nitra.sk\/wp-content\/uploads\/2015\/08\/pdf1.png\" alt=\"\" width=\"30\" height=\"30\" \/> <a href=\"http:\/\/szss-nitra.sk\/wp-content\/uploads\/2025\/03\/Smernica-EON-2025.pdf\" target=\"_blank\" rel=\"noopener\">Smernica o v\u00fd\u0161ke \u00fahrady za soci\u00e1lnu slu\u017ebu pre prij\u00edmate\u013eov soci\u00e1lnej slu\u017eby, ktor\u00ed platia \u00fahradu za soci\u00e1lnu slu\u017ebu najmenej vo v\u00fd\u0161ke ekonomicky opr\u00e1vnen\u00fdch n\u00e1kladov<\/a><\/p>\n<p><img loading=\"lazy\" decoding=\"async\" class=\"wp-image-816 size-full\" src=\"http:\/\/szss-nitra.sk\/wp-content\/uploads\/2015\/08\/pdf1.png\" alt=\"\" width=\"30\" height=\"30\" \/><strong> <a href=\"http:\/\/szss-nitra.sk\/wp-content\/uploads\/2023\/03\/Eticky-kodex-zamestnancov-SZSS.pdf\" target=\"_blank\" rel=\"noopener\">Etick\u00fd k\u00f3dex zamestnancov SZSS<\/a><\/strong><\/p>\n<p><span style=\"color: #ffffff;\">.<\/span><br \/>\nZariadenie soci\u00e1lnych slu\u017eieb (zariadenie pre seniorov, zariadenie opatrovate\u013eskej slu\u017eby)<\/p>\n<p><img loading=\"lazy\" decoding=\"async\" class=\"wp-image-816 size-full\" src=\"http:\/\/szss-nitra.sk\/wp-content\/uploads\/2015\/08\/pdf1.png\" alt=\"Evidencia \u017eiadate\u013eov ZpS a ZOS\" width=\"30\" height=\"30\" \/> <a href=\"http:\/\/szss-nitra.sk\/wp-content\/uploads\/2024\/06\/0481_001.pdf\" target=\"_blank\" rel=\"noopener\">Smernica upravuj\u00faca postup zara\u010fovania \u017eiadost\u00ed do evidencie a podmienky prij\u00edmania \u017eiadate\u013eov do Zariadenie soci\u00e1lnych slu\u017eieb<\/a><\/p>\n<p><span style=\"color: #ffffff;\">.<\/span><br \/>\nDenn\u00fd stacion\u00e1r<\/p>\n<p><img loading=\"lazy\" decoding=\"async\" class=\"alignnone wp-image-3164 size-full\" src=\"http:\/\/szss-nitra.sk\/wp-content\/uploads\/2013\/10\/pdf_mini.png\" alt=\"\" width=\"30\" height=\"30\" srcset=\"http:\/\/szss-nitra.sk\/wp-content\/uploads\/2013\/10\/pdf_mini.png 30w, http:\/\/szss-nitra.sk\/wp-content\/uploads\/2013\/10\/pdf_mini-24x24.png 24w\" sizes=\"auto, (max-width: 30px) 100vw, 30px\" \/> <a href=\"http:\/\/szss-nitra.sk\/wp-content\/uploads\/2018\/05\/Smernica-evidencia-\u017eiadost\u00ed-DS-1.11.2020.pdf\" target=\"_blank\" rel=\"noopener noreferrer\">Smernica &#8211; Postup zara\u010fovania \u017eiadost\u00ed o poskytovanie soci\u00e1lnej slu\u017eby v dennom stacion\u00e1ri do evidencie \u017eiadate\u013eov<\/a><\/p>\n<p><span style=\"color: #ffffff;\">.<\/span><\/p>\n<p>Opatrovate\u013esk\u00e1 slu\u017eba<\/p>\n<p><img loading=\"lazy\" decoding=\"async\" class=\"alignnone wp-image-3164 size-full\" src=\"http:\/\/szss-nitra.sk\/wp-content\/uploads\/2013\/10\/pdf_mini.png\" alt=\"\" width=\"30\" height=\"30\" srcset=\"http:\/\/szss-nitra.sk\/wp-content\/uploads\/2013\/10\/pdf_mini.png 30w, http:\/\/szss-nitra.sk\/wp-content\/uploads\/2013\/10\/pdf_mini-24x24.png 24w\" sizes=\"auto, (max-width: 30px) 100vw, 30px\" \/> <a href=\"http:\/\/szss-nitra.sk\/wp-content\/uploads\/2018\/03\/62017-Smernica-zara\u010fovanie-\u017eiadosti-do-OS.pdf\" target=\"_blank\" rel=\"noopener\">\u00a0Evidencia \u017eiadate\u013eov opatrovate\u013esk\u00e1 slu\u017eba<\/a><\/p>\n<p><img loading=\"lazy\" decoding=\"async\" class=\"alignnone wp-image-3164 size-full\" src=\"http:\/\/szss-nitra.sk\/wp-content\/uploads\/2013\/10\/pdf_mini.png\" alt=\"\" width=\"30\" height=\"30\" srcset=\"http:\/\/szss-nitra.sk\/wp-content\/uploads\/2013\/10\/pdf_mini.png 30w, http:\/\/szss-nitra.sk\/wp-content\/uploads\/2013\/10\/pdf_mini-24x24.png 24w\" sizes=\"auto, (max-width: 30px) 100vw, 30px\" \/> <a href=\"http:\/\/szss-nitra.sk\/wp-content\/uploads\/2023\/03\/Usmernenie-c.-1-2022-.pdf\" target=\"_blank\" rel=\"noopener\">Usmernenie k etick\u00e9mu k\u00f3dexu opatrovate\u013eov\/opatrovateliek dom\u00e1cej opatrovate\u013eskej slu\u017eby<\/a><\/p>\n<p><span style=\"color: #ffffff;\">.<\/span><br \/>\nSmernica ku kr\u00e1tkodob\u00e9mu podn\u00e1jmu nebytov\u00fdch priestorov na prev\u00e1dzke Olympia<\/p>\n<p><img loading=\"lazy\" decoding=\"async\" class=\"wp-image-816 size-full\" src=\"http:\/\/szss-nitra.sk\/wp-content\/uploads\/2015\/08\/pdf1.png\" alt=\"Smernica ku kr\u00e1tkodob\u00e9mu podn\u00e1jmu nebytov\u00fdch priestorov na prev\u00e1dzke Olympia\" width=\"30\" height=\"30\" \/> <a href=\"http:\/\/szss-nitra.sk\/wp-content\/uploads\/2022\/10\/smernica-13-2021-podnajom.pdf\" target=\"_blank\" rel=\"noopener\">Smernica ku kr\u00e1tkodob\u00e9mu podn\u00e1jmu nebytov\u00fdch priestorov na prev\u00e1dzke Olympia<\/a><\/p>\n<p><span style=\"color: #ffffff;\">.<\/span><br \/>\nSmernica upravuj\u00faca sp\u00f4sob prij\u00edmania darov<\/p>\n<p><img loading=\"lazy\" decoding=\"async\" class=\"wp-image-816 size-full\" src=\"http:\/\/szss-nitra.sk\/wp-content\/uploads\/2015\/08\/pdf1.png\" alt=\"Smernica upravuj\u00faca sp\u00f4sob prij\u00edmania darov\" width=\"30\" height=\"30\" \/> <a href=\"http:\/\/szss-nitra.sk\/wp-content\/uploads\/2023\/03\/smernica-o-prijimani-darov-2-2021.pdf\" target=\"_blank\" rel=\"noopener\">Sp\u00f4sob prij\u00edmania darov<\/a><\/p>\n<p><span style=\"color: #ffffff;\">.<\/span><br \/>\nZoznam intern\u00fdch predpisov<\/p>\n<p><img loading=\"lazy\" decoding=\"async\" class=\"alignnone wp-image-816 size-full\" src=\"http:\/\/szss-nitra.sk\/wp-content\/uploads\/2015\/08\/pdf1-e1633068834887.png\" alt=\"Zoznam v\u0161etk\u00fdch aktu\u00e1lne platn\u00fdch intern\u00fdch predpisov\" width=\"30\" height=\"30\" \/> <a href=\"http:\/\/szss-nitra.sk\/wp-content\/uploads\/2022\/08\/Smernice-platne.pdf\" target=\"_blank\" rel=\"noopener\">Zoznam intern\u00fdch predpisov<\/a><\/p>\n","protected":false},"excerpt":{"rendered":"<p>Aktu\u00e1lne platn\u00e9 vn\u00fatorn\u00e9 predpisy a usmernia: Spr\u00e1va zariaden\u00ed soci\u00e1lnych slu\u017eieb Smernica o v\u00fd\u0161ke \u00fahrady za soci\u00e1lnu slu\u017ebu pre prij\u00edmate\u013eov soci\u00e1lnej slu\u017eby, ktor\u00ed platia \u00fahradu za soci\u00e1lnu slu\u017ebu najmenej vo v\u00fd\u0161ke ekonomicky opr\u00e1vnen\u00fdch n\u00e1kladov Etick\u00fd k\u00f3dex zamestnancov SZSS . Zariadenie soci\u00e1lnych slu\u017eieb (zariadenie pre seniorov, zariadenie opatrovate\u013eskej slu\u017eby) Smernica upravuj\u00faca postup zara\u010fovania \u017eiadost\u00ed do evidencie a [&hellip;]<\/p>\n","protected":false},"author":1,"featured_media":0,"parent":0,"menu_order":0,"comment_status":"closed","ping_status":"closed","template":"","meta":{"footnotes":""},"class_list":["post-3754","page","type-page","status-publish","hentry"],"_links":{"self":[{"href":"http:\/\/szss-nitra.sk\/index.php?rest_route=\/wp\/v2\/pages\/3754","targetHints":{"allow":["GET"]}}],"collection":[{"href":"http:\/\/szss-nitra.sk\/index.php?rest_route=\/wp\/v2\/pages"}],"about":[{"href":"http:\/\/szss-nitra.sk\/index.php?rest_route=\/wp\/v2\/types\/page"}],"author":[{"embeddable":true,"href":"http:\/\/szss-nitra.sk\/index.php?rest_route=\/wp\/v2\/users\/1"}],"replies":[{"embeddable":true,"href":"http:\/\/szss-nitra.sk\/index.php?rest_route=%2Fwp%2Fv2%2Fcomments&post=3754"}],"version-history":[{"count":25,"href":"http:\/\/szss-nitra.sk\/index.php?rest_route=\/wp\/v2\/pages\/3754\/revisions"}],"predecessor-version":[{"id":14010,"href":"http:\/\/szss-nitra.sk\/index.php?rest_route=\/wp\/v2\/pages\/3754\/revisions\/14010"}],"wp:attachment":[{"href":"http:\/\/szss-nitra.sk\/index.php?rest_route=%2Fwp%2Fv2%2Fmedia&parent=3754"}],"curies":[{"name":"wp","href":"https:\/\/api.w.org\/{rel}","templated":true}]}}