{"id":3466,"date":"2017-07-05T20:49:49","date_gmt":"2017-07-05T18:49:49","guid":{"rendered":"http:\/\/szss-nitra.sk\/?page_id=3466"},"modified":"2026-02-09T14:19:44","modified_gmt":"2026-02-09T12:19:44","slug":"denne-centrum-kontakt","status":"publish","type":"page","link":"http:\/\/szss-nitra.sk\/?page_id=3466","title":{"rendered":"Denn\u00e9 centrum"},"content":{"rendered":"<table style=\"border: none;\">\n<tbody>\n<tr>\n<td style=\"width: 30%; vertical-align: top;\"><a href=\"http:\/\/szss-nitra.sk\/?page_id=11958\">Poslanie, hodnoty a v\u00edzia<\/a><\/p>\n<p><a href=\"http:\/\/szss-nitra.sk\/?page_id=3460\">Zameranie a obsah slu\u017eby<\/a><\/p>\n<p><a href=\"http:\/\/szss-nitra.sk\/?page_id=3461\">Ako vybavi\u0165<\/a><\/p>\n<p><a href=\"http:\/\/szss-nitra.sk\/?page_id=3462\">\u010cas poskytovania slu\u017eby<\/a><\/p>\n<p><a href=\"http:\/\/szss-nitra.sk\/?page_id=3465\">Zabezpe\u010denie kvality<\/a><\/p>\n<p><a href=\"http:\/\/szss-nitra.sk\/?page_id=3463\">Legislat\u00edva<\/a><\/p>\n<p><a href=\"http:\/\/szss-nitra.sk\/?page_id=3464\">Cenn\u00edk<\/a><\/p>\n<p><strong><a href=\"http:\/\/szss-nitra.sk\/?page_id=3466\">Kontakt<\/a><\/strong><\/p>\n<p><a href=\"http:\/\/szss-nitra.sk\/?page_id=3467\">Podujatia a \u010dinnosti<\/a><\/p>\n<p><a href=\"http:\/\/szss-nitra.sk\/?page_id=3468\">Fotogal\u00e9ria<\/a><\/p>\n<p><img loading=\"lazy\" decoding=\"async\" class=\"alignnone size-full wp-image-11087\" src=\"http:\/\/szss-nitra.sk\/wp-content\/uploads\/2025\/08\/DC_mini.png\" alt=\"\" width=\"150\" height=\"150\" \/><\/td>\n<td><span style=\"color: #ffffff;\">.<\/span><\/td>\n<td style=\"vertical-align: top; text-align: jusify;\">\n<p style=\"text-align: justify;\">Denn\u00e9 centrum \u2013 Bani\u010dova 522\/12, Nitra<\/p>\n<p style=\"text-align: justify;\">Mgr. Lucia <strong>Pavl\u00edkov\u00e1<\/strong><br \/>\ntel.\u010d.: 0951 933 740<br \/>\ne-mail: pavlikova<img loading=\"lazy\" decoding=\"async\" class=\"alignnone size-full wp-image-645\" src=\"http:\/\/szss-nitra.sk\/wp-content\/uploads\/2013\/03\/zavinac.png\" alt=\"\" width=\"20\" height=\"20\" \/>szss-nitra.sk<\/p>\n<ul>\n<li>denne 9:00 &#8211; 16:00<\/li>\n<\/ul>\n<p style=\"text-align: justify;\"><span style=\"color: #ffffff;\">.<\/span><\/p>\n<p>Denn\u00e9 centrum \u2013 Tr. A. Hlinku 948\/57, Nitra<\/p>\n<p style=\"text-align: justify;\">Al\u017ebeta <strong>Ducho\u0148ov\u00e1<\/strong><br \/>\ntel.\u010d.: 037\/733 61 30<br \/>\ne-mail: duchonova<img loading=\"lazy\" decoding=\"async\" class=\"alignnone size-full wp-image-645\" src=\"http:\/\/szss-nitra.sk\/wp-content\/uploads\/2013\/03\/zavinac.png\" alt=\"\" width=\"20\" height=\"20\" \/>szss-nitra.sk<\/p>\n<ul>\n<li>denne 9:00 &#8211; 12:45<\/li>\n<\/ul>\n<\/td>\n<\/tr>\n<\/tbody>\n<\/table>\n","protected":false},"excerpt":{"rendered":"<p>Poslanie, hodnoty a v\u00edzia Zameranie a obsah slu\u017eby Ako vybavi\u0165 \u010cas poskytovania slu\u017eby Zabezpe\u010denie kvality Legislat\u00edva Cenn\u00edk Kontakt Podujatia a \u010dinnosti Fotogal\u00e9ria . Denn\u00e9 centrum \u2013 Bani\u010dova 522\/12, Nitra Mgr. Lucia Pavl\u00edkov\u00e1 tel.\u010d.: 0951 933 740 e-mail: pavlikovaszss-nitra.sk denne 9:00 &#8211; 16:00 . Denn\u00e9 centrum \u2013 Tr. A. Hlinku 948\/57, Nitra Al\u017ebeta Ducho\u0148ov\u00e1 tel.\u010d.: 037\/733 [&hellip;]<\/p>\n","protected":false},"author":1,"featured_media":0,"parent":3456,"menu_order":0,"comment_status":"closed","ping_status":"closed","template":"","meta":{"footnotes":""},"class_list":["post-3466","page","type-page","status-publish","hentry"],"_links":{"self":[{"href":"http:\/\/szss-nitra.sk\/index.php?rest_route=\/wp\/v2\/pages\/3466","targetHints":{"allow":["GET"]}}],"collection":[{"href":"http:\/\/szss-nitra.sk\/index.php?rest_route=\/wp\/v2\/pages"}],"about":[{"href":"http:\/\/szss-nitra.sk\/index.php?rest_route=\/wp\/v2\/types\/page"}],"author":[{"embeddable":true,"href":"http:\/\/szss-nitra.sk\/index.php?rest_route=\/wp\/v2\/users\/1"}],"replies":[{"embeddable":true,"href":"http:\/\/szss-nitra.sk\/index.php?rest_route=%2Fwp%2Fv2%2Fcomments&post=3466"}],"version-history":[{"count":20,"href":"http:\/\/szss-nitra.sk\/index.php?rest_route=\/wp\/v2\/pages\/3466\/revisions"}],"predecessor-version":[{"id":15938,"href":"http:\/\/szss-nitra.sk\/index.php?rest_route=\/wp\/v2\/pages\/3466\/revisions\/15938"}],"up":[{"embeddable":true,"href":"http:\/\/szss-nitra.sk\/index.php?rest_route=\/wp\/v2\/pages\/3456"}],"wp:attachment":[{"href":"http:\/\/szss-nitra.sk\/index.php?rest_route=%2Fwp%2Fv2%2Fmedia&parent=3466"}],"curies":[{"name":"wp","href":"https:\/\/api.w.org\/{rel}","templated":true}]}}