{"id":3464,"date":"2017-07-05T20:46:48","date_gmt":"2017-07-05T18:46:48","guid":{"rendered":"http:\/\/szss-nitra.sk\/?page_id=3464"},"modified":"2025-08-20T14:51:31","modified_gmt":"2025-08-20T12:51:31","slug":"denne-centrum-4","status":"publish","type":"page","link":"http:\/\/szss-nitra.sk\/?page_id=3464","title":{"rendered":"Denn\u00e9 centrum"},"content":{"rendered":"<table style=\"border: none;\">\n<tbody>\n<tr>\n<td style=\"width: 30%; vertical-align: top;\"><a href=\"http:\/\/szss-nitra.sk\/?page_id=11958\">Poslanie, hodnoty a v\u00edzia<\/a><\/p>\n<p><a href=\"http:\/\/szss-nitra.sk\/?page_id=3460\">Zameranie a obsah slu\u017eby<\/a><\/p>\n<p><a href=\"http:\/\/szss-nitra.sk\/?page_id=3461\">Ako vybavi\u0165<\/a><\/p>\n<p><a href=\"http:\/\/szss-nitra.sk\/?page_id=3462\">\u010cas poskytovania slu\u017eby<\/a><\/p>\n<p><a href=\"http:\/\/szss-nitra.sk\/?page_id=3465\">Zabezpe\u010denie kvality<\/a><\/p>\n<p><a href=\"http:\/\/szss-nitra.sk\/?page_id=3463\">Legislat\u00edva<\/a><\/p>\n<p><strong><a href=\"http:\/\/szss-nitra.sk\/?page_id=3464\">Cenn\u00edk<\/a><\/strong><\/p>\n<p><a href=\"http:\/\/szss-nitra.sk\/?page_id=3466\">Kontakt<\/a><\/p>\n<p><a href=\"http:\/\/szss-nitra.sk\/?page_id=3467\">Podujatia a \u010dinnosti<\/a><\/p>\n<p><a href=\"http:\/\/szss-nitra.sk\/?page_id=3468\">Fotogal\u00e9ria<\/a><\/p>\n<p><img loading=\"lazy\" decoding=\"async\" class=\"alignnone size-full wp-image-11087\" src=\"http:\/\/szss-nitra.sk\/wp-content\/uploads\/2025\/08\/DC_mini.png\" alt=\"\" width=\"150\" height=\"150\"><\/td>\n<td><span style=\"color: #ffffff;\">.<\/span><\/td>\n<td style=\"vertical-align: top; text-align: jusify;\">\n<p style=\"text-align: justify;\">V\u00fd\u0161ka \u00fahrady sa poskytovan\u00fa soci\u00e1lnu slu\u017ebu v dennom centre je stanoven\u00e1 V\u0161eobecne z\u00e1v\u00e4zn\u00fdm nariaden\u00edm Mesta Nitry o soci\u00e1lnych slu\u017eb\u00e1ch nasledovne: <strong>1,- \u20ac<\/strong> \/ mesiac (<strong>12,- \u20ac<\/strong> \/ rok).<\/p>\n<p style=\"text-align: justify;\">Prij\u00edmate\u013e soci\u00e1lnej slu\u017eby plat\u00ed pomern\u00fa \u010das\u0165 \u00fahrady za soci\u00e1lnu slu\u017ebu pod\u013ea kalend\u00e1rneho mesiaca za\u010datia poskytovania soci\u00e1lnej slu\u017eby v pr\u00edslu\u0161nom kalend\u00e1rnom roku \u2013<strong> t\u00fdka sa nov\u00fdch prij\u00edmate\u013eov soci\u00e1lnej slu\u017eby<\/strong>.<\/p>\n<p style=\"text-align: justify;\">Prij\u00edmatelia soci\u00e1lnej slu\u017eby, ktor\u00ed nav\u0161tevuj\u00fa Denn\u00e9 centrum dlhodobo (pokra\u010dovanie z predch\u00e1dzaj\u00faceho roka) platia preddavkovo \u00fahradu vo v\u00fd\u0161ke 12,- EUR najnesk\u00f4r do 28.02. pr\u00edslu\u0161n\u00e9ho kalend\u00e1rneho roka.<\/p>\n<p>V pr\u00edpade ukon\u010denia poskytovania soci\u00e1lnej slu\u017eby v dennom centre v priebehu roka, bude preddavkov\u00e1 \u00fahrada prij\u00edmate\u013eovi soci\u00e1lnej slu\u017eby z\u00fa\u010dtovan\u00e1.<\/td>\n<\/tr>\n<\/tbody>\n<\/table>\n","protected":false},"excerpt":{"rendered":"<p>Poslanie, hodnoty a v\u00edzia Zameranie a obsah slu\u017eby Ako vybavi\u0165 \u010cas poskytovania slu\u017eby Zabezpe\u010denie kvality Legislat\u00edva Cenn\u00edk Kontakt Podujatia a \u010dinnosti Fotogal\u00e9ria . V\u00fd\u0161ka \u00fahrady sa poskytovan\u00fa soci\u00e1lnu slu\u017ebu v dennom centre je stanoven\u00e1 V\u0161eobecne z\u00e1v\u00e4zn\u00fdm nariaden\u00edm Mesta Nitry o soci\u00e1lnych slu\u017eb\u00e1ch nasledovne: 1,- \u20ac \/ mesiac (12,- \u20ac \/ rok). Prij\u00edmate\u013e soci\u00e1lnej slu\u017eby plat\u00ed [&hellip;]<\/p>\n","protected":false},"author":1,"featured_media":0,"parent":3456,"menu_order":0,"comment_status":"closed","ping_status":"closed","template":"","meta":{"footnotes":""},"class_list":["post-3464","page","type-page","status-publish","hentry"],"_links":{"self":[{"href":"http:\/\/szss-nitra.sk\/index.php?rest_route=\/wp\/v2\/pages\/3464","targetHints":{"allow":["GET"]}}],"collection":[{"href":"http:\/\/szss-nitra.sk\/index.php?rest_route=\/wp\/v2\/pages"}],"about":[{"href":"http:\/\/szss-nitra.sk\/index.php?rest_route=\/wp\/v2\/types\/page"}],"author":[{"embeddable":true,"href":"http:\/\/szss-nitra.sk\/index.php?rest_route=\/wp\/v2\/users\/1"}],"replies":[{"embeddable":true,"href":"http:\/\/szss-nitra.sk\/index.php?rest_route=%2Fwp%2Fv2%2Fcomments&post=3464"}],"version-history":[{"count":13,"href":"http:\/\/szss-nitra.sk\/index.php?rest_route=\/wp\/v2\/pages\/3464\/revisions"}],"predecessor-version":[{"id":14845,"href":"http:\/\/szss-nitra.sk\/index.php?rest_route=\/wp\/v2\/pages\/3464\/revisions\/14845"}],"up":[{"embeddable":true,"href":"http:\/\/szss-nitra.sk\/index.php?rest_route=\/wp\/v2\/pages\/3456"}],"wp:attachment":[{"href":"http:\/\/szss-nitra.sk\/index.php?rest_route=%2Fwp%2Fv2%2Fmedia&parent=3464"}],"curies":[{"name":"wp","href":"https:\/\/api.w.org\/{rel}","templated":true}]}}