{"id":3462,"date":"2017-07-05T20:44:43","date_gmt":"2017-07-05T18:44:43","guid":{"rendered":"http:\/\/szss-nitra.sk\/?page_id=3462"},"modified":"2025-08-20T14:45:17","modified_gmt":"2025-08-20T12:45:17","slug":"denne-centrum-2","status":"publish","type":"page","link":"http:\/\/szss-nitra.sk\/?page_id=3462","title":{"rendered":"Denn\u00e9 centrum"},"content":{"rendered":"<table style=\"border: none;\">\n<tbody>\n<tr>\n<td style=\"width: 30%; vertical-align: top;\"><a href=\"http:\/\/szss-nitra.sk\/?page_id=11958\">Poslanie, hodnoty a v\u00edzia<\/a><\/p>\n<p><a href=\"http:\/\/szss-nitra.sk\/?page_id=3460\">Zameranie a obsah slu\u017eby<\/a><\/p>\n<p><a href=\"http:\/\/szss-nitra.sk\/?page_id=3461\">Ako vybavi\u0165<\/a><\/p>\n<p><strong><a href=\"http:\/\/szss-nitra.sk\/?page_id=3462\">\u010cas poskytovania slu\u017eby<\/a><\/strong><\/p>\n<p><a href=\"http:\/\/szss-nitra.sk\/?page_id=3465\">Zabezpe\u010denie kvality<\/a><\/p>\n<p><a href=\"http:\/\/szss-nitra.sk\/?page_id=3463\">Legislat\u00edva<\/a><\/p>\n<p><a href=\"http:\/\/szss-nitra.sk\/?page_id=3464\">Cenn\u00edk<\/a><\/p>\n<p><a href=\"http:\/\/szss-nitra.sk\/?page_id=3466\">Kontakt<\/a><\/p>\n<p><a href=\"http:\/\/szss-nitra.sk\/?page_id=3467\">Podujatia a \u010dinnosti<\/a><\/p>\n<p><a href=\"http:\/\/szss-nitra.sk\/?page_id=3468\">Fotogal\u00e9ria<\/a><\/p>\n<p><img loading=\"lazy\" decoding=\"async\" class=\"alignnone size-full wp-image-11087\" src=\"http:\/\/szss-nitra.sk\/wp-content\/uploads\/2025\/08\/DC_mini.png\" alt=\"\" width=\"150\" height=\"150\" \/><\/td>\n<td><span style=\"color: #ffffff;\">.<\/span><\/td>\n<td style=\"vertical-align: top; text-align: jusify;\">\n<p style=\"text-align: justify;\"><strong>Denn\u00e9 centrum Bani\u010dova:<\/strong><\/p>\n<ul>\n<li style=\"text-align: justify;\"><em>adresa:<\/em> Bani\u010dova 522\/12, 949 11 Nitra<\/li>\n<li style=\"text-align: justify;\"><em>otvoren\u00e9:<\/em> pondelok \u2013 piatok od 09:00 h. do 16:00 h.<\/li>\n<\/ul>\n<p style=\"text-align: justify;\"><strong>Denn\u00e9 centrum Olympia:<\/strong><\/p>\n<ul>\n<li style=\"text-align: justify;\"><em>adresa:<\/em> Trieda A. Hlinku 948\/57, 949 01 Nitra<\/li>\n<li style=\"text-align: justify;\"><em>otvoren\u00e9:<\/em> pondelok \u2013 piatok od 08:00 h. do 15:00 h.<\/li>\n<\/ul>\n<\/td>\n<\/tr>\n<\/tbody>\n<\/table>\n","protected":false},"excerpt":{"rendered":"<p>Poslanie, hodnoty a v\u00edzia Zameranie a obsah slu\u017eby Ako vybavi\u0165 \u010cas poskytovania slu\u017eby Zabezpe\u010denie kvality Legislat\u00edva Cenn\u00edk Kontakt Podujatia a \u010dinnosti Fotogal\u00e9ria . Denn\u00e9 centrum Bani\u010dova: adresa: Bani\u010dova 522\/12, 949 11 Nitra otvoren\u00e9: pondelok \u2013 piatok od 09:00 h. do 16:00 h. Denn\u00e9 centrum Olympia: adresa: Trieda A. Hlinku 948\/57, 949 01 Nitra otvoren\u00e9: pondelok [&hellip;]<\/p>\n","protected":false},"author":1,"featured_media":0,"parent":3456,"menu_order":0,"comment_status":"closed","ping_status":"closed","template":"","meta":{"footnotes":""},"class_list":["post-3462","page","type-page","status-publish","hentry"],"_links":{"self":[{"href":"http:\/\/szss-nitra.sk\/index.php?rest_route=\/wp\/v2\/pages\/3462","targetHints":{"allow":["GET"]}}],"collection":[{"href":"http:\/\/szss-nitra.sk\/index.php?rest_route=\/wp\/v2\/pages"}],"about":[{"href":"http:\/\/szss-nitra.sk\/index.php?rest_route=\/wp\/v2\/types\/page"}],"author":[{"embeddable":true,"href":"http:\/\/szss-nitra.sk\/index.php?rest_route=\/wp\/v2\/users\/1"}],"replies":[{"embeddable":true,"href":"http:\/\/szss-nitra.sk\/index.php?rest_route=%2Fwp%2Fv2%2Fcomments&post=3462"}],"version-history":[{"count":15,"href":"http:\/\/szss-nitra.sk\/index.php?rest_route=\/wp\/v2\/pages\/3462\/revisions"}],"predecessor-version":[{"id":14841,"href":"http:\/\/szss-nitra.sk\/index.php?rest_route=\/wp\/v2\/pages\/3462\/revisions\/14841"}],"up":[{"embeddable":true,"href":"http:\/\/szss-nitra.sk\/index.php?rest_route=\/wp\/v2\/pages\/3456"}],"wp:attachment":[{"href":"http:\/\/szss-nitra.sk\/index.php?rest_route=%2Fwp%2Fv2%2Fmedia&parent=3462"}],"curies":[{"name":"wp","href":"https:\/\/api.w.org\/{rel}","templated":true}]}}