{"id":3461,"date":"2017-07-05T20:42:39","date_gmt":"2017-07-05T18:42:39","guid":{"rendered":"http:\/\/szss-nitra.sk\/?page_id=3461"},"modified":"2025-08-20T14:44:15","modified_gmt":"2025-08-20T12:44:15","slug":"denne-centrum","status":"publish","type":"page","link":"http:\/\/szss-nitra.sk\/?page_id=3461","title":{"rendered":"Denn\u00e9 centrum"},"content":{"rendered":"<table style=\"border: none;\">\n<tbody>\n<tr>\n<td style=\"width: 30%; vertical-align: top;\"><a href=\"http:\/\/szss-nitra.sk\/?page_id=11958\">Poslanie, hodnoty a v\u00edzia<\/a><\/p>\n<p><a href=\"http:\/\/szss-nitra.sk\/?page_id=3460\">Zameranie a obsah slu\u017eby<\/a><\/p>\n<p><strong><a href=\"http:\/\/szss-nitra.sk\/?page_id=3461\">Ako vybavi\u0165<\/a><\/strong><\/p>\n<p><a href=\"http:\/\/szss-nitra.sk\/?page_id=3462\">\u010cas poskytovania slu\u017eby<\/a><\/p>\n<p><a href=\"http:\/\/szss-nitra.sk\/?page_id=3465\">Zabezpe\u010denie kvality<\/a><\/p>\n<p><a href=\"http:\/\/szss-nitra.sk\/?page_id=3463\">Legislat\u00edva<\/a><\/p>\n<p><a href=\"http:\/\/szss-nitra.sk\/?page_id=3464\">Cenn\u00edk<\/a><\/p>\n<p><a href=\"http:\/\/szss-nitra.sk\/?page_id=3466\">Kontakt<\/a><\/p>\n<p><a href=\"http:\/\/szss-nitra.sk\/?page_id=3467\">Podujatia a \u010dinnosti<\/a><\/p>\n<p><a href=\"http:\/\/szss-nitra.sk\/?page_id=3468\">Fotogal\u00e9ria<\/a><\/p>\n<p><img loading=\"lazy\" decoding=\"async\" class=\"alignnone size-full wp-image-11087\" src=\"http:\/\/szss-nitra.sk\/wp-content\/uploads\/2025\/08\/DC_mini.png\" alt=\"\" width=\"150\" height=\"150\" \/><\/td>\n<td><span style=\"color: #ffffff;\">.<\/span><\/td>\n<td style=\"vertical-align: top; text-align: jusify;\">\n<p style=\"text-align: justify;\">Z\u00e1ujemca o soci\u00e1lnu slu\u017ebu sa zaregistruje u soci\u00e1lneho pracovn\u00edka denn\u00e9ho centra Spr\u00e1vy zariaden\u00ed soci\u00e1lnych slu\u017eieb v Nitre.<\/p>\n<\/td>\n<\/tr>\n<\/tbody>\n<\/table>\n","protected":false},"excerpt":{"rendered":"<p>Poslanie, hodnoty a v\u00edzia Zameranie a obsah slu\u017eby Ako vybavi\u0165 \u010cas poskytovania slu\u017eby Zabezpe\u010denie kvality Legislat\u00edva Cenn\u00edk Kontakt Podujatia a \u010dinnosti Fotogal\u00e9ria . Z\u00e1ujemca o soci\u00e1lnu slu\u017ebu sa zaregistruje u soci\u00e1lneho pracovn\u00edka denn\u00e9ho centra Spr\u00e1vy zariaden\u00ed soci\u00e1lnych slu\u017eieb v Nitre.<\/p>\n","protected":false},"author":1,"featured_media":0,"parent":3456,"menu_order":0,"comment_status":"closed","ping_status":"closed","template":"","meta":{"footnotes":""},"class_list":["post-3461","page","type-page","status-publish","hentry"],"_links":{"self":[{"href":"http:\/\/szss-nitra.sk\/index.php?rest_route=\/wp\/v2\/pages\/3461","targetHints":{"allow":["GET"]}}],"collection":[{"href":"http:\/\/szss-nitra.sk\/index.php?rest_route=\/wp\/v2\/pages"}],"about":[{"href":"http:\/\/szss-nitra.sk\/index.php?rest_route=\/wp\/v2\/types\/page"}],"author":[{"embeddable":true,"href":"http:\/\/szss-nitra.sk\/index.php?rest_route=\/wp\/v2\/users\/1"}],"replies":[{"embeddable":true,"href":"http:\/\/szss-nitra.sk\/index.php?rest_route=%2Fwp%2Fv2%2Fcomments&post=3461"}],"version-history":[{"count":11,"href":"http:\/\/szss-nitra.sk\/index.php?rest_route=\/wp\/v2\/pages\/3461\/revisions"}],"predecessor-version":[{"id":14840,"href":"http:\/\/szss-nitra.sk\/index.php?rest_route=\/wp\/v2\/pages\/3461\/revisions\/14840"}],"up":[{"embeddable":true,"href":"http:\/\/szss-nitra.sk\/index.php?rest_route=\/wp\/v2\/pages\/3456"}],"wp:attachment":[{"href":"http:\/\/szss-nitra.sk\/index.php?rest_route=%2Fwp%2Fv2%2Fmedia&parent=3461"}],"curies":[{"name":"wp","href":"https:\/\/api.w.org\/{rel}","templated":true}]}}