{"id":3460,"date":"2017-07-05T20:41:42","date_gmt":"2017-07-05T18:41:42","guid":{"rendered":"http:\/\/szss-nitra.sk\/?page_id=3460"},"modified":"2025-12-31T12:09:18","modified_gmt":"2025-12-31T10:09:18","slug":"denne-centrum-komu-poskytujeme","status":"publish","type":"page","link":"http:\/\/szss-nitra.sk\/?page_id=3460","title":{"rendered":"Denn\u00e9 centrum"},"content":{"rendered":"<table style=\"border: none;\">\n<tbody>\n<tr>\n<td style=\"width: 30%; vertical-align: top;\"><a href=\"http:\/\/szss-nitra.sk\/?page_id=11958\">Poslanie, hodnoty a v\u00edzia<\/a><\/p>\n<p><a href=\"http:\/\/szss-nitra.sk\/?page_id=3460\">Zameranie a obsah slu\u017eby<\/a><\/p>\n<p><a href=\"http:\/\/szss-nitra.sk\/?page_id=3461\">Ako vybavi\u0165<\/a><\/p>\n<p><a href=\"http:\/\/szss-nitra.sk\/?page_id=3462\">\u010cas poskytovania slu\u017eby<\/a><\/p>\n<p><a href=\"http:\/\/szss-nitra.sk\/?page_id=3465\">Zabezpe\u010denie kvality<\/a><\/p>\n<p><a href=\"http:\/\/szss-nitra.sk\/?page_id=3463\">Legislat\u00edva<\/a><\/p>\n<p><a href=\"http:\/\/szss-nitra.sk\/?page_id=3464\">Cenn\u00edk<\/a><\/p>\n<p><a href=\"http:\/\/szss-nitra.sk\/?page_id=3466\">Kontakt<\/a><\/p>\n<p><a href=\"http:\/\/szss-nitra.sk\/?page_id=3467\">Podujatia a \u010dinnosti<\/a><\/p>\n<p><a href=\"http:\/\/szss-nitra.sk\/?page_id=3468\">Fotogal\u00e9ria<\/a><\/p>\n<p><img loading=\"lazy\" decoding=\"async\" class=\"alignnone size-full wp-image-11087\" src=\"http:\/\/szss-nitra.sk\/wp-content\/uploads\/2025\/08\/DC_mini.png\" alt=\"\" width=\"150\" height=\"150\" \/><\/td>\n<td><span style=\"color: #ffffff;\">.<\/span><\/td>\n<td style=\"vertical-align: top; text-align: jusify;\">\n<p style=\"text-align: justify;\"><em>V dennom centre sa poskytuje soci\u00e1lna slu\u017eba po\u010das d\u0148a fyzickej osobe:<\/em><\/p>\n<ul>\n<li>ktor\u00e1 dov\u0155\u0161ila d\u00f4chodkov\u00fd vek,<\/li>\n<li>s\u00a0\u0165a\u017ek\u00fdm zdravotn\u00fdm postihnut\u00edm alebo s\u00a0nepriazniv\u00fdm zdravotn\u00fdm stavom,<\/li>\n<li>rodi\u010dovi s malolet\u00fdm die\u0165a\u0165om alebo star\u00e9mu rodi\u010dovi s malolet\u00fdm\/tou vnukom alebo vnu\u010dkou.<\/li>\n<\/ul>\n<p style=\"text-align: justify;\">V dennom centre sa najm\u00e4 zameriavame na poskytovanie soci\u00e1lneho poradenstva a zabezpe\u010denie z\u00e1ujmovej \u010dinnosti pre na\u0161ich prij\u00edmate\u013eov soci\u00e1lnej slu\u017eby.<\/p>\n<p style=\"text-align: justify;\">Soci\u00e1lne poradenstvo je jedn\u00fdm z hlavn\u00fdch pilierov na\u0161ej pr\u00e1ce, ktor\u00e9 umo\u017e\u0148uje individu\u00e1lnu podporu a pomoc pri zvl\u00e1dan\u00ed r\u00f4znych \u017eivotn\u00fdch situ\u00e1ci\u00ed a probl\u00e9mov, ako s\u00fa rodinn\u00e9 vz\u0165ahy, zdravotn\u00e9 probl\u00e9my, zamestnanie, financie a mnoho \u010fal\u0161\u00edch.<\/p>\n<p style=\"text-align: justify;\">Okrem toho sa venujeme aj poskytovaniu pestrej z\u00e1ujmovej \u010dinnosti pre na\u0161ich prij\u00edmate\u013eov soci\u00e1lnej slu\u017eby. Zabezpe\u010dujeme r\u00f4zne aktivity, ktor\u00e9 umo\u017e\u0148uj\u00fa prij\u00edmate\u013eom soci\u00e1lnej slu\u017eby akt\u00edvne sa zap\u00e1ja\u0165 a rozv\u00edja\u0165 svoje z\u00e1ujmy a zru\u010dnosti. Sna\u017e\u00edme sa vytvori\u0165 prostredie, kde sa na\u0161i prij\u00edmatelia soci\u00e1lnej slu\u017eby c\u00edtia podporovan\u00ed a motivovan\u00ed k osobn\u00e9mu rastu a rozvoju.<\/p>\n<p style=\"text-align: justify;\">Na\u0161im cie\u013eom je poskytn\u00fa\u0165 komplexn\u00fa podporu a starostlivos\u0165, ktor\u00e1 pom\u00e1ha na\u0161im prij\u00edmate\u013eom soci\u00e1lnej slu\u017eby dosiahnu\u0165 lep\u0161iu kvalitu \u017eivota a pocit pripojenia a pr\u00edslu\u0161nosti v komunite.<\/p>\n<p style=\"text-align: center;\"><img loading=\"lazy\" decoding=\"async\" class=\"alignnone size-full wp-image-3163\" src=\"http:\/\/szss-nitra.sk\/wp-content\/uploads\/2013\/10\/pdf_mini.png\" alt=\"\" width=\"30\" height=\"30\" \/> <strong style=\"font-size: revert; font-family: inherit; color: initial;\"><a href=\"http:\/\/szss-nitra.sk\/wp-content\/uploads\/2025\/12\/DC-Banicova-Plan-aktivit-2026.pdf\" target=\"_blank\" rel=\"noopener noreferrer\">Pl\u00e1n aktiv\u00edt Denn\u00e9 centrum Bani\u010dova 2026<\/a><\/strong><\/p>\n<p style=\"text-align: center;\"><img loading=\"lazy\" decoding=\"async\" class=\"alignnone size-full wp-image-3163\" src=\"http:\/\/szss-nitra.sk\/wp-content\/uploads\/2013\/10\/pdf_mini.png\" alt=\"\" width=\"30\" height=\"30\" \/> <strong><a href=\"http:\/\/szss-nitra.sk\/wp-content\/uploads\/2025\/12\/Plan-aktivit-na-rok-2026-DC-Olympia.pdf\" target=\"_blank\" rel=\"noopener noreferrer\">Pl\u00e1n aktiv\u00edt Denn\u00e9 centrum Olympia 2026<\/a><\/strong><\/p>\n<\/td>\n<\/tr>\n<\/tbody>\n<\/table>\n","protected":false},"excerpt":{"rendered":"<p>Poslanie, hodnoty a v\u00edzia Zameranie a obsah slu\u017eby Ako vybavi\u0165 \u010cas poskytovania slu\u017eby Zabezpe\u010denie kvality Legislat\u00edva Cenn\u00edk Kontakt Podujatia a \u010dinnosti Fotogal\u00e9ria . V dennom centre sa poskytuje soci\u00e1lna slu\u017eba po\u010das d\u0148a fyzickej osobe: ktor\u00e1 dov\u0155\u0161ila d\u00f4chodkov\u00fd vek, s\u00a0\u0165a\u017ek\u00fdm zdravotn\u00fdm postihnut\u00edm alebo s\u00a0nepriazniv\u00fdm zdravotn\u00fdm stavom, rodi\u010dovi s malolet\u00fdm die\u0165a\u0165om alebo star\u00e9mu rodi\u010dovi s malolet\u00fdm\/tou vnukom [&hellip;]<\/p>\n","protected":false},"author":1,"featured_media":0,"parent":3456,"menu_order":0,"comment_status":"closed","ping_status":"closed","template":"","meta":{"footnotes":""},"class_list":["post-3460","page","type-page","status-publish","hentry"],"_links":{"self":[{"href":"http:\/\/szss-nitra.sk\/index.php?rest_route=\/wp\/v2\/pages\/3460","targetHints":{"allow":["GET"]}}],"collection":[{"href":"http:\/\/szss-nitra.sk\/index.php?rest_route=\/wp\/v2\/pages"}],"about":[{"href":"http:\/\/szss-nitra.sk\/index.php?rest_route=\/wp\/v2\/types\/page"}],"author":[{"embeddable":true,"href":"http:\/\/szss-nitra.sk\/index.php?rest_route=\/wp\/v2\/users\/1"}],"replies":[{"embeddable":true,"href":"http:\/\/szss-nitra.sk\/index.php?rest_route=%2Fwp%2Fv2%2Fcomments&post=3460"}],"version-history":[{"count":22,"href":"http:\/\/szss-nitra.sk\/index.php?rest_route=\/wp\/v2\/pages\/3460\/revisions"}],"predecessor-version":[{"id":15722,"href":"http:\/\/szss-nitra.sk\/index.php?rest_route=\/wp\/v2\/pages\/3460\/revisions\/15722"}],"up":[{"embeddable":true,"href":"http:\/\/szss-nitra.sk\/index.php?rest_route=\/wp\/v2\/pages\/3456"}],"wp:attachment":[{"href":"http:\/\/szss-nitra.sk\/index.php?rest_route=%2Fwp%2Fv2%2Fmedia&parent=3460"}],"curies":[{"name":"wp","href":"https:\/\/api.w.org\/{rel}","templated":true}]}}