{"id":3426,"date":"2017-07-02T23:50:26","date_gmt":"2017-07-02T21:50:26","guid":{"rendered":"http:\/\/szss-nitra.sk\/?page_id=3426"},"modified":"2026-03-12T17:01:45","modified_gmt":"2026-03-12T15:01:45","slug":"jedalen-8","status":"publish","type":"page","link":"http:\/\/szss-nitra.sk\/?page_id=3426","title":{"rendered":"Jed\u00e1le\u0148"},"content":{"rendered":"<table style=\"border: none;\">\n<tbody>\n<tr>\n<td style=\"width: 30%; vertical-align: top;\"><a href=\"http:\/\/szss-nitra.sk\/?page_id=3397\">Komu je ur\u010den\u00e1<\/a><\/p>\n<p><a href=\"http:\/\/szss-nitra.sk\/?page_id=3402\">Ako vybavi\u0165<\/a><\/p>\n<p><a href=\"http:\/\/szss-nitra.sk\/?page_id=3408\">\u010cas poskytovania slu\u017eby<\/a><\/p>\n<p><a href=\"http:\/\/szss-nitra.sk\/?page_id=3414\">Aktu\u00e1lne oznamy<\/a><\/p>\n<p><a href=\"http:\/\/szss-nitra.sk\/?page_id=3417\">Jed\u00e1lny l\u00edstok<\/a><\/p>\n<p><a href=\"http:\/\/szss-nitra.sk\/?page_id=16068\">Sp\u00e4tn\u00e1 v\u00e4zba<\/a><\/p>\n<p><a href=\"http:\/\/szss-nitra.sk\/?page_id=3419\">Legislat\u00edva<\/a><\/p>\n<p><a href=\"http:\/\/szss-nitra.sk\/?page_id=3421\">Cenn\u00edk<\/a><\/p>\n<p><a href=\"http:\/\/szss-nitra.sk\/?page_id=12991\">Sl\u00e1vnostn\u00e9 menu na akcie &#8211; re\u0161taur\u00e1cia Olympia cenn\u00edk<\/a><\/p>\n<p><span style=\"color: #000000;\"><strong><a style=\"color: #000000;\" href=\"http:\/\/szss-nitra.sk\/?page_id=3426\">Kontakt<\/a><\/strong><\/span><\/p>\n<p><a href=\"http:\/\/szss-nitra.sk\/?page_id=3429\">Fotogal\u00e9ria<\/a><\/p>\n<p><img loading=\"lazy\" decoding=\"async\" class=\"alignnone size-full wp-image-10673\" src=\"http:\/\/szss-nitra.sk\/wp-content\/uploads\/2023\/10\/menu_ico_obedy.png\" alt=\"\" width=\"125\" height=\"130\" \/><\/td>\n<td><span style=\"color: #ffffff;\">.<\/span><\/td>\n<td style=\"vertical-align: top; text-align: jusify;\"><strong>Mgr. Veronika Weedon<\/strong><br \/>\nved\u00faci \u00faseku stravovac\u00edch zariaden\u00ed a podnikate\u013eskej \u010dinnosti Bani\u010dova a Olympia<br \/>\ntel. \u010d.: 0911 542 765<br \/>\ne-mail: weedon<img decoding=\"async\" class=\"\" src=\"http:\/\/szss-nitra.sk\/wp-content\/images\/zavinac.png\" \/>szss-nitra.sk<br \/>\n<span style=\"color: #ffffff;\">.<\/span><\/p>\n<p style=\"text-align: justify;\">Jed\u00e1le\u0148, Bani\u010dova 12, Nitra<br \/>\nkontaktn\u00e1 osoba: <strong>Ing. O\u013ega \u0160evelov\u00e1<\/strong><br \/>\ntel. \u010d.: 037\/69 255 21<br \/>\ne-mail: sevelova<img decoding=\"async\" class=\"\" src=\"http:\/\/szss-nitra.sk\/wp-content\/images\/zavinac.png\" \/>szss-nitra.sk<\/p>\n<p><span style=\"color: #ffffff;\">.<\/span><br \/>\nJed\u00e1le\u0148 Olympia, Tr. A. Hlinku 57, Nitra<br \/>\nkontaktn\u00e1 osoba: <strong>Jana \u0160ipo\u0161ov\u00e1<\/strong><br \/>\ntel. \u010d.: 037\/733 61 30<br \/>\ne-mail: siposova<img decoding=\"async\" class=\"\" src=\"http:\/\/szss-nitra.sk\/wp-content\/images\/zavinac.png\" \/>szss-nitra.sk<br \/>\n<span style=\"color: #ffffff;\">.<\/span><br \/>\nJed\u00e1le\u0148 Bytov\u00fd dom Senior, Kr\u010dm\u00e9ryho 2\/C, Nitra<br \/>\nkontaktn\u00e1 osoba: <strong>Mgr. Silvia G\u00e1borov\u00e1<\/strong><br \/>\ntel. \u010d.: 0911 815 719; 037\/77 22 223<\/td>\n<\/tr>\n<\/tbody>\n<\/table>\n","protected":false},"excerpt":{"rendered":"<p>Komu je ur\u010den\u00e1 Ako vybavi\u0165 \u010cas poskytovania slu\u017eby Aktu\u00e1lne oznamy Jed\u00e1lny l\u00edstok Sp\u00e4tn\u00e1 v\u00e4zba Legislat\u00edva Cenn\u00edk Sl\u00e1vnostn\u00e9 menu na akcie &#8211; re\u0161taur\u00e1cia Olympia cenn\u00edk Kontakt Fotogal\u00e9ria . Mgr. Veronika Weedon ved\u00faci \u00faseku stravovac\u00edch zariaden\u00ed a podnikate\u013eskej \u010dinnosti Bani\u010dova a Olympia tel. \u010d.: 0911 542 765 e-mail: weedonszss-nitra.sk . Jed\u00e1le\u0148, Bani\u010dova 12, Nitra kontaktn\u00e1 osoba: Ing. [&hellip;]<\/p>\n","protected":false},"author":1,"featured_media":0,"parent":3395,"menu_order":0,"comment_status":"closed","ping_status":"closed","template":"","meta":{"footnotes":""},"class_list":["post-3426","page","type-page","status-publish","hentry"],"_links":{"self":[{"href":"http:\/\/szss-nitra.sk\/index.php?rest_route=\/wp\/v2\/pages\/3426","targetHints":{"allow":["GET"]}}],"collection":[{"href":"http:\/\/szss-nitra.sk\/index.php?rest_route=\/wp\/v2\/pages"}],"about":[{"href":"http:\/\/szss-nitra.sk\/index.php?rest_route=\/wp\/v2\/types\/page"}],"author":[{"embeddable":true,"href":"http:\/\/szss-nitra.sk\/index.php?rest_route=\/wp\/v2\/users\/1"}],"replies":[{"embeddable":true,"href":"http:\/\/szss-nitra.sk\/index.php?rest_route=%2Fwp%2Fv2%2Fcomments&post=3426"}],"version-history":[{"count":13,"href":"http:\/\/szss-nitra.sk\/index.php?rest_route=\/wp\/v2\/pages\/3426\/revisions"}],"predecessor-version":[{"id":16081,"href":"http:\/\/szss-nitra.sk\/index.php?rest_route=\/wp\/v2\/pages\/3426\/revisions\/16081"}],"up":[{"embeddable":true,"href":"http:\/\/szss-nitra.sk\/index.php?rest_route=\/wp\/v2\/pages\/3395"}],"wp:attachment":[{"href":"http:\/\/szss-nitra.sk\/index.php?rest_route=%2Fwp%2Fv2%2Fmedia&parent=3426"}],"curies":[{"name":"wp","href":"https:\/\/api.w.org\/{rel}","templated":true}]}}