{"id":3421,"date":"2017-07-02T23:46:55","date_gmt":"2017-07-02T21:46:55","guid":{"rendered":"http:\/\/szss-nitra.sk\/?page_id=3421"},"modified":"2026-03-12T17:00:58","modified_gmt":"2026-03-12T15:00:58","slug":"jedalen-7","status":"publish","type":"page","link":"http:\/\/szss-nitra.sk\/?page_id=3421","title":{"rendered":"Jed\u00e1le\u0148"},"content":{"rendered":"<table style=\"border: none;\">\n<tbody>\n<tr>\n<td style=\"width: 30%; vertical-align: top;\"><a href=\"http:\/\/szss-nitra.sk\/?page_id=3397\">Komu je ur\u010den\u00e1<\/a><\/p>\n<p><a href=\"http:\/\/szss-nitra.sk\/?page_id=3402\">Ako vybavi\u0165<\/a><\/p>\n<p><a href=\"http:\/\/szss-nitra.sk\/?page_id=3408\">\u010cas poskytovania slu\u017eby<\/a><\/p>\n<p><a href=\"http:\/\/szss-nitra.sk\/?page_id=3414\">Aktu\u00e1lne oznamy<\/a><\/p>\n<p><a href=\"http:\/\/szss-nitra.sk\/?page_id=3417\">Jed\u00e1lny l\u00edstok<\/a><\/p>\n<p><a href=\"http:\/\/szss-nitra.sk\/?page_id=16068\">Sp\u00e4tn\u00e1 v\u00e4zba<\/a><\/p>\n<p><a href=\"http:\/\/szss-nitra.sk\/?page_id=3419\">Legislat\u00edva<\/a><\/p>\n<p><span style=\"color: #000000;\"><strong><a style=\"color: #000000;\" href=\"http:\/\/szss-nitra.sk\/?page_id=3421\">Cenn\u00edk<\/a><\/strong><\/span><\/p>\n<p><a href=\"http:\/\/szss-nitra.sk\/?page_id=12991\">Sl\u00e1vnostn\u00e9 menu na akcie &#8211; re\u0161taur\u00e1cia Olympia cenn\u00edk<\/a><\/p>\n<p><a href=\"http:\/\/szss-nitra.sk\/?page_id=3426\">Kontakt<\/a><\/p>\n<p><a href=\"http:\/\/szss-nitra.sk\/?page_id=3429\">Fotogal\u00e9ria<\/a><\/p>\n<p><img loading=\"lazy\" decoding=\"async\" class=\"alignnone size-full wp-image-10673\" src=\"http:\/\/szss-nitra.sk\/wp-content\/uploads\/2023\/10\/menu_ico_obedy.png\" alt=\"\" width=\"125\" height=\"130\" \/><\/td>\n<td><span style=\"color: #ffffff;\">.<\/span><\/td>\n<td style=\"vertical-align: top; text-align: jusify;\">\u00dahrady s\u00fa stanoven\u00e9 platn\u00fdm V\u0161eobecne z\u00e1v\u00e4zn\u00fdm nariaden\u00edm Mesta Nitry o soci\u00e1lnych slu\u017eb\u00e1ch nasledovne (\u00fa\u010dinnos\u0165 od 1.7.2025):<\/p>\n<table width=\"451\">\n<tbody>\n<tr>\n<td width=\"146\"><em>Pr\u00edjem prij\u00edmate\u013ea soci\u00e1lnej slu\u017eby\/mesiac<\/em><\/td>\n<td width=\"132\"><em>\u00dahrada prij\u00edmate\u013ea soci\u00e1lnej slu\u017eby*<\/em><\/td>\n<td width=\"114\"><em>V\u00fdpo\u010det \u00fahrady PSS za 1 obed\u00a0<\/em><\/td>\n<\/tr>\n<tr>\n<td width=\"146\">do v\u00fd\u0161ky 320 \u20ac vr\u00e1tane<\/td>\n<td width=\"132\">38 %<\/td>\n<td width=\"114\">2,10 \u20ac<\/td>\n<\/tr>\n<tr>\n<td width=\"146\">od 320,01 \u20ac do 450 \u20ac<\/td>\n<td width=\"132\">50 %<\/td>\n<td width=\"114\">2,80 \u20ac<\/td>\n<\/tr>\n<tr>\n<td width=\"146\">od 450,01 \u20ac do 690 \u20ac<\/td>\n<td width=\"132\">82 %<\/td>\n<td width=\"114\">4,50 \u20ac<\/td>\n<\/tr>\n<tr>\n<td width=\"146\">od 690,01 \u20ac do 950 \u20ac<\/td>\n<td width=\"132\">90 %<\/td>\n<td width=\"114\">5,00 \u20ac<\/td>\n<\/tr>\n<tr>\n<td width=\"146\">viac ako 950,01 \u20ac vr\u00e1tane<\/td>\n<td width=\"132\">100 %<\/td>\n<td width=\"114\">5,50 \u20ac<\/td>\n<\/tr>\n<\/tbody>\n<\/table>\n<p>*Percentu\u00e1lny podiel z celkovej sumy obeda<\/p>\n<p>V pr\u00edpade poskytovania soci\u00e1lnej slu\u017eby v jed\u00e1lni prostredn\u00edctvom don\u00e1\u0161ky obeda do dom\u00e1cnosti hrad\u00ed prij\u00edmate\u013e soci\u00e1lnej slu\u017eby za don\u00e1\u0161ku 0,60 \u20ac za 1 obed.<\/td>\n<\/tr>\n<\/tbody>\n<\/table>\n","protected":false},"excerpt":{"rendered":"<p>Komu je ur\u010den\u00e1 Ako vybavi\u0165 \u010cas poskytovania slu\u017eby Aktu\u00e1lne oznamy Jed\u00e1lny l\u00edstok Sp\u00e4tn\u00e1 v\u00e4zba Legislat\u00edva Cenn\u00edk Sl\u00e1vnostn\u00e9 menu na akcie &#8211; re\u0161taur\u00e1cia Olympia cenn\u00edk Kontakt Fotogal\u00e9ria . \u00dahrady s\u00fa stanoven\u00e9 platn\u00fdm V\u0161eobecne z\u00e1v\u00e4zn\u00fdm nariaden\u00edm Mesta Nitry o soci\u00e1lnych slu\u017eb\u00e1ch nasledovne (\u00fa\u010dinnos\u0165 od 1.7.2025): Pr\u00edjem prij\u00edmate\u013ea soci\u00e1lnej slu\u017eby\/mesiac \u00dahrada prij\u00edmate\u013ea soci\u00e1lnej slu\u017eby* V\u00fdpo\u010det \u00fahrady PSS za [&hellip;]<\/p>\n","protected":false},"author":1,"featured_media":0,"parent":3395,"menu_order":0,"comment_status":"closed","ping_status":"closed","template":"","meta":{"footnotes":""},"class_list":["post-3421","page","type-page","status-publish","hentry"],"_links":{"self":[{"href":"http:\/\/szss-nitra.sk\/index.php?rest_route=\/wp\/v2\/pages\/3421","targetHints":{"allow":["GET"]}}],"collection":[{"href":"http:\/\/szss-nitra.sk\/index.php?rest_route=\/wp\/v2\/pages"}],"about":[{"href":"http:\/\/szss-nitra.sk\/index.php?rest_route=\/wp\/v2\/types\/page"}],"author":[{"embeddable":true,"href":"http:\/\/szss-nitra.sk\/index.php?rest_route=\/wp\/v2\/users\/1"}],"replies":[{"embeddable":true,"href":"http:\/\/szss-nitra.sk\/index.php?rest_route=%2Fwp%2Fv2%2Fcomments&post=3421"}],"version-history":[{"count":21,"href":"http:\/\/szss-nitra.sk\/index.php?rest_route=\/wp\/v2\/pages\/3421\/revisions"}],"predecessor-version":[{"id":16079,"href":"http:\/\/szss-nitra.sk\/index.php?rest_route=\/wp\/v2\/pages\/3421\/revisions\/16079"}],"up":[{"embeddable":true,"href":"http:\/\/szss-nitra.sk\/index.php?rest_route=\/wp\/v2\/pages\/3395"}],"wp:attachment":[{"href":"http:\/\/szss-nitra.sk\/index.php?rest_route=%2Fwp%2Fv2%2Fmedia&parent=3421"}],"curies":[{"name":"wp","href":"https:\/\/api.w.org\/{rel}","templated":true}]}}