{"id":3417,"date":"2017-07-02T23:37:03","date_gmt":"2017-07-02T21:37:03","guid":{"rendered":"http:\/\/szss-nitra.sk\/?page_id=3417"},"modified":"2026-04-16T09:13:27","modified_gmt":"2026-04-16T07:13:27","slug":"jedalen-5","status":"publish","type":"page","link":"http:\/\/szss-nitra.sk\/?page_id=3417","title":{"rendered":"Jed\u00e1lny l\u00edstok jed\u00e1le\u0148 a don\u00e1\u0161ka"},"content":{"rendered":"<table style=\"border: none;\">\n<tbody>\n<tr>\n<td style=\"width: 30%; vertical-align: top;\">\n<p><a href=\"http:\/\/szss-nitra.sk\/?page_id=3397\">Komu je ur\u010den\u00e1<\/a><\/p>\n<p><a href=\"http:\/\/szss-nitra.sk\/?page_id=3402\">Ako vybavi\u0165<\/a><\/p>\n<p><a href=\"http:\/\/szss-nitra.sk\/?page_id=3408\">\u010cas poskytovania slu\u017eby<\/a><\/p>\n<p><a href=\"http:\/\/szss-nitra.sk\/?page_id=3414\">Aktu\u00e1lne oznamy<\/a><\/p>\n<p><span style=\"color: #000000;\"><strong><a style=\"color: #000000;\" href=\"http:\/\/szss-nitra.sk\/?page_id=3417\">Jed\u00e1lny l\u00edstok<\/a><\/strong><\/span><\/p>\n<p><a href=\"http:\/\/szss-nitra.sk\/?page_id=16068\">Sp\u00e4tn\u00e1 v\u00e4zba<\/a><\/p>\n<p><a href=\"http:\/\/szss-nitra.sk\/?page_id=3419\">Legislat\u00edva<\/a><\/p>\n<p><a href=\"http:\/\/szss-nitra.sk\/?page_id=3421\">Cenn\u00edk<\/a><\/p>\n<p><a href=\"http:\/\/szss-nitra.sk\/?page_id=12991\">Sl\u00e1vnostn\u00e9 menu na akcie &#8211; re\u0161taur\u00e1cia Olympia cenn\u00edk<\/a><\/p>\n<p><a href=\"http:\/\/szss-nitra.sk\/?page_id=3426\">Kontakt<\/a><\/p>\n<p><a href=\"http:\/\/szss-nitra.sk\/?page_id=3429\">Fotogal\u00e9ria<\/a><\/p>\n<p><img loading=\"lazy\" decoding=\"async\" class=\"alignnone size-full wp-image-10673\" src=\"http:\/\/szss-nitra.sk\/wp-content\/uploads\/2023\/10\/menu_ico_obedy.png\" alt=\"\" width=\"125\" height=\"130\" \/><\/p>\n<\/td>\n<td><span style=\"color: #ffffff;\">.<\/span><\/td>\n<td style=\"vertical-align: top; text-align: jusify;\"><span style=\"color: #800000;\">!!! Upozornenie pre prij\u00edmate\u013eov soci\u00e1lnych slu\u017eieb, ktor\u00ed si jed\u00e1lny l\u00edstok prezeraj\u00fa cez mobiln\u00fd telef\u00f3n zna\u010dky <strong>Xiaomi<\/strong> !!!<\/span> Jed\u00e1lny l\u00edstok si pros\u00edm otv\u00e1rajte cez Mi prehliada\u010d <img loading=\"lazy\" decoding=\"async\" class=\"alignnone wp-image-11026\" src=\"http:\/\/szss-nitra.sk\/wp-content\/uploads\/2023\/11\/mi.png\" alt=\"\" width=\"40\" height=\"40\" \/>\n<p style=\"text-align: center;\"><strong><img loading=\"lazy\" decoding=\"async\" class=\"alignnone size-full wp-image-11770\" src=\"http:\/\/szss-nitra.sk\/wp-content\/uploads\/2024\/02\/sipka_mini2.png\" alt=\"\" width=\"40\" height=\"25\" \/>\u00a0On-line objedn\u00e1vka obedov tu<\/strong>: <strong><a href=\"https:\/\/sportal.wegalh.sk:8443\/strava-client\/faces\/index.xhtml\" target=\"_blank\" rel=\"noopener\">https:\/\/sportal.wegalh.sk<\/a><\/strong><\/p>\n<hr \/>\n<p style=\"text-align: center;\"><strong>Jed\u00e1lny l\u00edstok &#8211; Jed\u00e1le\u0148, Bani\u010dova 12, NR a Jed\u00e1le\u0148, Bytov\u00fd dom Senior, Kr\u010dm\u00e9ryho 2C, NR<\/strong><\/p>\n<table>\n<tbody>\n<tr>\n<td align=\"center\" width=\"307\">\n<p style=\"text-align: center;\"><strong><a href=\"http:\/\/szss-nitra.sk\/wp-content\/uploads\/2026\/04\/BANICOVA-BB-13.04.-17.04.2026-2.pdf\" target=\" rel=\"><img loading=\"lazy\" decoding=\"async\" class=\"alignnone size-full wp-image-3164\" src=\"http:\/\/szss-nitra.sk\/wp-content\/uploads\/2013\/10\/pdf_mini.png\" alt=\"\" width=\"30\" height=\"30\" srcset=\"http:\/\/szss-nitra.sk\/wp-content\/uploads\/2013\/10\/pdf_mini.png 30w, http:\/\/szss-nitra.sk\/wp-content\/uploads\/2013\/10\/pdf_mini-24x24.png 24w\" sizes=\"auto, (max-width: 30px) 100vw, 30px\" \/> 13.04.2026 &#8211; 17.04.2026<\/a><\/strong><\/p>\n<\/td>\n<\/tr>\n<tr>\n<td align=\"center\" width=\"307\">\n<p style=\"text-align: center;\"><strong><a href=\"http:\/\/szss-nitra.sk\/wp-content\/uploads\/2026\/04\/BANICOVA-BBBBB-20.04.-25.04.2026-2.pdf\" target=\"_blank\" rel=\"noopener\"><img loading=\"lazy\" decoding=\"async\" class=\"alignnone size-full wp-image-3164\" src=\"http:\/\/szss-nitra.sk\/wp-content\/uploads\/2013\/10\/pdf_mini.png\" alt=\"\" width=\"30\" height=\"30\" srcset=\"http:\/\/szss-nitra.sk\/wp-content\/uploads\/2013\/10\/pdf_mini.png 30w, http:\/\/szss-nitra.sk\/wp-content\/uploads\/2013\/10\/pdf_mini-24x24.png 24w\" sizes=\"auto, (max-width: 30px) 100vw, 30px\" \/> 20.04.2026 &#8211; 24.04.2026<\/a><\/strong><\/p>\n<\/td>\n<\/tr>\n<\/tbody>\n<\/table>\n<hr \/>\n<p style=\"text-align: center;\"><strong>\u00a0Jed\u00e1lny l\u00edstok &#8211; Jed\u00e1le\u0148 Olympia, Tr. A. Hlinku 57, NR<\/strong><\/p>\n<table>\n<tbody>\n<tr>\n<td width=\"307\">\n<p style=\"text-align: center;\"><strong><a href=\"http:\/\/szss-nitra.sk\/wp-content\/uploads\/2026\/04\/DC-OO-13.04.-17.04.2026.pdf\" target=\"_blank\" rel=\"noopener noreferrer\"><img loading=\"lazy\" decoding=\"async\" class=\"alignnone size-full wp-image-3164\" src=\"http:\/\/szss-nitra.sk\/wp-content\/uploads\/2013\/10\/pdf_mini.png\" alt=\"\" width=\"30\" height=\"30\" srcset=\"http:\/\/szss-nitra.sk\/wp-content\/uploads\/2013\/10\/pdf_mini.png 30w, http:\/\/szss-nitra.sk\/wp-content\/uploads\/2013\/10\/pdf_mini-24x24.png 24w\" sizes=\"auto, (max-width: 30px) 100vw, 30px\" \/> 13.04.2026 &#8211; 17.04.2026<\/a><\/strong><\/p>\n<\/td>\n<\/tr>\n<tr>\n<td width=\"307\">\n<p style=\"text-align: center;\"><strong><a href=\"http:\/\/szss-nitra.sk\/wp-content\/uploads\/2026\/04\/DC-OOOOO-20.04.-24.04.2026.pdf\" target=\"_blank\" rel=\"noopener noreferrer\"><img loading=\"lazy\" decoding=\"async\" class=\"alignnone size-full wp-image-3164\" src=\"http:\/\/szss-nitra.sk\/wp-content\/uploads\/2013\/10\/pdf_mini.png\" alt=\"\" width=\"30\" height=\"30\" srcset=\"http:\/\/szss-nitra.sk\/wp-content\/uploads\/2013\/10\/pdf_mini.png 30w, http:\/\/szss-nitra.sk\/wp-content\/uploads\/2013\/10\/pdf_mini-24x24.png 24w\" sizes=\"auto, (max-width: 30px) 100vw, 30px\" \/> 20.04.2026 &#8211; 24.04.2026<\/a><\/strong><\/p>\n<\/td>\n<\/tr>\n<\/tbody>\n<\/table>\n<\/td>\n<\/tr>\n<\/tbody>\n<\/table>\n\n\n<p><\/p>\n","protected":false},"excerpt":{"rendered":"<p>Komu je ur\u010den\u00e1 Ako vybavi\u0165 \u010cas poskytovania slu\u017eby Aktu\u00e1lne oznamy Jed\u00e1lny l\u00edstok Sp\u00e4tn\u00e1 v\u00e4zba Legislat\u00edva Cenn\u00edk Sl\u00e1vnostn\u00e9 menu na akcie &#8211; re\u0161taur\u00e1cia Olympia cenn\u00edk Kontakt Fotogal\u00e9ria . !!! Upozornenie pre prij\u00edmate\u013eov soci\u00e1lnych slu\u017eieb, ktor\u00ed si jed\u00e1lny l\u00edstok prezeraj\u00fa cez mobiln\u00fd telef\u00f3n zna\u010dky Xiaomi !!! Jed\u00e1lny l\u00edstok si pros\u00edm otv\u00e1rajte cez Mi prehliada\u010d \u00a0On-line objedn\u00e1vka obedov [&hellip;]<\/p>\n","protected":false},"author":1,"featured_media":0,"parent":3395,"menu_order":0,"comment_status":"closed","ping_status":"closed","template":"","meta":{"footnotes":""},"class_list":["post-3417","page","type-page","status-publish","hentry"],"_links":{"self":[{"href":"http:\/\/szss-nitra.sk\/index.php?rest_route=\/wp\/v2\/pages\/3417","targetHints":{"allow":["GET"]}}],"collection":[{"href":"http:\/\/szss-nitra.sk\/index.php?rest_route=\/wp\/v2\/pages"}],"about":[{"href":"http:\/\/szss-nitra.sk\/index.php?rest_route=\/wp\/v2\/types\/page"}],"author":[{"embeddable":true,"href":"http:\/\/szss-nitra.sk\/index.php?rest_route=\/wp\/v2\/users\/1"}],"replies":[{"embeddable":true,"href":"http:\/\/szss-nitra.sk\/index.php?rest_route=%2Fwp%2Fv2%2Fcomments&post=3417"}],"version-history":[{"count":618,"href":"http:\/\/szss-nitra.sk\/index.php?rest_route=\/wp\/v2\/pages\/3417\/revisions"}],"predecessor-version":[{"id":16310,"href":"http:\/\/szss-nitra.sk\/index.php?rest_route=\/wp\/v2\/pages\/3417\/revisions\/16310"}],"up":[{"embeddable":true,"href":"http:\/\/szss-nitra.sk\/index.php?rest_route=\/wp\/v2\/pages\/3395"}],"wp:attachment":[{"href":"http:\/\/szss-nitra.sk\/index.php?rest_route=%2Fwp%2Fv2%2Fmedia&parent=3417"}],"curies":[{"name":"wp","href":"https:\/\/api.w.org\/{rel}","templated":true}]}}