{"id":3402,"date":"2017-07-02T23:28:02","date_gmt":"2017-07-02T21:28:02","guid":{"rendered":"http:\/\/szss-nitra.sk\/?page_id=3402"},"modified":"2026-03-12T16:58:17","modified_gmt":"2026-03-12T14:58:17","slug":"jedalen-3","status":"publish","type":"page","link":"http:\/\/szss-nitra.sk\/?page_id=3402","title":{"rendered":"Jed\u00e1le\u0148"},"content":{"rendered":"<table style=\"border: none;\">\n<tbody>\n<tr>\n<td style=\"width: 30%; vertical-align: top;\"><a href=\"http:\/\/szss-nitra.sk\/?page_id=3397\">Komu je ur\u010den\u00e1<\/a><\/p>\n<p><span style=\"color: #000000;\"><strong><a style=\"color: #000000;\" href=\"http:\/\/szss-nitra.sk\/?page_id=3402\">Ako vybavi\u0165<\/a><\/strong><\/span><\/p>\n<p><a href=\"http:\/\/szss-nitra.sk\/?page_id=3408\">\u010cas poskytovania slu\u017eby<\/a><\/p>\n<p><a href=\"http:\/\/szss-nitra.sk\/?page_id=3414\">Aktu\u00e1lne oznamy<\/a><\/p>\n<p><a href=\"http:\/\/szss-nitra.sk\/?page_id=3417\">Jed\u00e1lny l\u00edstok<\/a><\/p>\n<p><a href=\"http:\/\/szss-nitra.sk\/?page_id=16068\">Sp\u00e4tn\u00e1 v\u00e4zba<\/a><\/p>\n<p><a href=\"http:\/\/szss-nitra.sk\/?page_id=3419\">Legislat\u00edva<\/a><\/p>\n<p><a href=\"http:\/\/szss-nitra.sk\/?page_id=3421\">Cenn\u00edk<\/a><\/p>\n<p><a href=\"http:\/\/szss-nitra.sk\/?page_id=12991\">Sl\u00e1vnostn\u00e9 menu na akcie &#8211; re\u0161taur\u00e1cia Olympia cenn\u00edk<\/a><\/p>\n<p><a href=\"http:\/\/szss-nitra.sk\/?page_id=3426\">Kontakt<\/a><\/p>\n<p><a href=\"http:\/\/szss-nitra.sk\/?page_id=3429\">Fotogal\u00e9ria<\/a><\/p>\n<p><img loading=\"lazy\" decoding=\"async\" class=\"alignnone size-full wp-image-10673\" src=\"http:\/\/szss-nitra.sk\/wp-content\/uploads\/2023\/10\/menu_ico_obedy.png\" alt=\"\" width=\"125\" height=\"130\"><\/td>\n<td><span style=\"color: #ffffff;\">.<\/span><\/td>\n<td style=\"vertical-align: top; text-align: jusify;\">\n<p style=\"text-align: justify;\">Z\u00e1ujemca o poskytovanie soci\u00e1lnej slu\u017eby pod\u00e1va \u201e\u017diados\u0165 o poskytovanie soci\u00e1lnej slu\u017eby v jed\u00e1lni\u201c na Odbore soci\u00e1lnych slu\u017eieb Mestsk\u00e9ho \u00faradu v Nitre.<\/p>\n<p style=\"text-align: justify;\">S\u00fa\u010das\u0165ou \u017eiadosti s\u00fa:<\/p>\n<ul>\n<li style=\"text-align: justify;\">potvrdenie poskytovate\u013ea zdravotnej starostlivosti (ak \u017eiadate\u013e nie je poberate\u013eom starobn\u00e9ho d\u00f4chodku<\/li>\n<li style=\"text-align: justify;\">\u010destn\u00e9 vyhl\u00e1senie (ak \u017eiadate\u013e nem\u00e1 zabezpe\u010den\u00ed nevyhnutn\u00e9 podmienky na uspokojovanie z\u00e1kladn\u00fdch \u017eivotn\u00fdch potrieb)<\/li>\n<li style=\"text-align: justify;\">s\u00fahlas dotknutej osoby so spracovan\u00edm osobn\u00fdch \u00fadajov<\/li>\n<\/ul>\n<p style=\"text-align: justify;\">S\u00fa\u010das\u0165ou \u017eiadosti s\u00fa pr\u00edlohy:<\/p>\n<ul>\n<li style=\"text-align: justify;\">posudok \u00faradu pr\u00e1ce, soci\u00e1lnych vec\u00ed a rodiny o kompenz\u00e1cii d\u00f4sledkov \u0165a\u017ek\u00e9ho zdravotn\u00e9ho postihnutia, resp. preukaz ob\u010dana s \u0165a\u017ek\u00fdm zdravotn\u00fdm postihnut\u00edm (ak \u017eiadate\u013e nie je poberate\u013eom starobn\u00e9ho d\u00f4chodku)<\/li>\n<li style=\"text-align: justify;\">preuk\u00e1zanie v\u00fd\u0161ku pr\u00edjmov \u017eiadate\u013ea (aktu\u00e1lny v\u00fdmer o d\u00f4chodku, pr\u00edp. in\u00e9 pr\u00edjmy \u017eiadate\u013ea)<\/li>\n<\/ul>\n<p style=\"text-align: justify;\">Po schv\u00e1len\u00ed poskytovania soci\u00e1lnej slu\u017eby Jed\u00e1le\u0148 Mestsk\u00fdm \u00faradom v Nitre a zaslania <em>Ozn\u00e1menia<\/em> si ob\u010dan vo vybranej jed\u00e1lni zak\u00fapi stravn\u00e9 l\u00edstky.<\/p>\n<p style=\"text-align: justify;\">Podmienky poskytovania soci\u00e1lnej slu\u017eby Jed\u00e1le\u0148:<\/p>\n<ul>\n<li style=\"text-align: justify;\"><strong>Minim\u00e1lny po\u010det je 10 odobrat\u00fdch jed\u00e1l (obedov) za mesiac s v\u00fdnimkou zrete\u013ea hodn\u00fdch pr\u00edpadov, ktor\u00e9 od\u00f4vod\u0148uj\u00fa odobratie ni\u017e\u0161ieho po\u010dtu jed\u00e1l za mesiac, a to so s\u00fahlasom poskytovate\u013ea soci\u00e1lnej slu\u017eby.<\/strong><\/li>\n<\/ul>\n<\/td>\n<\/tr>\n<\/tbody>\n<\/table>\n","protected":false},"excerpt":{"rendered":"<p>Komu je ur\u010den\u00e1 Ako vybavi\u0165 \u010cas poskytovania slu\u017eby Aktu\u00e1lne oznamy Jed\u00e1lny l\u00edstok Sp\u00e4tn\u00e1 v\u00e4zba Legislat\u00edva Cenn\u00edk Sl\u00e1vnostn\u00e9 menu na akcie &#8211; re\u0161taur\u00e1cia Olympia cenn\u00edk Kontakt Fotogal\u00e9ria . Z\u00e1ujemca o poskytovanie soci\u00e1lnej slu\u017eby pod\u00e1va \u201e\u017diados\u0165 o poskytovanie soci\u00e1lnej slu\u017eby v jed\u00e1lni\u201c na Odbore soci\u00e1lnych slu\u017eieb Mestsk\u00e9ho \u00faradu v Nitre. S\u00fa\u010das\u0165ou \u017eiadosti s\u00fa: potvrdenie poskytovate\u013ea zdravotnej starostlivosti [&hellip;]<\/p>\n","protected":false},"author":1,"featured_media":0,"parent":3395,"menu_order":0,"comment_status":"closed","ping_status":"closed","template":"","meta":{"footnotes":""},"class_list":["post-3402","page","type-page","status-publish","hentry"],"_links":{"self":[{"href":"http:\/\/szss-nitra.sk\/index.php?rest_route=\/wp\/v2\/pages\/3402","targetHints":{"allow":["GET"]}}],"collection":[{"href":"http:\/\/szss-nitra.sk\/index.php?rest_route=\/wp\/v2\/pages"}],"about":[{"href":"http:\/\/szss-nitra.sk\/index.php?rest_route=\/wp\/v2\/types\/page"}],"author":[{"embeddable":true,"href":"http:\/\/szss-nitra.sk\/index.php?rest_route=\/wp\/v2\/users\/1"}],"replies":[{"embeddable":true,"href":"http:\/\/szss-nitra.sk\/index.php?rest_route=%2Fwp%2Fv2%2Fcomments&post=3402"}],"version-history":[{"count":12,"href":"http:\/\/szss-nitra.sk\/index.php?rest_route=\/wp\/v2\/pages\/3402\/revisions"}],"predecessor-version":[{"id":16071,"href":"http:\/\/szss-nitra.sk\/index.php?rest_route=\/wp\/v2\/pages\/3402\/revisions\/16071"}],"up":[{"embeddable":true,"href":"http:\/\/szss-nitra.sk\/index.php?rest_route=\/wp\/v2\/pages\/3395"}],"wp:attachment":[{"href":"http:\/\/szss-nitra.sk\/index.php?rest_route=%2Fwp%2Fv2%2Fmedia&parent=3402"}],"curies":[{"name":"wp","href":"https:\/\/api.w.org\/{rel}","templated":true}]}}