{"id":3397,"date":"2017-07-02T23:21:19","date_gmt":"2017-07-02T21:21:19","guid":{"rendered":"http:\/\/szss-nitra.sk\/?page_id=3397"},"modified":"2026-03-12T16:58:03","modified_gmt":"2026-03-12T14:58:03","slug":"jedalen","status":"publish","type":"page","link":"http:\/\/szss-nitra.sk\/?page_id=3397","title":{"rendered":"Jed\u00e1le\u0148"},"content":{"rendered":"<table style=\"border: none;\">\n<tbody>\n<tr>\n<td style=\"width: 30%; vertical-align: top;\"><span style=\"color: #000000;\"><strong><a style=\"color: #000000;\" href=\"http:\/\/szss-nitra.sk\/?page_id=3397\">Komu je ur\u010den\u00e1<\/a><\/strong><\/span><\/p>\n<p><a href=\"http:\/\/szss-nitra.sk\/?page_id=3402\">Ako vybavi\u0165<\/a><\/p>\n<p><a href=\"http:\/\/szss-nitra.sk\/?page_id=3408\">\u010cas poskytovania slu\u017eby<\/a><\/p>\n<p><a href=\"http:\/\/szss-nitra.sk\/?page_id=3414\">Aktu\u00e1lne oznamy<\/a><\/p>\n<p><a href=\"http:\/\/szss-nitra.sk\/?page_id=3417\">Jed\u00e1lny l\u00edstok<\/a><\/p>\n<p><a href=\"http:\/\/szss-nitra.sk\/?page_id=16068\">Sp\u00e4tn\u00e1 v\u00e4zba<\/a><\/p>\n<p><a href=\"http:\/\/szss-nitra.sk\/?page_id=3419\">Legislat\u00edva<\/a><\/p>\n<p><a href=\"http:\/\/szss-nitra.sk\/?page_id=3421\">Cenn\u00edk<\/a><\/p>\n<p><a href=\"http:\/\/szss-nitra.sk\/?page_id=12991\">Sl\u00e1vnostn\u00e9 menu na akcie &#8211; re\u0161taur\u00e1cia Olympia cenn\u00edk<\/a><\/p>\n<p><a href=\"http:\/\/szss-nitra.sk\/?page_id=3426\">Kontakt<\/a><\/p>\n<p><a href=\"http:\/\/szss-nitra.sk\/?page_id=3429\">Fotogal\u00e9ria<\/a><\/p>\n<p><img loading=\"lazy\" decoding=\"async\" class=\"alignnone size-full wp-image-10673\" src=\"http:\/\/szss-nitra.sk\/wp-content\/uploads\/2023\/10\/menu_ico_obedy.png\" alt=\"\" width=\"125\" height=\"130\"><\/td>\n<td><span style=\"color: #ffffff;\">.<\/span><\/td>\n<td style=\"vertical-align: top; text-align: jusify;\">\n<p style=\"text-align: justify;\">Ob\u010danovi, ktor\u00fd:<\/p>\n<ul>\n<li style=\"text-align: justify;\">nem\u00e1 zabezpe\u010den\u00e9 nevyhnutn\u00e9 podmienky na uspokojovanie z\u00e1kladn\u00fdch \u017eivotn\u00fdch potrieb,<\/li>\n<li style=\"text-align: justify;\">m\u00e1 \u0165a\u017ek\u00e9 zdravotn\u00e9 postihnutie alebo nepriazniv\u00fd zdravotn\u00fd stav,<\/li>\n<li style=\"text-align: justify;\">dov\u0155\u0161il d\u00f4chodkov\u00fd vek.<\/li>\n<\/ul>\n<\/td>\n<\/tr>\n<\/tbody>\n<\/table>\n","protected":false},"excerpt":{"rendered":"<p>Komu je ur\u010den\u00e1 Ako vybavi\u0165 \u010cas poskytovania slu\u017eby Aktu\u00e1lne oznamy Jed\u00e1lny l\u00edstok Sp\u00e4tn\u00e1 v\u00e4zba Legislat\u00edva Cenn\u00edk Sl\u00e1vnostn\u00e9 menu na akcie &#8211; re\u0161taur\u00e1cia Olympia cenn\u00edk Kontakt Fotogal\u00e9ria . Ob\u010danovi, ktor\u00fd: nem\u00e1 zabezpe\u010den\u00e9 nevyhnutn\u00e9 podmienky na uspokojovanie z\u00e1kladn\u00fdch \u017eivotn\u00fdch potrieb, m\u00e1 \u0165a\u017ek\u00e9 zdravotn\u00e9 postihnutie alebo nepriazniv\u00fd zdravotn\u00fd stav, dov\u0155\u0161il d\u00f4chodkov\u00fd vek.<\/p>\n","protected":false},"author":1,"featured_media":0,"parent":3395,"menu_order":0,"comment_status":"closed","ping_status":"closed","template":"","meta":{"footnotes":""},"class_list":["post-3397","page","type-page","status-publish","hentry"],"_links":{"self":[{"href":"http:\/\/szss-nitra.sk\/index.php?rest_route=\/wp\/v2\/pages\/3397","targetHints":{"allow":["GET"]}}],"collection":[{"href":"http:\/\/szss-nitra.sk\/index.php?rest_route=\/wp\/v2\/pages"}],"about":[{"href":"http:\/\/szss-nitra.sk\/index.php?rest_route=\/wp\/v2\/types\/page"}],"author":[{"embeddable":true,"href":"http:\/\/szss-nitra.sk\/index.php?rest_route=\/wp\/v2\/users\/1"}],"replies":[{"embeddable":true,"href":"http:\/\/szss-nitra.sk\/index.php?rest_route=%2Fwp%2Fv2%2Fcomments&post=3397"}],"version-history":[{"count":7,"href":"http:\/\/szss-nitra.sk\/index.php?rest_route=\/wp\/v2\/pages\/3397\/revisions"}],"predecessor-version":[{"id":16070,"href":"http:\/\/szss-nitra.sk\/index.php?rest_route=\/wp\/v2\/pages\/3397\/revisions\/16070"}],"up":[{"embeddable":true,"href":"http:\/\/szss-nitra.sk\/index.php?rest_route=\/wp\/v2\/pages\/3395"}],"wp:attachment":[{"href":"http:\/\/szss-nitra.sk\/index.php?rest_route=%2Fwp%2Fv2%2Fmedia&parent=3397"}],"curies":[{"name":"wp","href":"https:\/\/api.w.org\/{rel}","templated":true}]}}