{"id":3395,"date":"2017-07-02T23:16:31","date_gmt":"2017-07-02T21:16:31","guid":{"rendered":"http:\/\/szss-nitra.sk\/?page_id=3395"},"modified":"2024-08-23T14:06:54","modified_gmt":"2024-08-23T12:06:54","slug":"jedalen","status":"publish","type":"page","link":"http:\/\/szss-nitra.sk\/?page_id=3395","title":{"rendered":"Jed\u00e1le\u0148"},"content":{"rendered":"<table style=\"border: none;\">\n<tbody>\n<tr>\n<td style=\"width: 30%; vertical-align: top;\"><a href=\"http:\/\/szss-nitra.sk\/?page_id=3397\">Komu je ur\u010den\u00e1<\/a><\/p>\n<p><a href=\"http:\/\/szss-nitra.sk\/?page_id=3402\">Ako vybavi\u0165<\/a><\/p>\n<p><a href=\"http:\/\/szss-nitra.sk\/?page_id=3408\">\u010cas poskytovania slu\u017eby<\/a><\/p>\n<p><a href=\"http:\/\/szss-nitra.sk\/?page_id=3414\">Aktu\u00e1lne oznamy<\/a><\/p>\n<p><a href=\"http:\/\/szss-nitra.sk\/?page_id=3417\">Jed\u00e1lny l\u00edstok<\/a><\/p>\n<p><a href=\"http:\/\/szss-nitra.sk\/?page_id=3419\">Legislat\u00edva<\/a><\/p>\n<p><a href=\"http:\/\/szss-nitra.sk\/?page_id=3421\">Cenn\u00edk<\/a><\/p>\n<p><a href=\"http:\/\/szss-nitra.sk\/?page_id=12991\">Sl\u00e1vnostn\u00e9 menu na akcie &#8211; re\u0161taur\u00e1cia Olympia cenn\u00edk<\/a><\/p>\n<p><a href=\"http:\/\/szss-nitra.sk\/?page_id=3426\">Kontakt<\/a><\/p>\n<p><a href=\"http:\/\/szss-nitra.sk\/?page_id=3429\">Fotogal\u00e9ria<\/a><\/p>\n<p><img loading=\"lazy\" decoding=\"async\" class=\"alignnone size-full wp-image-10673\" src=\"http:\/\/szss-nitra.sk\/wp-content\/uploads\/2023\/10\/menu_ico_obedy.png\" alt=\"\" width=\"125\" height=\"130\"><\/td>\n<td><span style=\"color: #ffffff;\">.<\/span><\/td>\n<td style=\"vertical-align: top; text-align: jusify;\">\n<p style=\"text-align: justify;\">Soci\u00e1lnu slu\u017ebu Jed\u00e1le\u0148 v zmysle z\u00e1kona o soci\u00e1lnych slu\u017eb\u00e1ch poskytujeme ako stravovanie formou obedov poskytovan\u00fdch v jed\u00e1lni alebo prostredn\u00edctvom don\u00e1\u0161ky obedov do dom\u00e1cnosti prij\u00edmate\u013ea soci\u00e1lnej slu\u017eby s cie\u013eom:<\/p>\n<ul style=\"text-align: justify;\">\n<li>Zabezpe\u010di\u0165 z\u00e1kladn\u00e9 \u017eivotn\u00e9 potreby.<\/li>\n<\/ul>\n<p style=\"text-align: justify;\">Spr\u00e1va zariaden\u00ed soci\u00e1lnych slu\u017eieb v Nitre prev\u00e1dzkuje nasleduj\u00face jed\u00e1lne, v ktor\u00fdch poskytuje obedy:<\/p>\n<ul>\n<li>Jed\u00e1le\u0148, Bani\u010dova 12, Nitra<\/li>\n<li>Jed\u00e1le\u0148 Olympia, Tr. A. Hlinku 57, Nitra<\/li>\n<li>Jed\u00e1le\u0148 Bytov\u00fd dom Senior, Kr\u010dm\u00e9ryho 2\/C, Nitra<\/li>\n<\/ul>\n<\/td>\n<\/tr>\n<\/tbody>\n<\/table>\n","protected":false},"excerpt":{"rendered":"<p>Komu je ur\u010den\u00e1 Ako vybavi\u0165 \u010cas poskytovania slu\u017eby Aktu\u00e1lne oznamy Jed\u00e1lny l\u00edstok Legislat\u00edva Cenn\u00edk Sl\u00e1vnostn\u00e9 menu na akcie &#8211; re\u0161taur\u00e1cia Olympia cenn\u00edk Kontakt Fotogal\u00e9ria . Soci\u00e1lnu slu\u017ebu Jed\u00e1le\u0148 v zmysle z\u00e1kona o soci\u00e1lnych slu\u017eb\u00e1ch poskytujeme ako stravovanie formou obedov poskytovan\u00fdch v jed\u00e1lni alebo prostredn\u00edctvom don\u00e1\u0161ky obedov do dom\u00e1cnosti prij\u00edmate\u013ea soci\u00e1lnej slu\u017eby s cie\u013eom: Zabezpe\u010di\u0165 z\u00e1kladn\u00e9 [&hellip;]<\/p>\n","protected":false},"author":1,"featured_media":0,"parent":0,"menu_order":0,"comment_status":"closed","ping_status":"closed","template":"","meta":{"footnotes":""},"class_list":["post-3395","page","type-page","status-publish","hentry"],"_links":{"self":[{"href":"http:\/\/szss-nitra.sk\/index.php?rest_route=\/wp\/v2\/pages\/3395","targetHints":{"allow":["GET"]}}],"collection":[{"href":"http:\/\/szss-nitra.sk\/index.php?rest_route=\/wp\/v2\/pages"}],"about":[{"href":"http:\/\/szss-nitra.sk\/index.php?rest_route=\/wp\/v2\/types\/page"}],"author":[{"embeddable":true,"href":"http:\/\/szss-nitra.sk\/index.php?rest_route=\/wp\/v2\/users\/1"}],"replies":[{"embeddable":true,"href":"http:\/\/szss-nitra.sk\/index.php?rest_route=%2Fwp%2Fv2%2Fcomments&post=3395"}],"version-history":[{"count":18,"href":"http:\/\/szss-nitra.sk\/index.php?rest_route=\/wp\/v2\/pages\/3395\/revisions"}],"predecessor-version":[{"id":13002,"href":"http:\/\/szss-nitra.sk\/index.php?rest_route=\/wp\/v2\/pages\/3395\/revisions\/13002"}],"wp:attachment":[{"href":"http:\/\/szss-nitra.sk\/index.php?rest_route=%2Fwp%2Fv2%2Fmedia&parent=3395"}],"curies":[{"name":"wp","href":"https:\/\/api.w.org\/{rel}","templated":true}]}}